{"id":1309,"date":"2025-09-03T11:08:11","date_gmt":"2025-09-03T08:08:11","guid":{"rendered":"https:\/\/com47276.wordpress.com\/?page_id=1237"},"modified":"2025-09-03T11:08:11","modified_gmt":"2025-09-03T08:08:11","slug":"1237-2-2","status":"publish","type":"page","link":"https:\/\/oleksandraryshniak24.thkit.ee\/wp1\/rus\/1237-2-2\/","title":{"rendered":"Triggerid"},"content":{"rendered":"\n<h2 class=\"wp-block-heading\">Trigerid<\/h2>\n\n\n\n<h5 class=\"wp-block-heading\">Triger (trigger, p\u00e4\u00e4stik) &#8212; protsess, mille abil tema sisse kirjutatud tegevused (INSERT, DELETE, UPDATE) automaatselt k\u00e4vitatakse.<\/h5>\n\n\n\n<h2 class=\"wp-block-heading\">SQL <\/h2>\n\n\n\n<h3 class=\"wp-block-heading\">Lisamine<\/h3>\n\n\n\n<h4 class=\"wp-block-heading\">Triggeri loomine \/\/ \u0421\u043e\u0437\u0434\u0430\u043d\u0438\u0435 \u0442\u0440\u0438\u0433\u0435\u0440\u0430 \u0434\u043e\u0431\u0430\u0432\u043b\u0435\u043d\u0438\u0435<\/h4>\n\n\n<div class=\"wp-block-syntaxhighlighter-code \"><pre class=\"brush: sql; title: ; notranslate\" title=\"\">\nCreate Trigger linnaLisamine\nOn linnad\nFor insert \nas\ninsert into logi(aeg, kasutaja, toiming, andmed)\nselect \nGETDATE(),\nSYSTEM_User,\n&#039;linn on lisatud&#039;,\ninserted.linnanimi\nfrom inserted;\n<\/pre><\/div>\n\n\n<h4 class=\"wp-block-heading\">Triggeri kasutamine \/\/ \u0418\u0441\u043f\u043e\u043b\u044c\u0437\u043e\u0432\u0430\u043d\u0438\u0435 \u0442\u0440\u0438\u0433\u0435\u0440\u0430<\/h4>\n\n\n<div class=\"wp-block-syntaxhighlighter-code \"><pre class=\"brush: sql; title: ; notranslate\" title=\"\">\ninsert into linnad(linnanimi, rahvaarv)\nValues(&#039;Tallinn&#039;, 650000);\nselect * from linnad;\nselect * from logi;\n<\/pre><\/div>\n\n\n<h4 class=\"wp-block-heading\"> Tulemus\/\/ \u0420\u0435\u0437\u0443\u043b\u044c\u0442\u0430\u0442<\/h4>\n\n\n\n<figure class=\"wp-block-image size-large\"><img decoding=\"async\" src=\"https:\/\/oleksandraryshniak24.thkit.ee\/wp1\/rus\/wp-content\/uploads\/2025\/09\/1b31a583-9222-45b8-8fbe-7a2844f681f3-1.png?w=490\" alt=\"\" class=\"wp-image-1249\" \/><\/figure>\n\n\n\n<h3 class=\"wp-block-heading\">Kustutamine<\/h3>\n\n\n\n<h4 class=\"wp-block-heading\">Triggeri loomine \/\/ \u0421\u043e\u0437\u0434\u0430\u043d\u0438\u0435 \u0442\u0440\u0438\u0433\u0435\u0440\u0430 \u0434\u043e\u0431\u0430\u0432\u043b\u0435\u043d\u0438\u0435<\/h4>\n\n\n<div class=\"wp-block-syntaxhighlighter-code \"><pre class=\"brush: sql; title: ; notranslate\" title=\"\">\nCreate Trigger linnaKustutamine\nOn linnad\nFor delete\nas\ninsert into logi(aeg, kasutaja, toiming, andmed)\nselect \nGETDATE(),\nSYSTEM_User,\n&#039;linn on kustutatud&#039;,\ndeleted.linnanimi\nfrom deleted;\n<\/pre><\/div>\n\n\n<h4 class=\"wp-block-heading\">Triggeri kasutamine \/\/ \u0418\u0441\u043f\u043e\u043b\u044c\u0437\u043e\u0432\u0430\u043d\u0438\u0435 \u0442\u0440\u0438\u0433\u0435\u0440\u0430 <\/h4>\n\n\n<div class=\"wp-block-syntaxhighlighter-code \"><pre class=\"brush: sql; title: ; notranslate\" title=\"\">\nDELETE from linnad where linnID=1;\nselect * from linnad; \nselect * from logi;\n<\/pre><\/div>\n\n\n<h4 class=\"wp-block-heading\">Tulemus\/\/ \u0420\u0435\u0437\u0443\u043b\u044c\u0442\u0430\u0442<\/h4>\n\n\n\n<figure class=\"wp-block-image size-large\"><img decoding=\"async\" src=\"https:\/\/oleksandraryshniak24.thkit.ee\/wp1\/rus\/wp-content\/uploads\/2025\/09\/09da80d9-4fea-42d0-a725-3b3c7de269ce-1.png?w=646\" alt=\"\" class=\"wp-image-1255\" \/><\/figure>\n\n\n\n<h3 class=\"wp-block-heading\">Uuendamine<\/h3>\n\n\n\n<h4 class=\"wp-block-heading\">Triggeri loomine \/\/ \u0421\u043e\u0437\u0434\u0430\u043d\u0438\u0435 \u0442\u0440\u0438\u0433\u0435\u0440\u0430 <\/h4>\n\n\n<div class=\"wp-block-syntaxhighlighter-code \"><pre class=\"brush: sql; title: ; notranslate\" title=\"\">\nCreate Trigger linnaUuendamine\nOn linnad\nFor update\nas\ninsert into logi(aeg, kasutaja, toiming, andmed)\nselect \nGETDATE(),\nSYSTEM_User,\n&#039;linn on uuendatud&#039;,\nConcat (&#039;vanad andmed: &#039;, deleted.linnanimi,&#039; ,&#039;, deleted.rahvaarv,\n&#039;uued andmed: &#039;, inserted.linnanimi, &#039; ,&#039;, inserted.rahvaarv)\nfrom deleted\ninner join inserted\non deleted.linnID=inserted.linnID;\n<\/pre><\/div>\n\n\n<h4 class=\"wp-block-heading\">Triggeri kasutamine \/\/ \u0418\u0441\u043f\u043e\u043b\u044c\u0437\u043e\u0432\u0430\u043d\u0438\u0435 \u0442\u0440\u0438\u0433\u0435\u0440\u0430 <\/h4>\n\n\n<div class=\"wp-block-syntaxhighlighter-code \"><pre class=\"brush: sql; title: ; notranslate\" title=\"\">\nUpdate linnad set rahvaarv=650001\nWHERE linnID=2;\nselect * from linnad;\nselect * from logi;\n<\/pre><\/div>\n\n\n<h4 class=\"wp-block-heading\">Tulemus\/\/ \u0420\u0435\u0437\u0443\u043b\u044c\u0442\u0430\u0442<\/h4>\n\n\n\n<figure class=\"wp-block-image size-large\"><img decoding=\"async\" src=\"https:\/\/oleksandraryshniak24.thkit.ee\/wp1\/rus\/wp-content\/uploads\/2025\/09\/3bcfbdea-44b3-400c-8232-444b64eebf59-1.png?w=650\" alt=\"\" class=\"wp-image-1254\" \/><\/figure>\n\n\n\n<h2 class=\"wp-block-heading\">XAMPP<\/h2>\n\n\n\n<h3 class=\"wp-block-heading\">Lisamine<\/h3>\n\n\n\n<h4 class=\"wp-block-heading\">Triggeri loomine \/\/ \u0421\u043e\u0437\u0434\u0430\u043d\u0438\u0435 \u0442\u0440\u0438\u0433\u0435\u0440\u0430 \u0434\u043e\u0431\u0430\u0432\u043b\u0435\u043d\u0438\u0435<\/h4>\n\n\n\n<figure class=\"wp-block-image size-large is-resized\"><img decoding=\"async\" src=\"https:\/\/oleksandraryshniak24.thkit.ee\/wp1\/rus\/wp-content\/uploads\/2025\/09\/9f2276c2-ded4-4f8f-9a59-3b16a83d90d6-1.png?w=694\" alt=\"\" class=\"wp-image-1259\" style=\"aspect-ratio:0.9265923867591119;width:537px;height:auto\" \/><\/figure>\n\n\n\n<h4 class=\"wp-block-heading\">Triggeri kasutamine \/\/ \u0418\u0441\u043f\u043e\u043b\u044c\u0437\u043e\u0432\u0430\u043d\u0438\u0435 \u0442\u0440\u0438\u0433\u0435\u0440\u0430<\/h4>\n\n\n\n<figure class=\"wp-block-image size-large\"><img decoding=\"async\" src=\"https:\/\/oleksandraryshniak24.thkit.ee\/wp1\/rus\/wp-content\/uploads\/2025\/09\/9d04f199-57be-48e7-99d9-3e15a92db3f7-1.png?w=433\" alt=\"\" class=\"wp-image-1263\" \/><\/figure>\n\n\n\n<h4 class=\"wp-block-heading\">Tulemus\/\/ \u0420\u0435\u0437\u0443\u043b\u044c\u0442\u0430\u0442<\/h4>\n\n\n\n<figure class=\"wp-block-image size-large\"><img decoding=\"async\" src=\"https:\/\/oleksandraryshniak24.thkit.ee\/wp1\/rus\/wp-content\/uploads\/2025\/09\/89d20e9a-96ad-4f88-84dd-df5689103583-1.png?w=711\" alt=\"\" class=\"wp-image-1264\" \/><\/figure>\n\n\n\n<h3 class=\"wp-block-heading\">Uuendamine<\/h3>\n\n\n\n<h4 class=\"wp-block-heading\">Triggeri loomine \/\/ \u0421\u043e\u0437\u0434\u0430\u043d\u0438\u0435 \u0442\u0440\u0438\u0433\u0435\u0440\u0430 \u0434\u043e\u0431\u0430\u0432\u043b\u0435\u043d\u0438\u0435<\/h4>\n\n\n\n<figure class=\"wp-block-image size-large\"><img decoding=\"async\" src=\"https:\/\/oleksandraryshniak24.thkit.ee\/wp1\/rus\/wp-content\/uploads\/2025\/09\/cefc781c-f9a6-406a-b384-4134e1650542-1.png?w=671\" alt=\"\" class=\"wp-image-1260\" \/><\/figure>\n\n\n\n<h4 class=\"wp-block-heading\">Triggeri kasutamine \/\/ \u0418\u0441\u043f\u043e\u043b\u044c\u0437\u043e\u0432\u0430\u043d\u0438\u0435 \u0442\u0440\u0438\u0433\u0435\u0440\u0430<\/h4>\n\n\n\n<figure class=\"wp-block-image size-large\"><img decoding=\"async\" src=\"https:\/\/oleksandraryshniak24.thkit.ee\/wp1\/rus\/wp-content\/uploads\/sites\/2\/2025\/09\/041c4661-453b-49d0-877b-92eacf5737ff.png?w=429\" alt=\"\" class=\"wp-image-1267\" \/><\/figure>\n\n\n\n<h4 class=\"wp-block-heading\">Tulemus\/\/ \u0420\u0435\u0437\u0443\u043b\u044c\u0442\u0430\u0442<\/h4>\n\n\n\n<figure class=\"wp-block-image size-large\"><img decoding=\"async\" src=\"https:\/\/oleksandraryshniak24.thkit.ee\/wp1\/rus\/wp-content\/uploads\/sites\/2\/2025\/09\/6347b20b-d348-487e-bdd3-4c4ff774c77c.png?w=815\" alt=\"\" class=\"wp-image-1266\" \/><\/figure>\n\n\n\n<h3 class=\"wp-block-heading\">Kustutamine<\/h3>\n\n\n\n<h4 class=\"wp-block-heading\">Triggeri loomine \/\/ \u0421\u043e\u0437\u0434\u0430\u043d\u0438\u0435 \u0442\u0440\u0438\u0433\u0435\u0440\u0430 \u0434\u043e\u0431\u0430\u0432\u043b\u0435\u043d\u0438\u0435<\/h4>\n\n\n\n<figure class=\"wp-block-image size-large\"><img decoding=\"async\" src=\"https:\/\/oleksandraryshniak24.thkit.ee\/wp1\/rus\/wp-content\/uploads\/sites\/2\/2025\/09\/00bacbb0-b11d-4d69-9f60-fb6b0e5c24bb.png?w=659\" alt=\"\" class=\"wp-image-1270\" \/><\/figure>\n\n\n\n<h4 class=\"wp-block-heading\">Tulemus\/\/ \u0420\u0435\u0437\u0443\u043b\u044c\u0442\u0430\u0442<\/h4>\n\n\n\n<figure class=\"wp-block-image size-large\"><img decoding=\"async\" src=\"https:\/\/oleksandraryshniak24.thkit.ee\/wp1\/rus\/wp-content\/uploads\/sites\/2\/2025\/09\/756cb32a-f8e9-4aa1-ae08-b4251f780ccd.png?w=706\" alt=\"\" class=\"wp-image-1269\" \/><\/figure>\n","protected":false},"excerpt":{"rendered":"<p>Trigerid Triger (trigger, p\u00e4\u00e4stik) &#8212; protsess, mille abil tema sisse kirjutatud tegevused (INSERT, DELETE, UPDATE) automaatselt k\u00e4vitatakse. SQL Lisamine Triggeri [&hellip;]<\/p>\n","protected":false},"author":1,"featured_media":0,"parent":0,"menu_order":0,"comment_status":"closed","ping_status":"closed","template":"page-with-title","meta":{"footnotes":""},"class_list":["post-1309","page","type-page","status-publish","hentry"],"yoast_head":"<!-- This site is optimized with the Yoast SEO plugin v27.4 - https:\/\/yoast.com\/product\/yoast-seo-wordpress\/ -->\n<title>Triggerid - Oleksandra Ryshniak Portfoolio<\/title>\n<meta name=\"robots\" content=\"index, follow, max-snippet:-1, max-image-preview:large, max-video-preview:-1\" \/>\n<link rel=\"canonical\" href=\"https:\/\/oleksandraryshniak24.thkit.ee\/wp1\/rus\/1237-2-2\/\" \/>\n<meta property=\"og:locale\" content=\"ru_RU\" \/>\n<meta property=\"og:type\" content=\"article\" \/>\n<meta property=\"og:title\" content=\"Triggerid - Oleksandra Ryshniak Portfoolio\" \/>\n<meta property=\"og:description\" content=\"Trigerid Triger (trigger, p\u00e4\u00e4stik) &#8212; protsess, mille abil tema sisse kirjutatud tegevused (INSERT, DELETE, UPDATE) automaatselt k\u00e4vitatakse. SQL Lisamine Triggeri [&hellip;]\" \/>\n<meta property=\"og:url\" content=\"https:\/\/oleksandraryshniak24.thkit.ee\/wp1\/rus\/1237-2-2\/\" \/>\n<meta property=\"og:site_name\" content=\"Oleksandra Ryshniak Portfoolio\" \/>\n<meta property=\"og:image\" content=\"https:\/\/oleksandraryshniak24.thkit.ee\/wp1\/rus\/wp-content\/uploads\/sites\/2\/2025\/09\/1b31a583-9222-45b8-8fbe-7a2844f681f3.png\" \/>\n\t<meta property=\"og:image:width\" content=\"490\" \/>\n\t<meta property=\"og:image:height\" content=\"250\" \/>\n\t<meta property=\"og:image:type\" content=\"image\/png\" \/>\n<meta name=\"twitter:card\" content=\"summary_large_image\" \/>\n<meta name=\"twitter:label1\" content=\"\u041f\u0440\u0438\u043c\u0435\u0440\u043d\u043e\u0435 \u0432\u0440\u0435\u043c\u044f \u0434\u043b\u044f \u0447\u0442\u0435\u043d\u0438\u044f\" \/>\n\t<meta name=\"twitter:data1\" content=\"1 \u043c\u0438\u043d\u0443\u0442\u0430\" \/>\n<script type=\"application\/ld+json\" class=\"yoast-schema-graph\">{\"@context\":\"https:\\\/\\\/schema.org\",\"@graph\":[{\"@type\":\"WebPage\",\"@id\":\"https:\\\/\\\/oleksandraryshniak24.thkit.ee\\\/wp1\\\/rus\\\/1237-2-2\\\/\",\"url\":\"https:\\\/\\\/oleksandraryshniak24.thkit.ee\\\/wp1\\\/rus\\\/1237-2-2\\\/\",\"name\":\"Triggerid - Oleksandra Ryshniak Portfoolio\",\"isPartOf\":{\"@id\":\"https:\\\/\\\/oleksandraryshniak24.thkit.ee\\\/wp1\\\/rus\\\/#website\"},\"primaryImageOfPage\":{\"@id\":\"https:\\\/\\\/oleksandraryshniak24.thkit.ee\\\/wp1\\\/rus\\\/1237-2-2\\\/#primaryimage\"},\"image\":{\"@id\":\"https:\\\/\\\/oleksandraryshniak24.thkit.ee\\\/wp1\\\/rus\\\/1237-2-2\\\/#primaryimage\"},\"thumbnailUrl\":\"https:\\\/\\\/oleksandraryshniak24.thkit.ee\\\/wp1\\\/rus\\\/wp-content\\\/uploads\\\/2025\\\/09\\\/1b31a583-9222-45b8-8fbe-7a2844f681f3-1.png?w=490\",\"datePublished\":\"2025-09-03T08:08:11+00:00\",\"breadcrumb\":{\"@id\":\"https:\\\/\\\/oleksandraryshniak24.thkit.ee\\\/wp1\\\/rus\\\/1237-2-2\\\/#breadcrumb\"},\"inLanguage\":\"ru-RU\",\"potentialAction\":[{\"@type\":\"ReadAction\",\"target\":[\"https:\\\/\\\/oleksandraryshniak24.thkit.ee\\\/wp1\\\/rus\\\/1237-2-2\\\/\"]}]},{\"@type\":\"ImageObject\",\"inLanguage\":\"ru-RU\",\"@id\":\"https:\\\/\\\/oleksandraryshniak24.thkit.ee\\\/wp1\\\/rus\\\/1237-2-2\\\/#primaryimage\",\"url\":\"https:\\\/\\\/oleksandraryshniak24.thkit.ee\\\/wp1\\\/rus\\\/wp-content\\\/uploads\\\/sites\\\/2\\\/2025\\\/09\\\/1b31a583-9222-45b8-8fbe-7a2844f681f3.png\",\"contentUrl\":\"https:\\\/\\\/oleksandraryshniak24.thkit.ee\\\/wp1\\\/rus\\\/wp-content\\\/uploads\\\/sites\\\/2\\\/2025\\\/09\\\/1b31a583-9222-45b8-8fbe-7a2844f681f3.png\",\"width\":490,\"height\":250},{\"@type\":\"BreadcrumbList\",\"@id\":\"https:\\\/\\\/oleksandraryshniak24.thkit.ee\\\/wp1\\\/rus\\\/1237-2-2\\\/#breadcrumb\",\"itemListElement\":[{\"@type\":\"ListItem\",\"position\":1,\"name\":\"Home\",\"item\":\"https:\\\/\\\/oleksandraryshniak24.thkit.ee\\\/wp1\\\/rus\\\/\"},{\"@type\":\"ListItem\",\"position\":2,\"name\":\"Triggerid\"}]},{\"@type\":\"WebSite\",\"@id\":\"https:\\\/\\\/oleksandraryshniak24.thkit.ee\\\/wp1\\\/rus\\\/#website\",\"url\":\"https:\\\/\\\/oleksandraryshniak24.thkit.ee\\\/wp1\\\/rus\\\/\",\"name\":\"Oleksandra Ryshniak Portfoolio\",\"description\":\"\",\"potentialAction\":[{\"@type\":\"SearchAction\",\"target\":{\"@type\":\"EntryPoint\",\"urlTemplate\":\"https:\\\/\\\/oleksandraryshniak24.thkit.ee\\\/wp1\\\/rus\\\/?s={search_term_string}\"},\"query-input\":{\"@type\":\"PropertyValueSpecification\",\"valueRequired\":true,\"valueName\":\"search_term_string\"}}],\"inLanguage\":\"ru-RU\"}]}<\/script>\n<!-- \/ Yoast SEO plugin. -->","yoast_head_json":{"title":"Triggerid - Oleksandra Ryshniak Portfoolio","robots":{"index":"index","follow":"follow","max-snippet":"max-snippet:-1","max-image-preview":"max-image-preview:large","max-video-preview":"max-video-preview:-1"},"canonical":"https:\/\/oleksandraryshniak24.thkit.ee\/wp1\/rus\/1237-2-2\/","og_locale":"ru_RU","og_type":"article","og_title":"Triggerid - Oleksandra Ryshniak Portfoolio","og_description":"Trigerid Triger (trigger, p\u00e4\u00e4stik) &#8212; protsess, mille abil tema sisse kirjutatud tegevused (INSERT, DELETE, UPDATE) automaatselt k\u00e4vitatakse. SQL Lisamine Triggeri [&hellip;]","og_url":"https:\/\/oleksandraryshniak24.thkit.ee\/wp1\/rus\/1237-2-2\/","og_site_name":"Oleksandra Ryshniak Portfoolio","og_image":[{"width":490,"height":250,"url":"https:\/\/oleksandraryshniak24.thkit.ee\/wp1\/rus\/wp-content\/uploads\/sites\/2\/2025\/09\/1b31a583-9222-45b8-8fbe-7a2844f681f3.png","type":"image\/png"}],"twitter_card":"summary_large_image","twitter_misc":{"\u041f\u0440\u0438\u043c\u0435\u0440\u043d\u043e\u0435 \u0432\u0440\u0435\u043c\u044f \u0434\u043b\u044f \u0447\u0442\u0435\u043d\u0438\u044f":"1 \u043c\u0438\u043d\u0443\u0442\u0430"},"schema":{"@context":"https:\/\/schema.org","@graph":[{"@type":"WebPage","@id":"https:\/\/oleksandraryshniak24.thkit.ee\/wp1\/rus\/1237-2-2\/","url":"https:\/\/oleksandraryshniak24.thkit.ee\/wp1\/rus\/1237-2-2\/","name":"Triggerid - Oleksandra Ryshniak Portfoolio","isPartOf":{"@id":"https:\/\/oleksandraryshniak24.thkit.ee\/wp1\/rus\/#website"},"primaryImageOfPage":{"@id":"https:\/\/oleksandraryshniak24.thkit.ee\/wp1\/rus\/1237-2-2\/#primaryimage"},"image":{"@id":"https:\/\/oleksandraryshniak24.thkit.ee\/wp1\/rus\/1237-2-2\/#primaryimage"},"thumbnailUrl":"https:\/\/oleksandraryshniak24.thkit.ee\/wp1\/rus\/wp-content\/uploads\/2025\/09\/1b31a583-9222-45b8-8fbe-7a2844f681f3-1.png?w=490","datePublished":"2025-09-03T08:08:11+00:00","breadcrumb":{"@id":"https:\/\/oleksandraryshniak24.thkit.ee\/wp1\/rus\/1237-2-2\/#breadcrumb"},"inLanguage":"ru-RU","potentialAction":[{"@type":"ReadAction","target":["https:\/\/oleksandraryshniak24.thkit.ee\/wp1\/rus\/1237-2-2\/"]}]},{"@type":"ImageObject","inLanguage":"ru-RU","@id":"https:\/\/oleksandraryshniak24.thkit.ee\/wp1\/rus\/1237-2-2\/#primaryimage","url":"https:\/\/oleksandraryshniak24.thkit.ee\/wp1\/rus\/wp-content\/uploads\/sites\/2\/2025\/09\/1b31a583-9222-45b8-8fbe-7a2844f681f3.png","contentUrl":"https:\/\/oleksandraryshniak24.thkit.ee\/wp1\/rus\/wp-content\/uploads\/sites\/2\/2025\/09\/1b31a583-9222-45b8-8fbe-7a2844f681f3.png","width":490,"height":250},{"@type":"BreadcrumbList","@id":"https:\/\/oleksandraryshniak24.thkit.ee\/wp1\/rus\/1237-2-2\/#breadcrumb","itemListElement":[{"@type":"ListItem","position":1,"name":"Home","item":"https:\/\/oleksandraryshniak24.thkit.ee\/wp1\/rus\/"},{"@type":"ListItem","position":2,"name":"Triggerid"}]},{"@type":"WebSite","@id":"https:\/\/oleksandraryshniak24.thkit.ee\/wp1\/rus\/#website","url":"https:\/\/oleksandraryshniak24.thkit.ee\/wp1\/rus\/","name":"Oleksandra Ryshniak Portfoolio","description":"","potentialAction":[{"@type":"SearchAction","target":{"@type":"EntryPoint","urlTemplate":"https:\/\/oleksandraryshniak24.thkit.ee\/wp1\/rus\/?s={search_term_string}"},"query-input":{"@type":"PropertyValueSpecification","valueRequired":true,"valueName":"search_term_string"}}],"inLanguage":"ru-RU"}]}},"_links":{"self":[{"href":"https:\/\/oleksandraryshniak24.thkit.ee\/wp1\/rus\/wp-json\/wp\/v2\/pages\/1309","targetHints":{"allow":["GET"]}}],"collection":[{"href":"https:\/\/oleksandraryshniak24.thkit.ee\/wp1\/rus\/wp-json\/wp\/v2\/pages"}],"about":[{"href":"https:\/\/oleksandraryshniak24.thkit.ee\/wp1\/rus\/wp-json\/wp\/v2\/types\/page"}],"author":[{"embeddable":true,"href":"https:\/\/oleksandraryshniak24.thkit.ee\/wp1\/rus\/wp-json\/wp\/v2\/users\/1"}],"replies":[{"embeddable":true,"href":"https:\/\/oleksandraryshniak24.thkit.ee\/wp1\/rus\/wp-json\/wp\/v2\/comments?post=1309"}],"version-history":[{"count":0,"href":"https:\/\/oleksandraryshniak24.thkit.ee\/wp1\/rus\/wp-json\/wp\/v2\/pages\/1309\/revisions"}],"wp:attachment":[{"href":"https:\/\/oleksandraryshniak24.thkit.ee\/wp1\/rus\/wp-json\/wp\/v2\/media?parent=1309"}],"curies":[{"name":"wp","href":"https:\/\/api.w.org\/{rel}","templated":true}]}}