{"id":1516,"date":"2025-03-04T15:50:37","date_gmt":"2025-03-04T13:50:37","guid":{"rendered":"https:\/\/com47276.wordpress.com\/?page_id=461"},"modified":"2025-03-04T15:50:37","modified_gmt":"2025-03-04T13:50:37","slug":"ms-access-andmebaas-zoo-loomaaed-2","status":"publish","type":"page","link":"https:\/\/oleksandraryshniak24.thkit.ee\/wp1\/rus\/ms-access-andmebaas-zoo-loomaaed-2\/","title":{"rendered":"MS Access: andmebaas zoo (loomaaed)"},"content":{"rendered":"\n<p><\/p>\n\n\n\n<p><strong>P\u00e4ring1<\/strong><\/p>\n\n\n<div class=\"wp-block-syntaxhighlighter-code \"><pre class=\"brush: sql; title: ; notranslate\" title=\"\">\nSELECT *\nFROM loom\nWHERE loomNimi Like &#039;M*&#039; AND varv =&#039;valge&#039;;\n<\/pre><\/div>\n\n\n<figure class=\"wp-block-image size-large\"><img loading=\"lazy\" decoding=\"async\" width=\"920\" height=\"87\" src=\"https:\/\/oleksandraryshniak24.thkit.ee\/wp1\/rus\/wp-content\/uploads\/sites\/2\/2025\/03\/image-6.png?w=920\" alt=\"\" class=\"wp-image-476\" srcset=\"https:\/\/oleksandraryshniak24.thkit.ee\/wp1\/rus\/wp-content\/uploads\/sites\/2\/2025\/03\/image-6.png 920w, https:\/\/oleksandraryshniak24.thkit.ee\/wp1\/rus\/wp-content\/uploads\/sites\/2\/2025\/03\/image-6-300x28.png 300w, https:\/\/oleksandraryshniak24.thkit.ee\/wp1\/rus\/wp-content\/uploads\/sites\/2\/2025\/03\/image-6-768x73.png 768w, https:\/\/oleksandraryshniak24.thkit.ee\/wp1\/rus\/wp-content\/uploads\/sites\/2\/2025\/03\/image-6-150x14.png 150w\" sizes=\"auto, (max-width: 920px) 100vw, 920px\" \/><\/figure>\n\n\n\n<p><strong>P\u00e4ring 2<\/strong><\/p>\n\n\n<div class=\"wp-block-syntaxhighlighter-code \"><pre class=\"brush: sql; title: ; notranslate\" title=\"\">\nSELECT eesnimi, perenimi, toit FROM tootaja, toit\n\nWHERE toit.tootajaID=tootaja.tootajaID AND toiduTyyp=&#039;s\u00f6\u00f6t&#039;\n\n<\/pre><\/div>\n\n\n<figure class=\"wp-block-image size-large\"><img decoding=\"async\" src=\"https:\/\/oleksandraryshniak24.thkit.ee\/wp1\/rus\/wp-content\/uploads\/sites\/2\/2025\/03\/image-7.png?w=317\" alt=\"\" class=\"wp-image-477\" \/><\/figure>\n\n\n\n<p><strong>P\u00e4ring 3<\/strong><\/p>\n\n\n<div class=\"wp-block-syntaxhighlighter-code \"><pre class=\"brush: sql; title: ; notranslate\" title=\"\">\nSELECT toit FROM  toit\n\nWHERE  toiduTyyp =&#039;s\u00f6\u00f6t&#039; OR hind &lt;2\n<\/pre><\/div>\n\n\n<figure class=\"wp-block-image size-large\"><img decoding=\"async\" src=\"https:\/\/oleksandraryshniak24.thkit.ee\/wp1\/rus\/wp-content\/uploads\/2025\/03\/image-8-1.png?w=128\" alt=\"\" class=\"wp-image-478\" \/><\/figure>\n\n\n\n<p><strong>P\u00e4ring 4<\/strong><\/p>\n\n\n<div class=\"wp-block-syntaxhighlighter-code \"><pre class=\"brush: plain; title: ; notranslate\" title=\"\">\nSELECT loomNimi, sugu, kaal FROM loom\nWHERE sugu=&#039;mees&#039; AND kaal&amp;gt;=&#039;10kg&#039;\n\n\n<\/pre><\/div>\n\n\n<figure class=\"wp-block-image size-large\"><img decoding=\"async\" src=\"https:\/\/oleksandraryshniak24.thkit.ee\/wp1\/rus\/wp-content\/uploads\/2025\/03\/image-9-1.png?w=306\" alt=\"\" class=\"wp-image-480\" \/><\/figure>\n\n\n\n<p><strong>P\u00e4ring 5<\/strong><\/p>\n\n\n<div class=\"wp-block-syntaxhighlighter-code \"><pre class=\"brush: sql; title: ; notranslate\" title=\"\">\nSELECT loomNimi, toit, kuupaev FROM loom, loomaToitmine, toit\n\nWHERE toit.toitID=loomaToitmine.toitID AND loom.loomID=loomaToitmine.loomID and loomNimi Like &#039;*k&#039;\n<\/pre><\/div>\n\n\n<figure class=\"wp-block-image size-large\"><img decoding=\"async\" src=\"https:\/\/oleksandraryshniak24.thkit.ee\/wp1\/rus\/wp-content\/uploads\/sites\/2\/2025\/03\/image-10.png?w=311\" alt=\"\" class=\"wp-image-481\" \/><\/figure>\n\n\n\n<p><\/p>\n","protected":false},"excerpt":{"rendered":"<p>P\u00e4ring1 P\u00e4ring 2 P\u00e4ring 3 P\u00e4ring 4 P\u00e4ring 5<\/p>\n","protected":false},"author":1,"featured_media":0,"parent":0,"menu_order":0,"comment_status":"closed","ping_status":"closed","template":"page-with-title","meta":{"footnotes":""},"class_list":["post-1516","page","type-page","status-publish","hentry"],"yoast_head":"<!-- This site is optimized with the Yoast SEO plugin v27.4 - https:\/\/yoast.com\/product\/yoast-seo-wordpress\/ -->\n<title>MS Access: andmebaas zoo (loomaaed) - Oleksandra Ryshniak Portfoolio<\/title>\n<meta name=\"robots\" content=\"index, follow, max-snippet:-1, max-image-preview:large, max-video-preview:-1\" \/>\n<link rel=\"canonical\" href=\"https:\/\/oleksandraryshniak24.thkit.ee\/wp1\/rus\/ms-access-andmebaas-zoo-loomaaed-2\/\" \/>\n<meta property=\"og:locale\" content=\"ru_RU\" \/>\n<meta property=\"og:type\" content=\"article\" \/>\n<meta property=\"og:title\" content=\"MS Access: andmebaas zoo (loomaaed) - Oleksandra Ryshniak Portfoolio\" \/>\n<meta property=\"og:description\" content=\"P\u00e4ring1 P\u00e4ring 2 P\u00e4ring 3 P\u00e4ring 4 P\u00e4ring 5\" \/>\n<meta property=\"og:url\" content=\"https:\/\/oleksandraryshniak24.thkit.ee\/wp1\/rus\/ms-access-andmebaas-zoo-loomaaed-2\/\" \/>\n<meta property=\"og:site_name\" content=\"Oleksandra Ryshniak Portfoolio\" \/>\n<meta property=\"og:image\" content=\"https:\/\/oleksandraryshniak24.thkit.ee\/wp1\/rus\/wp-content\/uploads\/sites\/2\/2025\/03\/image-6.png\" \/>\n\t<meta property=\"og:image:width\" content=\"920\" \/>\n\t<meta property=\"og:image:height\" content=\"87\" \/>\n\t<meta property=\"og:image:type\" content=\"image\/png\" \/>\n<meta name=\"twitter:card\" content=\"summary_large_image\" \/>\n<script type=\"application\/ld+json\" class=\"yoast-schema-graph\">{\"@context\":\"https:\\\/\\\/schema.org\",\"@graph\":[{\"@type\":\"WebPage\",\"@id\":\"https:\\\/\\\/oleksandraryshniak24.thkit.ee\\\/wp1\\\/rus\\\/ms-access-andmebaas-zoo-loomaaed-2\\\/\",\"url\":\"https:\\\/\\\/oleksandraryshniak24.thkit.ee\\\/wp1\\\/rus\\\/ms-access-andmebaas-zoo-loomaaed-2\\\/\",\"name\":\"MS Access: andmebaas zoo (loomaaed) - Oleksandra Ryshniak Portfoolio\",\"isPartOf\":{\"@id\":\"https:\\\/\\\/oleksandraryshniak24.thkit.ee\\\/wp1\\\/rus\\\/#website\"},\"primaryImageOfPage\":{\"@id\":\"https:\\\/\\\/oleksandraryshniak24.thkit.ee\\\/wp1\\\/rus\\\/ms-access-andmebaas-zoo-loomaaed-2\\\/#primaryimage\"},\"image\":{\"@id\":\"https:\\\/\\\/oleksandraryshniak24.thkit.ee\\\/wp1\\\/rus\\\/ms-access-andmebaas-zoo-loomaaed-2\\\/#primaryimage\"},\"thumbnailUrl\":\"https:\\\/\\\/oleksandraryshniak24.thkit.ee\\\/wp1\\\/rus\\\/wp-content\\\/uploads\\\/sites\\\/2\\\/2025\\\/03\\\/image-6.png?w=920\",\"datePublished\":\"2025-03-04T13:50:37+00:00\",\"breadcrumb\":{\"@id\":\"https:\\\/\\\/oleksandraryshniak24.thkit.ee\\\/wp1\\\/rus\\\/ms-access-andmebaas-zoo-loomaaed-2\\\/#breadcrumb\"},\"inLanguage\":\"ru-RU\",\"potentialAction\":[{\"@type\":\"ReadAction\",\"target\":[\"https:\\\/\\\/oleksandraryshniak24.thkit.ee\\\/wp1\\\/rus\\\/ms-access-andmebaas-zoo-loomaaed-2\\\/\"]}]},{\"@type\":\"ImageObject\",\"inLanguage\":\"ru-RU\",\"@id\":\"https:\\\/\\\/oleksandraryshniak24.thkit.ee\\\/wp1\\\/rus\\\/ms-access-andmebaas-zoo-loomaaed-2\\\/#primaryimage\",\"url\":\"https:\\\/\\\/oleksandraryshniak24.thkit.ee\\\/wp1\\\/rus\\\/wp-content\\\/uploads\\\/sites\\\/2\\\/2025\\\/03\\\/image-6.png\",\"contentUrl\":\"https:\\\/\\\/oleksandraryshniak24.thkit.ee\\\/wp1\\\/rus\\\/wp-content\\\/uploads\\\/sites\\\/2\\\/2025\\\/03\\\/image-6.png\",\"width\":920,\"height\":87},{\"@type\":\"BreadcrumbList\",\"@id\":\"https:\\\/\\\/oleksandraryshniak24.thkit.ee\\\/wp1\\\/rus\\\/ms-access-andmebaas-zoo-loomaaed-2\\\/#breadcrumb\",\"itemListElement\":[{\"@type\":\"ListItem\",\"position\":1,\"name\":\"Home\",\"item\":\"https:\\\/\\\/oleksandraryshniak24.thkit.ee\\\/wp1\\\/rus\\\/\"},{\"@type\":\"ListItem\",\"position\":2,\"name\":\"MS Access: andmebaas zoo (loomaaed)\"}]},{\"@type\":\"WebSite\",\"@id\":\"https:\\\/\\\/oleksandraryshniak24.thkit.ee\\\/wp1\\\/rus\\\/#website\",\"url\":\"https:\\\/\\\/oleksandraryshniak24.thkit.ee\\\/wp1\\\/rus\\\/\",\"name\":\"Oleksandra Ryshniak Portfoolio\",\"description\":\"\",\"potentialAction\":[{\"@type\":\"SearchAction\",\"target\":{\"@type\":\"EntryPoint\",\"urlTemplate\":\"https:\\\/\\\/oleksandraryshniak24.thkit.ee\\\/wp1\\\/rus\\\/?s={search_term_string}\"},\"query-input\":{\"@type\":\"PropertyValueSpecification\",\"valueRequired\":true,\"valueName\":\"search_term_string\"}}],\"inLanguage\":\"ru-RU\"}]}<\/script>\n<!-- \/ Yoast SEO plugin. -->","yoast_head_json":{"title":"MS Access: andmebaas zoo (loomaaed) - Oleksandra Ryshniak Portfoolio","robots":{"index":"index","follow":"follow","max-snippet":"max-snippet:-1","max-image-preview":"max-image-preview:large","max-video-preview":"max-video-preview:-1"},"canonical":"https:\/\/oleksandraryshniak24.thkit.ee\/wp1\/rus\/ms-access-andmebaas-zoo-loomaaed-2\/","og_locale":"ru_RU","og_type":"article","og_title":"MS Access: andmebaas zoo (loomaaed) - Oleksandra Ryshniak Portfoolio","og_description":"P\u00e4ring1 P\u00e4ring 2 P\u00e4ring 3 P\u00e4ring 4 P\u00e4ring 5","og_url":"https:\/\/oleksandraryshniak24.thkit.ee\/wp1\/rus\/ms-access-andmebaas-zoo-loomaaed-2\/","og_site_name":"Oleksandra Ryshniak Portfoolio","og_image":[{"width":920,"height":87,"url":"https:\/\/oleksandraryshniak24.thkit.ee\/wp1\/rus\/wp-content\/uploads\/sites\/2\/2025\/03\/image-6.png","type":"image\/png"}],"twitter_card":"summary_large_image","schema":{"@context":"https:\/\/schema.org","@graph":[{"@type":"WebPage","@id":"https:\/\/oleksandraryshniak24.thkit.ee\/wp1\/rus\/ms-access-andmebaas-zoo-loomaaed-2\/","url":"https:\/\/oleksandraryshniak24.thkit.ee\/wp1\/rus\/ms-access-andmebaas-zoo-loomaaed-2\/","name":"MS Access: andmebaas zoo (loomaaed) - Oleksandra Ryshniak Portfoolio","isPartOf":{"@id":"https:\/\/oleksandraryshniak24.thkit.ee\/wp1\/rus\/#website"},"primaryImageOfPage":{"@id":"https:\/\/oleksandraryshniak24.thkit.ee\/wp1\/rus\/ms-access-andmebaas-zoo-loomaaed-2\/#primaryimage"},"image":{"@id":"https:\/\/oleksandraryshniak24.thkit.ee\/wp1\/rus\/ms-access-andmebaas-zoo-loomaaed-2\/#primaryimage"},"thumbnailUrl":"https:\/\/oleksandraryshniak24.thkit.ee\/wp1\/rus\/wp-content\/uploads\/sites\/2\/2025\/03\/image-6.png?w=920","datePublished":"2025-03-04T13:50:37+00:00","breadcrumb":{"@id":"https:\/\/oleksandraryshniak24.thkit.ee\/wp1\/rus\/ms-access-andmebaas-zoo-loomaaed-2\/#breadcrumb"},"inLanguage":"ru-RU","potentialAction":[{"@type":"ReadAction","target":["https:\/\/oleksandraryshniak24.thkit.ee\/wp1\/rus\/ms-access-andmebaas-zoo-loomaaed-2\/"]}]},{"@type":"ImageObject","inLanguage":"ru-RU","@id":"https:\/\/oleksandraryshniak24.thkit.ee\/wp1\/rus\/ms-access-andmebaas-zoo-loomaaed-2\/#primaryimage","url":"https:\/\/oleksandraryshniak24.thkit.ee\/wp1\/rus\/wp-content\/uploads\/sites\/2\/2025\/03\/image-6.png","contentUrl":"https:\/\/oleksandraryshniak24.thkit.ee\/wp1\/rus\/wp-content\/uploads\/sites\/2\/2025\/03\/image-6.png","width":920,"height":87},{"@type":"BreadcrumbList","@id":"https:\/\/oleksandraryshniak24.thkit.ee\/wp1\/rus\/ms-access-andmebaas-zoo-loomaaed-2\/#breadcrumb","itemListElement":[{"@type":"ListItem","position":1,"name":"Home","item":"https:\/\/oleksandraryshniak24.thkit.ee\/wp1\/rus\/"},{"@type":"ListItem","position":2,"name":"MS Access: andmebaas zoo (loomaaed)"}]},{"@type":"WebSite","@id":"https:\/\/oleksandraryshniak24.thkit.ee\/wp1\/rus\/#website","url":"https:\/\/oleksandraryshniak24.thkit.ee\/wp1\/rus\/","name":"Oleksandra Ryshniak Portfoolio","description":"","potentialAction":[{"@type":"SearchAction","target":{"@type":"EntryPoint","urlTemplate":"https:\/\/oleksandraryshniak24.thkit.ee\/wp1\/rus\/?s={search_term_string}"},"query-input":{"@type":"PropertyValueSpecification","valueRequired":true,"valueName":"search_term_string"}}],"inLanguage":"ru-RU"}]}},"_links":{"self":[{"href":"https:\/\/oleksandraryshniak24.thkit.ee\/wp1\/rus\/wp-json\/wp\/v2\/pages\/1516","targetHints":{"allow":["GET"]}}],"collection":[{"href":"https:\/\/oleksandraryshniak24.thkit.ee\/wp1\/rus\/wp-json\/wp\/v2\/pages"}],"about":[{"href":"https:\/\/oleksandraryshniak24.thkit.ee\/wp1\/rus\/wp-json\/wp\/v2\/types\/page"}],"author":[{"embeddable":true,"href":"https:\/\/oleksandraryshniak24.thkit.ee\/wp1\/rus\/wp-json\/wp\/v2\/users\/1"}],"replies":[{"embeddable":true,"href":"https:\/\/oleksandraryshniak24.thkit.ee\/wp1\/rus\/wp-json\/wp\/v2\/comments?post=1516"}],"version-history":[{"count":0,"href":"https:\/\/oleksandraryshniak24.thkit.ee\/wp1\/rus\/wp-json\/wp\/v2\/pages\/1516\/revisions"}],"wp:attachment":[{"href":"https:\/\/oleksandraryshniak24.thkit.ee\/wp1\/rus\/wp-json\/wp\/v2\/media?parent=1516"}],"curies":[{"name":"wp","href":"https:\/\/api.w.org\/{rel}","templated":true}]}}