{"id":1525,"date":"2025-05-30T19:24:52","date_gmt":"2025-05-30T16:24:52","guid":{"rendered":"https:\/\/com47276.wordpress.com\/?page_id=1049"},"modified":"2025-05-30T19:24:52","modified_gmt":"2025-05-30T16:24:52","slug":"4-teema-listid-2","status":"publish","type":"page","link":"https:\/\/oleksandraryshniak24.thkit.ee\/wp1\/rus\/4-teema-listid-2\/","title":{"rendered":"3. Teema Kordused"},"content":{"rendered":"\n<h2 class=\"wp-block-heading\">Teema &#171;Kordused&#187;<\/h2>\n\n\n\n<h3 class=\"wp-block-heading\">Eesti keel:<\/h3>\n\n\n\n<h4 class=\"wp-block-heading\">Ts\u00fcklid<\/h4>\n\n\n\n<h5 class=\"wp-block-heading\"><strong>M\u00f5iste<\/strong>: Konstruktsioonid koodibloki korduvaks t\u00e4itmiseks.<\/h5>\n\n\n\n<h5 class=\"wp-block-heading\"><strong>Ts\u00fcklite t\u00fc\u00fcbid<\/strong>:<\/h5>\n\n\n\n<ul class=\"wp-block-list\">\n<li><strong>while<\/strong>: T\u00e4idetakse, kuni tingimus on t\u00f5ene.<\/li>\n<\/ul>\n\n\n<div class=\"wp-block-syntaxhighlighter-code \"><pre class=\"brush: python; title: ; notranslate\" title=\"\">\nwhile tingimus:\n    k\u00e4sud\n<\/pre><\/div>\n\n\n<ul class=\"wp-block-list\">\n<li><strong>while True<\/strong>: L\u00f5putu ts\u00fckkel, katkestatakse k\u00e4suga break.<\/li>\n<\/ul>\n\n\n<div class=\"wp-block-syntaxhighlighter-code \"><pre class=\"brush: python; title: ; notranslate\" title=\"\">\nwhile True:\n    k\u00e4sud\n    if tingimus:\n        break\n<\/pre><\/div>\n\n\n<h5 class=\"wp-block-heading\"><strong>P\u00f5hioperaatorid<\/strong>:<\/h5>\n\n\n\n<ul class=\"wp-block-list\">\n<li>break: Katkestab ts\u00fckli.<\/li>\n\n\n\n<li>continue: J\u00e4tab vahele praeguse iteratsiooni, liigub j\u00e4rgmisele.<\/li>\n\n\n\n<li>else: T\u00e4idetakse, kui ts\u00fckkel l\u00f5peb ilma break-ita.<\/li>\n<\/ul>\n\n\n\n<h4 class=\"wp-block-heading\">N\u00e4ide<\/h4>\n\n\n<div class=\"wp-block-syntaxhighlighter-code \"><pre class=\"brush: python; title: ; notranslate\" title=\"\">\ni = 1\nwhile i &lt;= 5:\n    print(i)\n    i += 1\n# V\u00e4ljund: 1, 2, 3, 4, 5\n<\/pre><\/div>\n\n\n<h3 class=\"wp-block-heading\">Vene keel:<\/h3>\n\n\n\n<h4 class=\"wp-block-heading\">\u0426\u0438\u043a\u043b\u044b<\/h4>\n\n\n\n<h5 class=\"wp-block-heading\"><strong>\u041e\u043f\u0440\u0435\u0434\u0435\u043b\u0435\u043d\u0438\u0435<\/strong>: \u041a\u043e\u043d\u0441\u0442\u0440\u0443\u043a\u0446\u0438\u0438 \u0434\u043b\u044f \u043f\u043e\u0432\u0442\u043e\u0440\u043d\u043e\u0433\u043e \u0432\u044b\u043f\u043e\u043b\u043d\u0435\u043d\u0438\u044f \u0431\u043b\u043e\u043a\u0430 \u043a\u043e\u0434\u0430.<\/h5>\n\n\n\n<h5 class=\"wp-block-heading\"><strong>\u0422\u0438\u043f\u044b \u0446\u0438\u043a\u043b\u043e\u0432<\/strong>:<\/h5>\n\n\n\n<ul class=\"wp-block-list\">\n<li><strong>while<\/strong>: \u0412\u044b\u043f\u043e\u043b\u043d\u044f\u0435\u0442\u0441\u044f, \u043f\u043e\u043a\u0430 \u0443\u0441\u043b\u043e\u0432\u0438\u0435 \u0438\u0441\u0442\u0438\u043d\u043d\u043e.<\/li>\n<\/ul>\n\n\n<div class=\"wp-block-syntaxhighlighter-code \"><pre class=\"brush: python; title: ; notranslate\" title=\"\">\nwhile \u0443\u0441\u043b\u043e\u0432\u0438\u0435:\n    \u043e\u043f\u0435\u0440\u0430\u0442\u043e\u0440\u044b\n<\/pre><\/div>\n\n\n<ul class=\"wp-block-list\">\n<li><strong>while True<\/strong>: \u0411\u0435\u0441\u043a\u043e\u043d\u0435\u0447\u043d\u044b\u0439 \u0446\u0438\u043a\u043b, \u043f\u0440\u0435\u0440\u044b\u0432\u0430\u0435\u0442\u0441\u044f \u0441 \u043f\u043e\u043c\u043e\u0449\u044c\u044e break.<\/li>\n<\/ul>\n\n\n<div class=\"wp-block-syntaxhighlighter-code \"><pre class=\"brush: python; title: ; notranslate\" title=\"\">\nwhile True:\n    \u043e\u043f\u0435\u0440\u0430\u0442\u043e\u0440\u044b\n    if \u0443\u0441\u043b\u043e\u0432\u0438\u0435:\n        break\n<\/pre><\/div>\n\n\n<h5 class=\"wp-block-heading\"><strong>\u041a\u043b\u044e\u0447\u0435\u0432\u044b\u0435 \u043e\u043f\u0435\u0440\u0430\u0442\u043e\u0440\u044b<\/strong>:<\/h5>\n\n\n\n<ul class=\"wp-block-list\">\n<li>break: \u041f\u0440\u0435\u0440\u044b\u0432\u0430\u0435\u0442 \u0446\u0438\u043a\u043b.<\/li>\n\n\n\n<li>continue: \u041f\u0440\u043e\u043f\u0443\u0441\u043a\u0430\u0435\u0442 \u0442\u0435\u043a\u0443\u0449\u0443\u044e \u0438\u0442\u0435\u0440\u0430\u0446\u0438\u044e, \u043f\u0435\u0440\u0435\u0445\u043e\u0434\u0438\u0442 \u043a \u0441\u043b\u0435\u0434\u0443\u044e\u0449\u0435\u0439.<\/li>\n\n\n\n<li>else: \u0412\u044b\u043f\u043e\u043b\u043d\u044f\u0435\u0442\u0441\u044f, \u0435\u0441\u043b\u0438 \u0446\u0438\u043a\u043b \u0437\u0430\u0432\u0435\u0440\u0448\u0438\u043b\u0441\u044f \u0431\u0435\u0437 break.<\/li>\n<\/ul>\n\n\n\n<h5 class=\"wp-block-heading\">\u041f\u0440\u0438\u043c\u0435\u0440<\/h5>\n\n\n<div class=\"wp-block-syntaxhighlighter-code \"><pre class=\"brush: python; title: ; notranslate\" title=\"\">\ni = 1\nwhile i &lt;= 5:\n    print(i)\n    i += 1\n# \u0412\u044b\u0432\u043e\u0434: 1, 2, 3, 4, 5\n<\/pre><\/div>","protected":false},"excerpt":{"rendered":"<p>Teema &#171;Kordused&#187; Eesti keel: Ts\u00fcklid M\u00f5iste: Konstruktsioonid koodibloki korduvaks t\u00e4itmiseks. Ts\u00fcklite t\u00fc\u00fcbid: P\u00f5hioperaatorid: N\u00e4ide Vene keel: \u0426\u0438\u043a\u043b\u044b \u041e\u043f\u0440\u0435\u0434\u0435\u043b\u0435\u043d\u0438\u0435: \u041a\u043e\u043d\u0441\u0442\u0440\u0443\u043a\u0446\u0438\u0438 \u0434\u043b\u044f [&hellip;]<\/p>\n","protected":false},"author":1,"featured_media":0,"parent":0,"menu_order":0,"comment_status":"closed","ping_status":"closed","template":"page-with-title","meta":{"footnotes":""},"class_list":["post-1525","page","type-page","status-publish","hentry"],"yoast_head":"<!-- This site is optimized with the Yoast SEO plugin v27.4 - https:\/\/yoast.com\/product\/yoast-seo-wordpress\/ -->\n<title>3. Teema Kordused - Oleksandra Ryshniak Portfoolio<\/title>\n<meta name=\"robots\" content=\"index, follow, max-snippet:-1, max-image-preview:large, max-video-preview:-1\" \/>\n<link rel=\"canonical\" href=\"https:\/\/oleksandraryshniak24.thkit.ee\/wp1\/rus\/4-teema-listid-2\/\" \/>\n<meta property=\"og:locale\" content=\"ru_RU\" \/>\n<meta property=\"og:type\" content=\"article\" \/>\n<meta property=\"og:title\" content=\"3. Teema Kordused - Oleksandra Ryshniak Portfoolio\" \/>\n<meta property=\"og:description\" content=\"Teema &#171;Kordused&#187; Eesti keel: Ts\u00fcklid M\u00f5iste: Konstruktsioonid koodibloki korduvaks t\u00e4itmiseks. Ts\u00fcklite t\u00fc\u00fcbid: P\u00f5hioperaatorid: N\u00e4ide Vene keel: \u0426\u0438\u043a\u043b\u044b \u041e\u043f\u0440\u0435\u0434\u0435\u043b\u0435\u043d\u0438\u0435: \u041a\u043e\u043d\u0441\u0442\u0440\u0443\u043a\u0446\u0438\u0438 \u0434\u043b\u044f [&hellip;]\" \/>\n<meta property=\"og:url\" content=\"https:\/\/oleksandraryshniak24.thkit.ee\/wp1\/rus\/4-teema-listid-2\/\" \/>\n<meta property=\"og:site_name\" content=\"Oleksandra Ryshniak Portfoolio\" \/>\n<meta name=\"twitter:card\" content=\"summary_large_image\" \/>\n<meta name=\"twitter:label1\" content=\"\u041f\u0440\u0438\u043c\u0435\u0440\u043d\u043e\u0435 \u0432\u0440\u0435\u043c\u044f \u0434\u043b\u044f \u0447\u0442\u0435\u043d\u0438\u044f\" \/>\n\t<meta name=\"twitter:data1\" content=\"1 \u043c\u0438\u043d\u0443\u0442\u0430\" \/>\n<script type=\"application\/ld+json\" class=\"yoast-schema-graph\">{\"@context\":\"https:\\\/\\\/schema.org\",\"@graph\":[{\"@type\":\"WebPage\",\"@id\":\"https:\\\/\\\/oleksandraryshniak24.thkit.ee\\\/wp1\\\/rus\\\/4-teema-listid-2\\\/\",\"url\":\"https:\\\/\\\/oleksandraryshniak24.thkit.ee\\\/wp1\\\/rus\\\/4-teema-listid-2\\\/\",\"name\":\"3. Teema Kordused - Oleksandra Ryshniak Portfoolio\",\"isPartOf\":{\"@id\":\"https:\\\/\\\/oleksandraryshniak24.thkit.ee\\\/wp1\\\/rus\\\/#website\"},\"datePublished\":\"2025-05-30T16:24:52+00:00\",\"breadcrumb\":{\"@id\":\"https:\\\/\\\/oleksandraryshniak24.thkit.ee\\\/wp1\\\/rus\\\/4-teema-listid-2\\\/#breadcrumb\"},\"inLanguage\":\"ru-RU\",\"potentialAction\":[{\"@type\":\"ReadAction\",\"target\":[\"https:\\\/\\\/oleksandraryshniak24.thkit.ee\\\/wp1\\\/rus\\\/4-teema-listid-2\\\/\"]}]},{\"@type\":\"BreadcrumbList\",\"@id\":\"https:\\\/\\\/oleksandraryshniak24.thkit.ee\\\/wp1\\\/rus\\\/4-teema-listid-2\\\/#breadcrumb\",\"itemListElement\":[{\"@type\":\"ListItem\",\"position\":1,\"name\":\"Home\",\"item\":\"https:\\\/\\\/oleksandraryshniak24.thkit.ee\\\/wp1\\\/rus\\\/\"},{\"@type\":\"ListItem\",\"position\":2,\"name\":\"3. Teema Kordused\"}]},{\"@type\":\"WebSite\",\"@id\":\"https:\\\/\\\/oleksandraryshniak24.thkit.ee\\\/wp1\\\/rus\\\/#website\",\"url\":\"https:\\\/\\\/oleksandraryshniak24.thkit.ee\\\/wp1\\\/rus\\\/\",\"name\":\"Oleksandra Ryshniak Portfoolio\",\"description\":\"\",\"potentialAction\":[{\"@type\":\"SearchAction\",\"target\":{\"@type\":\"EntryPoint\",\"urlTemplate\":\"https:\\\/\\\/oleksandraryshniak24.thkit.ee\\\/wp1\\\/rus\\\/?s={search_term_string}\"},\"query-input\":{\"@type\":\"PropertyValueSpecification\",\"valueRequired\":true,\"valueName\":\"search_term_string\"}}],\"inLanguage\":\"ru-RU\"}]}<\/script>\n<!-- \/ Yoast SEO plugin. -->","yoast_head_json":{"title":"3. Teema Kordused - Oleksandra Ryshniak Portfoolio","robots":{"index":"index","follow":"follow","max-snippet":"max-snippet:-1","max-image-preview":"max-image-preview:large","max-video-preview":"max-video-preview:-1"},"canonical":"https:\/\/oleksandraryshniak24.thkit.ee\/wp1\/rus\/4-teema-listid-2\/","og_locale":"ru_RU","og_type":"article","og_title":"3. Teema Kordused - Oleksandra Ryshniak Portfoolio","og_description":"Teema &#171;Kordused&#187; Eesti keel: Ts\u00fcklid M\u00f5iste: Konstruktsioonid koodibloki korduvaks t\u00e4itmiseks. Ts\u00fcklite t\u00fc\u00fcbid: P\u00f5hioperaatorid: N\u00e4ide Vene keel: \u0426\u0438\u043a\u043b\u044b \u041e\u043f\u0440\u0435\u0434\u0435\u043b\u0435\u043d\u0438\u0435: \u041a\u043e\u043d\u0441\u0442\u0440\u0443\u043a\u0446\u0438\u0438 \u0434\u043b\u044f [&hellip;]","og_url":"https:\/\/oleksandraryshniak24.thkit.ee\/wp1\/rus\/4-teema-listid-2\/","og_site_name":"Oleksandra Ryshniak Portfoolio","twitter_card":"summary_large_image","twitter_misc":{"\u041f\u0440\u0438\u043c\u0435\u0440\u043d\u043e\u0435 \u0432\u0440\u0435\u043c\u044f \u0434\u043b\u044f \u0447\u0442\u0435\u043d\u0438\u044f":"1 \u043c\u0438\u043d\u0443\u0442\u0430"},"schema":{"@context":"https:\/\/schema.org","@graph":[{"@type":"WebPage","@id":"https:\/\/oleksandraryshniak24.thkit.ee\/wp1\/rus\/4-teema-listid-2\/","url":"https:\/\/oleksandraryshniak24.thkit.ee\/wp1\/rus\/4-teema-listid-2\/","name":"3. Teema Kordused - Oleksandra Ryshniak Portfoolio","isPartOf":{"@id":"https:\/\/oleksandraryshniak24.thkit.ee\/wp1\/rus\/#website"},"datePublished":"2025-05-30T16:24:52+00:00","breadcrumb":{"@id":"https:\/\/oleksandraryshniak24.thkit.ee\/wp1\/rus\/4-teema-listid-2\/#breadcrumb"},"inLanguage":"ru-RU","potentialAction":[{"@type":"ReadAction","target":["https:\/\/oleksandraryshniak24.thkit.ee\/wp1\/rus\/4-teema-listid-2\/"]}]},{"@type":"BreadcrumbList","@id":"https:\/\/oleksandraryshniak24.thkit.ee\/wp1\/rus\/4-teema-listid-2\/#breadcrumb","itemListElement":[{"@type":"ListItem","position":1,"name":"Home","item":"https:\/\/oleksandraryshniak24.thkit.ee\/wp1\/rus\/"},{"@type":"ListItem","position":2,"name":"3. Teema Kordused"}]},{"@type":"WebSite","@id":"https:\/\/oleksandraryshniak24.thkit.ee\/wp1\/rus\/#website","url":"https:\/\/oleksandraryshniak24.thkit.ee\/wp1\/rus\/","name":"Oleksandra Ryshniak Portfoolio","description":"","potentialAction":[{"@type":"SearchAction","target":{"@type":"EntryPoint","urlTemplate":"https:\/\/oleksandraryshniak24.thkit.ee\/wp1\/rus\/?s={search_term_string}"},"query-input":{"@type":"PropertyValueSpecification","valueRequired":true,"valueName":"search_term_string"}}],"inLanguage":"ru-RU"}]}},"_links":{"self":[{"href":"https:\/\/oleksandraryshniak24.thkit.ee\/wp1\/rus\/wp-json\/wp\/v2\/pages\/1525","targetHints":{"allow":["GET"]}}],"collection":[{"href":"https:\/\/oleksandraryshniak24.thkit.ee\/wp1\/rus\/wp-json\/wp\/v2\/pages"}],"about":[{"href":"https:\/\/oleksandraryshniak24.thkit.ee\/wp1\/rus\/wp-json\/wp\/v2\/types\/page"}],"author":[{"embeddable":true,"href":"https:\/\/oleksandraryshniak24.thkit.ee\/wp1\/rus\/wp-json\/wp\/v2\/users\/1"}],"replies":[{"embeddable":true,"href":"https:\/\/oleksandraryshniak24.thkit.ee\/wp1\/rus\/wp-json\/wp\/v2\/comments?post=1525"}],"version-history":[{"count":0,"href":"https:\/\/oleksandraryshniak24.thkit.ee\/wp1\/rus\/wp-json\/wp\/v2\/pages\/1525\/revisions"}],"wp:attachment":[{"href":"https:\/\/oleksandraryshniak24.thkit.ee\/wp1\/rus\/wp-json\/wp\/v2\/media?parent=1525"}],"curies":[{"name":"wp","href":"https:\/\/api.w.org\/{rel}","templated":true}]}}