{"id":1526,"date":"2025-04-11T09:03:40","date_gmt":"2025-04-11T06:03:40","guid":{"rendered":"https:\/\/com47276.wordpress.com\/?page_id=662"},"modified":"2025-04-11T09:03:40","modified_gmt":"2025-04-11T06:03:40","slug":"matemaatika-graafid-infosusteemides-graafiteooria-2-2","status":"publish","type":"page","link":"https:\/\/oleksandraryshniak24.thkit.ee\/wp1\/rus\/matemaatika-graafid-infosusteemides-graafiteooria-2-2\/","title":{"rendered":"Matemaatika Graafid Infos\u00fcsteemides Graafiteooria"},"content":{"rendered":"\n<h1 class=\"wp-block-heading\">Matemaatika Graafid Infos\u00fcsteemides Graafiteooria<\/h1>\n\n\n\n<p id=\"block-3ddc2d59-36c8-45d8-8f81-cd166952e2d9\"><\/p>\n\n\n\n<p>Graaf on struktuur, mis omab tippud ja tippud on oma vahel seotud servadega.<br>Suunatud servad \u2013 kaar\/ kaared<br>Suunamata servad<\/p>\n\n\n\n<figure class=\"wp-block-image size-large\"><img loading=\"lazy\" decoding=\"async\" width=\"409\" height=\"297\" src=\"https:\/\/oleksandraryshniak24.thkit.ee\/wp1\/rus\/wp-content\/uploads\/sites\/2\/2025\/04\/image.png?w=409\" alt=\"\" class=\"wp-image-664\" srcset=\"https:\/\/oleksandraryshniak24.thkit.ee\/wp1\/rus\/wp-content\/uploads\/sites\/2\/2025\/04\/image.png 409w, https:\/\/oleksandraryshniak24.thkit.ee\/wp1\/rus\/wp-content\/uploads\/sites\/2\/2025\/04\/image-300x218.png 300w, https:\/\/oleksandraryshniak24.thkit.ee\/wp1\/rus\/wp-content\/uploads\/sites\/2\/2025\/04\/image-150x109.png 150w\" sizes=\"auto, (max-width: 409px) 100vw, 409px\" \/><\/figure>\n\n\n\n<figure class=\"wp-block-image size-large\"><img decoding=\"async\" src=\"https:\/\/oleksandraryshniak24.thkit.ee\/wp1\/rus\/wp-content\/uploads\/sites\/2\/2025\/04\/image-1-1.png?w=708\" alt=\"\" class=\"wp-image-665\" \/><\/figure>\n\n\n\n<p>2. Suunatud graaf, graaf kus on k\u00f5ik servad on suunatud<\/p>\n\n\n\n<figure class=\"wp-block-image size-large\"><img decoding=\"async\" src=\"https:\/\/oleksandraryshniak24.thkit.ee\/wp1\/rus\/wp-content\/uploads\/2025\/04\/image-3-1.png?w=588\" alt=\"\" class=\"wp-image-669\" \/><\/figure>\n\n\n\n<p>\u0441\u0442\u0440\u0435\u043b\u043a\u0430 &#8212; \u0434\u0443\u0433\u0430<\/p>\n\n\n\n<figure class=\"wp-block-image size-large\"><img decoding=\"async\" src=\"https:\/\/oleksandraryshniak24.thkit.ee\/wp1\/rus\/wp-content\/uploads\/2025\/04\/image-4-1.png?w=318\" alt=\"\" class=\"wp-image-670\" \/><\/figure>\n\n\n\n<p>Kaalutud graaf naabrusmaatriks<\/p>\n\n\n\n<p>\u0412\u0437\u0432\u0435\u0448\u0435\u043d\u043d\u044b\u0439 \u0433\u0440\u0430\u0444 &#8212; \u0433\u0440\u0430\u0444, \u0443 \u043a\u043e\u0442\u043e\u0440\u043e\u0433\u043e \u0432\u0435\u0440\u0448\u0438\u043d\u044b \u0438\u043b\u0438 \u0440\u0451\u0431\u0440\u0430 (\u0434\u0443\u0433\u0438) \u043d\u0435\u0441\u0443\u0442 \u0434\u043e\u043f\u043e\u043b\u043d\u0438\u0442\u0435\u043b\u044c\u043d\u0443\u044e \u0438\u043d\u0444\u043e\u0440\u043c\u0430\u0446\u0438\u044e (\u0432\u0435\u0441). <\/p>\n\n\n\n<figure class=\"wp-block-image size-large\"><img decoding=\"async\" src=\"https:\/\/oleksandraryshniak24.thkit.ee\/wp1\/rus\/wp-content\/uploads\/2025\/04\/image-5-1.png?w=311\" alt=\"\" class=\"wp-image-672\" \/><\/figure>\n\n\n\n<p>naabrusmaatriks &#8212; \u043c\u0430\u0442\u0440\u0438\u0446\u0430 \u0441\u043c\u0435\u0436\u043d\u043e\u0441\u0442\u0438. <\/p>\n\n\n\n<figure class=\"wp-block-image size-large\"><img decoding=\"async\" src=\"https:\/\/oleksandraryshniak24.thkit.ee\/wp1\/rus\/wp-content\/uploads\/2025\/04\/image-7-1.png?w=528\" alt=\"\" class=\"wp-image-675\" \/><\/figure>\n\n\n\n<div class=\"wp-block-columns is-layout-flex wp-container-core-columns-is-layout-28f84493 wp-block-columns-is-layout-flex\">\n<div class=\"wp-block-column is-layout-flow wp-block-column-is-layout-flow\" style=\"flex-basis:33.33%\">\n<p>Semantiline v\u00f5rk mis n\u00e4itab tegevused ja s\u00f5ltuvused objektide vahel<\/p>\n\n\n\n<p>Ovaalid=objektid<br>Nooled v\u00f5i servad n\u00e4itavad s\u00f5ltuvused \/tegevused<\/p>\n<\/div>\n\n\n\n<div class=\"wp-block-column is-layout-flow wp-block-column-is-layout-flow\" style=\"flex-basis:33.33%\">\n<pre id=\"tw-target-text\" class=\"wp-block-preformatted\">\u0421\u0435\u043c\u0430\u043d\u0442\u0438\u0447\u0435\u0441\u043a\u0430\u044f \u0441\u0435\u0442\u044c, \u043f\u043e\u043a\u0430\u0437\u044b\u0432\u0430\u044e\u0449\u0430\u044f \u0434\u0435\u0439\u0441\u0442\u0432\u0438\u044f \u0438 \u0437\u0430\u0432\u0438\u0441\u0438\u043c\u043e\u0441\u0442\u0438 \u043c\u0435\u0436\u0434\u0443 \u043e\u0431\u044a\u0435\u043a\u0442\u0430\u043c\u0438\n\n\u041e\u0432\u0430\u043b\u044b=\u043e\u0431\u044a\u0435\u043a\u0442\u044b\n\u0421\u0442\u0440\u0435\u043b\u043a\u0438 \u0438\u043b\u0438 \u0440\u0435\u0431\u0440\u0430 \u0443\u043a\u0430\u0437\u044b\u0432\u0430\u044e\u0442 \u043d\u0430 \u0437\u0430\u0432\u0438\u0441\u0438\u043c\u043e\u0441\u0442\u0438\/\u0434\u0435\u0439\u0441\u0442\u0432\u0438\u044f.<\/pre>\n<\/div>\n<\/div>\n\n\n\n<p>\u0418\u0435\u0440\u0430\u0440\u0445\u0438\u044f<\/p>\n\n\n\n<figure class=\"wp-block-image size-large\"><img decoding=\"async\" src=\"https:\/\/oleksandraryshniak24.thkit.ee\/wp1\/rus\/wp-content\/uploads\/2025\/04\/image-9-1.png?w=520\" alt=\"\" class=\"wp-image-680\" \/><\/figure>\n\n\n\n<figure class=\"wp-block-image size-large\"><img decoding=\"async\" src=\"https:\/\/oleksandraryshniak24.thkit.ee\/wp1\/rus\/wp-content\/uploads\/2025\/04\/image-10-1.png?w=478\" alt=\"\" class=\"wp-image-681\" \/><\/figure>\n\n\n\n<p>\u00a7PUU \u2013 graaf hierarhilisega struktuuriga.<\/p>\n\n\n\n<p>\u00a7OMAB \u00fcks tee kahe tippude vahel<\/p>\n\n\n\n<figure class=\"wp-block-image size-large\"><img decoding=\"async\" src=\"https:\/\/oleksandraryshniak24.thkit.ee\/wp1\/rus\/wp-content\/uploads\/2025\/04\/image-12-1.png?w=524\" alt=\"\" class=\"wp-image-683\" \/><\/figure>\n","protected":false},"excerpt":{"rendered":"<p>Matemaatika Graafid Infos\u00fcsteemides Graafiteooria Graaf on struktuur, mis omab tippud ja tippud on oma vahel seotud servadega.Suunatud servad \u2013 kaar\/ [&hellip;]<\/p>\n","protected":false},"author":1,"featured_media":0,"parent":0,"menu_order":0,"comment_status":"closed","ping_status":"closed","template":"page-with-title","meta":{"footnotes":""},"class_list":["post-1526","page","type-page","status-publish","hentry"],"yoast_head":"<!-- This site is optimized with the Yoast SEO plugin v27.4 - https:\/\/yoast.com\/product\/yoast-seo-wordpress\/ -->\n<title>Matemaatika Graafid Infos\u00fcsteemides Graafiteooria - Oleksandra Ryshniak Portfoolio<\/title>\n<meta name=\"robots\" content=\"index, follow, max-snippet:-1, max-image-preview:large, max-video-preview:-1\" \/>\n<link rel=\"canonical\" href=\"https:\/\/oleksandraryshniak24.thkit.ee\/wp1\/rus\/matemaatika-graafid-infosusteemides-graafiteooria-2-2\/\" \/>\n<meta property=\"og:locale\" content=\"ru_RU\" \/>\n<meta property=\"og:type\" content=\"article\" \/>\n<meta property=\"og:title\" content=\"Matemaatika Graafid Infos\u00fcsteemides Graafiteooria - Oleksandra Ryshniak Portfoolio\" \/>\n<meta property=\"og:description\" content=\"Matemaatika Graafid Infos\u00fcsteemides Graafiteooria Graaf on struktuur, mis omab tippud ja tippud on oma vahel seotud servadega.Suunatud servad \u2013 kaar\/ [&hellip;]\" \/>\n<meta property=\"og:url\" content=\"https:\/\/oleksandraryshniak24.thkit.ee\/wp1\/rus\/matemaatika-graafid-infosusteemides-graafiteooria-2-2\/\" \/>\n<meta property=\"og:site_name\" content=\"Oleksandra Ryshniak Portfoolio\" \/>\n<meta property=\"og:image\" content=\"https:\/\/oleksandraryshniak24.thkit.ee\/wp1\/rus\/wp-content\/uploads\/sites\/2\/2025\/04\/image.png\" \/>\n\t<meta property=\"og:image:width\" content=\"409\" \/>\n\t<meta property=\"og:image:height\" content=\"297\" \/>\n\t<meta property=\"og:image:type\" content=\"image\/png\" \/>\n<meta name=\"twitter:card\" content=\"summary_large_image\" \/>\n<script type=\"application\/ld+json\" class=\"yoast-schema-graph\">{\"@context\":\"https:\\\/\\\/schema.org\",\"@graph\":[{\"@type\":\"WebPage\",\"@id\":\"https:\\\/\\\/oleksandraryshniak24.thkit.ee\\\/wp1\\\/rus\\\/matemaatika-graafid-infosusteemides-graafiteooria-2-2\\\/\",\"url\":\"https:\\\/\\\/oleksandraryshniak24.thkit.ee\\\/wp1\\\/rus\\\/matemaatika-graafid-infosusteemides-graafiteooria-2-2\\\/\",\"name\":\"Matemaatika Graafid Infos\u00fcsteemides Graafiteooria - Oleksandra Ryshniak Portfoolio\",\"isPartOf\":{\"@id\":\"https:\\\/\\\/oleksandraryshniak24.thkit.ee\\\/wp1\\\/rus\\\/#website\"},\"primaryImageOfPage\":{\"@id\":\"https:\\\/\\\/oleksandraryshniak24.thkit.ee\\\/wp1\\\/rus\\\/matemaatika-graafid-infosusteemides-graafiteooria-2-2\\\/#primaryimage\"},\"image\":{\"@id\":\"https:\\\/\\\/oleksandraryshniak24.thkit.ee\\\/wp1\\\/rus\\\/matemaatika-graafid-infosusteemides-graafiteooria-2-2\\\/#primaryimage\"},\"thumbnailUrl\":\"https:\\\/\\\/oleksandraryshniak24.thkit.ee\\\/wp1\\\/rus\\\/wp-content\\\/uploads\\\/sites\\\/2\\\/2025\\\/04\\\/image.png?w=409\",\"datePublished\":\"2025-04-11T06:03:40+00:00\",\"breadcrumb\":{\"@id\":\"https:\\\/\\\/oleksandraryshniak24.thkit.ee\\\/wp1\\\/rus\\\/matemaatika-graafid-infosusteemides-graafiteooria-2-2\\\/#breadcrumb\"},\"inLanguage\":\"ru-RU\",\"potentialAction\":[{\"@type\":\"ReadAction\",\"target\":[\"https:\\\/\\\/oleksandraryshniak24.thkit.ee\\\/wp1\\\/rus\\\/matemaatika-graafid-infosusteemides-graafiteooria-2-2\\\/\"]}]},{\"@type\":\"ImageObject\",\"inLanguage\":\"ru-RU\",\"@id\":\"https:\\\/\\\/oleksandraryshniak24.thkit.ee\\\/wp1\\\/rus\\\/matemaatika-graafid-infosusteemides-graafiteooria-2-2\\\/#primaryimage\",\"url\":\"https:\\\/\\\/oleksandraryshniak24.thkit.ee\\\/wp1\\\/rus\\\/wp-content\\\/uploads\\\/sites\\\/2\\\/2025\\\/04\\\/image.png\",\"contentUrl\":\"https:\\\/\\\/oleksandraryshniak24.thkit.ee\\\/wp1\\\/rus\\\/wp-content\\\/uploads\\\/sites\\\/2\\\/2025\\\/04\\\/image.png\",\"width\":409,\"height\":297},{\"@type\":\"BreadcrumbList\",\"@id\":\"https:\\\/\\\/oleksandraryshniak24.thkit.ee\\\/wp1\\\/rus\\\/matemaatika-graafid-infosusteemides-graafiteooria-2-2\\\/#breadcrumb\",\"itemListElement\":[{\"@type\":\"ListItem\",\"position\":1,\"name\":\"Home\",\"item\":\"https:\\\/\\\/oleksandraryshniak24.thkit.ee\\\/wp1\\\/rus\\\/\"},{\"@type\":\"ListItem\",\"position\":2,\"name\":\"Matemaatika Graafid Infos\u00fcsteemides Graafiteooria\"}]},{\"@type\":\"WebSite\",\"@id\":\"https:\\\/\\\/oleksandraryshniak24.thkit.ee\\\/wp1\\\/rus\\\/#website\",\"url\":\"https:\\\/\\\/oleksandraryshniak24.thkit.ee\\\/wp1\\\/rus\\\/\",\"name\":\"Oleksandra Ryshniak Portfoolio\",\"description\":\"\",\"potentialAction\":[{\"@type\":\"SearchAction\",\"target\":{\"@type\":\"EntryPoint\",\"urlTemplate\":\"https:\\\/\\\/oleksandraryshniak24.thkit.ee\\\/wp1\\\/rus\\\/?s={search_term_string}\"},\"query-input\":{\"@type\":\"PropertyValueSpecification\",\"valueRequired\":true,\"valueName\":\"search_term_string\"}}],\"inLanguage\":\"ru-RU\"}]}<\/script>\n<!-- \/ Yoast SEO plugin. -->","yoast_head_json":{"title":"Matemaatika Graafid Infos\u00fcsteemides Graafiteooria - Oleksandra Ryshniak Portfoolio","robots":{"index":"index","follow":"follow","max-snippet":"max-snippet:-1","max-image-preview":"max-image-preview:large","max-video-preview":"max-video-preview:-1"},"canonical":"https:\/\/oleksandraryshniak24.thkit.ee\/wp1\/rus\/matemaatika-graafid-infosusteemides-graafiteooria-2-2\/","og_locale":"ru_RU","og_type":"article","og_title":"Matemaatika Graafid Infos\u00fcsteemides Graafiteooria - Oleksandra Ryshniak Portfoolio","og_description":"Matemaatika Graafid Infos\u00fcsteemides Graafiteooria Graaf on struktuur, mis omab tippud ja tippud on oma vahel seotud servadega.Suunatud servad \u2013 kaar\/ [&hellip;]","og_url":"https:\/\/oleksandraryshniak24.thkit.ee\/wp1\/rus\/matemaatika-graafid-infosusteemides-graafiteooria-2-2\/","og_site_name":"Oleksandra Ryshniak Portfoolio","og_image":[{"width":409,"height":297,"url":"https:\/\/oleksandraryshniak24.thkit.ee\/wp1\/rus\/wp-content\/uploads\/sites\/2\/2025\/04\/image.png","type":"image\/png"}],"twitter_card":"summary_large_image","schema":{"@context":"https:\/\/schema.org","@graph":[{"@type":"WebPage","@id":"https:\/\/oleksandraryshniak24.thkit.ee\/wp1\/rus\/matemaatika-graafid-infosusteemides-graafiteooria-2-2\/","url":"https:\/\/oleksandraryshniak24.thkit.ee\/wp1\/rus\/matemaatika-graafid-infosusteemides-graafiteooria-2-2\/","name":"Matemaatika Graafid Infos\u00fcsteemides Graafiteooria - Oleksandra Ryshniak Portfoolio","isPartOf":{"@id":"https:\/\/oleksandraryshniak24.thkit.ee\/wp1\/rus\/#website"},"primaryImageOfPage":{"@id":"https:\/\/oleksandraryshniak24.thkit.ee\/wp1\/rus\/matemaatika-graafid-infosusteemides-graafiteooria-2-2\/#primaryimage"},"image":{"@id":"https:\/\/oleksandraryshniak24.thkit.ee\/wp1\/rus\/matemaatika-graafid-infosusteemides-graafiteooria-2-2\/#primaryimage"},"thumbnailUrl":"https:\/\/oleksandraryshniak24.thkit.ee\/wp1\/rus\/wp-content\/uploads\/sites\/2\/2025\/04\/image.png?w=409","datePublished":"2025-04-11T06:03:40+00:00","breadcrumb":{"@id":"https:\/\/oleksandraryshniak24.thkit.ee\/wp1\/rus\/matemaatika-graafid-infosusteemides-graafiteooria-2-2\/#breadcrumb"},"inLanguage":"ru-RU","potentialAction":[{"@type":"ReadAction","target":["https:\/\/oleksandraryshniak24.thkit.ee\/wp1\/rus\/matemaatika-graafid-infosusteemides-graafiteooria-2-2\/"]}]},{"@type":"ImageObject","inLanguage":"ru-RU","@id":"https:\/\/oleksandraryshniak24.thkit.ee\/wp1\/rus\/matemaatika-graafid-infosusteemides-graafiteooria-2-2\/#primaryimage","url":"https:\/\/oleksandraryshniak24.thkit.ee\/wp1\/rus\/wp-content\/uploads\/sites\/2\/2025\/04\/image.png","contentUrl":"https:\/\/oleksandraryshniak24.thkit.ee\/wp1\/rus\/wp-content\/uploads\/sites\/2\/2025\/04\/image.png","width":409,"height":297},{"@type":"BreadcrumbList","@id":"https:\/\/oleksandraryshniak24.thkit.ee\/wp1\/rus\/matemaatika-graafid-infosusteemides-graafiteooria-2-2\/#breadcrumb","itemListElement":[{"@type":"ListItem","position":1,"name":"Home","item":"https:\/\/oleksandraryshniak24.thkit.ee\/wp1\/rus\/"},{"@type":"ListItem","position":2,"name":"Matemaatika Graafid Infos\u00fcsteemides Graafiteooria"}]},{"@type":"WebSite","@id":"https:\/\/oleksandraryshniak24.thkit.ee\/wp1\/rus\/#website","url":"https:\/\/oleksandraryshniak24.thkit.ee\/wp1\/rus\/","name":"Oleksandra Ryshniak Portfoolio","description":"","potentialAction":[{"@type":"SearchAction","target":{"@type":"EntryPoint","urlTemplate":"https:\/\/oleksandraryshniak24.thkit.ee\/wp1\/rus\/?s={search_term_string}"},"query-input":{"@type":"PropertyValueSpecification","valueRequired":true,"valueName":"search_term_string"}}],"inLanguage":"ru-RU"}]}},"_links":{"self":[{"href":"https:\/\/oleksandraryshniak24.thkit.ee\/wp1\/rus\/wp-json\/wp\/v2\/pages\/1526","targetHints":{"allow":["GET"]}}],"collection":[{"href":"https:\/\/oleksandraryshniak24.thkit.ee\/wp1\/rus\/wp-json\/wp\/v2\/pages"}],"about":[{"href":"https:\/\/oleksandraryshniak24.thkit.ee\/wp1\/rus\/wp-json\/wp\/v2\/types\/page"}],"author":[{"embeddable":true,"href":"https:\/\/oleksandraryshniak24.thkit.ee\/wp1\/rus\/wp-json\/wp\/v2\/users\/1"}],"replies":[{"embeddable":true,"href":"https:\/\/oleksandraryshniak24.thkit.ee\/wp1\/rus\/wp-json\/wp\/v2\/comments?post=1526"}],"version-history":[{"count":0,"href":"https:\/\/oleksandraryshniak24.thkit.ee\/wp1\/rus\/wp-json\/wp\/v2\/pages\/1526\/revisions"}],"wp:attachment":[{"href":"https:\/\/oleksandraryshniak24.thkit.ee\/wp1\/rus\/wp-json\/wp\/v2\/media?parent=1526"}],"curies":[{"name":"wp","href":"https:\/\/api.w.org\/{rel}","templated":true}]}}