{"id":1533,"date":"2025-05-30T19:22:57","date_gmt":"2025-05-30T16:22:57","guid":{"rendered":"https:\/\/com47276.wordpress.com\/?page_id=1043"},"modified":"2025-05-30T19:22:57","modified_gmt":"2025-05-30T16:22:57","slug":"2-teema-valikud-if-elif-else-2-2","status":"publish","type":"page","link":"https:\/\/oleksandraryshniak24.thkit.ee\/wp1\/rus\/2-teema-valikud-if-elif-else-2-2\/","title":{"rendered":"2. Teema Valikud (if, elif, else)"},"content":{"rendered":"\n<h2 class=\"wp-block-heading\">Teema &#171;Valikud (if, elif, else)&#187;<\/h2>\n\n\n\n<h3 class=\"wp-block-heading\">Eesti keel:<\/h3>\n\n\n\n<h4 class=\"wp-block-heading\">Tingimuslause<\/h4>\n\n\n\n<h5 class=\"wp-block-heading\"><strong>M\u00f5iste<\/strong>: Juhib koodi t\u00e4itmist vastavalt tingimustele.<\/h5>\n\n\n\n<h4 class=\"wp-block-heading\"><strong>Struktuurid<\/strong>:<\/h4>\n\n\n\n<h5 class=\"wp-block-heading\"><strong>if<\/strong>: T\u00e4idab k\u00e4sud, kui tingimus on t\u00f5ene.<\/h5>\n\n\n<div class=\"wp-block-syntaxhighlighter-code \"><pre class=\"brush: python; title: ; notranslate\" title=\"\">\nif tingimus:\n    k\u00e4sud\n<\/pre><\/div>\n\n\n<h5 class=\"wp-block-heading\"><strong>if-else<\/strong>: T\u00e4idab \u00fched k\u00e4sud t\u00f5ese tingimuse korral, teised vale korral.<\/h5>\n\n\n<div class=\"wp-block-syntaxhighlighter-code \"><pre class=\"brush: python; title: ; notranslate\" title=\"\">\nif tingimus:\n    k\u00e4sud_1\nelse:\n    k\u00e4sud_2\n<\/pre><\/div>\n\n\n<h5 class=\"wp-block-heading\"><strong>if-elif-else<\/strong>: Kontrollib mitut tingimust j\u00e4rjestikku.<\/h5>\n\n\n<div class=\"wp-block-syntaxhighlighter-code \"><pre class=\"brush: python; title: ; notranslate\" title=\"\">\nif tingimus_1:\n    k\u00e4sud_1\nelif tingimus_2:\n    k\u00e4sud_2\nelse:\n    k\u00e4sud_n\n<\/pre><\/div>\n\n\n<h4 class=\"wp-block-heading\">N\u00e4ide:<\/h4>\n\n\n<div class=\"wp-block-syntaxhighlighter-code \"><pre class=\"brush: python; title: ; notranslate\" title=\"\">\nx = int(input(&quot;Sisesta vastus: &quot;))\nif x == 1:\n    print(&quot;\u00d5ige&quot;)\nelse:\n    print(&quot;Vale&quot;)\n<\/pre><\/div>\n\n\n<h4 class=\"wp-block-heading\">Sisseehitatud funktsioonid<\/h4>\n\n\n\n<ul class=\"wp-block-list\">\n<li><strong>abs(x)<\/strong>: x absoluutv\u00e4\u00e4rtus.<\/li>\n\n\n\n<li><strong>bin(x)<\/strong>: T\u00e4isarvu teisendamine kahends\u00fcsteemi stringiks.<\/li>\n\n\n\n<li><strong>bool(x)<\/strong>: Tagastab True v\u00f5i False vastavalt x t\u00f5ev\u00e4\u00e4rtusele.<\/li>\n\n\n\n<li><strong>divmod(a, b)<\/strong>: Tagastab jagatise ja j\u00e4\u00e4gi a jagamisel b-ga.<\/li>\n\n\n\n<li><strong>float(x)<\/strong>: Teisendab ujukomaarvuks (vaikimisi 0.0).<\/li>\n\n\n\n<li><strong>help(object)<\/strong>: Kutsub esile abis\u00fcsteemi.<\/li>\n\n\n\n<li><strong>input(prompt)<\/strong>: Tagastab kasutaja sisestatud stringi.<\/li>\n\n\n\n<li><strong>int(x, baas)<\/strong>: Teisendab t\u00e4isarvuks (baas \u2014 arvus\u00fcsteemi alus).<\/li>\n\n\n\n<li><strong>len(x)<\/strong>: Objekti elementide arv (nt stringi pikkus).<\/li>\n\n\n\n<li><strong>max(iter)<\/strong>: J\u00e4rjendi maksimaalne element.<\/li>\n\n\n\n<li><strong>min(iter)<\/strong>: J\u00e4rjendi minimaalne element.<\/li>\n\n\n\n<li><strong>pow(x, y, r)<\/strong>: x astmes y, j\u00e4\u00e4k jagamisel r-ga (kui m\u00e4\u00e4ratud).<\/li>\n\n\n\n<li><strong>print(object, sep=&#8217; &#8216;, end=&#8217;\\n&#8217;)<\/strong>: Kuvab objekti ekraanile.<\/li>\n\n\n\n<li><strong>sum(iter, start=0)<\/strong>: J\u00e4rjendi elementide summa.<\/li>\n\n\n\n<li><strong>range(start, stop, step)<\/strong>: Aritmeetiline progressioon start-st stop-ni sammuga step.<\/li>\n\n\n\n<li><strong>round(x, n)<\/strong>: \u00dcmardab x n komakohani.<\/li>\n\n\n\n<li><strong>type(object)<\/strong>: Tagastab objekti t\u00fc\u00fcbi.<\/li>\n<\/ul>\n\n\n\n<h3 class=\"wp-block-heading\">Vene keel:<\/h3>\n\n\n\n<h4 class=\"wp-block-heading\">\u0423\u0441\u043b\u043e\u0432\u043d\u044b\u0439 \u043e\u043f\u0435\u0440\u0430\u0442\u043e\u0440<\/h4>\n\n\n\n<h5 class=\"wp-block-heading\"><strong>\u041e\u043f\u0440\u0435\u0434\u0435\u043b\u0435\u043d\u0438\u0435<\/strong>: \u0423\u043f\u0440\u0430\u0432\u043b\u044f\u0435\u0442 \u0432\u044b\u043f\u043e\u043b\u043d\u0435\u043d\u0438\u0435\u043c \u043a\u043e\u0434\u0430 \u0432 \u0437\u0430\u0432\u0438\u0441\u0438\u043c\u043e\u0441\u0442\u0438 \u043e\u0442 \u0443\u0441\u043b\u043e\u0432\u0438\u0439.<\/h5>\n\n\n\n<h4 class=\"wp-block-heading\">\u0421\u0442\u0440\u0443\u043a\u0442\u0443\u0440\u044b:<\/h4>\n\n\n\n<h5 class=\"wp-block-heading\"><strong>if<\/strong>: \u0412\u044b\u043f\u043e\u043b\u043d\u044f\u0435\u0442 \u043e\u043f\u0435\u0440\u0430\u0442\u043e\u0440\u044b, \u0435\u0441\u043b\u0438 \u0443\u0441\u043b\u043e\u0432\u0438\u0435 \u0438\u0441\u0442\u0438\u043d\u043d\u043e.<\/h5>\n\n\n<div class=\"wp-block-syntaxhighlighter-code \"><pre class=\"brush: python; title: ; notranslate\" title=\"\">\nif \u0443\u0441\u043b\u043e\u0432\u0438\u0435:\n    \u043e\u043f\u0435\u0440\u0430\u0442\u043e\u0440\u044b\n<\/pre><\/div>\n\n\n<h5 class=\"wp-block-heading\"><strong>if-else<\/strong>: \u0412\u044b\u043f\u043e\u043b\u043d\u044f\u0435\u0442 \u043e\u0434\u043d\u0438 \u043e\u043f\u0435\u0440\u0430\u0442\u043e\u0440\u044b \u043f\u0440\u0438 \u0438\u0441\u0442\u0438\u043d\u043d\u043e\u043c \u0443\u0441\u043b\u043e\u0432\u0438\u0438, \u0434\u0440\u0443\u0433\u0438\u0435 \u2014 \u043f\u0440\u0438 \u043b\u043e\u0436\u043d\u043e\u043c.<\/h5>\n\n\n<div class=\"wp-block-syntaxhighlighter-code \"><pre class=\"brush: python; title: ; notranslate\" title=\"\">\nif \u0443\u0441\u043b\u043e\u0432\u0438\u0435:\n    \u043e\u043f\u0435\u0440\u0430\u0442\u043e\u0440\u044b_1\nelse:\n    \u043e\u043f\u0435\u0440\u0430\u0442\u043e\u0440\u044b_2\n<\/pre><\/div>\n\n\n<h5 class=\"wp-block-heading\"><strong>if-elif-else<\/strong>: \u041f\u0440\u043e\u0432\u0435\u0440\u044f\u0435\u0442 \u043d\u0435\u0441\u043a\u043e\u043b\u044c\u043a\u043e \u0443\u0441\u043b\u043e\u0432\u0438\u0439 \u043f\u043e\u0441\u043b\u0435\u0434\u043e\u0432\u0430\u0442\u0435\u043b\u044c\u043d\u043e.<\/h5>\n\n\n<div class=\"wp-block-syntaxhighlighter-code \"><pre class=\"brush: python; title: ; notranslate\" title=\"\">\nif \u0443\u0441\u043b\u043e\u0432\u0438\u0435_1:\n    \u043e\u043f\u0435\u0440\u0430\u0442\u043e\u0440\u044b_1\nelif \u0443\u0441\u043b\u043e\u0432\u0438\u0435_2:\n    \u043e\u043f\u0435\u0440\u0430\u0442\u043e\u0440\u044b_2\nelse:\n    \u043e\u043f\u0435\u0440\u0430\u0442\u043e\u0440\u044b_n\n<\/pre><\/div>\n\n\n<h4 class=\"wp-block-heading\">\u041f\u0440\u0438\u043c\u0435\u0440:<\/h4>\n\n\n<div class=\"wp-block-syntaxhighlighter-code \"><pre class=\"brush: python; title: ; notranslate\" title=\"\">\nx = int(input(&quot;\u0412\u0432\u0435\u0434\u0438\u0442\u0435 \u043e\u0442\u0432\u0435\u0442: &quot;))\nif x == 1:\n    print(&quot;\u041f\u0440\u0430\u0432\u0438\u043b\u044c\u043d\u043e&quot;)\nelse:\n    print(&quot;\u041d\u0435\u043f\u0440\u0430\u0432\u0438\u043b\u044c\u043d\u043e&quot;)\n<\/pre><\/div>\n\n\n<h4 class=\"wp-block-heading\">\u0412\u0441\u0442\u0440\u043e\u0435\u043d\u043d\u044b\u0435 \u0444\u0443\u043d\u043a\u0446\u0438\u0438<\/h4>\n\n\n\n<ul class=\"wp-block-list\">\n<li><strong>abs(x)<\/strong>: \u0410\u0431\u0441\u043e\u043b\u044e\u0442\u043d\u043e\u0435 \u0437\u043d\u0430\u0447\u0435\u043d\u0438\u0435 x.<\/li>\n\n\n\n<li><strong>bin(x)<\/strong>: \u041f\u0440\u0435\u043e\u0431\u0440\u0430\u0437\u0443\u0435\u0442 \u0446\u0435\u043b\u043e\u0435 \u0447\u0438\u0441\u043b\u043e \u0432 \u0434\u0432\u043e\u0438\u0447\u043d\u0443\u044e \u0441\u0442\u0440\u043e\u043a\u0443.<\/li>\n\n\n\n<li><strong>bool(x)<\/strong>: \u0412\u043e\u0437\u0432\u0440\u0430\u0449\u0430\u0435\u0442 True \u0438\u043b\u0438 False \u043d\u0430 \u043e\u0441\u043d\u043e\u0432\u0435 \u0438\u0441\u0442\u0438\u043d\u043d\u043e\u0441\u0442\u0438 x.<\/li>\n\n\n\n<li><strong>divmod(a, b)<\/strong>: \u0412\u043e\u0437\u0432\u0440\u0430\u0449\u0430\u0435\u0442 \u0447\u0430\u0441\u0442\u043d\u043e\u0435 \u0438 \u043e\u0441\u0442\u0430\u0442\u043e\u043a \u043e\u0442 \u0434\u0435\u043b\u0435\u043d\u0438\u044f a \u043d\u0430 b.<\/li>\n\n\n\n<li><strong>float(x)<\/strong>: \u041f\u0440\u0435\u043e\u0431\u0440\u0430\u0437\u0443\u0435\u0442 \u0432 \u0447\u0438\u0441\u043b\u043e \u0441 \u043f\u043b\u0430\u0432\u0430\u044e\u0449\u0435\u0439 \u0442\u043e\u0447\u043a\u043e\u0439 (\u043f\u043e \u0443\u043c\u043e\u043b\u0447\u0430\u043d\u0438\u044e 0.0).<\/li>\n\n\n\n<li><strong>help(object)<\/strong>: \u0412\u044b\u0437\u044b\u0432\u0430\u0435\u0442 \u0441\u043f\u0440\u0430\u0432\u043e\u0447\u043d\u0443\u044e \u0441\u0438\u0441\u0442\u0435\u043c\u0443.<\/li>\n\n\n\n<li><strong>input(prompt)<\/strong>: \u0412\u043e\u0437\u0432\u0440\u0430\u0449\u0430\u0435\u0442 \u0441\u0442\u0440\u043e\u043a\u0443, \u0432\u0432\u0435\u0434\u0435\u043d\u043d\u0443\u044e \u043f\u043e\u043b\u044c\u0437\u043e\u0432\u0430\u0442\u0435\u043b\u0435\u043c.<\/li>\n\n\n\n<li><strong>int(x, base)<\/strong>: \u041f\u0440\u0435\u043e\u0431\u0440\u0430\u0437\u0443\u0435\u0442 \u0432 \u0446\u0435\u043b\u043e\u0435 \u0447\u0438\u0441\u043b\u043e (base \u2014 \u043e\u0441\u043d\u043e\u0432\u0430\u043d\u0438\u0435 \u0441\u0438\u0441\u0442\u0435\u043c\u044b \u0441\u0447\u0438\u0441\u043b\u0435\u043d\u0438\u044f).<\/li>\n\n\n\n<li><strong>len(x)<\/strong>: \u041a\u043e\u043b\u0438\u0447\u0435\u0441\u0442\u0432\u043e \u044d\u043b\u0435\u043c\u0435\u043d\u0442\u043e\u0432 \u0432 \u043e\u0431\u044a\u0435\u043a\u0442\u0435 (\u043d\u0430\u043f\u0440\u0438\u043c\u0435\u0440, \u0434\u043b\u0438\u043d\u0430 \u0441\u0442\u0440\u043e\u043a\u0438).<\/li>\n\n\n\n<li><strong>max(iter)<\/strong>: \u041c\u0430\u043a\u0441\u0438\u043c\u0430\u043b\u044c\u043d\u044b\u0439 \u044d\u043b\u0435\u043c\u0435\u043d\u0442 \u043f\u043e\u0441\u043b\u0435\u0434\u043e\u0432\u0430\u0442\u0435\u043b\u044c\u043d\u043e\u0441\u0442\u0438.<\/li>\n\n\n\n<li><strong>min(iter)<\/strong>: \u041c\u0438\u043d\u0438\u043c\u0430\u043b\u044c\u043d\u044b\u0439 \u044d\u043b\u0435\u043c\u0435\u043d\u0442 \u043f\u043e\u0441\u043b\u0435\u0434\u043e\u0432\u0430\u0442\u0435\u043b\u044c\u043d\u043e\u0441\u0442\u0438.<\/li>\n\n\n\n<li><strong>pow(x, y, r)<\/strong>: x \u0432 \u0441\u0442\u0435\u043f\u0435\u043d\u0438 y, \u043e\u0441\u0442\u0430\u0442\u043e\u043a \u043e\u0442 \u0434\u0435\u043b\u0435\u043d\u0438\u044f \u043d\u0430 r (\u0435\u0441\u043b\u0438 \u0443\u043a\u0430\u0437\u0430\u043d\u043e).<\/li>\n\n\n\n<li><strong>print(object, sep=&#8217; &#8216;, end=&#8217;\\n&#8217;)<\/strong>: \u0412\u044b\u0432\u043e\u0434\u0438\u0442 \u043e\u0431\u044a\u0435\u043a\u0442 \u043d\u0430 \u044d\u043a\u0440\u0430\u043d.<\/li>\n\n\n\n<li><strong>sum(iter, start=0)<\/strong>: \u0421\u0443\u043c\u043c\u0430 \u044d\u043b\u0435\u043c\u0435\u043d\u0442\u043e\u0432 \u043f\u043e\u0441\u043b\u0435\u0434\u043e\u0432\u0430\u0442\u0435\u043b\u044c\u043d\u043e\u0441\u0442\u0438.<\/li>\n\n\n\n<li><strong>range(start, stop, step)<\/strong>: \u0410\u0440\u0438\u0444\u043c\u0435\u0442\u0438\u0447\u0435\u0441\u043a\u0430\u044f \u043f\u0440\u043e\u0433\u0440\u0435\u0441\u0441\u0438\u044f \u043e\u0442 start \u0434\u043e stop \u0441 \u0448\u0430\u0433\u043e\u043c step.<\/li>\n\n\n\n<li><strong>round(x, n)<\/strong>: \u041e\u043a\u0440\u0443\u0433\u043b\u044f\u0435\u0442 x \u0434\u043e n \u0437\u043d\u0430\u043a\u043e\u0432 \u043f\u043e\u0441\u043b\u0435 \u0437\u0430\u043f\u044f\u0442\u043e\u0439.<\/li>\n\n\n\n<li><strong>type(object)<\/strong>: \u0412\u043e\u0437\u0432\u0440\u0430\u0449\u0430\u0435\u0442 \u0442\u0438\u043f \u043e\u0431\u044a\u0435\u043a\u0442\u0430.<\/li>\n<\/ul>\n","protected":false},"excerpt":{"rendered":"<p>Teema &#171;Valikud (if, elif, else)&#187; Eesti keel: Tingimuslause M\u00f5iste: Juhib koodi t\u00e4itmist vastavalt tingimustele. Struktuurid: if: T\u00e4idab k\u00e4sud, kui tingimus [&hellip;]<\/p>\n","protected":false},"author":1,"featured_media":0,"parent":0,"menu_order":0,"comment_status":"closed","ping_status":"closed","template":"page-with-title","meta":{"footnotes":""},"class_list":["post-1533","page","type-page","status-publish","hentry"],"yoast_head":"<!-- This site is optimized with the Yoast SEO plugin v27.4 - https:\/\/yoast.com\/product\/yoast-seo-wordpress\/ -->\n<title>2. Teema Valikud (if, elif, else) - Oleksandra Ryshniak Portfoolio<\/title>\n<meta name=\"robots\" content=\"index, follow, max-snippet:-1, max-image-preview:large, max-video-preview:-1\" \/>\n<link rel=\"canonical\" href=\"https:\/\/oleksandraryshniak24.thkit.ee\/wp1\/rus\/2-teema-valikud-if-elif-else-2-2\/\" \/>\n<meta property=\"og:locale\" content=\"ru_RU\" \/>\n<meta property=\"og:type\" content=\"article\" \/>\n<meta property=\"og:title\" content=\"2. Teema Valikud (if, elif, else) - Oleksandra Ryshniak Portfoolio\" \/>\n<meta property=\"og:description\" content=\"Teema &#171;Valikud (if, elif, else)&#187; Eesti keel: Tingimuslause M\u00f5iste: Juhib koodi t\u00e4itmist vastavalt tingimustele. Struktuurid: if: T\u00e4idab k\u00e4sud, kui tingimus [&hellip;]\" \/>\n<meta property=\"og:url\" content=\"https:\/\/oleksandraryshniak24.thkit.ee\/wp1\/rus\/2-teema-valikud-if-elif-else-2-2\/\" \/>\n<meta property=\"og:site_name\" content=\"Oleksandra Ryshniak Portfoolio\" \/>\n<meta name=\"twitter:card\" content=\"summary_large_image\" \/>\n<meta name=\"twitter:label1\" content=\"\u041f\u0440\u0438\u043c\u0435\u0440\u043d\u043e\u0435 \u0432\u0440\u0435\u043c\u044f \u0434\u043b\u044f \u0447\u0442\u0435\u043d\u0438\u044f\" \/>\n\t<meta name=\"twitter:data1\" content=\"2 \u043c\u0438\u043d\u0443\u0442\u044b\" \/>\n<script type=\"application\/ld+json\" class=\"yoast-schema-graph\">{\"@context\":\"https:\\\/\\\/schema.org\",\"@graph\":[{\"@type\":\"WebPage\",\"@id\":\"https:\\\/\\\/oleksandraryshniak24.thkit.ee\\\/wp1\\\/rus\\\/2-teema-valikud-if-elif-else-2-2\\\/\",\"url\":\"https:\\\/\\\/oleksandraryshniak24.thkit.ee\\\/wp1\\\/rus\\\/2-teema-valikud-if-elif-else-2-2\\\/\",\"name\":\"2. Teema Valikud (if, elif, else) - Oleksandra Ryshniak Portfoolio\",\"isPartOf\":{\"@id\":\"https:\\\/\\\/oleksandraryshniak24.thkit.ee\\\/wp1\\\/rus\\\/#website\"},\"datePublished\":\"2025-05-30T16:22:57+00:00\",\"breadcrumb\":{\"@id\":\"https:\\\/\\\/oleksandraryshniak24.thkit.ee\\\/wp1\\\/rus\\\/2-teema-valikud-if-elif-else-2-2\\\/#breadcrumb\"},\"inLanguage\":\"ru-RU\",\"potentialAction\":[{\"@type\":\"ReadAction\",\"target\":[\"https:\\\/\\\/oleksandraryshniak24.thkit.ee\\\/wp1\\\/rus\\\/2-teema-valikud-if-elif-else-2-2\\\/\"]}]},{\"@type\":\"BreadcrumbList\",\"@id\":\"https:\\\/\\\/oleksandraryshniak24.thkit.ee\\\/wp1\\\/rus\\\/2-teema-valikud-if-elif-else-2-2\\\/#breadcrumb\",\"itemListElement\":[{\"@type\":\"ListItem\",\"position\":1,\"name\":\"Home\",\"item\":\"https:\\\/\\\/oleksandraryshniak24.thkit.ee\\\/wp1\\\/rus\\\/\"},{\"@type\":\"ListItem\",\"position\":2,\"name\":\"2. Teema Valikud (if, elif, else)\"}]},{\"@type\":\"WebSite\",\"@id\":\"https:\\\/\\\/oleksandraryshniak24.thkit.ee\\\/wp1\\\/rus\\\/#website\",\"url\":\"https:\\\/\\\/oleksandraryshniak24.thkit.ee\\\/wp1\\\/rus\\\/\",\"name\":\"Oleksandra Ryshniak Portfoolio\",\"description\":\"\",\"potentialAction\":[{\"@type\":\"SearchAction\",\"target\":{\"@type\":\"EntryPoint\",\"urlTemplate\":\"https:\\\/\\\/oleksandraryshniak24.thkit.ee\\\/wp1\\\/rus\\\/?s={search_term_string}\"},\"query-input\":{\"@type\":\"PropertyValueSpecification\",\"valueRequired\":true,\"valueName\":\"search_term_string\"}}],\"inLanguage\":\"ru-RU\"}]}<\/script>\n<!-- \/ Yoast SEO plugin. -->","yoast_head_json":{"title":"2. Teema Valikud (if, elif, else) - Oleksandra Ryshniak Portfoolio","robots":{"index":"index","follow":"follow","max-snippet":"max-snippet:-1","max-image-preview":"max-image-preview:large","max-video-preview":"max-video-preview:-1"},"canonical":"https:\/\/oleksandraryshniak24.thkit.ee\/wp1\/rus\/2-teema-valikud-if-elif-else-2-2\/","og_locale":"ru_RU","og_type":"article","og_title":"2. Teema Valikud (if, elif, else) - Oleksandra Ryshniak Portfoolio","og_description":"Teema &#171;Valikud (if, elif, else)&#187; Eesti keel: Tingimuslause M\u00f5iste: Juhib koodi t\u00e4itmist vastavalt tingimustele. Struktuurid: if: T\u00e4idab k\u00e4sud, kui tingimus [&hellip;]","og_url":"https:\/\/oleksandraryshniak24.thkit.ee\/wp1\/rus\/2-teema-valikud-if-elif-else-2-2\/","og_site_name":"Oleksandra Ryshniak Portfoolio","twitter_card":"summary_large_image","twitter_misc":{"\u041f\u0440\u0438\u043c\u0435\u0440\u043d\u043e\u0435 \u0432\u0440\u0435\u043c\u044f \u0434\u043b\u044f \u0447\u0442\u0435\u043d\u0438\u044f":"2 \u043c\u0438\u043d\u0443\u0442\u044b"},"schema":{"@context":"https:\/\/schema.org","@graph":[{"@type":"WebPage","@id":"https:\/\/oleksandraryshniak24.thkit.ee\/wp1\/rus\/2-teema-valikud-if-elif-else-2-2\/","url":"https:\/\/oleksandraryshniak24.thkit.ee\/wp1\/rus\/2-teema-valikud-if-elif-else-2-2\/","name":"2. Teema Valikud (if, elif, else) - Oleksandra Ryshniak Portfoolio","isPartOf":{"@id":"https:\/\/oleksandraryshniak24.thkit.ee\/wp1\/rus\/#website"},"datePublished":"2025-05-30T16:22:57+00:00","breadcrumb":{"@id":"https:\/\/oleksandraryshniak24.thkit.ee\/wp1\/rus\/2-teema-valikud-if-elif-else-2-2\/#breadcrumb"},"inLanguage":"ru-RU","potentialAction":[{"@type":"ReadAction","target":["https:\/\/oleksandraryshniak24.thkit.ee\/wp1\/rus\/2-teema-valikud-if-elif-else-2-2\/"]}]},{"@type":"BreadcrumbList","@id":"https:\/\/oleksandraryshniak24.thkit.ee\/wp1\/rus\/2-teema-valikud-if-elif-else-2-2\/#breadcrumb","itemListElement":[{"@type":"ListItem","position":1,"name":"Home","item":"https:\/\/oleksandraryshniak24.thkit.ee\/wp1\/rus\/"},{"@type":"ListItem","position":2,"name":"2. Teema Valikud (if, elif, else)"}]},{"@type":"WebSite","@id":"https:\/\/oleksandraryshniak24.thkit.ee\/wp1\/rus\/#website","url":"https:\/\/oleksandraryshniak24.thkit.ee\/wp1\/rus\/","name":"Oleksandra Ryshniak Portfoolio","description":"","potentialAction":[{"@type":"SearchAction","target":{"@type":"EntryPoint","urlTemplate":"https:\/\/oleksandraryshniak24.thkit.ee\/wp1\/rus\/?s={search_term_string}"},"query-input":{"@type":"PropertyValueSpecification","valueRequired":true,"valueName":"search_term_string"}}],"inLanguage":"ru-RU"}]}},"_links":{"self":[{"href":"https:\/\/oleksandraryshniak24.thkit.ee\/wp1\/rus\/wp-json\/wp\/v2\/pages\/1533","targetHints":{"allow":["GET"]}}],"collection":[{"href":"https:\/\/oleksandraryshniak24.thkit.ee\/wp1\/rus\/wp-json\/wp\/v2\/pages"}],"about":[{"href":"https:\/\/oleksandraryshniak24.thkit.ee\/wp1\/rus\/wp-json\/wp\/v2\/types\/page"}],"author":[{"embeddable":true,"href":"https:\/\/oleksandraryshniak24.thkit.ee\/wp1\/rus\/wp-json\/wp\/v2\/users\/1"}],"replies":[{"embeddable":true,"href":"https:\/\/oleksandraryshniak24.thkit.ee\/wp1\/rus\/wp-json\/wp\/v2\/comments?post=1533"}],"version-history":[{"count":0,"href":"https:\/\/oleksandraryshniak24.thkit.ee\/wp1\/rus\/wp-json\/wp\/v2\/pages\/1533\/revisions"}],"wp:attachment":[{"href":"https:\/\/oleksandraryshniak24.thkit.ee\/wp1\/rus\/wp-json\/wp\/v2\/media?parent=1533"}],"curies":[{"name":"wp","href":"https:\/\/api.w.org\/{rel}","templated":true}]}}