{"id":1534,"date":"2025-05-30T19:24:11","date_gmt":"2025-05-30T16:24:11","guid":{"rendered":"https:\/\/com47276.wordpress.com\/?page_id=1046"},"modified":"2025-05-30T19:24:11","modified_gmt":"2025-05-30T16:24:11","slug":"3-teema-kordused-2-2","status":"publish","type":"page","link":"https:\/\/oleksandraryshniak24.thkit.ee\/wp1\/rus\/3-teema-kordused-2-2\/","title":{"rendered":"4. Teema Listid"},"content":{"rendered":"\n<h2 class=\"wp-block-heading\">Teema &#171;Listid&#187;<\/h2>\n\n\n\n<h3 class=\"wp-block-heading\">Eesti keel:<\/h3>\n\n\n\n<h4 class=\"wp-block-heading\">String<\/h4>\n\n\n\n<h5 class=\"wp-block-heading\"><strong>M\u00f5iste<\/strong>: S\u00fcmbolite jada, muutmatu andmet\u00fc\u00fcp.<\/h5>\n\n\n\n<h4 class=\"wp-block-heading\">Loomine:<\/h4>\n\n\n\n<ul class=\"wp-block-list\">\n<li>Literaalid: s = &#171;str&#187; v\u00f5i s = &#8216;str&#8217;.<\/li>\n\n\n\n<li>P\u00f5genemine: s = &#171;s\\np\\t\u0430\\nbbb&#187; (nt \\n \u2014 uus rida).<\/li>\n\n\n\n<li>Toored stringid: s = r&#187;c:\\temp\\new&#187;.<\/li>\n\n\n\n<li>Baitstringid: s = b&#187;byte&#187;.<\/li>\n<\/ul>\n\n\n\n<h4 class=\"wp-block-heading\">Tehted:<\/h4>\n\n\n\n<ul class=\"wp-block-list\">\n<li>\u00dchendamine: s1 + s2.<\/li>\n\n\n\n<li>Kordamine: s1 * 3.<\/li>\n\n\n\n<li>Indekseerimine: s[1].<\/li>\n\n\n\n<li>Viilutamine: s[i:j:step].<\/li>\n<\/ul>\n\n\n\n<h4 class=\"wp-block-heading\">Meetodid:<\/h4>\n\n\n\n<ul class=\"wp-block-list\">\n<li>len(s): Stringi pikkus.<\/li>\n\n\n\n<li>s.find(str), s.rfind(str): Alamstringi otsing (esimene\/viimane, tagastab indeksi v\u00f5i -1).<\/li>\n\n\n\n<li>s.index(str), s.rindex(str): Nagu find, kuid tekitab ValueError, kui alamstring puudub.<\/li>\n\n\n\n<li>s.replace(old, new): Alamstringi asendamine.<\/li>\n\n\n\n<li>s.split(char): Jagamine eraldaja j\u00e4rgi.<\/li>\n\n\n\n<li>s.isdigit(), s.isalpha(), s.isalnum(), s.islower(), s.isupper(), s.isspace(), s.istitle(): Sisu kontroll.<\/li>\n\n\n\n<li>s.upper(), s.lower(), s.capitalize(), s.title(), s.swapcase(): T\u00e4heregistri muutmine.<\/li>\n\n\n\n<li>s.startswith(str), s.endswith(str): Stringi alguse\/l\u00f5pu kontroll.<\/li>\n\n\n\n<li>s.join(list): Stringi kokkupanek loendist.<\/li>\n\n\n\n<li>s.strip(), s.lstrip(), s.rstrip(): T\u00fchis\u00fcmbolite eemaldamine.<\/li>\n\n\n\n<li>s.center(width, fill), s.ljust(width, fill), s.rjust(width, fill): Joondamine.<\/li>\n\n\n\n<li>s.count(str): Alamstringi esinemiste arv.<\/li>\n\n\n\n<li>ord(char): S\u00fcmboli ASCII kood.<\/li>\n\n\n\n<li>chr(code): S\u00fcmbol ASCII koodi j\u00e4rgi.<\/li>\n<\/ul>\n\n\n\n<h4 class=\"wp-block-heading\">J\u00e4rjendid<\/h4>\n\n\n\n<h5 class=\"wp-block-heading\"><strong>M\u00f5iste<\/strong>: J\u00e4rjestatud muudetav objektide kogum.<\/h5>\n\n\n\n<h4 class=\"wp-block-heading\">Loomine:<\/h4>\n\n\n\n<ul class=\"wp-block-list\">\n<li>T\u00fchi loend: s = [].<\/li>\n\n\n\n<li>Elementidega: s = [&#8216;l&#8217;, &#8216;i&#8217;, &#8216;s&#8217;, &#8216;t&#8217;, 2].<\/li>\n\n\n\n<li>Funktsiooniga: list(&#171;list&#187;) \u2192 [&#8216;l&#8217;, &#8216;i&#8217;, &#8216;s&#8217;, &#8216;t&#8217;].<\/li>\n\n\n\n<li>Generaator: [c*3 for c in &#8216;list&#8217;] \u2192 [&#8216;lll&#8217;, &#8216;iii&#8217;, &#8216;sss&#8217;, &#8216;ttt&#8217;].<\/li>\n<\/ul>\n\n\n\n<h4 class=\"wp-block-heading\">Meetodid:<\/h4>\n\n\n\n<ul class=\"wp-block-list\">\n<li>list.append(x): Lisab x l\u00f5ppu.<\/li>\n\n\n\n<li>list.extend(L): Lisab loendi L elemendid.<\/li>\n\n\n\n<li>list.insert(i, x): Sisestab x positsioonile i.<\/li>\n\n\n\n<li>list.remove(x): Eemaldab esimese x.<\/li>\n\n\n\n<li>list.pop(i): Eemaldab ja tagastab elemendi i (vaikimisi viimane).<\/li>\n\n\n\n<li>list.index(x, start, end): Esimese x indeks.<\/li>\n\n\n\n<li>list.count(x): x esinemiste arv.<\/li>\n\n\n\n<li>list.sort(key=func): Sorteerimine.<\/li>\n\n\n\n<li>list.reverse(): Loendi \u00fcmberp\u00f6\u00f6ramine.<\/li>\n\n\n\n<li>list.copy(): Loendi koopia.<\/li>\n\n\n\n<li>list.clear(): Loendi t\u00fchjendamine.<\/li>\n<\/ul>\n\n\n\n<h5 class=\"wp-block-heading\"><strong>Tunnus<\/strong>: Meetodid muudavad loendit otse.<\/h5>\n\n\n\n<h3 class=\"wp-block-heading\">Vene keel:<\/h3>\n\n\n\n<h4 class=\"wp-block-heading\">\u0421\u0442\u0440\u043e\u043a\u0438<\/h4>\n\n\n\n<h5 class=\"wp-block-heading\"><strong>\u041e\u043f\u0440\u0435\u0434\u0435\u043b\u0435\u043d\u0438\u0435<\/strong>: \u041f\u043e\u0441\u043b\u0435\u0434\u043e\u0432\u0430\u0442\u0435\u043b\u044c\u043d\u043e\u0441\u0442\u044c \u0441\u0438\u043c\u0432\u043e\u043b\u043e\u0432, \u043d\u0435\u0438\u0437\u043c\u0435\u043d\u044f\u0435\u043c\u044b\u0439 \u0442\u0438\u043f \u0434\u0430\u043d\u043d\u044b\u0445.<\/h5>\n\n\n\n<h4 class=\"wp-block-heading\">\u0421\u043e\u0437\u0434\u0430\u043d\u0438\u0435:<\/h4>\n\n\n\n<ul class=\"wp-block-list\">\n<li>\u041b\u0438\u0442\u0435\u0440\u0430\u043b\u044b: s = &#171;str&#187; \u0438\u043b\u0438 s = &#8216;str&#8217;.<\/li>\n\n\n\n<li>\u042d\u043a\u0440\u0430\u043d\u0438\u0440\u043e\u0432\u0430\u043d\u0438\u0435: s = &#171;s\\np\\t\u0430\\nbbb&#187; (\u043d\u0430\u043f\u0440\u0438\u043c\u0435\u0440, \\n \u2014 \u043d\u043e\u0432\u0430\u044f \u0441\u0442\u0440\u043e\u043a\u0430).<\/li>\n\n\n\n<li>\u041d\u0435\u0444\u043e\u0440\u043c\u0430\u0442\u0438\u0440\u043e\u0432\u0430\u043d\u043d\u044b\u0435 \u0441\u0442\u0440\u043e\u043a\u0438: s = r&#187;c:\\temp\\new&#187;.<\/li>\n\n\n\n<li>\u0411\u0430\u0439\u0442\u043e\u0432\u044b\u0435 \u0441\u0442\u0440\u043e\u043a\u0438: s = b&#187;byte&#187;.<\/li>\n<\/ul>\n\n\n\n<h4 class=\"wp-block-heading\">\u041e\u043f\u0435\u0440\u0430\u0446\u0438\u0438:<\/h4>\n\n\n\n<ul class=\"wp-block-list\">\n<li>\u041a\u043e\u043d\u043a\u0430\u0442\u0435\u043d\u0430\u0446\u0438\u044f: s1 + s2.<\/li>\n\n\n\n<li>\u041f\u043e\u0432\u0442\u043e\u0440\u0435\u043d\u0438\u0435: s1 * 3.<\/li>\n\n\n\n<li>\u0418\u043d\u0434\u0435\u043a\u0441\u0430\u0446\u0438\u044f: s[1].<\/li>\n\n\n\n<li>\u0421\u0440\u0435\u0437: s[i:j:step].<\/li>\n<\/ul>\n\n\n\n<h4 class=\"wp-block-heading\">\u041c\u0435\u0442\u043e\u0434\u044b:<\/h4>\n\n\n\n<ul class=\"wp-block-list\">\n<li>len(s): \u0414\u043b\u0438\u043d\u0430 \u0441\u0442\u0440\u043e\u043a\u0438.<\/li>\n\n\n\n<li>s.find(str), s.rfind(str): \u041f\u043e\u0438\u0441\u043a \u043f\u043e\u0434\u0441\u0442\u0440\u043e\u043a\u0438 (\u043f\u0435\u0440\u0432\u043e\u0435\/\u043f\u043e\u0441\u043b\u0435\u0434\u043d\u0435\u0435 \u0432\u0445\u043e\u0436\u0434\u0435\u043d\u0438\u0435, \u0432\u043e\u0437\u0432\u0440\u0430\u0449\u0430\u0435\u0442 \u0438\u043d\u0434\u0435\u043a\u0441 \u0438\u043b\u0438 -1).<\/li>\n\n\n\n<li>s.index(str), s.rindex(str): \u041a\u0430\u043a find, \u043d\u043e \u0432\u044b\u0437\u044b\u0432\u0430\u0435\u0442 ValueError \u043f\u0440\u0438 \u043e\u0442\u0441\u0443\u0442\u0441\u0442\u0432\u0438\u0438 \u043f\u043e\u0434\u0441\u0442\u0440\u043e\u043a\u0438.<\/li>\n\n\n\n<li>s.replace(old, new): \u0417\u0430\u043c\u0435\u043d\u0430 \u043f\u043e\u0434\u0441\u0442\u0440\u043e\u043a\u0438.<\/li>\n\n\n\n<li>s.split(char): \u0420\u0430\u0437\u0431\u0438\u0435\u043d\u0438\u0435 \u043f\u043e \u0440\u0430\u0437\u0434\u0435\u043b\u0438\u0442\u0435\u043b\u044e.<\/li>\n\n\n\n<li>s.isdigit(), s.isalpha(), s.isalnum(), s.islower(), s.isupper(), s.isspace(), s.istitle(): \u041f\u0440\u043e\u0432\u0435\u0440\u043a\u0430 \u0441\u043e\u0434\u0435\u0440\u0436\u0438\u043c\u043e\u0433\u043e.<\/li>\n\n\n\n<li>s.upper(), s.lower(), s.capitalize(), s.title(), s.swapcase(): \u0418\u0437\u043c\u0435\u043d\u0435\u043d\u0438\u0435 \u0440\u0435\u0433\u0438\u0441\u0442\u0440\u0430.<\/li>\n\n\n\n<li>s.startswith(str), s.endswith(str): \u041f\u0440\u043e\u0432\u0435\u0440\u043a\u0430 \u043d\u0430\u0447\u0430\u043b\u0430\/\u043a\u043e\u043d\u0446\u0430 \u0441\u0442\u0440\u043e\u043a\u0438.<\/li>\n\n\n\n<li>s.join(list): \u0421\u0431\u043e\u0440\u043a\u0430 \u0441\u0442\u0440\u043e\u043a\u0438 \u0438\u0437 \u0441\u043f\u0438\u0441\u043a\u0430.<\/li>\n\n\n\n<li>s.strip(), s.lstrip(), s.rstrip(): \u0423\u0434\u0430\u043b\u0435\u043d\u0438\u0435 \u043f\u0440\u043e\u0431\u0435\u043b\u044c\u043d\u044b\u0445 \u0441\u0438\u043c\u0432\u043e\u043b\u043e\u0432.<\/li>\n\n\n\n<li>s.center(width, fill), s.ljust(width, fill), s.rjust(width, fill): \u0412\u044b\u0440\u0430\u0432\u043d\u0438\u0432\u0430\u043d\u0438\u0435.<\/li>\n\n\n\n<li>s.count(str): \u041a\u043e\u043b\u0438\u0447\u0435\u0441\u0442\u0432\u043e \u0432\u0445\u043e\u0436\u0434\u0435\u043d\u0438\u0439 \u043f\u043e\u0434\u0441\u0442\u0440\u043e\u043a\u0438.<\/li>\n\n\n\n<li>ord(char): \u041a\u043e\u0434 ASCII \u0441\u0438\u043c\u0432\u043e\u043b\u0430.<\/li>\n\n\n\n<li>chr(code): \u0421\u0438\u043c\u0432\u043e\u043b \u043f\u043e \u043a\u043e\u0434\u0443 ASCII.<\/li>\n<\/ul>\n\n\n\n<h4 class=\"wp-block-heading\">\u0421\u043f\u0438\u0441\u043a\u0438<\/h4>\n\n\n\n<h5 class=\"wp-block-heading\"><strong>\u041e\u043f\u0440\u0435\u0434\u0435\u043b\u0435\u043d\u0438\u0435<\/strong>: \u0423\u043f\u043e\u0440\u044f\u0434\u043e\u0447\u0435\u043d\u043d\u0430\u044f \u0438\u0437\u043c\u0435\u043d\u044f\u0435\u043c\u0430\u044f \u043a\u043e\u043b\u043b\u0435\u043a\u0446\u0438\u044f \u043e\u0431\u044a\u0435\u043a\u0442\u043e\u0432.<\/h5>\n\n\n\n<h4 class=\"wp-block-heading\">\u0421\u043e\u0437\u0434\u0430\u043d\u0438\u0435:<\/h4>\n\n\n\n<ul class=\"wp-block-list\">\n<li>\u041f\u0443\u0441\u0442\u043e\u0439 \u0441\u043f\u0438\u0441\u043e\u043a: s = [].<\/li>\n\n\n\n<li>\u0421 \u044d\u043b\u0435\u043c\u0435\u043d\u0442\u0430\u043c\u0438: s = [&#8216;l&#8217;, &#8216;i&#8217;, &#8216;s&#8217;, &#8216;t&#8217;, 2].<\/li>\n\n\n\n<li>\u0424\u0443\u043d\u043a\u0446\u0438\u0435\u0439: list(&#171;list&#187;) \u2192 [&#8216;l&#8217;, &#8216;i&#8217;, &#8216;s&#8217;, &#8216;t&#8217;].<\/li>\n\n\n\n<li>\u0413\u0435\u043d\u0435\u0440\u0430\u0446\u0438\u044f: [c*3 for c in &#8216;list&#8217;] \u2192 [&#8216;lll&#8217;, &#8216;iii&#8217;, &#8216;sss&#8217;, &#8216;ttt&#8217;].<\/li>\n<\/ul>\n\n\n\n<h4 class=\"wp-block-heading\">\u041c\u0435\u0442\u043e\u0434\u044b:<\/h4>\n\n\n\n<ul class=\"wp-block-list\">\n<li>list.append(x): \u0414\u043e\u0431\u0430\u0432\u043b\u044f\u0435\u0442 x \u0432 \u043a\u043e\u043d\u0435\u0446.<\/li>\n\n\n\n<li>list.extend(L): \u0414\u043e\u0431\u0430\u0432\u043b\u044f\u0435\u0442 \u044d\u043b\u0435\u043c\u0435\u043d\u0442\u044b \u0441\u043f\u0438\u0441\u043a\u0430 L.<\/li>\n\n\n\n<li>list.insert(i, x): \u0412\u0441\u0442\u0430\u0432\u043b\u044f\u0435\u0442 x \u043d\u0430 \u043f\u043e\u0437\u0438\u0446\u0438\u044e i.<\/li>\n\n\n\n<li>list.remove(x): \u0423\u0434\u0430\u043b\u044f\u0435\u0442 \u043f\u0435\u0440\u0432\u043e\u0435 \u0432\u0445\u043e\u0436\u0434\u0435\u043d\u0438\u0435 x.<\/li>\n\n\n\n<li>list.pop(i): \u0423\u0434\u0430\u043b\u044f\u0435\u0442 \u0438 \u0432\u043e\u0437\u0432\u0440\u0430\u0449\u0430\u0435\u0442 \u044d\u043b\u0435\u043c\u0435\u043d\u0442 i (\u043f\u043e \u0443\u043c\u043e\u043b\u0447\u0430\u043d\u0438\u044e \u043f\u043e\u0441\u043b\u0435\u0434\u043d\u0438\u0439).<\/li>\n\n\n\n<li>list.index(x, start, end): \u0418\u043d\u0434\u0435\u043a\u0441 \u043f\u0435\u0440\u0432\u043e\u0433\u043e x.<\/li>\n\n\n\n<li>list.count(x): \u041a\u043e\u043b\u0438\u0447\u0435\u0441\u0442\u0432\u043e x \u0432 \u0441\u043f\u0438\u0441\u043a\u0435.<\/li>\n\n\n\n<li>list.sort(key=func): \u0421\u043e\u0440\u0442\u0438\u0440\u043e\u0432\u043a\u0430.<\/li>\n\n\n\n<li>list.reverse(): \u0420\u0430\u0437\u0432\u043e\u0440\u043e\u0442 \u0441\u043f\u0438\u0441\u043a\u0430.<\/li>\n\n\n\n<li>list.copy(): \u041a\u043e\u043f\u0438\u044f \u0441\u043f\u0438\u0441\u043a\u0430.<\/li>\n\n\n\n<li>list.clear(): \u041e\u0447\u0438\u0441\u0442\u043a\u0430 \u0441\u043f\u0438\u0441\u043a\u0430.<\/li>\n<\/ul>\n\n\n\n<h5 class=\"wp-block-heading\"><strong>\u041e\u0441\u043e\u0431\u0435\u043d\u043d\u043e\u0441\u0442\u044c<\/strong>: \u041c\u0435\u0442\u043e\u0434\u044b \u0438\u0437\u043c\u0435\u043d\u044f\u044e\u0442 \u0441\u043f\u0438\u0441\u043e\u043a \u043d\u0430\u043f\u0440\u044f\u043c\u0443\u044e.<\/h5>\n","protected":false},"excerpt":{"rendered":"<p>Teema &#171;Listid&#187; Eesti keel: String M\u00f5iste: S\u00fcmbolite jada, muutmatu andmet\u00fc\u00fcp. Loomine: Tehted: Meetodid: J\u00e4rjendid M\u00f5iste: J\u00e4rjestatud muudetav objektide kogum. Loomine: [&hellip;]<\/p>\n","protected":false},"author":1,"featured_media":0,"parent":0,"menu_order":0,"comment_status":"closed","ping_status":"closed","template":"page-with-title","meta":{"footnotes":""},"class_list":["post-1534","page","type-page","status-publish","hentry"],"yoast_head":"<!-- This site is optimized with the Yoast SEO plugin v27.4 - https:\/\/yoast.com\/product\/yoast-seo-wordpress\/ -->\n<title>4. Teema Listid - Oleksandra Ryshniak Portfoolio<\/title>\n<meta name=\"robots\" content=\"index, follow, max-snippet:-1, max-image-preview:large, max-video-preview:-1\" \/>\n<link rel=\"canonical\" href=\"https:\/\/oleksandraryshniak24.thkit.ee\/wp1\/rus\/3-teema-kordused-2-2\/\" \/>\n<meta property=\"og:locale\" content=\"ru_RU\" \/>\n<meta property=\"og:type\" content=\"article\" \/>\n<meta property=\"og:title\" content=\"4. Teema Listid - Oleksandra Ryshniak Portfoolio\" \/>\n<meta property=\"og:description\" content=\"Teema &#171;Listid&#187; Eesti keel: String M\u00f5iste: S\u00fcmbolite jada, muutmatu andmet\u00fc\u00fcp. Loomine: Tehted: Meetodid: J\u00e4rjendid M\u00f5iste: J\u00e4rjestatud muudetav objektide kogum. Loomine: [&hellip;]\" \/>\n<meta property=\"og:url\" content=\"https:\/\/oleksandraryshniak24.thkit.ee\/wp1\/rus\/3-teema-kordused-2-2\/\" \/>\n<meta property=\"og:site_name\" content=\"Oleksandra Ryshniak Portfoolio\" \/>\n<meta name=\"twitter:card\" content=\"summary_large_image\" \/>\n<meta name=\"twitter:label1\" content=\"\u041f\u0440\u0438\u043c\u0435\u0440\u043d\u043e\u0435 \u0432\u0440\u0435\u043c\u044f \u0434\u043b\u044f \u0447\u0442\u0435\u043d\u0438\u044f\" \/>\n\t<meta name=\"twitter:data1\" content=\"2 \u043c\u0438\u043d\u0443\u0442\u044b\" \/>\n<script type=\"application\/ld+json\" class=\"yoast-schema-graph\">{\"@context\":\"https:\\\/\\\/schema.org\",\"@graph\":[{\"@type\":\"WebPage\",\"@id\":\"https:\\\/\\\/oleksandraryshniak24.thkit.ee\\\/wp1\\\/rus\\\/3-teema-kordused-2-2\\\/\",\"url\":\"https:\\\/\\\/oleksandraryshniak24.thkit.ee\\\/wp1\\\/rus\\\/3-teema-kordused-2-2\\\/\",\"name\":\"4. Teema Listid - Oleksandra Ryshniak Portfoolio\",\"isPartOf\":{\"@id\":\"https:\\\/\\\/oleksandraryshniak24.thkit.ee\\\/wp1\\\/rus\\\/#website\"},\"datePublished\":\"2025-05-30T16:24:11+00:00\",\"breadcrumb\":{\"@id\":\"https:\\\/\\\/oleksandraryshniak24.thkit.ee\\\/wp1\\\/rus\\\/3-teema-kordused-2-2\\\/#breadcrumb\"},\"inLanguage\":\"ru-RU\",\"potentialAction\":[{\"@type\":\"ReadAction\",\"target\":[\"https:\\\/\\\/oleksandraryshniak24.thkit.ee\\\/wp1\\\/rus\\\/3-teema-kordused-2-2\\\/\"]}]},{\"@type\":\"BreadcrumbList\",\"@id\":\"https:\\\/\\\/oleksandraryshniak24.thkit.ee\\\/wp1\\\/rus\\\/3-teema-kordused-2-2\\\/#breadcrumb\",\"itemListElement\":[{\"@type\":\"ListItem\",\"position\":1,\"name\":\"Home\",\"item\":\"https:\\\/\\\/oleksandraryshniak24.thkit.ee\\\/wp1\\\/rus\\\/\"},{\"@type\":\"ListItem\",\"position\":2,\"name\":\"4. Teema Listid\"}]},{\"@type\":\"WebSite\",\"@id\":\"https:\\\/\\\/oleksandraryshniak24.thkit.ee\\\/wp1\\\/rus\\\/#website\",\"url\":\"https:\\\/\\\/oleksandraryshniak24.thkit.ee\\\/wp1\\\/rus\\\/\",\"name\":\"Oleksandra Ryshniak Portfoolio\",\"description\":\"\",\"potentialAction\":[{\"@type\":\"SearchAction\",\"target\":{\"@type\":\"EntryPoint\",\"urlTemplate\":\"https:\\\/\\\/oleksandraryshniak24.thkit.ee\\\/wp1\\\/rus\\\/?s={search_term_string}\"},\"query-input\":{\"@type\":\"PropertyValueSpecification\",\"valueRequired\":true,\"valueName\":\"search_term_string\"}}],\"inLanguage\":\"ru-RU\"}]}<\/script>\n<!-- \/ Yoast SEO plugin. -->","yoast_head_json":{"title":"4. Teema Listid - Oleksandra Ryshniak Portfoolio","robots":{"index":"index","follow":"follow","max-snippet":"max-snippet:-1","max-image-preview":"max-image-preview:large","max-video-preview":"max-video-preview:-1"},"canonical":"https:\/\/oleksandraryshniak24.thkit.ee\/wp1\/rus\/3-teema-kordused-2-2\/","og_locale":"ru_RU","og_type":"article","og_title":"4. Teema Listid - Oleksandra Ryshniak Portfoolio","og_description":"Teema &#171;Listid&#187; Eesti keel: String M\u00f5iste: S\u00fcmbolite jada, muutmatu andmet\u00fc\u00fcp. Loomine: Tehted: Meetodid: J\u00e4rjendid M\u00f5iste: J\u00e4rjestatud muudetav objektide kogum. Loomine: [&hellip;]","og_url":"https:\/\/oleksandraryshniak24.thkit.ee\/wp1\/rus\/3-teema-kordused-2-2\/","og_site_name":"Oleksandra Ryshniak Portfoolio","twitter_card":"summary_large_image","twitter_misc":{"\u041f\u0440\u0438\u043c\u0435\u0440\u043d\u043e\u0435 \u0432\u0440\u0435\u043c\u044f \u0434\u043b\u044f \u0447\u0442\u0435\u043d\u0438\u044f":"2 \u043c\u0438\u043d\u0443\u0442\u044b"},"schema":{"@context":"https:\/\/schema.org","@graph":[{"@type":"WebPage","@id":"https:\/\/oleksandraryshniak24.thkit.ee\/wp1\/rus\/3-teema-kordused-2-2\/","url":"https:\/\/oleksandraryshniak24.thkit.ee\/wp1\/rus\/3-teema-kordused-2-2\/","name":"4. Teema Listid - Oleksandra Ryshniak Portfoolio","isPartOf":{"@id":"https:\/\/oleksandraryshniak24.thkit.ee\/wp1\/rus\/#website"},"datePublished":"2025-05-30T16:24:11+00:00","breadcrumb":{"@id":"https:\/\/oleksandraryshniak24.thkit.ee\/wp1\/rus\/3-teema-kordused-2-2\/#breadcrumb"},"inLanguage":"ru-RU","potentialAction":[{"@type":"ReadAction","target":["https:\/\/oleksandraryshniak24.thkit.ee\/wp1\/rus\/3-teema-kordused-2-2\/"]}]},{"@type":"BreadcrumbList","@id":"https:\/\/oleksandraryshniak24.thkit.ee\/wp1\/rus\/3-teema-kordused-2-2\/#breadcrumb","itemListElement":[{"@type":"ListItem","position":1,"name":"Home","item":"https:\/\/oleksandraryshniak24.thkit.ee\/wp1\/rus\/"},{"@type":"ListItem","position":2,"name":"4. Teema Listid"}]},{"@type":"WebSite","@id":"https:\/\/oleksandraryshniak24.thkit.ee\/wp1\/rus\/#website","url":"https:\/\/oleksandraryshniak24.thkit.ee\/wp1\/rus\/","name":"Oleksandra Ryshniak Portfoolio","description":"","potentialAction":[{"@type":"SearchAction","target":{"@type":"EntryPoint","urlTemplate":"https:\/\/oleksandraryshniak24.thkit.ee\/wp1\/rus\/?s={search_term_string}"},"query-input":{"@type":"PropertyValueSpecification","valueRequired":true,"valueName":"search_term_string"}}],"inLanguage":"ru-RU"}]}},"_links":{"self":[{"href":"https:\/\/oleksandraryshniak24.thkit.ee\/wp1\/rus\/wp-json\/wp\/v2\/pages\/1534","targetHints":{"allow":["GET"]}}],"collection":[{"href":"https:\/\/oleksandraryshniak24.thkit.ee\/wp1\/rus\/wp-json\/wp\/v2\/pages"}],"about":[{"href":"https:\/\/oleksandraryshniak24.thkit.ee\/wp1\/rus\/wp-json\/wp\/v2\/types\/page"}],"author":[{"embeddable":true,"href":"https:\/\/oleksandraryshniak24.thkit.ee\/wp1\/rus\/wp-json\/wp\/v2\/users\/1"}],"replies":[{"embeddable":true,"href":"https:\/\/oleksandraryshniak24.thkit.ee\/wp1\/rus\/wp-json\/wp\/v2\/comments?post=1534"}],"version-history":[{"count":0,"href":"https:\/\/oleksandraryshniak24.thkit.ee\/wp1\/rus\/wp-json\/wp\/v2\/pages\/1534\/revisions"}],"wp:attachment":[{"href":"https:\/\/oleksandraryshniak24.thkit.ee\/wp1\/rus\/wp-json\/wp\/v2\/media?parent=1534"}],"curies":[{"name":"wp","href":"https:\/\/api.w.org\/{rel}","templated":true}]}}