{"id":1535,"date":"2025-05-30T19:26:24","date_gmt":"2025-05-30T16:26:24","guid":{"rendered":"https:\/\/com47276.wordpress.com\/?page_id=1052"},"modified":"2025-05-30T19:26:24","modified_gmt":"2025-05-30T16:26:24","slug":"5-teema-kasutajate-funktsioonid-2-2","status":"publish","type":"page","link":"https:\/\/oleksandraryshniak24.thkit.ee\/wp1\/rus\/5-teema-kasutajate-funktsioonid-2-2\/","title":{"rendered":"5. Teema Kasutajate  funktsioonid"},"content":{"rendered":"\n<h2 class=\"wp-block-heading\">Teema  &#171;Kasutajate funktsioonid&#187;<\/h2>\n\n\n\n<h3 class=\"wp-block-heading\">Eesti keel:<\/h3>\n\n\n\n<h5 class=\"wp-block-heading\"><strong>M\u00f5iste<\/strong>: Objekt, mis v\u00f5tab argumente ja tagastab v\u00e4\u00e4rtus(t).<\/h5>\n\n\n\n<h5 class=\"wp-block-heading\">Nimetatud funktsiooni struktuur:<\/h5>\n\n\n<div class=\"wp-block-syntaxhighlighter-code \"><pre class=\"brush: python; title: ; notranslate\" title=\"\">\ndef nimi(parameetrid):\n    k\u00e4sud\n    &#x5B;return v\u00e4ljend]\n<\/pre><\/div>\n\n\n<h5 class=\"wp-block-heading\"><strong>Omadused:<\/strong><\/h5>\n\n\n\n<ul class=\"wp-block-list\">\n<li>Ilma return-ita tagastab None.<\/li>\n\n\n\n<li>V\u00f5ib tagastada mistahes objekte (numbrid, loendid, kortee\u017eid, funktsioonid).<\/li>\n\n\n\n<li>Esimene rida funktsiooni kehas (jutum\u00e4rkides &#171;&#187;&#187;) \u2014 dokumentatsioonistring (docstring).<\/li>\n<\/ul>\n\n\n\n<h5 class=\"wp-block-heading\">N\u00e4ide:<\/h5>\n\n\n<div class=\"wp-block-syntaxhighlighter-code \"><pre class=\"brush: python; title: ; notranslate\" title=\"\">\ndef summa_ja_korrutis(a, b):\n    s = a + b\n    k = a * b\n    return s, k\nsumma, korrutis = summa_ja_korrutis(5, 4)  # summa = 9, korrutis = 20\n<\/pre><\/div>\n\n\n<h5 class=\"wp-block-heading\"><strong>V\u00e4ljakutse:<\/strong> muutuja = nimi(argumendid) (muutuja vajalik, kui on tagastatav v\u00e4\u00e4rtus).<\/h5>\n\n\n\n<h5 class=\"wp-block-heading\">Anon\u00fc\u00fcmsed funktsioonid (lambda):<\/h5>\n\n\n\n<p>Sisaldavad \u00fchte v\u00e4ljendit, t\u00f6\u00f6tavad kiiremini.<br>Ei vaja return-it ega nime.<\/p>\n\n\n\n<h5 class=\"wp-block-heading\">N\u00e4ide:<\/h5>\n\n\n<div class=\"wp-block-syntaxhighlighter-code \"><pre class=\"brush: python; title: ; notranslate\" title=\"\">\nfunc = lambda a, b: a + b\nprint(func(4, 5))  # 9\nprint(func(&#039;a&#039;, &#039;b&#039;))  # &#039;ab&#039;\n<\/pre><\/div>\n\n\n<h3 class=\"wp-block-heading\">Vene keel:<\/h3>\n\n\n\n<h5 class=\"wp-block-heading\"><strong>\u041e\u043f\u0440\u0435\u0434\u0435\u043b\u0435\u043d\u0438\u0435<\/strong>: \u041e\u0431\u044a\u0435\u043a\u0442, \u043f\u0440\u0438\u043d\u0438\u043c\u0430\u044e\u0449\u0438\u0439 \u0430\u0440\u0433\u0443\u043c\u0435\u043d\u0442\u044b \u0438 \u0432\u043e\u0437\u0432\u0440\u0430\u0449\u0430\u044e\u0449\u0438\u0439 \u0437\u043d\u0430\u0447\u0435\u043d\u0438\u0435(\u044f).<\/h5>\n\n\n\n<h5 class=\"wp-block-heading\">\u0421\u0442\u0440\u0443\u043a\u0442\u0443\u0440\u0430 \u0438\u043c\u0435\u043d\u043d\u043e\u0439 \u0444\u0443\u043d\u043a\u0446\u0438\u0438:<\/h5>\n\n\n<div class=\"wp-block-syntaxhighlighter-code \"><pre class=\"brush: python; title: ; notranslate\" title=\"\">\ndef \u0438\u043c\u044f(\u043f\u0430\u0440\u0430\u043c\u0435\u0442\u0440\u044b):\n    \u043e\u043f\u0435\u0440\u0430\u0442\u043e\u0440\u044b\n    &#x5B;return \u0432\u044b\u0440\u0430\u0436\u0435\u043d\u0438\u0435]\n<\/pre><\/div>\n\n\n<h5 class=\"wp-block-heading\">\u041e\u0441\u043e\u0431\u0435\u043d\u043d\u043e\u0441\u0442\u0438:<\/h5>\n\n\n\n<ul class=\"wp-block-list\">\n<li>\u0411\u0435\u0437 return \u0444\u0443\u043d\u043a\u0446\u0438\u044f \u0432\u043e\u0437\u0432\u0440\u0430\u0449\u0430\u0435\u0442 None.<\/li>\n\n\n\n<li>\u041c\u043e\u0436\u0435\u0442 \u0432\u043e\u0437\u0432\u0440\u0430\u0449\u0430\u0442\u044c \u043b\u044e\u0431\u044b\u0435 \u043e\u0431\u044a\u0435\u043a\u0442\u044b (\u0447\u0438\u0441\u043b\u0430, \u0441\u043f\u0438\u0441\u043a\u0438, \u043a\u043e\u0440\u0442\u0435\u0436\u0438, \u0444\u0443\u043d\u043a\u0446\u0438\u0438).<\/li>\n\n\n\n<li>\u041f\u0435\u0440\u0432\u0430\u044f \u0441\u0442\u0440\u043e\u043a\u0430 \u0432 \u0442\u0435\u043b\u0435 \u0444\u0443\u043d\u043a\u0446\u0438\u0438 (\u0432 \u043a\u0430\u0432\u044b\u0447\u043a\u0430\u0445 &#171;&#187;&#187;) \u2014 \u0441\u0442\u0440\u043e\u043a\u0430 \u0434\u043e\u043a\u0443\u043c\u0435\u043d\u0442\u0430\u0446\u0438\u0438 (docstring).<\/li>\n<\/ul>\n\n\n\n<h5 class=\"wp-block-heading\">\u041f\u0440\u0438\u043c\u0435\u0440:<\/h5>\n\n\n<div class=\"wp-block-syntaxhighlighter-code \"><pre class=\"brush: python; title: ; notranslate\" title=\"\">\ndef summa_ja_korrutis(a, b):\n    s = a + b\n    k = a * b\n    return s, k\nsumma, korrutis = summa_ja_korrutis(5, 4)  # summa = 9, korrutis = 20\n<\/pre><\/div>\n\n\n<h5 class=\"wp-block-heading\"><strong>\u0412\u044b\u0437\u043e\u0432<\/strong>: \u043f\u0435\u0440\u0435\u043c\u0435\u043d\u043d\u0430\u044f = \u0438\u043c\u044f(\u0430\u0440\u0433\u0443\u043c\u0435\u043d\u0442\u044b) (\u043f\u0435\u0440\u0435\u043c\u0435\u043d\u043d\u0430\u044f \u043d\u0443\u0436\u043d\u0430, \u0435\u0441\u043b\u0438 \u0435\u0441\u0442\u044c \u0432\u043e\u0437\u0432\u0440\u0430\u0449\u0430\u0435\u043c\u043e\u0435 \u0437\u043d\u0430\u0447\u0435\u043d\u0438\u0435).<\/h5>\n\n\n\n<h5 class=\"wp-block-heading\">\u0410\u043d\u043e\u043d\u0438\u043c\u043d\u044b\u0435 \u0444\u0443\u043d\u043a\u0446\u0438\u0438 (lambda):<\/h5>\n\n\n\n<p>\u0421\u043e\u0434\u0435\u0440\u0436\u0430\u0442 \u043e\u0434\u043d\u043e \u0432\u044b\u0440\u0430\u0436\u0435\u043d\u0438\u0435, \u0432\u044b\u043f\u043e\u043b\u043d\u044f\u044e\u0442\u0441\u044f \u0431\u044b\u0441\u0442\u0440\u0435\u0435.<br>\u041d\u0435 \u0442\u0440\u0435\u0431\u0443\u044e\u0442 return \u0438 \u0438\u043c\u0435\u043d\u0438.<\/p>\n\n\n\n<h5 class=\"wp-block-heading\">\u041f\u0440\u0438\u043c\u0435\u0440:<\/h5>\n\n\n<div class=\"wp-block-syntaxhighlighter-code \"><pre class=\"brush: python; title: ; notranslate\" title=\"\">\nfunc = lambda a, b: a + b\nprint(func(4, 5))  # 9\nprint(func(&#039;a&#039;, &#039;b&#039;))  # &#039;ab&#039;\n<\/pre><\/div>","protected":false},"excerpt":{"rendered":"<p>Teema &#171;Kasutajate funktsioonid&#187; Eesti keel: M\u00f5iste: Objekt, mis v\u00f5tab argumente ja tagastab v\u00e4\u00e4rtus(t). Nimetatud funktsiooni struktuur: Omadused: N\u00e4ide: V\u00e4ljakutse: muutuja [&hellip;]<\/p>\n","protected":false},"author":1,"featured_media":0,"parent":0,"menu_order":0,"comment_status":"closed","ping_status":"closed","template":"page-with-title","meta":{"footnotes":""},"class_list":["post-1535","page","type-page","status-publish","hentry"],"yoast_head":"<!-- This site is optimized with the Yoast SEO plugin v27.4 - https:\/\/yoast.com\/product\/yoast-seo-wordpress\/ -->\n<title>5. Teema Kasutajate funktsioonid - Oleksandra Ryshniak Portfoolio<\/title>\n<meta name=\"robots\" content=\"index, follow, max-snippet:-1, max-image-preview:large, max-video-preview:-1\" \/>\n<link rel=\"canonical\" href=\"https:\/\/oleksandraryshniak24.thkit.ee\/wp1\/rus\/5-teema-kasutajate-funktsioonid-2-2\/\" \/>\n<meta property=\"og:locale\" content=\"ru_RU\" \/>\n<meta property=\"og:type\" content=\"article\" \/>\n<meta property=\"og:title\" content=\"5. Teema Kasutajate funktsioonid - Oleksandra Ryshniak Portfoolio\" \/>\n<meta property=\"og:description\" content=\"Teema &#171;Kasutajate funktsioonid&#187; Eesti keel: M\u00f5iste: Objekt, mis v\u00f5tab argumente ja tagastab v\u00e4\u00e4rtus(t). Nimetatud funktsiooni struktuur: Omadused: N\u00e4ide: V\u00e4ljakutse: muutuja [&hellip;]\" \/>\n<meta property=\"og:url\" content=\"https:\/\/oleksandraryshniak24.thkit.ee\/wp1\/rus\/5-teema-kasutajate-funktsioonid-2-2\/\" \/>\n<meta property=\"og:site_name\" content=\"Oleksandra Ryshniak Portfoolio\" \/>\n<meta name=\"twitter:card\" content=\"summary_large_image\" \/>\n<meta name=\"twitter:label1\" content=\"\u041f\u0440\u0438\u043c\u0435\u0440\u043d\u043e\u0435 \u0432\u0440\u0435\u043c\u044f \u0434\u043b\u044f \u0447\u0442\u0435\u043d\u0438\u044f\" \/>\n\t<meta name=\"twitter:data1\" content=\"1 \u043c\u0438\u043d\u0443\u0442\u0430\" \/>\n<script type=\"application\/ld+json\" class=\"yoast-schema-graph\">{\"@context\":\"https:\\\/\\\/schema.org\",\"@graph\":[{\"@type\":\"WebPage\",\"@id\":\"https:\\\/\\\/oleksandraryshniak24.thkit.ee\\\/wp1\\\/rus\\\/5-teema-kasutajate-funktsioonid-2-2\\\/\",\"url\":\"https:\\\/\\\/oleksandraryshniak24.thkit.ee\\\/wp1\\\/rus\\\/5-teema-kasutajate-funktsioonid-2-2\\\/\",\"name\":\"5. Teema Kasutajate funktsioonid - Oleksandra Ryshniak Portfoolio\",\"isPartOf\":{\"@id\":\"https:\\\/\\\/oleksandraryshniak24.thkit.ee\\\/wp1\\\/rus\\\/#website\"},\"datePublished\":\"2025-05-30T16:26:24+00:00\",\"breadcrumb\":{\"@id\":\"https:\\\/\\\/oleksandraryshniak24.thkit.ee\\\/wp1\\\/rus\\\/5-teema-kasutajate-funktsioonid-2-2\\\/#breadcrumb\"},\"inLanguage\":\"ru-RU\",\"potentialAction\":[{\"@type\":\"ReadAction\",\"target\":[\"https:\\\/\\\/oleksandraryshniak24.thkit.ee\\\/wp1\\\/rus\\\/5-teema-kasutajate-funktsioonid-2-2\\\/\"]}]},{\"@type\":\"BreadcrumbList\",\"@id\":\"https:\\\/\\\/oleksandraryshniak24.thkit.ee\\\/wp1\\\/rus\\\/5-teema-kasutajate-funktsioonid-2-2\\\/#breadcrumb\",\"itemListElement\":[{\"@type\":\"ListItem\",\"position\":1,\"name\":\"Home\",\"item\":\"https:\\\/\\\/oleksandraryshniak24.thkit.ee\\\/wp1\\\/rus\\\/\"},{\"@type\":\"ListItem\",\"position\":2,\"name\":\"5. Teema Kasutajate funktsioonid\"}]},{\"@type\":\"WebSite\",\"@id\":\"https:\\\/\\\/oleksandraryshniak24.thkit.ee\\\/wp1\\\/rus\\\/#website\",\"url\":\"https:\\\/\\\/oleksandraryshniak24.thkit.ee\\\/wp1\\\/rus\\\/\",\"name\":\"Oleksandra Ryshniak Portfoolio\",\"description\":\"\",\"potentialAction\":[{\"@type\":\"SearchAction\",\"target\":{\"@type\":\"EntryPoint\",\"urlTemplate\":\"https:\\\/\\\/oleksandraryshniak24.thkit.ee\\\/wp1\\\/rus\\\/?s={search_term_string}\"},\"query-input\":{\"@type\":\"PropertyValueSpecification\",\"valueRequired\":true,\"valueName\":\"search_term_string\"}}],\"inLanguage\":\"ru-RU\"}]}<\/script>\n<!-- \/ Yoast SEO plugin. -->","yoast_head_json":{"title":"5. Teema Kasutajate funktsioonid - Oleksandra Ryshniak Portfoolio","robots":{"index":"index","follow":"follow","max-snippet":"max-snippet:-1","max-image-preview":"max-image-preview:large","max-video-preview":"max-video-preview:-1"},"canonical":"https:\/\/oleksandraryshniak24.thkit.ee\/wp1\/rus\/5-teema-kasutajate-funktsioonid-2-2\/","og_locale":"ru_RU","og_type":"article","og_title":"5. Teema Kasutajate funktsioonid - Oleksandra Ryshniak Portfoolio","og_description":"Teema &#171;Kasutajate funktsioonid&#187; Eesti keel: M\u00f5iste: Objekt, mis v\u00f5tab argumente ja tagastab v\u00e4\u00e4rtus(t). Nimetatud funktsiooni struktuur: Omadused: N\u00e4ide: V\u00e4ljakutse: muutuja [&hellip;]","og_url":"https:\/\/oleksandraryshniak24.thkit.ee\/wp1\/rus\/5-teema-kasutajate-funktsioonid-2-2\/","og_site_name":"Oleksandra Ryshniak Portfoolio","twitter_card":"summary_large_image","twitter_misc":{"\u041f\u0440\u0438\u043c\u0435\u0440\u043d\u043e\u0435 \u0432\u0440\u0435\u043c\u044f \u0434\u043b\u044f \u0447\u0442\u0435\u043d\u0438\u044f":"1 \u043c\u0438\u043d\u0443\u0442\u0430"},"schema":{"@context":"https:\/\/schema.org","@graph":[{"@type":"WebPage","@id":"https:\/\/oleksandraryshniak24.thkit.ee\/wp1\/rus\/5-teema-kasutajate-funktsioonid-2-2\/","url":"https:\/\/oleksandraryshniak24.thkit.ee\/wp1\/rus\/5-teema-kasutajate-funktsioonid-2-2\/","name":"5. Teema Kasutajate funktsioonid - Oleksandra Ryshniak Portfoolio","isPartOf":{"@id":"https:\/\/oleksandraryshniak24.thkit.ee\/wp1\/rus\/#website"},"datePublished":"2025-05-30T16:26:24+00:00","breadcrumb":{"@id":"https:\/\/oleksandraryshniak24.thkit.ee\/wp1\/rus\/5-teema-kasutajate-funktsioonid-2-2\/#breadcrumb"},"inLanguage":"ru-RU","potentialAction":[{"@type":"ReadAction","target":["https:\/\/oleksandraryshniak24.thkit.ee\/wp1\/rus\/5-teema-kasutajate-funktsioonid-2-2\/"]}]},{"@type":"BreadcrumbList","@id":"https:\/\/oleksandraryshniak24.thkit.ee\/wp1\/rus\/5-teema-kasutajate-funktsioonid-2-2\/#breadcrumb","itemListElement":[{"@type":"ListItem","position":1,"name":"Home","item":"https:\/\/oleksandraryshniak24.thkit.ee\/wp1\/rus\/"},{"@type":"ListItem","position":2,"name":"5. Teema Kasutajate funktsioonid"}]},{"@type":"WebSite","@id":"https:\/\/oleksandraryshniak24.thkit.ee\/wp1\/rus\/#website","url":"https:\/\/oleksandraryshniak24.thkit.ee\/wp1\/rus\/","name":"Oleksandra Ryshniak Portfoolio","description":"","potentialAction":[{"@type":"SearchAction","target":{"@type":"EntryPoint","urlTemplate":"https:\/\/oleksandraryshniak24.thkit.ee\/wp1\/rus\/?s={search_term_string}"},"query-input":{"@type":"PropertyValueSpecification","valueRequired":true,"valueName":"search_term_string"}}],"inLanguage":"ru-RU"}]}},"_links":{"self":[{"href":"https:\/\/oleksandraryshniak24.thkit.ee\/wp1\/rus\/wp-json\/wp\/v2\/pages\/1535","targetHints":{"allow":["GET"]}}],"collection":[{"href":"https:\/\/oleksandraryshniak24.thkit.ee\/wp1\/rus\/wp-json\/wp\/v2\/pages"}],"about":[{"href":"https:\/\/oleksandraryshniak24.thkit.ee\/wp1\/rus\/wp-json\/wp\/v2\/types\/page"}],"author":[{"embeddable":true,"href":"https:\/\/oleksandraryshniak24.thkit.ee\/wp1\/rus\/wp-json\/wp\/v2\/users\/1"}],"replies":[{"embeddable":true,"href":"https:\/\/oleksandraryshniak24.thkit.ee\/wp1\/rus\/wp-json\/wp\/v2\/comments?post=1535"}],"version-history":[{"count":0,"href":"https:\/\/oleksandraryshniak24.thkit.ee\/wp1\/rus\/wp-json\/wp\/v2\/pages\/1535\/revisions"}],"wp:attachment":[{"href":"https:\/\/oleksandraryshniak24.thkit.ee\/wp1\/rus\/wp-json\/wp\/v2\/media?parent=1535"}],"curies":[{"name":"wp","href":"https:\/\/api.w.org\/{rel}","templated":true}]}}