{"id":1546,"date":"2025-10-13T18:38:59","date_gmt":"2025-10-13T18:38:59","guid":{"rendered":"https:\/\/oleksandraryshniak24.thkit.ee\/wp1\/?page_id=1475"},"modified":"2025-10-30T09:50:22","modified_gmt":"2025-10-30T09:50:22","slug":"kuupaev-ja-aja-meetodid-2","status":"publish","type":"page","link":"https:\/\/oleksandraryshniak24.thkit.ee\/wp1\/rus\/kuupaev-ja-aja-meetodid-2\/","title":{"rendered":"\u041c\u0435\u0442\u043e\u0434\u044b \u0440\u0430\u0431\u043e\u0442\u044b \u0441 \u0434\u0430\u0442\u043e\u0439 \u0438 \u0432\u0440\u0435\u043c\u0435\u043d\u0435\u043c"},"content":{"rendered":"\n<h2 class=\"wp-block-heading\">\u041c\u0435\u0442\u043e\u0434\u044b \u0440\u0430\u0431\u043e\u0442\u044b \u0441 \u0434\u0430\u0442\u043e\u0439 \u0438 \u0432\u0440\u0435\u043c\u0435\u043d\u0435\u043c<\/h2>\n\n\n\n<p><strong>Funktsioon <code>tana()<\/code><\/strong> on seotud nupuga (input button) &#171;Tana&#187; ja kuvab t\u00e4nase kuup\u00e4eva ning kellaaja.<\/p>\n\n\n<div class=\"wp-block-syntaxhighlighter-code \"><pre class=\"brush: jscript; title: ; notranslate\" title=\"\">\nfunction tana() {\n    let now = new Date();\n\n    let kuupaev = now.toLocaleDateString();\n    let kellaaeg = now.toLocaleTimeString();\n    let koos = now.toLocaleString();\n\n    let tulemus = document.getElementById(&quot;tulemus&quot;);\n\n    tulemus.innerHTML = &quot;&lt;b&gt;kuupaev:&lt;\/b&gt; &quot; + kuupaev + &quot;&lt;br&gt;&quot; +\n        &quot;&lt;b&gt;kellaaeg:&lt;\/b&gt; &quot; + kellaaeg + &quot;&lt;br&gt;&quot; +\n        &quot;&lt;b&gt;Kuup\u0623\u00a4ev ja kellaaeg:&lt;\/b&gt; &quot; + koos;\n\n    console.log(&quot;Kuupaev: &quot; + kuupaev);\n    console.log(&quot;Kellaaeg: &quot; + kellaaeg);\n    console.log(&quot;Kuupaev ja kellaaeg: &quot; + koos);\n}\n<\/pre><\/div>\n\n\n<p><\/p>\n\n\n\n<p><strong>Funktsioon <code>sunnipaev()<\/code><\/strong> on seotud nupuga (input button) &#171;Sunnipaev&#187; ja n\u00e4itab, mitu p\u00e4eva on j\u00e4\u00e4nud minu s\u00fcnnip\u00e4evani.<\/p>\n\n\n<div class=\"wp-block-syntaxhighlighter-code \"><pre class=\"brush: jscript; title: ; notranslate\" title=\"\">\nfunction sunnipaev() {\n    let tulemus = document.getElementById(&quot;tulemus&quot;);\n\n    let tana = new Date();\n    let synnipaev = new Date(2008,4,10);\n    if (tana &gt; synnipaev) {\n        synnipaev = new Date(tana.getFullYear() + 1, 4, 10);\n    }\n\n    let vahe = synnipaev - tana;\n    let paevad = vahe \/ (1000 * 60 * 60 * 24);\n\n    tulemus.innerText = &quot;Sunnipaevani on jaanud &quot; + paevad + &quot; paeva.&quot;;\n    console.log(&quot;Sunnipaevani on jaanud: &quot; + paevad + &quot; paeva&quot;);\n}\n<\/pre><\/div>\n\n\n<p><\/p>\n\n\n\n<p><\/p>\n\n\n\n<html>\n <h2>Kuup\u00e4ev ja aja<\/h2>\n        <input type=\"button\" value=\"Tana on\"  onclick=\"tana()\">\n        <input type=\"button\" value=\"Minu sunnipaev on\" onclick=\"sunnipaev()\">\n<div id=\"tulemus\"><\/div>\n<\/html>\n\n\n\n<script>\nfunction tana() {\n    let now = new Date();\n\n    let kuupaev = now.toLocaleDateString();\n    let kellaaeg = now.toLocaleTimeString();\n    let koos = now.toLocaleString();\n\n    let tulemus = document.getElementById(\"tulemus\");\n\n    tulemus.innerHTML = \"<b>kuupaev:<\/b> \" + kuupaev + \"<br>\" +\n        \"<b>kellaaeg:<\/b> \" + kellaaeg + \"<br>\" +\n        \"<b>Kuup\u0623\u00a4ev ja kellaaeg:<\/b> \" + koos;\n\n    console.log(\"Kuupaev: \" + kuupaev);\n    console.log(\"Kellaaeg: \" + kellaaeg);\n    console.log(\"Kuupaev ja kellaaeg: \" + koos);\n}\n\nfunction sunnipaev() {\n    let tulemus = document.getElementById(\"tulemus\");\n\n    let tana = new Date();\n    let synnipaev = new Date(2008,4,10);\n    if (tana > synnipaev) {\n        synnipaev = new Date(tana.getFullYear() + 1, 4, 10);\n    }\n\n    let vahe = synnipaev - tana;\n    let paevad = vahe \/ (1000 * 60 * 60 * 24);\n\n    tulemus.innerText = \"Sunnipaevani on jaanud \" + paevad + \" paeva.\";\n    console.log(\"Sunnipaevani on jaanud: \" + paevad + \" paeva\");\n}\n<\/script>\n","protected":false},"excerpt":{"rendered":"<p>\u041c\u0435\u0442\u043e\u0434\u044b \u0440\u0430\u0431\u043e\u0442\u044b \u0441 \u0434\u0430\u0442\u043e\u0439 \u0438 \u0432\u0440\u0435\u043c\u0435\u043d\u0435\u043c Funktsioon tana() on seotud nupuga (input button) &#171;Tana&#187; ja kuvab t\u00e4nase kuup\u00e4eva ning kellaaja. [&hellip;]<\/p>\n","protected":false},"author":1,"featured_media":0,"parent":0,"menu_order":0,"comment_status":"closed","ping_status":"closed","template":"","meta":{"footnotes":""},"class_list":["post-1546","page","type-page","status-publish","hentry"],"yoast_head":"<!-- This site is optimized with the Yoast SEO plugin v27.4 - https:\/\/yoast.com\/product\/yoast-seo-wordpress\/ -->\n<title>\u041c\u0435\u0442\u043e\u0434\u044b \u0440\u0430\u0431\u043e\u0442\u044b \u0441 \u0434\u0430\u0442\u043e\u0439 \u0438 \u0432\u0440\u0435\u043c\u0435\u043d\u0435\u043c - Oleksandra Ryshniak Portfoolio<\/title>\n<meta name=\"robots\" content=\"index, follow, max-snippet:-1, max-image-preview:large, max-video-preview:-1\" \/>\n<link rel=\"canonical\" href=\"https:\/\/oleksandraryshniak24.thkit.ee\/wp1\/rus\/kuupaev-ja-aja-meetodid-2\/\" \/>\n<meta property=\"og:locale\" content=\"ru_RU\" \/>\n<meta property=\"og:type\" content=\"article\" \/>\n<meta property=\"og:title\" content=\"\u041c\u0435\u0442\u043e\u0434\u044b \u0440\u0430\u0431\u043e\u0442\u044b \u0441 \u0434\u0430\u0442\u043e\u0439 \u0438 \u0432\u0440\u0435\u043c\u0435\u043d\u0435\u043c - Oleksandra Ryshniak Portfoolio\" \/>\n<meta property=\"og:description\" content=\"\u041c\u0435\u0442\u043e\u0434\u044b \u0440\u0430\u0431\u043e\u0442\u044b \u0441 \u0434\u0430\u0442\u043e\u0439 \u0438 \u0432\u0440\u0435\u043c\u0435\u043d\u0435\u043c Funktsioon tana() on seotud nupuga (input button) &#171;Tana&#187; ja kuvab t\u00e4nase kuup\u00e4eva ning kellaaja. [&hellip;]\" \/>\n<meta property=\"og:url\" content=\"https:\/\/oleksandraryshniak24.thkit.ee\/wp1\/rus\/kuupaev-ja-aja-meetodid-2\/\" \/>\n<meta property=\"og:site_name\" content=\"Oleksandra Ryshniak Portfoolio\" \/>\n<meta property=\"article:modified_time\" content=\"2025-10-30T09:50:22+00:00\" \/>\n<meta name=\"twitter:card\" content=\"summary_large_image\" \/>\n<meta name=\"twitter:label1\" content=\"\u041f\u0440\u0438\u043c\u0435\u0440\u043d\u043e\u0435 \u0432\u0440\u0435\u043c\u044f \u0434\u043b\u044f \u0447\u0442\u0435\u043d\u0438\u044f\" \/>\n\t<meta name=\"twitter:data1\" content=\"1 \u043c\u0438\u043d\u0443\u0442\u0430\" \/>\n<script type=\"application\/ld+json\" class=\"yoast-schema-graph\">{\"@context\":\"https:\\\/\\\/schema.org\",\"@graph\":[{\"@type\":\"WebPage\",\"@id\":\"https:\\\/\\\/oleksandraryshniak24.thkit.ee\\\/wp1\\\/rus\\\/kuupaev-ja-aja-meetodid-2\\\/\",\"url\":\"https:\\\/\\\/oleksandraryshniak24.thkit.ee\\\/wp1\\\/rus\\\/kuupaev-ja-aja-meetodid-2\\\/\",\"name\":\"\u041c\u0435\u0442\u043e\u0434\u044b \u0440\u0430\u0431\u043e\u0442\u044b \u0441 \u0434\u0430\u0442\u043e\u0439 \u0438 \u0432\u0440\u0435\u043c\u0435\u043d\u0435\u043c - Oleksandra Ryshniak Portfoolio\",\"isPartOf\":{\"@id\":\"https:\\\/\\\/oleksandraryshniak24.thkit.ee\\\/wp1\\\/rus\\\/#website\"},\"datePublished\":\"2025-10-13T18:38:59+00:00\",\"dateModified\":\"2025-10-30T09:50:22+00:00\",\"breadcrumb\":{\"@id\":\"https:\\\/\\\/oleksandraryshniak24.thkit.ee\\\/wp1\\\/rus\\\/kuupaev-ja-aja-meetodid-2\\\/#breadcrumb\"},\"inLanguage\":\"ru-RU\",\"potentialAction\":[{\"@type\":\"ReadAction\",\"target\":[\"https:\\\/\\\/oleksandraryshniak24.thkit.ee\\\/wp1\\\/rus\\\/kuupaev-ja-aja-meetodid-2\\\/\"]}]},{\"@type\":\"BreadcrumbList\",\"@id\":\"https:\\\/\\\/oleksandraryshniak24.thkit.ee\\\/wp1\\\/rus\\\/kuupaev-ja-aja-meetodid-2\\\/#breadcrumb\",\"itemListElement\":[{\"@type\":\"ListItem\",\"position\":1,\"name\":\"Home\",\"item\":\"https:\\\/\\\/oleksandraryshniak24.thkit.ee\\\/wp1\\\/rus\\\/\"},{\"@type\":\"ListItem\",\"position\":2,\"name\":\"\u041c\u0435\u0442\u043e\u0434\u044b \u0440\u0430\u0431\u043e\u0442\u044b \u0441 \u0434\u0430\u0442\u043e\u0439 \u0438 \u0432\u0440\u0435\u043c\u0435\u043d\u0435\u043c\"}]},{\"@type\":\"WebSite\",\"@id\":\"https:\\\/\\\/oleksandraryshniak24.thkit.ee\\\/wp1\\\/rus\\\/#website\",\"url\":\"https:\\\/\\\/oleksandraryshniak24.thkit.ee\\\/wp1\\\/rus\\\/\",\"name\":\"Oleksandra Ryshniak Portfoolio\",\"description\":\"\",\"potentialAction\":[{\"@type\":\"SearchAction\",\"target\":{\"@type\":\"EntryPoint\",\"urlTemplate\":\"https:\\\/\\\/oleksandraryshniak24.thkit.ee\\\/wp1\\\/rus\\\/?s={search_term_string}\"},\"query-input\":{\"@type\":\"PropertyValueSpecification\",\"valueRequired\":true,\"valueName\":\"search_term_string\"}}],\"inLanguage\":\"ru-RU\"}]}<\/script>\n<!-- \/ Yoast SEO plugin. -->","yoast_head_json":{"title":"\u041c\u0435\u0442\u043e\u0434\u044b \u0440\u0430\u0431\u043e\u0442\u044b \u0441 \u0434\u0430\u0442\u043e\u0439 \u0438 \u0432\u0440\u0435\u043c\u0435\u043d\u0435\u043c - Oleksandra Ryshniak Portfoolio","robots":{"index":"index","follow":"follow","max-snippet":"max-snippet:-1","max-image-preview":"max-image-preview:large","max-video-preview":"max-video-preview:-1"},"canonical":"https:\/\/oleksandraryshniak24.thkit.ee\/wp1\/rus\/kuupaev-ja-aja-meetodid-2\/","og_locale":"ru_RU","og_type":"article","og_title":"\u041c\u0435\u0442\u043e\u0434\u044b \u0440\u0430\u0431\u043e\u0442\u044b \u0441 \u0434\u0430\u0442\u043e\u0439 \u0438 \u0432\u0440\u0435\u043c\u0435\u043d\u0435\u043c - Oleksandra Ryshniak Portfoolio","og_description":"\u041c\u0435\u0442\u043e\u0434\u044b \u0440\u0430\u0431\u043e\u0442\u044b \u0441 \u0434\u0430\u0442\u043e\u0439 \u0438 \u0432\u0440\u0435\u043c\u0435\u043d\u0435\u043c Funktsioon tana() on seotud nupuga (input button) &#171;Tana&#187; ja kuvab t\u00e4nase kuup\u00e4eva ning kellaaja. [&hellip;]","og_url":"https:\/\/oleksandraryshniak24.thkit.ee\/wp1\/rus\/kuupaev-ja-aja-meetodid-2\/","og_site_name":"Oleksandra Ryshniak Portfoolio","article_modified_time":"2025-10-30T09:50:22+00:00","twitter_card":"summary_large_image","twitter_misc":{"\u041f\u0440\u0438\u043c\u0435\u0440\u043d\u043e\u0435 \u0432\u0440\u0435\u043c\u044f \u0434\u043b\u044f \u0447\u0442\u0435\u043d\u0438\u044f":"1 \u043c\u0438\u043d\u0443\u0442\u0430"},"schema":{"@context":"https:\/\/schema.org","@graph":[{"@type":"WebPage","@id":"https:\/\/oleksandraryshniak24.thkit.ee\/wp1\/rus\/kuupaev-ja-aja-meetodid-2\/","url":"https:\/\/oleksandraryshniak24.thkit.ee\/wp1\/rus\/kuupaev-ja-aja-meetodid-2\/","name":"\u041c\u0435\u0442\u043e\u0434\u044b \u0440\u0430\u0431\u043e\u0442\u044b \u0441 \u0434\u0430\u0442\u043e\u0439 \u0438 \u0432\u0440\u0435\u043c\u0435\u043d\u0435\u043c - Oleksandra Ryshniak Portfoolio","isPartOf":{"@id":"https:\/\/oleksandraryshniak24.thkit.ee\/wp1\/rus\/#website"},"datePublished":"2025-10-13T18:38:59+00:00","dateModified":"2025-10-30T09:50:22+00:00","breadcrumb":{"@id":"https:\/\/oleksandraryshniak24.thkit.ee\/wp1\/rus\/kuupaev-ja-aja-meetodid-2\/#breadcrumb"},"inLanguage":"ru-RU","potentialAction":[{"@type":"ReadAction","target":["https:\/\/oleksandraryshniak24.thkit.ee\/wp1\/rus\/kuupaev-ja-aja-meetodid-2\/"]}]},{"@type":"BreadcrumbList","@id":"https:\/\/oleksandraryshniak24.thkit.ee\/wp1\/rus\/kuupaev-ja-aja-meetodid-2\/#breadcrumb","itemListElement":[{"@type":"ListItem","position":1,"name":"Home","item":"https:\/\/oleksandraryshniak24.thkit.ee\/wp1\/rus\/"},{"@type":"ListItem","position":2,"name":"\u041c\u0435\u0442\u043e\u0434\u044b \u0440\u0430\u0431\u043e\u0442\u044b \u0441 \u0434\u0430\u0442\u043e\u0439 \u0438 \u0432\u0440\u0435\u043c\u0435\u043d\u0435\u043c"}]},{"@type":"WebSite","@id":"https:\/\/oleksandraryshniak24.thkit.ee\/wp1\/rus\/#website","url":"https:\/\/oleksandraryshniak24.thkit.ee\/wp1\/rus\/","name":"Oleksandra Ryshniak Portfoolio","description":"","potentialAction":[{"@type":"SearchAction","target":{"@type":"EntryPoint","urlTemplate":"https:\/\/oleksandraryshniak24.thkit.ee\/wp1\/rus\/?s={search_term_string}"},"query-input":{"@type":"PropertyValueSpecification","valueRequired":true,"valueName":"search_term_string"}}],"inLanguage":"ru-RU"}]}},"_links":{"self":[{"href":"https:\/\/oleksandraryshniak24.thkit.ee\/wp1\/rus\/wp-json\/wp\/v2\/pages\/1546","targetHints":{"allow":["GET"]}}],"collection":[{"href":"https:\/\/oleksandraryshniak24.thkit.ee\/wp1\/rus\/wp-json\/wp\/v2\/pages"}],"about":[{"href":"https:\/\/oleksandraryshniak24.thkit.ee\/wp1\/rus\/wp-json\/wp\/v2\/types\/page"}],"author":[{"embeddable":true,"href":"https:\/\/oleksandraryshniak24.thkit.ee\/wp1\/rus\/wp-json\/wp\/v2\/users\/1"}],"replies":[{"embeddable":true,"href":"https:\/\/oleksandraryshniak24.thkit.ee\/wp1\/rus\/wp-json\/wp\/v2\/comments?post=1546"}],"version-history":[{"count":4,"href":"https:\/\/oleksandraryshniak24.thkit.ee\/wp1\/rus\/wp-json\/wp\/v2\/pages\/1546\/revisions"}],"predecessor-version":[{"id":1874,"href":"https:\/\/oleksandraryshniak24.thkit.ee\/wp1\/rus\/wp-json\/wp\/v2\/pages\/1546\/revisions\/1874"}],"wp:attachment":[{"href":"https:\/\/oleksandraryshniak24.thkit.ee\/wp1\/rus\/wp-json\/wp\/v2\/media?parent=1546"}],"curies":[{"name":"wp","href":"https:\/\/api.w.org\/{rel}","templated":true}]}}