{"id":1278,"date":"2025-02-28T10:13:46","date_gmt":"2025-02-28T08:13:46","guid":{"rendered":"https:\/\/com47276.wordpress.com\/?page_id=417"},"modified":"2025-02-28T10:13:46","modified_gmt":"2025-02-28T08:13:46","slug":"foorum-kasutajate-loomine-ja-oiguste-maaramine","status":"publish","type":"page","link":"https:\/\/oleksandraryshniak24.thkit.ee\/wp1\/foorum-kasutajate-loomine-ja-oiguste-maaramine\/","title":{"rendered":"Foorum: Kasutajate loomine ja \u00f5iguste m\u00e4\u00e4ramine"},"content":{"rendered":"\n<p><\/p>\n\n\n\n<p><strong><em><mark style=\"background-color:rgba(0, 0, 0, 0);color:#fcb900\" class=\"has-inline-color\">XAMPP:<\/mark><\/em><\/strong><\/p>\n\n\n\n<p><strong>AB nimi<\/strong><\/p>\n\n\n\n<figure class=\"wp-block-image size-large\"><img decoding=\"async\" src=\"https:\/\/oleksandraryshniak24.thkit.ee\/wp1\/wp-content\/uploads\/2025\/02\/image-88-1.png?w=175\" alt=\"\" class=\"wp-image-422\" \/><\/figure>\n\n\n\n<p><strong>Millise tabeli on vaja luua?<\/strong>  ja <strong>Milliste tabeli v\u00e4ljadega?<\/strong><\/p>\n\n\n<div class=\"wp-block-syntaxhighlighter-code \"><pre class=\"brush: sql; title: ; notranslate\" title=\"\">\ncreate table filmid(\n    id int primary key AUTO_INCREMENT,\n    filmiNimi varchar(30),\n    OsadeArv int,\n    filmi\u017eanr varchar(30));\n<\/pre><\/div>\n\n\n<figure class=\"wp-block-image size-large is-resized\"><img decoding=\"async\" src=\"https:\/\/oleksandraryshniak24.thkit.ee\/wp1\/wp-content\/uploads\/2025\/02\/image-89-1.png?w=390\" alt=\"\" class=\"wp-image-426\" style=\"width:246px;height:auto\" \/><\/figure>\n\n\n\n<p><strong>Milline on selle andmebaasi tabeli kasutaja kasutajanimi ja parool?<\/strong> &#8212; &nbsp;Kasutajanimi &#8211; Manager, parool &#8211; juhataja<\/p>\n\n\n<div class=\"wp-block-syntaxhighlighter-code \"><pre class=\"brush: sql; title: ; notranslate\" title=\"\">\nCREATE USER &#039;Manager&#039;@&#039;localhost&#039; IDENTIFIED VIA mysql_native_password USING &#039;***&#039;;GRANT USAGE ON *.* TO &#039;Manager&#039;@&#039;localhost&#039; REQUIRE NONE WITH MAX_QUERIES_PER_HOUR 0 MAX_CONNECTIONS_PER_HOUR 0 MAX_UPDATES_PER_HOUR 0 MAX_USER_CONNECTIONS 0; \n<\/pre><\/div>\n\n\n<p><strong>Millised \u00f5igused peaks kasutajal olema loodud tabeli suhtes (maksimaalselt 2 \u00f5igust tabeli tasandil)?<\/strong> &#8212; select ja insert (filmiNimi, OsadeArv, filmi\u017eanr)<\/p>\n\n\n<div class=\"wp-block-syntaxhighlighter-code \"><pre class=\"brush: sql; title: ; notranslate\" title=\"\">\nGRANT SELECT (`filmiNimi`, `OsadeArv`, `filmi\u017eanr`), INSERT (`filmiNimi`, `OsadeArv`, `filmi\u017eanr`) ON ` film`.`filmid` TO &#039;Manager&#039;@&#039;localhost&#039;; \n<\/pre><\/div>\n\n\n<figure class=\"wp-block-image size-large\"><img loading=\"lazy\" decoding=\"async\" width=\"682\" height=\"435\" src=\"https:\/\/oleksandraryshniak24.thkit.ee\/wp1\/wp-content\/uploads\/2025\/02\/image-92.png?w=682\" alt=\"\" class=\"wp-image-434\" srcset=\"https:\/\/oleksandraryshniak24.thkit.ee\/wp1\/wp-content\/uploads\/2025\/02\/image-92.png 682w, https:\/\/oleksandraryshniak24.thkit.ee\/wp1\/wp-content\/uploads\/2025\/02\/image-92-300x191.png 300w\" sizes=\"auto, (max-width: 682px) 100vw, 682px\" \/><\/figure>\n\n\n\n<p><strong>Milliseid tegevusi tuleks kontrollida?&nbsp;<\/strong> &#8212; Tabelivaate kontrollimine ja andmete lisamine tabelisse<\/p>\n\n\n<div class=\"wp-block-syntaxhighlighter-code \"><pre class=\"brush: sql; title: ; notranslate\" title=\"\">\nselect filmiNimi, OsadeArv, filmi\u017eanr from filmid; \n\n\n<\/pre><\/div>\n\n\n<figure class=\"wp-block-image size-large\"><img loading=\"lazy\" decoding=\"async\" width=\"532\" height=\"514\" src=\"https:\/\/oleksandraryshniak24.thkit.ee\/wp1\/wp-content\/uploads\/2025\/02\/image-93.png?w=532\" alt=\"\" class=\"wp-image-436\" srcset=\"https:\/\/oleksandraryshniak24.thkit.ee\/wp1\/wp-content\/uploads\/2025\/02\/image-93.png 532w, https:\/\/oleksandraryshniak24.thkit.ee\/wp1\/wp-content\/uploads\/2025\/02\/image-93-300x290.png 300w\" sizes=\"auto, (max-width: 532px) 100vw, 532px\" \/><\/figure>\n\n\n\n<figure class=\"wp-block-image size-large\"><img decoding=\"async\" src=\"https:\/\/oleksandraryshniak24.thkit.ee\/wp1\/wp-content\/uploads\/2025\/02\/image-94-1.png?w=525\" alt=\"\" class=\"wp-image-437\" \/><\/figure>\n\n\n<div class=\"wp-block-syntaxhighlighter-code \"><pre class=\"brush: plain; title: ; notranslate\" title=\"\">\ndelete from filmid where filmiNimi =&#039;Harry Potter&#039;\n<\/pre><\/div>\n\n\n<figure class=\"wp-block-image size-large\"><img loading=\"lazy\" decoding=\"async\" width=\"356\" height=\"325\" src=\"https:\/\/oleksandraryshniak24.thkit.ee\/wp1\/wp-content\/uploads\/2025\/02\/image-102.png?w=356\" alt=\"\" class=\"wp-image-454\" srcset=\"https:\/\/oleksandraryshniak24.thkit.ee\/wp1\/wp-content\/uploads\/2025\/02\/image-102.png 356w, https:\/\/oleksandraryshniak24.thkit.ee\/wp1\/wp-content\/uploads\/2025\/02\/image-102-300x274.png 300w\" sizes=\"auto, (max-width: 356px) 100vw, 356px\" \/><\/figure>\n\n\n\n<hr class=\"wp-block-separator has-alpha-channel-opacity\" \/>\n\n\n\n<p><mark style=\"background-color:rgba(0, 0, 0, 0);color:#cf2e2e\" class=\"has-inline-color\"><strong>SQL<\/strong>:<\/mark><\/p>\n\n\n\n<p><strong>AB nimi<\/strong><\/p>\n\n\n<div class=\"wp-block-syntaxhighlighter-code \"><pre class=\"brush: sql; title: ; notranslate\" title=\"\">\ncreate database Film;\n<\/pre><\/div>\n\n\n<p><strong>Millise tabeli on vaja luua?<\/strong>  ja <strong>Milliste tabeli v\u00e4ljadega?<\/strong><\/p>\n\n\n<div class=\"wp-block-syntaxhighlighter-code \"><pre class=\"brush: sql; title: ; notranslate\" title=\"\">\ncreate table filmid (\nid int primary key identity(1,1),\nfilmiNimi varchar(40),\nOsadeArv int,\nfilmi\u017eanr varchar(30));\n<\/pre><\/div>\n\n\n<figure class=\"wp-block-image size-large\"><img decoding=\"async\" src=\"https:\/\/oleksandraryshniak24.thkit.ee\/wp1\/wp-content\/uploads\/2025\/02\/image-95-1.png?w=455\" alt=\"\" class=\"wp-image-440\" \/><\/figure>\n\n\n\n<p><\/p>\n\n\n\n<p><strong>Milline on selle andmebaasi tabeli kasutaja kasutajanimi ja parool?<\/strong><em> &#8212; &nbsp;Kasutajanimi &#8211; Manager, parool &#8211; juhataja<\/em><\/p>\n\n\n\n<figure class=\"wp-block-image size-large\"><img decoding=\"async\" src=\"https:\/\/oleksandraryshniak24.thkit.ee\/wp1\/wp-content\/uploads\/2025\/02\/image-96-1.png?w=530\" alt=\"\" class=\"wp-image-442\" \/><\/figure>\n\n\n\n<figure class=\"wp-block-image size-large\"><img loading=\"lazy\" decoding=\"async\" width=\"500\" height=\"557\" src=\"https:\/\/oleksandraryshniak24.thkit.ee\/wp1\/wp-content\/uploads\/2025\/02\/image-99.png?w=500\" alt=\"\" class=\"wp-image-449\" srcset=\"https:\/\/oleksandraryshniak24.thkit.ee\/wp1\/wp-content\/uploads\/2025\/02\/image-99.png 500w, https:\/\/oleksandraryshniak24.thkit.ee\/wp1\/wp-content\/uploads\/2025\/02\/image-99-269x300.png 269w\" sizes=\"auto, (max-width: 500px) 100vw, 500px\" \/><\/figure>\n\n\n\n<figure class=\"wp-block-image size-large\"><img decoding=\"async\" src=\"https:\/\/oleksandraryshniak24.thkit.ee\/wp1\/wp-content\/uploads\/2025\/02\/image-97.png?w=468\" alt=\"\" class=\"wp-image-443\" \/><\/figure>\n\n\n\n<p><strong>Millised \u00f5igused peaks kasutajal olema loodud tabeli suhtes (maksimaalselt 2 \u00f5igust tabeli tasandil)?<\/strong><em> &#8212; select ja insert (filmiNimi, OsadeArv, filmi\u017eanr)<\/em><\/p>\n\n\n<div class=\"wp-block-syntaxhighlighter-code \"><pre class=\"brush: sql; title: ; notranslate\" title=\"\">\ngrant Select on  filmid (filmiNimi, OsadeArv, filmi\u017eanr) to Manager\ngrant insert on  filmid (filmiNimi, OsadeArv, filmi\u017eanr) to Manager\n<\/pre><\/div>\n\n\n<p><strong>Milliseid tegevusi tuleks kontrollida?&nbsp;<\/strong> &#8212; Tabelivaate kontrollimine ja andmete lisamine tabelisse<\/p>\n\n\n<div class=\"wp-block-syntaxhighlighter-code \"><pre class=\"brush: sql; title: ; notranslate\" title=\"\">\nselect filmiNimi, OsadeArv, filmi\u017eanr from filmid;\n<\/pre><\/div>\n\n\n<figure class=\"wp-block-image size-large\"><img decoding=\"async\" src=\"https:\/\/oleksandraryshniak24.thkit.ee\/wp1\/wp-content\/uploads\/2025\/02\/image-98-1.png?w=429\" alt=\"\" class=\"wp-image-446\" \/><\/figure>\n\n\n<div class=\"wp-block-syntaxhighlighter-code \"><pre class=\"brush: sql; title: ; notranslate\" title=\"\">\ninsert into filmid (filmiNimi, OsadeArv, filmi\u017eanr)\nvalues (&#039;Harry Potter&#039;, 7, &#039;fantastika&#039;)\n<\/pre><\/div>\n\n\n<figure class=\"wp-block-image size-large\"><img loading=\"lazy\" decoding=\"async\" width=\"427\" height=\"336\" src=\"https:\/\/oleksandraryshniak24.thkit.ee\/wp1\/wp-content\/uploads\/2025\/02\/image-100.png?w=427\" alt=\"\" class=\"wp-image-451\" srcset=\"https:\/\/oleksandraryshniak24.thkit.ee\/wp1\/wp-content\/uploads\/2025\/02\/image-100.png 427w, https:\/\/oleksandraryshniak24.thkit.ee\/wp1\/wp-content\/uploads\/2025\/02\/image-100-300x236.png 300w\" sizes=\"auto, (max-width: 427px) 100vw, 427px\" \/><\/figure>\n\n\n<div class=\"wp-block-syntaxhighlighter-code \"><pre class=\"brush: sql; title: ; notranslate\" title=\"\">\ndelete from filmid where filmiNimi =&#039;Harry Potter&#039;\n<\/pre><\/div>\n\n\n<figure class=\"wp-block-image size-large\"><img loading=\"lazy\" decoding=\"async\" width=\"660\" height=\"29\" src=\"https:\/\/oleksandraryshniak24.thkit.ee\/wp1\/wp-content\/uploads\/2025\/02\/image-103.png?w=660\" alt=\"\" class=\"wp-image-456\" srcset=\"https:\/\/oleksandraryshniak24.thkit.ee\/wp1\/wp-content\/uploads\/2025\/02\/image-103.png 660w, https:\/\/oleksandraryshniak24.thkit.ee\/wp1\/wp-content\/uploads\/2025\/02\/image-103-300x13.png 300w\" sizes=\"auto, (max-width: 660px) 100vw, 660px\" \/><\/figure>\n","protected":false},"excerpt":{"rendered":"<p>XAMPP: AB nimi Millise tabeli on vaja luua? ja Milliste tabeli v\u00e4ljadega? Milline on selle andmebaasi tabeli kasutaja kasutajanimi ja [&hellip;]<\/p>\n","protected":false},"author":1,"featured_media":0,"parent":0,"menu_order":0,"comment_status":"closed","ping_status":"closed","template":"page-with-title","meta":{"footnotes":""},"class_list":["post-1278","page","type-page","status-publish","hentry"],"yoast_head":"<!-- This site is optimized with the Yoast SEO plugin v27.4 - https:\/\/yoast.com\/product\/yoast-seo-wordpress\/ -->\n<title>Foorum: Kasutajate loomine ja \u00f5iguste m\u00e4\u00e4ramine - Oleksandra Ryshniak Portfolio<\/title>\n<meta name=\"robots\" content=\"index, follow, max-snippet:-1, max-image-preview:large, max-video-preview:-1\" \/>\n<link rel=\"canonical\" href=\"https:\/\/oleksandraryshniak24.thkit.ee\/wp1\/foorum-kasutajate-loomine-ja-oiguste-maaramine\/\" \/>\n<meta property=\"og:locale\" content=\"et_EE\" \/>\n<meta property=\"og:type\" content=\"article\" \/>\n<meta property=\"og:title\" content=\"Foorum: Kasutajate loomine ja \u00f5iguste m\u00e4\u00e4ramine - Oleksandra Ryshniak Portfolio\" \/>\n<meta property=\"og:description\" content=\"XAMPP: AB nimi Millise tabeli on vaja luua? ja Milliste tabeli v\u00e4ljadega? Milline on selle andmebaasi tabeli kasutaja kasutajanimi ja [&hellip;]\" \/>\n<meta property=\"og:url\" content=\"https:\/\/oleksandraryshniak24.thkit.ee\/wp1\/foorum-kasutajate-loomine-ja-oiguste-maaramine\/\" \/>\n<meta property=\"og:site_name\" content=\"Oleksandra Ryshniak Portfolio\" \/>\n<meta property=\"og:image\" content=\"https:\/\/oleksandraryshniak24.thkit.ee\/wp1\/wp-content\/uploads\/2025\/02\/image-88.png\" \/>\n\t<meta property=\"og:image:width\" content=\"175\" \/>\n\t<meta property=\"og:image:height\" content=\"50\" \/>\n\t<meta property=\"og:image:type\" content=\"image\/png\" \/>\n<meta name=\"twitter:card\" content=\"summary_large_image\" \/>\n<meta name=\"twitter:label1\" content=\"Est. reading time\" \/>\n\t<meta name=\"twitter:data1\" content=\"1 minut\" \/>\n<script type=\"application\/ld+json\" class=\"yoast-schema-graph\">{\"@context\":\"https:\\\/\\\/schema.org\",\"@graph\":[{\"@type\":\"WebPage\",\"@id\":\"https:\\\/\\\/oleksandraryshniak24.thkit.ee\\\/wp1\\\/foorum-kasutajate-loomine-ja-oiguste-maaramine\\\/\",\"url\":\"https:\\\/\\\/oleksandraryshniak24.thkit.ee\\\/wp1\\\/foorum-kasutajate-loomine-ja-oiguste-maaramine\\\/\",\"name\":\"Foorum: Kasutajate loomine ja \u00f5iguste m\u00e4\u00e4ramine - Oleksandra Ryshniak Portfolio\",\"isPartOf\":{\"@id\":\"https:\\\/\\\/oleksandraryshniak24.thkit.ee\\\/wp1\\\/#website\"},\"primaryImageOfPage\":{\"@id\":\"https:\\\/\\\/oleksandraryshniak24.thkit.ee\\\/wp1\\\/foorum-kasutajate-loomine-ja-oiguste-maaramine\\\/#primaryimage\"},\"image\":{\"@id\":\"https:\\\/\\\/oleksandraryshniak24.thkit.ee\\\/wp1\\\/foorum-kasutajate-loomine-ja-oiguste-maaramine\\\/#primaryimage\"},\"thumbnailUrl\":\"https:\\\/\\\/oleksandraryshniak24.thkit.ee\\\/wp1\\\/wp-content\\\/uploads\\\/2025\\\/02\\\/image-88-1.png?w=175\",\"datePublished\":\"2025-02-28T08:13:46+00:00\",\"breadcrumb\":{\"@id\":\"https:\\\/\\\/oleksandraryshniak24.thkit.ee\\\/wp1\\\/foorum-kasutajate-loomine-ja-oiguste-maaramine\\\/#breadcrumb\"},\"inLanguage\":\"et\",\"potentialAction\":[{\"@type\":\"ReadAction\",\"target\":[\"https:\\\/\\\/oleksandraryshniak24.thkit.ee\\\/wp1\\\/foorum-kasutajate-loomine-ja-oiguste-maaramine\\\/\"]}]},{\"@type\":\"ImageObject\",\"inLanguage\":\"et\",\"@id\":\"https:\\\/\\\/oleksandraryshniak24.thkit.ee\\\/wp1\\\/foorum-kasutajate-loomine-ja-oiguste-maaramine\\\/#primaryimage\",\"url\":\"https:\\\/\\\/oleksandraryshniak24.thkit.ee\\\/wp1\\\/wp-content\\\/uploads\\\/2025\\\/02\\\/image-88.png\",\"contentUrl\":\"https:\\\/\\\/oleksandraryshniak24.thkit.ee\\\/wp1\\\/wp-content\\\/uploads\\\/2025\\\/02\\\/image-88.png\",\"width\":175,\"height\":50},{\"@type\":\"BreadcrumbList\",\"@id\":\"https:\\\/\\\/oleksandraryshniak24.thkit.ee\\\/wp1\\\/foorum-kasutajate-loomine-ja-oiguste-maaramine\\\/#breadcrumb\",\"itemListElement\":[{\"@type\":\"ListItem\",\"position\":1,\"name\":\"Home\",\"item\":\"https:\\\/\\\/oleksandraryshniak24.thkit.ee\\\/wp1\\\/\"},{\"@type\":\"ListItem\",\"position\":2,\"name\":\"Foorum: Kasutajate loomine ja \u00f5iguste m\u00e4\u00e4ramine\"}]},{\"@type\":\"WebSite\",\"@id\":\"https:\\\/\\\/oleksandraryshniak24.thkit.ee\\\/wp1\\\/#website\",\"url\":\"https:\\\/\\\/oleksandraryshniak24.thkit.ee\\\/wp1\\\/\",\"name\":\"Oleksandra Ryshniak Portfolio\",\"description\":\"\u041f\u0440\u043e\u0441\u0442\u043e \u0435\u0449\u0435 \u043e\u0434\u0438\u043d WordPress \u0441\u0430\u0439\u0442\",\"potentialAction\":[{\"@type\":\"SearchAction\",\"target\":{\"@type\":\"EntryPoint\",\"urlTemplate\":\"https:\\\/\\\/oleksandraryshniak24.thkit.ee\\\/wp1\\\/?s={search_term_string}\"},\"query-input\":{\"@type\":\"PropertyValueSpecification\",\"valueRequired\":true,\"valueName\":\"search_term_string\"}}],\"inLanguage\":\"et\"}]}<\/script>\n<!-- \/ Yoast SEO plugin. -->","yoast_head_json":{"title":"Foorum: Kasutajate loomine ja \u00f5iguste m\u00e4\u00e4ramine - Oleksandra Ryshniak Portfolio","robots":{"index":"index","follow":"follow","max-snippet":"max-snippet:-1","max-image-preview":"max-image-preview:large","max-video-preview":"max-video-preview:-1"},"canonical":"https:\/\/oleksandraryshniak24.thkit.ee\/wp1\/foorum-kasutajate-loomine-ja-oiguste-maaramine\/","og_locale":"et_EE","og_type":"article","og_title":"Foorum: Kasutajate loomine ja \u00f5iguste m\u00e4\u00e4ramine - Oleksandra Ryshniak Portfolio","og_description":"XAMPP: AB nimi Millise tabeli on vaja luua? ja Milliste tabeli v\u00e4ljadega? Milline on selle andmebaasi tabeli kasutaja kasutajanimi ja [&hellip;]","og_url":"https:\/\/oleksandraryshniak24.thkit.ee\/wp1\/foorum-kasutajate-loomine-ja-oiguste-maaramine\/","og_site_name":"Oleksandra Ryshniak Portfolio","og_image":[{"width":175,"height":50,"url":"https:\/\/oleksandraryshniak24.thkit.ee\/wp1\/wp-content\/uploads\/2025\/02\/image-88.png","type":"image\/png"}],"twitter_card":"summary_large_image","twitter_misc":{"Est. reading time":"1 minut"},"schema":{"@context":"https:\/\/schema.org","@graph":[{"@type":"WebPage","@id":"https:\/\/oleksandraryshniak24.thkit.ee\/wp1\/foorum-kasutajate-loomine-ja-oiguste-maaramine\/","url":"https:\/\/oleksandraryshniak24.thkit.ee\/wp1\/foorum-kasutajate-loomine-ja-oiguste-maaramine\/","name":"Foorum: Kasutajate loomine ja \u00f5iguste m\u00e4\u00e4ramine - Oleksandra Ryshniak Portfolio","isPartOf":{"@id":"https:\/\/oleksandraryshniak24.thkit.ee\/wp1\/#website"},"primaryImageOfPage":{"@id":"https:\/\/oleksandraryshniak24.thkit.ee\/wp1\/foorum-kasutajate-loomine-ja-oiguste-maaramine\/#primaryimage"},"image":{"@id":"https:\/\/oleksandraryshniak24.thkit.ee\/wp1\/foorum-kasutajate-loomine-ja-oiguste-maaramine\/#primaryimage"},"thumbnailUrl":"https:\/\/oleksandraryshniak24.thkit.ee\/wp1\/wp-content\/uploads\/2025\/02\/image-88-1.png?w=175","datePublished":"2025-02-28T08:13:46+00:00","breadcrumb":{"@id":"https:\/\/oleksandraryshniak24.thkit.ee\/wp1\/foorum-kasutajate-loomine-ja-oiguste-maaramine\/#breadcrumb"},"inLanguage":"et","potentialAction":[{"@type":"ReadAction","target":["https:\/\/oleksandraryshniak24.thkit.ee\/wp1\/foorum-kasutajate-loomine-ja-oiguste-maaramine\/"]}]},{"@type":"ImageObject","inLanguage":"et","@id":"https:\/\/oleksandraryshniak24.thkit.ee\/wp1\/foorum-kasutajate-loomine-ja-oiguste-maaramine\/#primaryimage","url":"https:\/\/oleksandraryshniak24.thkit.ee\/wp1\/wp-content\/uploads\/2025\/02\/image-88.png","contentUrl":"https:\/\/oleksandraryshniak24.thkit.ee\/wp1\/wp-content\/uploads\/2025\/02\/image-88.png","width":175,"height":50},{"@type":"BreadcrumbList","@id":"https:\/\/oleksandraryshniak24.thkit.ee\/wp1\/foorum-kasutajate-loomine-ja-oiguste-maaramine\/#breadcrumb","itemListElement":[{"@type":"ListItem","position":1,"name":"Home","item":"https:\/\/oleksandraryshniak24.thkit.ee\/wp1\/"},{"@type":"ListItem","position":2,"name":"Foorum: Kasutajate loomine ja \u00f5iguste m\u00e4\u00e4ramine"}]},{"@type":"WebSite","@id":"https:\/\/oleksandraryshniak24.thkit.ee\/wp1\/#website","url":"https:\/\/oleksandraryshniak24.thkit.ee\/wp1\/","name":"Oleksandra Ryshniak Portfolio","description":"\u041f\u0440\u043e\u0441\u0442\u043e \u0435\u0449\u0435 \u043e\u0434\u0438\u043d WordPress \u0441\u0430\u0439\u0442","potentialAction":[{"@type":"SearchAction","target":{"@type":"EntryPoint","urlTemplate":"https:\/\/oleksandraryshniak24.thkit.ee\/wp1\/?s={search_term_string}"},"query-input":{"@type":"PropertyValueSpecification","valueRequired":true,"valueName":"search_term_string"}}],"inLanguage":"et"}]}},"_links":{"self":[{"href":"https:\/\/oleksandraryshniak24.thkit.ee\/wp1\/wp-json\/wp\/v2\/pages\/1278","targetHints":{"allow":["GET"]}}],"collection":[{"href":"https:\/\/oleksandraryshniak24.thkit.ee\/wp1\/wp-json\/wp\/v2\/pages"}],"about":[{"href":"https:\/\/oleksandraryshniak24.thkit.ee\/wp1\/wp-json\/wp\/v2\/types\/page"}],"author":[{"embeddable":true,"href":"https:\/\/oleksandraryshniak24.thkit.ee\/wp1\/wp-json\/wp\/v2\/users\/1"}],"replies":[{"embeddable":true,"href":"https:\/\/oleksandraryshniak24.thkit.ee\/wp1\/wp-json\/wp\/v2\/comments?post=1278"}],"version-history":[{"count":0,"href":"https:\/\/oleksandraryshniak24.thkit.ee\/wp1\/wp-json\/wp\/v2\/pages\/1278\/revisions"}],"wp:attachment":[{"href":"https:\/\/oleksandraryshniak24.thkit.ee\/wp1\/wp-json\/wp\/v2\/media?parent=1278"}],"curies":[{"name":"wp","href":"https:\/\/api.w.org\/{rel}","templated":true}]}}