{"id":1286,"date":"2025-04-11T13:17:29","date_gmt":"2025-04-11T10:17:29","guid":{"rendered":"https:\/\/com47276.wordpress.com\/?page_id=719"},"modified":"2025-11-13T12:47:41","modified_gmt":"2025-11-13T12:47:41","slug":"praktika-2-potentsiomeeter-2","status":"publish","type":"page","link":"https:\/\/oleksandraryshniak24.thkit.ee\/wp1\/praktika-2-potentsiomeeter-2\/","title":{"rendered":"Praktika 2 Potentsiomeeter"},"content":{"rendered":"\n<h2 class=\"wp-block-heading\">Praktika 2. Potentsiomeeter<\/h2>\n\n\n\n<h2 class=\"wp-block-heading\">Katse 2.1<\/h2>\n\n\n\n<h3 class=\"wp-block-heading\">T\u00f6\u00f6 protsess:<\/h3>\n\n\n\n<p>Potentsiomeeter m\u00e4\u00e4rab LED-i vilkumise. K\u00f5ik s\u00f5ltub sellest, kui palju potentsiomeeter n\u00e4itab.<\/p>\n\n\n\n<h3 class=\"wp-block-heading\">Kasutatud komponeendid:<\/h3>\n\n\n\n<p>LED \u2014 1<br>Taikisti \u2014 1 (220 Om)<br>Juhe \u2014 6<br>Potentsiomeeter \u2014 1 <br>Arendusplaat \u2014 1<\/p>\n\n\n\n<h3 class=\"wp-block-heading\">\u00dchendamise skeem:<\/h3>\n\n\n\n<figure class=\"wp-block-image size-large\"><img decoding=\"async\" src=\"https:\/\/oleksandraryshniak24.thkit.ee\/wp1\/wp-content\/uploads\/2025\/04\/pilt-1.png?w=654\" alt=\"\" class=\"wp-image-723\" \/><\/figure>\n\n\n\n<h3 class=\"wp-block-heading\">Programm:<\/h3>\n\n\n<div class=\"wp-block-syntaxhighlighter-code \"><pre class=\"brush: cpp; title: ; notranslate\" title=\"\">\nint sensorPin = 0;    \t  \n\nint ledPin = 13;                           \t\t\t  \n\nint sensorValue = 0;  \t\t\t\t\t  \n\nvoid setup()\n\n{       \n\n  pinMode(ledPin, OUTPUT);  \n\n  Serial.begin(9600);\n\n}\n\nvoid loop() {          \t\t\t\t\t   \n\n  sensorValue = analogRead(sensorPin); \/\/   loeb analoog sisendi v\u00e4\u00e4rtust ja saadab tagasi t\u00e4isarvu vahemikus 0 kuni 1023. See t\u00e4hendab 10 bitilist t\u00e4psust (2^10 = 1024).\t\t  \n\n  digitalWrite(ledPin, HIGH);         \n\n  delay(sensorValue);                 \n\n  digitalWrite(ledPin, LOW);              \n\n  delay(sensorValue);  \n\n  float voltage = sensorValue * (5.0 \/ 1023.0); \/\/ konverteerime v\u00e4\u00e4rtuse (0 - 1023)  ja tagastab (0 - 5V):\n\n  Serial.println(voltage);   \/\/ Saadud tulemused kirjutame Serial Monitori.         \n\n}\n<\/pre><\/div>\n\n\n<h3 class=\"wp-block-heading\">Uued funktsioonid:<\/h3>\n\n\n\n<p>Serial.begin (9600) &#8211; arvutiga suhtlemine USB-pordi kaudu<br>Serial.println() &#8211; edastamine arvuti ja tahvli vahel<\/p>\n\n\n\n<p><\/p>\n\n\n\n<h2 class=\"wp-block-heading\">Katse 2.2<\/h2>\n\n\n\n<h3 class=\"wp-block-heading\">T\u00f6\u00f6 kirjeldus:<\/h3>\n\n\n\n<p><strong>Kimbukal on 5 re\u017eiimi.<\/strong> <br>1. K\u00f5ik vilkuvad. <br>2. Roheline ja sinine vilkumine, seej\u00e4rel kollane ja punane.<br>3. K\u00f5ik p\u00f5levad pidevalt.<br>4. V\u00e4rvipaarid vahelduvad. <br>5. Kiire vilkumine k\u00f5ik.<\/p>\n\n\n\n<h3 class=\"wp-block-heading\">T\u00f6\u00f6 protsess:<\/h3>\n\n\n\n<p>K\u00f5igepealt valige re\u017eiim.<br><strong>Esimene re\u017eiim<\/strong> t\u00f6\u00f6tab nii, et k\u00f5ik valgusdioodid vilguvad kordam\u00f6\u00f6da . K\u00f5ik valgusdioodid l\u00fclituvad k\u00f5igepealt sisse ja seej\u00e4rel v\u00e4lja. Seej\u00e4rel hakkab iga LED kordam\u00f6\u00f6da millisekundilise viivitusega p\u00f5lema.<br><strong>Teises re\u017eiimis<\/strong> vilguvad k\u00f5igepealt roheline ja sinine LED ning seej\u00e4rel punane ja kollane LED. See re\u017eiim t\u00f6\u00f6tab j\u00e4rgmiselt: k\u00f5igepealt l\u00fclitatakse k\u00f5ik LEDid v\u00e4lja, seej\u00e4rel l\u00fclitatakse k\u00f5ik sinised ja rohelised LEDid sisse ja viivitusega 1 sekund, seej\u00e4rel l\u00fclitatakse k\u00f5ik punased ja kollased LEDid v\u00e4lja ja viivitusega 1 sekund. P\u00e4rast k\u00f5ike seda korratakse uuesti.<br><strong>Kolmandas re\u017eiimis <\/strong>p\u00f5levad k\u00f5ik valgusdioodid kogu aeg. See re\u017eiim t\u00f6\u00f6tab nii, et k\u00f5ik LED-id l\u00fclituvad sisse, j\u00e4\u00e4vad p\u00f5lema pooleks sekundiks, kustuvad ja s\u00fcttivad uuesti. See k\u00f5ik kordub.<br><strong>Neljandas re\u017eiimis<\/strong> vahelduvad v\u00e4rvipaarid. K\u00f5igepealt l\u00fclituvad k\u00f5ik rohelised valgusdioodid sisse ja j\u00e4\u00e4vad p\u00f5lema pooleks sekundiks. Seej\u00e4rel kustuvad need ja sinised l\u00fclituvad sisse, ka need viivitavad pool sekundit. P\u00e4rast seda, kui sinised LEDid kustuvad ja kollased LEDid l\u00fclituvad sisse, viivitavad nad pool sekundit ja kustuvad. Punased valgusdioodid l\u00fclituvad sisse viimasena, nad j\u00e4\u00e4vad samuti pooleks sekundiks ja kustuvad. See kordub pidevalt, kuni te vahetate teise re\u017eiimi.<br><strong>Viies re\u017eiim <\/strong>on k\u00f5igi valgusdioodide kiire vilkumine. K\u00f5ik valgusdioodid s\u00fcttivad k\u00f5igepealt, need h\u00f5\u00f5guvad 0,2 sekundit ja kustuvad seej\u00e4rel. Ja nii edasi ringiratast, kuni valitakse teine re\u017eiim.<\/p>\n\n\n\n<h3 class=\"wp-block-heading\">Kasutatud komponeendid:<\/h3>\n\n\n\n<p>LED (green) \u2014 2<br>LED (yellow) \u2014 2<br>LED (red) \u2014 2 <br>Taikisti \u2014  8 (220 Om)<br>Juhe \u2014 13<br>Potentsiomeeter \u2014 1 <br>Arendusplaat \u2014 1<\/p>\n\n\n\n<h3 class=\"wp-block-heading\">\u00dchendamise skeem:<\/h3>\n\n\n\n<figure class=\"wp-block-image size-large\"><img loading=\"lazy\" decoding=\"async\" width=\"633\" height=\"675\" src=\"https:\/\/oleksandraryshniak24.thkit.ee\/wp1\/wp-content\/uploads\/2025\/04\/pilt-1-1.png?w=633\" alt=\"\" class=\"wp-image-730\" srcset=\"https:\/\/oleksandraryshniak24.thkit.ee\/wp1\/wp-content\/uploads\/2025\/04\/pilt-1-1.png 633w, https:\/\/oleksandraryshniak24.thkit.ee\/wp1\/wp-content\/uploads\/2025\/04\/pilt-1-1-281x300.png 281w\" sizes=\"auto, (max-width: 633px) 100vw, 633px\" \/><\/figure>\n\n\n\n<h3 class=\"wp-block-heading\">Programm:<\/h3>\n\n\n<div class=\"wp-block-syntaxhighlighter-code \"><pre class=\"brush: cpp; title: ; notranslate\" title=\"\">\n\/\/ LED pins\nint ledgreen1 = 13;   \/\/ \u0417\u0435\u043b\u0451\u043d\u044b\u0439 1\nint ledyellow1 = 12;  \/\/ \u0416\u0451\u043b\u0442\u044b\u0439 1\nint ledblue1 = 11;    \/\/ \u0421\u0438\u043d\u0438\u0439 1\nint ledred1 = 10;     \/\/ \u041a\u0440\u0430\u0441\u043d\u044b\u0439 1\nint ledgreen2 = 9;    \/\/ \u0417\u0435\u043b\u0451\u043d\u044b\u0439 2\nint ledyellow2 = 8;   \/\/ \u0416\u0451\u043b\u0442\u044b\u0439 2\nint ledblue2 = 7;     \/\/ \u0421\u0438\u043d\u0438\u0439 2\nint ledred2 = 6;      \/\/ \u041a\u0440\u0430\u0441\u043d\u044b\u0439 2\n\n\/\/  Array koos k\u00f5igi LED-pinidega\nint ledPins&#x5B;] = {13, 12, 11, 10, 9, 8, 7, 6};\n\n\/\/ potentsiomeetri pin\nint sensorPin = 0;     \n\n\nint sensorValue = 0;\n\nvoid setup() {\n  for (int i = 0; i &lt; 8; i++) {\n    pinMode(ledPins&#x5B;i], OUTPUT);\n  }\n  \n  Serial.begin(9600);\n}\n\nvoid loop() {\n  sensorValue = analogRead(sensorPin);\n  \n  int mode = map(sensorValue, 0, 1023, 0, 4);\n  mode = constrain(mode, 0, 4); \n  Serial.println(mode);\n  \n  \/\/ Vali re\u017eiim\n  switch (mode) {\n    case 0:\n      reziim1(); \/\/K\u00f5ik vilguvad omakorda\n      break;\n    case 1:\n      reziim2(); \/\/Roheline ja sinine vilgub, seej\u00e4rel kollane ja punane.\n      break;\n    case 2:\n      reziim3(); \/\/K\u00f5ik on kogu aeg tules\n      break;\n    case 3:\n      reziim4(); \/\/V\u00e4rvipaarid vahelduvad\n      break;\n    case 4:\n      reziim5(); \/\/K\u00f5igi kiirelt vilkuvate\n      break;\n  }\n}\n\n\/\/K\u00f5ik vilguvad omakorda\nvoid reziim1() {\n  for (int i = 0; i &lt; 8; i++) {\n    digitalWrite(ledPins&#x5B;i], LOW);\n  }\n  for (int i = 0; i &lt; 8; i++) {\n    digitalWrite(ledPins&#x5B;i], HIGH);\n    delay(100);\n    digitalWrite(ledPins&#x5B;i], LOW);\n  }\n}\n\n\/\/Roheline ja sinine vilgub, seej\u00e4rel \nvoid reziim2() {\n  for (int i = 0; i &lt; 8; i++) {\n    digitalWrite(ledPins&#x5B;i], LOW);\n  }\n  \n  digitalWrite(ledgreen1, HIGH);\n  digitalWrite(ledgreen2, HIGH);\n  digitalWrite(ledblue1, HIGH);\n  digitalWrite(ledblue2, HIGH);\n  delay(1000); \n  for (int i = 0; i &lt; 8; i++) {\n    digitalWrite(ledPins&#x5B;i], LOW);\n  }\n  \n  digitalWrite(ledyellow1, HIGH);\n  digitalWrite(ledyellow2, HIGH);\n  digitalWrite(ledred1, HIGH);\n  digitalWrite(ledred2, HIGH);\n  delay(1000);\n\n\/\/K\u00f5ik on kogu aeg tules\nvoid reziim3() {\n  for (int i = 0; i &lt; 8; i++) {\n    digitalWrite(ledPins&#x5B;i], HIGH);\n  }\n  delay(500); \n}\n\n\/\/V\u00e4rvipaarid vahelduvad\nvoid reziim4() {\n  for (int i = 0; i &lt; 8; i++) {\n    digitalWrite(ledPins&#x5B;i], LOW);\n  }\n  digitalWrite(ledgreen1, HIGH);\n  digitalWrite(ledgreen2, HIGH);\n  delay(500);\n\n  digitalWrite(ledgreen1, LOW);\n  digitalWrite(ledgreen2, LOW);\n  digitalWrite(ledblue1, HIGH);\n  digitalWrite(ledblue2, HIGH);\n  delay(500);\n\n  digitalWrite(ledblue1, LOW);\n  digitalWrite(ledblue2, LOW);\n  digitalWrite(ledyellow1, HIGH);\n  digitalWrite(ledyellow2, HIGH);\n  delay(500);\n\n  digitalWrite(ledyellow1, LOW);\n  digitalWrite(ledyellow2, LOW);\n  digitalWrite(ledred1, HIGH);\n  digitalWrite(ledred2, HIGH);\n  delay(500);\n}\n\n\/\/K\u00f5igi kiirelt vilkuvate\nvoid reziim5() {\n  for (int i = 0; i &lt; 8; i++) {\n    digitalWrite(ledPins&#x5B;i], HIGH);\n  }\n  delay(200);\n  for (int i = 0; i &lt; 8; i++) {\n    digitalWrite(ledPins&#x5B;i], LOW);\n  }\n  delay(200);\n}\n<\/pre><\/div>\n\n\n<h3 class=\"wp-block-heading\">Video:<\/h3>\n\n\n\n<p><a href=\"https:\/\/drive.google.com\/file\/d\/19WhqGZZ31DiXg3UdUTUKp3pv-LZQTAVk\/view?usp=sharing\">https:\/\/drive.google.com\/file\/d\/19WhqGZZ31DiXg3UdUTUKp3pv-LZQTAVk\/view?usp=sharing<\/a><\/p>\n\n\n\n<h3 class=\"wp-block-heading\">Uued funktsioonid:<\/h3>\n\n\n\n<p>analogRead() &#8211; funktsioon, mis loeb analoogsignaali<br>switch {} &#8211; funktsioon, mis aitab valida \u00fche mitmest tegevusest (koodiplokist) s\u00f5ltuvalt muutuja v\u00e4\u00e4rtusest.<\/p>\n\n\n\n<h3 class=\"wp-block-heading\">LED-ide rakendamin<\/h3>\n\n\n\n<p>N\u00e4itamiseks (n\u00e4itamaks, et midagi t\u00f6\u00f6tab v\u00f5i ei t\u00f6\u00f6ta);<br>Valgustus;<br>Dekoratiivne valgustus;<br>Ekraanid ja ekraanid;<br>H\u00e4iresignaalid ja turvalisus.<\/p>\n\n\n\n<p><\/p>\n","protected":false},"excerpt":{"rendered":"<p>Praktika 2. Potentsiomeeter Katse 2.1 T\u00f6\u00f6 protsess: Potentsiomeeter m\u00e4\u00e4rab LED-i vilkumise. K\u00f5ik s\u00f5ltub sellest, kui palju potentsiomeeter n\u00e4itab. Kasutatud komponeendid: [&hellip;]<\/p>\n","protected":false},"author":1,"featured_media":0,"parent":0,"menu_order":0,"comment_status":"closed","ping_status":"closed","template":"","meta":{"footnotes":""},"class_list":["post-1286","page","type-page","status-publish","hentry"],"yoast_head":"<!-- This site is optimized with the Yoast SEO plugin v27.4 - https:\/\/yoast.com\/product\/yoast-seo-wordpress\/ -->\n<title>Praktika 2 Potentsiomeeter - Oleksandra Ryshniak Portfolio<\/title>\n<meta name=\"description\" content=\"Mis on potentsiomeeter ja kuidas see t\u00f6\u00f6tab? Milleks kasutatakse potentsiomeetrit robotites?Kuidas potentsiomeeter m\u00f5\u00f5dab nurka v\u00f5i asendit?\" \/>\n<meta name=\"robots\" content=\"index, follow, max-snippet:-1, max-image-preview:large, max-video-preview:-1\" \/>\n<link rel=\"canonical\" href=\"https:\/\/oleksandraryshniak24.thkit.ee\/wp1\/praktika-2-potentsiomeeter-2\/\" \/>\n<meta property=\"og:locale\" content=\"et_EE\" \/>\n<meta property=\"og:type\" content=\"article\" \/>\n<meta property=\"og:title\" content=\"Praktika 2 Potentsiomeeter - Oleksandra Ryshniak Portfolio\" \/>\n<meta property=\"og:description\" content=\"Mis on potentsiomeeter ja kuidas see t\u00f6\u00f6tab? Milleks kasutatakse potentsiomeetrit robotites?Kuidas potentsiomeeter m\u00f5\u00f5dab nurka v\u00f5i asendit?\" \/>\n<meta property=\"og:url\" content=\"https:\/\/oleksandraryshniak24.thkit.ee\/wp1\/praktika-2-potentsiomeeter-2\/\" \/>\n<meta property=\"og:site_name\" content=\"Oleksandra Ryshniak Portfolio\" \/>\n<meta property=\"article:modified_time\" content=\"2025-11-13T12:47:41+00:00\" \/>\n<meta property=\"og:image\" content=\"https:\/\/oleksandraryshniak24.thkit.ee\/wp1\/wp-content\/uploads\/2025\/04\/pilt.png\" \/>\n\t<meta property=\"og:image:width\" content=\"654\" \/>\n\t<meta property=\"og:image:height\" content=\"619\" \/>\n\t<meta property=\"og:image:type\" content=\"image\/png\" \/>\n<meta name=\"twitter:card\" content=\"summary_large_image\" \/>\n<meta name=\"twitter:label1\" content=\"Est. reading time\" \/>\n\t<meta name=\"twitter:data1\" content=\"3 minutit\" \/>\n<script type=\"application\/ld+json\" class=\"yoast-schema-graph\">{\"@context\":\"https:\\\/\\\/schema.org\",\"@graph\":[{\"@type\":\"WebPage\",\"@id\":\"https:\\\/\\\/oleksandraryshniak24.thkit.ee\\\/wp1\\\/praktika-2-potentsiomeeter-2\\\/\",\"url\":\"https:\\\/\\\/oleksandraryshniak24.thkit.ee\\\/wp1\\\/praktika-2-potentsiomeeter-2\\\/\",\"name\":\"Praktika 2 Potentsiomeeter - Oleksandra Ryshniak Portfolio\",\"isPartOf\":{\"@id\":\"https:\\\/\\\/oleksandraryshniak24.thkit.ee\\\/wp1\\\/#website\"},\"primaryImageOfPage\":{\"@id\":\"https:\\\/\\\/oleksandraryshniak24.thkit.ee\\\/wp1\\\/praktika-2-potentsiomeeter-2\\\/#primaryimage\"},\"image\":{\"@id\":\"https:\\\/\\\/oleksandraryshniak24.thkit.ee\\\/wp1\\\/praktika-2-potentsiomeeter-2\\\/#primaryimage\"},\"thumbnailUrl\":\"https:\\\/\\\/oleksandraryshniak24.thkit.ee\\\/wp1\\\/wp-content\\\/uploads\\\/2025\\\/04\\\/pilt-1.png?w=654\",\"datePublished\":\"2025-04-11T10:17:29+00:00\",\"dateModified\":\"2025-11-13T12:47:41+00:00\",\"description\":\"Mis on potentsiomeeter ja kuidas see t\u00f6\u00f6tab? Milleks kasutatakse potentsiomeetrit robotites?Kuidas potentsiomeeter m\u00f5\u00f5dab nurka v\u00f5i asendit?\",\"breadcrumb\":{\"@id\":\"https:\\\/\\\/oleksandraryshniak24.thkit.ee\\\/wp1\\\/praktika-2-potentsiomeeter-2\\\/#breadcrumb\"},\"inLanguage\":\"et\",\"potentialAction\":[{\"@type\":\"ReadAction\",\"target\":[\"https:\\\/\\\/oleksandraryshniak24.thkit.ee\\\/wp1\\\/praktika-2-potentsiomeeter-2\\\/\"]}]},{\"@type\":\"ImageObject\",\"inLanguage\":\"et\",\"@id\":\"https:\\\/\\\/oleksandraryshniak24.thkit.ee\\\/wp1\\\/praktika-2-potentsiomeeter-2\\\/#primaryimage\",\"url\":\"https:\\\/\\\/oleksandraryshniak24.thkit.ee\\\/wp1\\\/wp-content\\\/uploads\\\/2025\\\/04\\\/pilt.png\",\"contentUrl\":\"https:\\\/\\\/oleksandraryshniak24.thkit.ee\\\/wp1\\\/wp-content\\\/uploads\\\/2025\\\/04\\\/pilt.png\",\"width\":654,\"height\":619},{\"@type\":\"BreadcrumbList\",\"@id\":\"https:\\\/\\\/oleksandraryshniak24.thkit.ee\\\/wp1\\\/praktika-2-potentsiomeeter-2\\\/#breadcrumb\",\"itemListElement\":[{\"@type\":\"ListItem\",\"position\":1,\"name\":\"Home\",\"item\":\"https:\\\/\\\/oleksandraryshniak24.thkit.ee\\\/wp1\\\/\"},{\"@type\":\"ListItem\",\"position\":2,\"name\":\"Praktika 2 Potentsiomeeter\"}]},{\"@type\":\"WebSite\",\"@id\":\"https:\\\/\\\/oleksandraryshniak24.thkit.ee\\\/wp1\\\/#website\",\"url\":\"https:\\\/\\\/oleksandraryshniak24.thkit.ee\\\/wp1\\\/\",\"name\":\"Oleksandra Ryshniak Portfolio\",\"description\":\"\u041f\u0440\u043e\u0441\u0442\u043e \u0435\u0449\u0435 \u043e\u0434\u0438\u043d WordPress \u0441\u0430\u0439\u0442\",\"potentialAction\":[{\"@type\":\"SearchAction\",\"target\":{\"@type\":\"EntryPoint\",\"urlTemplate\":\"https:\\\/\\\/oleksandraryshniak24.thkit.ee\\\/wp1\\\/?s={search_term_string}\"},\"query-input\":{\"@type\":\"PropertyValueSpecification\",\"valueRequired\":true,\"valueName\":\"search_term_string\"}}],\"inLanguage\":\"et\"}]}<\/script>\n<!-- \/ Yoast SEO plugin. -->","yoast_head_json":{"title":"Praktika 2 Potentsiomeeter - Oleksandra Ryshniak Portfolio","description":"Mis on potentsiomeeter ja kuidas see t\u00f6\u00f6tab? Milleks kasutatakse potentsiomeetrit robotites?Kuidas potentsiomeeter m\u00f5\u00f5dab nurka v\u00f5i asendit?","robots":{"index":"index","follow":"follow","max-snippet":"max-snippet:-1","max-image-preview":"max-image-preview:large","max-video-preview":"max-video-preview:-1"},"canonical":"https:\/\/oleksandraryshniak24.thkit.ee\/wp1\/praktika-2-potentsiomeeter-2\/","og_locale":"et_EE","og_type":"article","og_title":"Praktika 2 Potentsiomeeter - Oleksandra Ryshniak Portfolio","og_description":"Mis on potentsiomeeter ja kuidas see t\u00f6\u00f6tab? Milleks kasutatakse potentsiomeetrit robotites?Kuidas potentsiomeeter m\u00f5\u00f5dab nurka v\u00f5i asendit?","og_url":"https:\/\/oleksandraryshniak24.thkit.ee\/wp1\/praktika-2-potentsiomeeter-2\/","og_site_name":"Oleksandra Ryshniak Portfolio","article_modified_time":"2025-11-13T12:47:41+00:00","og_image":[{"width":654,"height":619,"url":"https:\/\/oleksandraryshniak24.thkit.ee\/wp1\/wp-content\/uploads\/2025\/04\/pilt.png","type":"image\/png"}],"twitter_card":"summary_large_image","twitter_misc":{"Est. reading time":"3 minutit"},"schema":{"@context":"https:\/\/schema.org","@graph":[{"@type":"WebPage","@id":"https:\/\/oleksandraryshniak24.thkit.ee\/wp1\/praktika-2-potentsiomeeter-2\/","url":"https:\/\/oleksandraryshniak24.thkit.ee\/wp1\/praktika-2-potentsiomeeter-2\/","name":"Praktika 2 Potentsiomeeter - Oleksandra Ryshniak Portfolio","isPartOf":{"@id":"https:\/\/oleksandraryshniak24.thkit.ee\/wp1\/#website"},"primaryImageOfPage":{"@id":"https:\/\/oleksandraryshniak24.thkit.ee\/wp1\/praktika-2-potentsiomeeter-2\/#primaryimage"},"image":{"@id":"https:\/\/oleksandraryshniak24.thkit.ee\/wp1\/praktika-2-potentsiomeeter-2\/#primaryimage"},"thumbnailUrl":"https:\/\/oleksandraryshniak24.thkit.ee\/wp1\/wp-content\/uploads\/2025\/04\/pilt-1.png?w=654","datePublished":"2025-04-11T10:17:29+00:00","dateModified":"2025-11-13T12:47:41+00:00","description":"Mis on potentsiomeeter ja kuidas see t\u00f6\u00f6tab? Milleks kasutatakse potentsiomeetrit robotites?Kuidas potentsiomeeter m\u00f5\u00f5dab nurka v\u00f5i asendit?","breadcrumb":{"@id":"https:\/\/oleksandraryshniak24.thkit.ee\/wp1\/praktika-2-potentsiomeeter-2\/#breadcrumb"},"inLanguage":"et","potentialAction":[{"@type":"ReadAction","target":["https:\/\/oleksandraryshniak24.thkit.ee\/wp1\/praktika-2-potentsiomeeter-2\/"]}]},{"@type":"ImageObject","inLanguage":"et","@id":"https:\/\/oleksandraryshniak24.thkit.ee\/wp1\/praktika-2-potentsiomeeter-2\/#primaryimage","url":"https:\/\/oleksandraryshniak24.thkit.ee\/wp1\/wp-content\/uploads\/2025\/04\/pilt.png","contentUrl":"https:\/\/oleksandraryshniak24.thkit.ee\/wp1\/wp-content\/uploads\/2025\/04\/pilt.png","width":654,"height":619},{"@type":"BreadcrumbList","@id":"https:\/\/oleksandraryshniak24.thkit.ee\/wp1\/praktika-2-potentsiomeeter-2\/#breadcrumb","itemListElement":[{"@type":"ListItem","position":1,"name":"Home","item":"https:\/\/oleksandraryshniak24.thkit.ee\/wp1\/"},{"@type":"ListItem","position":2,"name":"Praktika 2 Potentsiomeeter"}]},{"@type":"WebSite","@id":"https:\/\/oleksandraryshniak24.thkit.ee\/wp1\/#website","url":"https:\/\/oleksandraryshniak24.thkit.ee\/wp1\/","name":"Oleksandra Ryshniak Portfolio","description":"\u041f\u0440\u043e\u0441\u0442\u043e \u0435\u0449\u0435 \u043e\u0434\u0438\u043d WordPress \u0441\u0430\u0439\u0442","potentialAction":[{"@type":"SearchAction","target":{"@type":"EntryPoint","urlTemplate":"https:\/\/oleksandraryshniak24.thkit.ee\/wp1\/?s={search_term_string}"},"query-input":{"@type":"PropertyValueSpecification","valueRequired":true,"valueName":"search_term_string"}}],"inLanguage":"et"}]}},"_links":{"self":[{"href":"https:\/\/oleksandraryshniak24.thkit.ee\/wp1\/wp-json\/wp\/v2\/pages\/1286","targetHints":{"allow":["GET"]}}],"collection":[{"href":"https:\/\/oleksandraryshniak24.thkit.ee\/wp1\/wp-json\/wp\/v2\/pages"}],"about":[{"href":"https:\/\/oleksandraryshniak24.thkit.ee\/wp1\/wp-json\/wp\/v2\/types\/page"}],"author":[{"embeddable":true,"href":"https:\/\/oleksandraryshniak24.thkit.ee\/wp1\/wp-json\/wp\/v2\/users\/1"}],"replies":[{"embeddable":true,"href":"https:\/\/oleksandraryshniak24.thkit.ee\/wp1\/wp-json\/wp\/v2\/comments?post=1286"}],"version-history":[{"count":1,"href":"https:\/\/oleksandraryshniak24.thkit.ee\/wp1\/wp-json\/wp\/v2\/pages\/1286\/revisions"}],"predecessor-version":[{"id":1785,"href":"https:\/\/oleksandraryshniak24.thkit.ee\/wp1\/wp-json\/wp\/v2\/pages\/1286\/revisions\/1785"}],"wp:attachment":[{"href":"https:\/\/oleksandraryshniak24.thkit.ee\/wp1\/wp-json\/wp\/v2\/media?parent=1286"}],"curies":[{"name":"wp","href":"https:\/\/api.w.org\/{rel}","templated":true}]}}