{"id":1288,"date":"2025-04-25T15:12:54","date_gmt":"2025-04-25T12:12:54","guid":{"rendered":"https:\/\/com47276.wordpress.com\/?page_id=765"},"modified":"2025-04-25T15:12:54","modified_gmt":"2025-04-25T12:12:54","slug":"praktika-4-temperatuuri-andur-servo-mootor-2","status":"publish","type":"page","link":"https:\/\/oleksandraryshniak24.thkit.ee\/wp1\/praktika-4-temperatuuri-andur-servo-mootor-2\/","title":{"rendered":"Praktika 4 Temperatuuri andur, Servo mootor"},"content":{"rendered":"\n<h2 class=\"wp-block-heading\">Praktika 4. Tempetatuuri andur ja Servo mootor<\/h2>\n\n\n\n<h2 class=\"wp-block-heading\">Katse 4.1 &#8220;Temperatuuri andur&#8221;<\/h2>\n\n\n\n<h3 class=\"wp-block-heading\">Komponendid:<\/h3>\n\n\n\n<p>Juhe \u2014 4<br>Arendusplaat \u2014 1<br>Emaplaat \u2014 1<br>Temperatuuti andur  \u2014 1<\/p>\n\n\n\n<h3 class=\"wp-block-heading\">Skeem: <\/h3>\n\n\n\n<figure class=\"wp-block-image size-large\"><img loading=\"lazy\" decoding=\"async\" width=\"637\" height=\"452\" src=\"https:\/\/oleksandraryshniak24.thkit.ee\/wp1\/wp-content\/uploads\/2025\/04\/pilt-5.png?w=637\" alt=\"\" class=\"wp-image-768\" srcset=\"https:\/\/oleksandraryshniak24.thkit.ee\/wp1\/wp-content\/uploads\/2025\/04\/pilt-5.png 637w, https:\/\/oleksandraryshniak24.thkit.ee\/wp1\/wp-content\/uploads\/2025\/04\/pilt-5-300x213.png 300w\" sizes=\"auto, (max-width: 637px) 100vw, 637px\" \/><\/figure>\n\n\n\n<p><\/p>\n\n\n\n<h3 class=\"wp-block-heading\">Kood:<\/h3>\n\n\n<div class=\"wp-block-syntaxhighlighter-code \"><pre class=\"brush: cpp; title: ; notranslate\" title=\"\">\nconst int temperaturePin = 0;\n\nvoid setup()\n{\nSerial.begin(9600);\n}\n\nvoid loop()\n{\n\nfloat voltage, degreesC, degreesF;\n\/\/ kasutame analogRead(), mis tagastab sisendi v\u00e4\u00e4rtused vahemikul 0 ... 1023.\n\/\/ koostasime getVoltage() funktsioon, mis tagastab pingev\u00e4\u00e4rtus  0 ... 5,\n\nvoltage = getVoltage(temperaturePin);\ndegreesC = (voltage - 0.5) * 100.0;\n\/\/ degreesC = voltage * 100.0;\ndegreesF = degreesC * (9.0\/5.0) + 32.0;\nSerial.print(&quot;voltage: &quot;);\nSerial.print(voltage);\nSerial.print(&quot; deg C: &quot;);\nSerial.print(degreesC);\nSerial.print(&quot; deg F: &quot;);\nSerial.println(degreesF);\n\n\n\/\/Ekraanil ilmub j\u00e4rgmine tekst: &quot;voltage: 0.73 deg C: 22.75 deg F: 72.96&quot;\ndelay(1000); \/\/ ootame 1 sek\n}\n\nfloat getVoltage(int pin)\n{\nreturn (analogRead(pin) * 0.004882814);\n\/\/ teisendame pinge vahemikust 0,0 ... 5,0 V, vahemikku 0 \u0434\u043e 1023.\n}\n<\/pre><\/div>\n\n\n<p><\/p>\n\n\n\n<h2 class=\"wp-block-heading\">Katse 4.2 &#8220;Servo kasutamine&#8221;<\/h2>\n\n\n\n<h3 class=\"wp-block-heading\">Komponendid: <\/h3>\n\n\n\n<p>Servo Kasutamine \u2014 1<br>Juhe \u2014  8<br>Emaplaat \u2014 1<br>Arendusplaat \u2014 1<\/p>\n\n\n\n<h3 class=\"wp-block-heading\">Skeem: <\/h3>\n\n\n\n<figure class=\"wp-block-image size-large\"><img loading=\"lazy\" decoding=\"async\" width=\"496\" height=\"466\" src=\"https:\/\/oleksandraryshniak24.thkit.ee\/wp1\/wp-content\/uploads\/2025\/04\/pilt-6.png?w=496\" alt=\"\" class=\"wp-image-770\" srcset=\"https:\/\/oleksandraryshniak24.thkit.ee\/wp1\/wp-content\/uploads\/2025\/04\/pilt-6.png 496w, https:\/\/oleksandraryshniak24.thkit.ee\/wp1\/wp-content\/uploads\/2025\/04\/pilt-6-300x282.png 300w\" sizes=\"auto, (max-width: 496px) 100vw, 496px\" \/><\/figure>\n\n\n\n<p><\/p>\n\n\n\n<h3 class=\"wp-block-heading\">Kood: <\/h3>\n\n\n<div class=\"wp-block-syntaxhighlighter-code \"><pre class=\"brush: cpp; title: ; notranslate\" title=\"\">\n#include  &lt;Servo.h&gt; \/\/ nii teavitame Arduino IDE-t vajadusest kasutada Servo.h teeki (\u043f\u043e\u0434\u043a\u043b\u044e\u0447\u0430\u0435\u043c \u0434\u043e\u043f\u043e\u043b\u043d\u0438\u0442\u0435\u043b\u044c\u043d\u0443\u044e \u0431\u0438\u0431\u043b\u0438\u043e\u0442\u0435\u043a\u0443)\n\/\/ \u041a\u0430\u043a \u0442\u043e\u043b\u044c\u043a\u043e \u0432\u044b &quot;\u043f\u043e\u0434\u043a\u043b\u044e\u0447\u0430\u0435\u0442\u0435&quot; \u0431\u0438\u0431\u043b\u0438\u043e\u0442\u0435\u043a\u0443, \u0442\u0430\u043a \u0441\u0440\u0430\u0437\u0443 \u043f\u043e\u043b\u0443\u0447\u0430\u0435\u0442\u0435 \u0434\u043e\u0441\u0442\u0443\u043f \u043a \u044d\u0442\u0438\u043c \u0444\u0443\u043d\u043a\u0446\u0438\u044f\u043c. \u0412\u044b \u043c\u043e\u0436\u0435\u0442\u0435 \u043d\u0430\u0439\u0442\u0438 \u0441\u043f\u0438\u0441\u043e\u043a \u0444\u0443\u043d\u043a\u0446\u0438\u0439 \u0432 \u0431\u0438\u0431\u043b\u0438\u043e\u0442\u0435\u043a\u0435\n\/\/ \u0441\u0435\u0440\u0432\u043e\u043f\u0440\u0438\u0432\u043e\u0434\u0430 \u0432: http:\/\/arduino.cc\/en\/Reference\/Servo. \u0411\u043e\u043b\u044c\u0448\u0438\u043d\u0441\u0442\u0432\u043e \u0431\u0438\u0431\u043b\u0438\u043e\u0442\u0435\u043a \u0434\u043e\u0441\u0442\u0443\u043f\u043d\u043e \u0438\u0437 \u043c\u0435\u043d\u044e &quot;\u0424\u0430\u0439\u043b \/ \u043f\u0440\u0438\u043c\u0435\u0440\u044b&quot;.\n\nServo servo1; \/\/ Peame looma servo objekti nimega servo1 (\u043e\u0431\u044a\u0435\u043a\u0442 \u0443\u043f\u0440\u0430\u0432\u043b\u0435\u043d\u0438\u044f \u0441\u0435\u0440\u0432\u043e\u043f\u0440\u0438\u0432\u043e\u0434\u043e\u043c)\n\nvoid setup()\n{\n\/\/ \u0421\u0435\u0439\u0447\u0430\u0441 \u043c\u044b \u043f\u0440\u0438\u043a\u0440\u0435\u043f\u0438\u043c (attach) \u043e\u0431\u044a\u0435\u043a\u0442 servo1 \u043a \u0446\u0438\u0444\u0440\u043e\u0432\u043e\u043c\u0443 \u043f\u0438\u043d\u0443 9. \u0415\u0441\u043b\u0438 \u0432\u044b \u0441\u043e\u0431\u0438\u0440\u0430\u0435\u0442\u0435\u0441\u044c \u0443\u043f\u0440\u0430\u0432\u043b\u044f\u0442\u044c \u0431\u043e\u043b\u0435\u0435 \u0447\u0435\u043c \u043e\u0434\u043d\u0438\u043c\n\/\/ \u0441\u0435\u0440\u0432\u043e\u043f\u0440\u0438\u0432\u043e\u0434\u043e\u043c, \u0412\u044b \u0434\u043e\u043b\u0436\u043d\u044b \u043f\u0440\u0438\u043a\u0440\u0435\u043f\u0438\u0442\u044c \u043a\u0430\u0436\u0434\u044b\u0439 \u043d\u043e\u0432\u044b\u0439 \u043e\u0431\u044a\u0435\u043a\u0442 \u0441\u0435\u0440\u0432\u043e \u043a \u0441\u0432\u043e\u0435\u043c\u0443, \u043e\u0442\u0434\u0435\u043b\u044c\u043d\u043e\u043c\u0443 \u043f\u043e\u0440\u0442\u0443, \u043f\u0440\u0438\u0447\u0435\u043c \u044d\u0442\u043e \u043f\u043e\u0440\u0442 \u0434\u043e\u043b\u0436\u0435\u043d \u0431\u044b\u0442\u044c \u0446\u0438\u0444\u0440\u043e\u0432\u044b\u043c.\nservo1.attach(9); \/\/\u00fctleme Arduinole, et infosuhtlus servo-objektiga servo k\u00e4ib l\u00e4bi klemmi number 9. Tegu on digitaal-klemmiga--PWM digitaalne osa! Kontrollime, kas skeemil kasutame sama klemmi.\n}\nvoid loop()\n{\nint position;\n\nservo1.write(90); \/\/p\u00f6\u00f6ramise nurk =90\ndelay(1000); \nservo1.write(180); \/\/p\u00f6\u00f6ramise nurk =180\ndelay(1000);\nservo1.write(0); \/\/p\u00f6\u00f6ramise nurk =0\ndelay(1000);\n\n\/\/ servo positsiooni muutmine v\u00e4ike kiirusega p\u00e4risuunas:\nfor(position = 0; position &lt; 180; position += 2)\n{\nservo1.write(position); \/\/ positsiooni muutmine\ndelay(20); \n}\n\n\/\/ servo positsiooni muutmine v\u00e4ike kiirusega vastup\u00e4eva:\nfor(position = 180; position &gt;= 0; position -= 1)\n{ \nservo1.write(position); \/\/ positsiooni muutmine\ndelay(20); \n}\n}\n\n<\/pre><\/div>\n\n\n<p><\/p>\n\n\n\n<h2 class=\"wp-block-heading\">Katse 4.3 &#8220;Automatiseeritud Kasvuhoone&#8221;<\/h2>\n\n\n\n<h3 class=\"wp-block-heading\">T\u00f6\u00f6 Kirjeldus:<\/h3>\n\n\n\n<p>Kasvuhoone automaatsete uste ja sisse l\u00fclituva sisemise valgustusega.<\/p>\n\n\n\n<h3 class=\"wp-block-heading\">T\u00f6\u00f6 Protsess:<\/h3>\n\n\n\n<p>Kasvuhoone uksed avanevad automaatselt, kui siseruumide temperatuur j\u00f5uab 30 kraadini, ja sulguvad, kui temperatuur langeb 20 kraadini. Lamp l\u00fclitub automaatselt sisse, kui muutub pimedaks, ja v\u00e4lja, kui valgust on piisavalt.<\/p>\n\n\n\n<h3 class=\"wp-block-heading\">Komponendid:<\/h3>\n\n\n\n<p>Photoresistor \u2014 1<br>Emaplaat \u2014 1<br>LED \u2014  1<br>Taikisti \u2014 1 (220 Om) <br>Taikisti \u2014 1 (10K Om)<br>Juhe \u2014 12<br>Arendusplaat \u2014 1<br>Servo Kasutamine \u2014 1<br>Temperatuuti andur \u2014 1<\/p>\n\n\n\n<h3 class=\"wp-block-heading\">\u00dchendamise Skeem:<\/h3>\n\n\n\n<figure class=\"wp-block-image size-large\"><img decoding=\"async\" src=\"https:\/\/oleksandraryshniak24.thkit.ee\/wp1\/wp-content\/uploads\/2025\/05\/pilt-1.png?w=497\" alt=\"\" class=\"wp-image-790\" \/><\/figure>\n\n\n\n<h3 class=\"wp-block-heading\">Programm:<\/h3>\n\n\n<div class=\"wp-block-syntaxhighlighter-code \"><pre class=\"brush: cpp; title: ; notranslate\" title=\"\">\n#include &lt;Servo.h&gt;\n\nconst int tempPin = A0;    \nconst int ldrPin = A1;     \nconst int ledPin = 2;      \nconst int servoPin = 13;    \nServo servo;\nint currentAngle = 0;      \nint targetAngle = 0;       \n\nvoid setup() {\n  pinMode(ledPin, OUTPUT);\n  servo.attach(servoPin);\n  servo.write(currentAngle); \n  Serial.begin(9600);       \n}\n\nvoid loop() {\n  int tempReading = analogRead(tempPin);\n  float voltage = tempReading * (5.0 \/ 1023.0);\n  float temperature = (voltage - 0.5) * 100; \n\n  if (temperature &lt;= 20) {\n    targetAngle = 0;  \n  } else if (temperature &gt;= 30) {\n    targetAngle = 130; \n  } else {\n    targetAngle = currentAngle; \n  }\n\n  if (currentAngle != targetAngle) {\n    servo.attach(servoPin); \n    if (currentAngle &lt; targetAngle) {\n      currentAngle++; \n      servo.write(currentAngle);\n      delay(15); \n    } else if (currentAngle &gt; targetAngle) {\n      currentAngle--; \n      servo.write(currentAngle);\n      delay(15); \n    }\n\n    if (currentAngle == targetAngle) {\n      delay(100); \n      servo.detach(); \n    }\n  }\n\n \n  int lightLevel = analogRead(ldrPin);\n  if (lightLevel &gt; 500) { \n    digitalWrite(ledPin, HIGH);\n  } else {\n    digitalWrite(ledPin, LOW);\n  }\n\n  Serial.print(&quot;Temp: &quot;);\n  Serial.print(temperature);\n  Serial.print(&quot;C, Angle: &quot;);\n  Serial.print(currentAngle);\n  Serial.print(&quot;, Light: &quot;);\n  Serial.println(lightLevel);\n\n  delay(100); \n}\n<\/pre><\/div>\n\n\n<h3 class=\"wp-block-heading\">Video:<\/h3>\n\n\n\n<p><a href=\"https:\/\/drive.google.com\/file\/d\/1_Gs7dZy6d4K37XtIFPm3p70d8IlXjQxz\/view?usp=sharing\">https:\/\/drive.google.com\/file\/d\/1_Gs7dZy6d4K37XtIFPm3p70d8IlXjQxz\/view?usp=sharing<\/a><\/p>\n\n\n\n<h3 class=\"wp-block-heading\">Uued Funktsioonid:<\/h3>\n\n\n\n<p>include &lt;Servo.h&gt; &#8211; Servo mootorite raamatu teekide kasutamine<br>servo.attach &#8211; Kasutatakse servo mootori kinnitamiseks konkreetsele pinnile Arduino plaadil. <\/p>\n\n\n\n<p><\/p>\n","protected":false},"excerpt":{"rendered":"<p>Praktika 4. Tempetatuuri andur ja Servo mootor Katse 4.1 &#8220;Temperatuuri andur&#8221; Komponendid: Juhe \u2014 4Arendusplaat \u2014 1Emaplaat \u2014 1Temperatuuti andur [&hellip;]<\/p>\n","protected":false},"author":1,"featured_media":0,"parent":0,"menu_order":0,"comment_status":"closed","ping_status":"closed","template":"page-with-title","meta":{"footnotes":""},"class_list":["post-1288","page","type-page","status-publish","hentry"],"yoast_head":"<!-- This site is optimized with the Yoast SEO plugin v27.4 - https:\/\/yoast.com\/product\/yoast-seo-wordpress\/ -->\n<title>Praktika 4 Temperatuuri andur, Servo mootor - Oleksandra Ryshniak Portfolio<\/title>\n<meta name=\"robots\" content=\"index, follow, max-snippet:-1, max-image-preview:large, max-video-preview:-1\" \/>\n<link rel=\"canonical\" href=\"https:\/\/oleksandraryshniak24.thkit.ee\/wp1\/praktika-4-temperatuuri-andur-servo-mootor-2\/\" \/>\n<meta property=\"og:locale\" content=\"et_EE\" \/>\n<meta property=\"og:type\" content=\"article\" \/>\n<meta property=\"og:title\" content=\"Praktika 4 Temperatuuri andur, Servo mootor - Oleksandra Ryshniak Portfolio\" \/>\n<meta property=\"og:description\" content=\"Praktika 4. Tempetatuuri andur ja Servo mootor Katse 4.1 &#8220;Temperatuuri andur&#8221; Komponendid: Juhe \u2014 4Arendusplaat \u2014 1Emaplaat \u2014 1Temperatuuti andur [&hellip;]\" \/>\n<meta property=\"og:url\" content=\"https:\/\/oleksandraryshniak24.thkit.ee\/wp1\/praktika-4-temperatuuri-andur-servo-mootor-2\/\" \/>\n<meta property=\"og:site_name\" content=\"Oleksandra Ryshniak Portfolio\" \/>\n<meta property=\"og:image\" content=\"https:\/\/oleksandraryshniak24.thkit.ee\/wp1\/wp-content\/uploads\/2025\/04\/pilt-5.png\" \/>\n\t<meta property=\"og:image:width\" content=\"637\" \/>\n\t<meta property=\"og:image:height\" content=\"452\" \/>\n\t<meta property=\"og:image:type\" content=\"image\/png\" \/>\n<meta name=\"twitter:card\" content=\"summary_large_image\" \/>\n<meta name=\"twitter:label1\" content=\"Est. reading time\" \/>\n\t<meta name=\"twitter:data1\" content=\"2 minutit\" \/>\n<script type=\"application\/ld+json\" class=\"yoast-schema-graph\">{\"@context\":\"https:\\\/\\\/schema.org\",\"@graph\":[{\"@type\":\"WebPage\",\"@id\":\"https:\\\/\\\/oleksandraryshniak24.thkit.ee\\\/wp1\\\/praktika-4-temperatuuri-andur-servo-mootor-2\\\/\",\"url\":\"https:\\\/\\\/oleksandraryshniak24.thkit.ee\\\/wp1\\\/praktika-4-temperatuuri-andur-servo-mootor-2\\\/\",\"name\":\"Praktika 4 Temperatuuri andur, Servo mootor - Oleksandra Ryshniak Portfolio\",\"isPartOf\":{\"@id\":\"https:\\\/\\\/oleksandraryshniak24.thkit.ee\\\/wp1\\\/#website\"},\"primaryImageOfPage\":{\"@id\":\"https:\\\/\\\/oleksandraryshniak24.thkit.ee\\\/wp1\\\/praktika-4-temperatuuri-andur-servo-mootor-2\\\/#primaryimage\"},\"image\":{\"@id\":\"https:\\\/\\\/oleksandraryshniak24.thkit.ee\\\/wp1\\\/praktika-4-temperatuuri-andur-servo-mootor-2\\\/#primaryimage\"},\"thumbnailUrl\":\"https:\\\/\\\/oleksandraryshniak24.thkit.ee\\\/wp1\\\/wp-content\\\/uploads\\\/2025\\\/04\\\/pilt-5.png?w=637\",\"datePublished\":\"2025-04-25T12:12:54+00:00\",\"breadcrumb\":{\"@id\":\"https:\\\/\\\/oleksandraryshniak24.thkit.ee\\\/wp1\\\/praktika-4-temperatuuri-andur-servo-mootor-2\\\/#breadcrumb\"},\"inLanguage\":\"et\",\"potentialAction\":[{\"@type\":\"ReadAction\",\"target\":[\"https:\\\/\\\/oleksandraryshniak24.thkit.ee\\\/wp1\\\/praktika-4-temperatuuri-andur-servo-mootor-2\\\/\"]}]},{\"@type\":\"ImageObject\",\"inLanguage\":\"et\",\"@id\":\"https:\\\/\\\/oleksandraryshniak24.thkit.ee\\\/wp1\\\/praktika-4-temperatuuri-andur-servo-mootor-2\\\/#primaryimage\",\"url\":\"https:\\\/\\\/oleksandraryshniak24.thkit.ee\\\/wp1\\\/wp-content\\\/uploads\\\/2025\\\/04\\\/pilt-5.png\",\"contentUrl\":\"https:\\\/\\\/oleksandraryshniak24.thkit.ee\\\/wp1\\\/wp-content\\\/uploads\\\/2025\\\/04\\\/pilt-5.png\",\"width\":637,\"height\":452},{\"@type\":\"BreadcrumbList\",\"@id\":\"https:\\\/\\\/oleksandraryshniak24.thkit.ee\\\/wp1\\\/praktika-4-temperatuuri-andur-servo-mootor-2\\\/#breadcrumb\",\"itemListElement\":[{\"@type\":\"ListItem\",\"position\":1,\"name\":\"Home\",\"item\":\"https:\\\/\\\/oleksandraryshniak24.thkit.ee\\\/wp1\\\/\"},{\"@type\":\"ListItem\",\"position\":2,\"name\":\"Praktika 4 Temperatuuri andur, Servo mootor\"}]},{\"@type\":\"WebSite\",\"@id\":\"https:\\\/\\\/oleksandraryshniak24.thkit.ee\\\/wp1\\\/#website\",\"url\":\"https:\\\/\\\/oleksandraryshniak24.thkit.ee\\\/wp1\\\/\",\"name\":\"Oleksandra Ryshniak Portfolio\",\"description\":\"\u041f\u0440\u043e\u0441\u0442\u043e \u0435\u0449\u0435 \u043e\u0434\u0438\u043d WordPress \u0441\u0430\u0439\u0442\",\"potentialAction\":[{\"@type\":\"SearchAction\",\"target\":{\"@type\":\"EntryPoint\",\"urlTemplate\":\"https:\\\/\\\/oleksandraryshniak24.thkit.ee\\\/wp1\\\/?s={search_term_string}\"},\"query-input\":{\"@type\":\"PropertyValueSpecification\",\"valueRequired\":true,\"valueName\":\"search_term_string\"}}],\"inLanguage\":\"et\"}]}<\/script>\n<!-- \/ Yoast SEO plugin. -->","yoast_head_json":{"title":"Praktika 4 Temperatuuri andur, Servo mootor - Oleksandra Ryshniak Portfolio","robots":{"index":"index","follow":"follow","max-snippet":"max-snippet:-1","max-image-preview":"max-image-preview:large","max-video-preview":"max-video-preview:-1"},"canonical":"https:\/\/oleksandraryshniak24.thkit.ee\/wp1\/praktika-4-temperatuuri-andur-servo-mootor-2\/","og_locale":"et_EE","og_type":"article","og_title":"Praktika 4 Temperatuuri andur, Servo mootor - Oleksandra Ryshniak Portfolio","og_description":"Praktika 4. Tempetatuuri andur ja Servo mootor Katse 4.1 &#8220;Temperatuuri andur&#8221; Komponendid: Juhe \u2014 4Arendusplaat \u2014 1Emaplaat \u2014 1Temperatuuti andur [&hellip;]","og_url":"https:\/\/oleksandraryshniak24.thkit.ee\/wp1\/praktika-4-temperatuuri-andur-servo-mootor-2\/","og_site_name":"Oleksandra Ryshniak Portfolio","og_image":[{"width":637,"height":452,"url":"https:\/\/oleksandraryshniak24.thkit.ee\/wp1\/wp-content\/uploads\/2025\/04\/pilt-5.png","type":"image\/png"}],"twitter_card":"summary_large_image","twitter_misc":{"Est. reading time":"2 minutit"},"schema":{"@context":"https:\/\/schema.org","@graph":[{"@type":"WebPage","@id":"https:\/\/oleksandraryshniak24.thkit.ee\/wp1\/praktika-4-temperatuuri-andur-servo-mootor-2\/","url":"https:\/\/oleksandraryshniak24.thkit.ee\/wp1\/praktika-4-temperatuuri-andur-servo-mootor-2\/","name":"Praktika 4 Temperatuuri andur, Servo mootor - Oleksandra Ryshniak Portfolio","isPartOf":{"@id":"https:\/\/oleksandraryshniak24.thkit.ee\/wp1\/#website"},"primaryImageOfPage":{"@id":"https:\/\/oleksandraryshniak24.thkit.ee\/wp1\/praktika-4-temperatuuri-andur-servo-mootor-2\/#primaryimage"},"image":{"@id":"https:\/\/oleksandraryshniak24.thkit.ee\/wp1\/praktika-4-temperatuuri-andur-servo-mootor-2\/#primaryimage"},"thumbnailUrl":"https:\/\/oleksandraryshniak24.thkit.ee\/wp1\/wp-content\/uploads\/2025\/04\/pilt-5.png?w=637","datePublished":"2025-04-25T12:12:54+00:00","breadcrumb":{"@id":"https:\/\/oleksandraryshniak24.thkit.ee\/wp1\/praktika-4-temperatuuri-andur-servo-mootor-2\/#breadcrumb"},"inLanguage":"et","potentialAction":[{"@type":"ReadAction","target":["https:\/\/oleksandraryshniak24.thkit.ee\/wp1\/praktika-4-temperatuuri-andur-servo-mootor-2\/"]}]},{"@type":"ImageObject","inLanguage":"et","@id":"https:\/\/oleksandraryshniak24.thkit.ee\/wp1\/praktika-4-temperatuuri-andur-servo-mootor-2\/#primaryimage","url":"https:\/\/oleksandraryshniak24.thkit.ee\/wp1\/wp-content\/uploads\/2025\/04\/pilt-5.png","contentUrl":"https:\/\/oleksandraryshniak24.thkit.ee\/wp1\/wp-content\/uploads\/2025\/04\/pilt-5.png","width":637,"height":452},{"@type":"BreadcrumbList","@id":"https:\/\/oleksandraryshniak24.thkit.ee\/wp1\/praktika-4-temperatuuri-andur-servo-mootor-2\/#breadcrumb","itemListElement":[{"@type":"ListItem","position":1,"name":"Home","item":"https:\/\/oleksandraryshniak24.thkit.ee\/wp1\/"},{"@type":"ListItem","position":2,"name":"Praktika 4 Temperatuuri andur, Servo mootor"}]},{"@type":"WebSite","@id":"https:\/\/oleksandraryshniak24.thkit.ee\/wp1\/#website","url":"https:\/\/oleksandraryshniak24.thkit.ee\/wp1\/","name":"Oleksandra Ryshniak Portfolio","description":"\u041f\u0440\u043e\u0441\u0442\u043e \u0435\u0449\u0435 \u043e\u0434\u0438\u043d WordPress \u0441\u0430\u0439\u0442","potentialAction":[{"@type":"SearchAction","target":{"@type":"EntryPoint","urlTemplate":"https:\/\/oleksandraryshniak24.thkit.ee\/wp1\/?s={search_term_string}"},"query-input":{"@type":"PropertyValueSpecification","valueRequired":true,"valueName":"search_term_string"}}],"inLanguage":"et"}]}},"_links":{"self":[{"href":"https:\/\/oleksandraryshniak24.thkit.ee\/wp1\/wp-json\/wp\/v2\/pages\/1288","targetHints":{"allow":["GET"]}}],"collection":[{"href":"https:\/\/oleksandraryshniak24.thkit.ee\/wp1\/wp-json\/wp\/v2\/pages"}],"about":[{"href":"https:\/\/oleksandraryshniak24.thkit.ee\/wp1\/wp-json\/wp\/v2\/types\/page"}],"author":[{"embeddable":true,"href":"https:\/\/oleksandraryshniak24.thkit.ee\/wp1\/wp-json\/wp\/v2\/users\/1"}],"replies":[{"embeddable":true,"href":"https:\/\/oleksandraryshniak24.thkit.ee\/wp1\/wp-json\/wp\/v2\/comments?post=1288"}],"version-history":[{"count":1,"href":"https:\/\/oleksandraryshniak24.thkit.ee\/wp1\/wp-json\/wp\/v2\/pages\/1288\/revisions"}],"predecessor-version":[{"id":1788,"href":"https:\/\/oleksandraryshniak24.thkit.ee\/wp1\/wp-json\/wp\/v2\/pages\/1288\/revisions\/1788"}],"wp:attachment":[{"href":"https:\/\/oleksandraryshniak24.thkit.ee\/wp1\/wp-json\/wp\/v2\/media?parent=1288"}],"curies":[{"name":"wp","href":"https:\/\/api.w.org\/{rel}","templated":true}]}}