{"id":1289,"date":"2025-05-08T15:41:19","date_gmt":"2025-05-08T12:41:19","guid":{"rendered":"https:\/\/com47276.wordpress.com\/?page_id=816"},"modified":"2025-05-08T15:41:19","modified_gmt":"2025-05-08T12:41:19","slug":"praktika-6-buzzer-2","status":"publish","type":"page","link":"https:\/\/oleksandraryshniak24.thkit.ee\/wp1\/praktika-6-buzzer-2\/","title":{"rendered":"Praktika 6 Buzzer"},"content":{"rendered":"\n<h2 class=\"wp-block-heading\">Praktika 6. Buzzer<\/h2>\n\n\n\n<h3 class=\"wp-block-heading\">Katse 6.1 &#8220;Buzzer&#8221;<\/h3>\n\n\n\n<h4 class=\"wp-block-heading\">Komponendid:<\/h4>\n\n\n\n<p>Emaplaat &#8211; 1<br>Arenduspaat &#8211; 1<br>Juhe &#8211; 4<br>Buzzer &#8211; 1<\/p>\n\n\n\n<h4 class=\"wp-block-heading\">Skeem: <\/h4>\n\n\n\n<figure class=\"wp-block-image size-large\"><img decoding=\"async\" src=\"https:\/\/oleksandraryshniak24.thkit.ee\/wp1\/wp-content\/uploads\/2025\/05\/image-1.png?w=457\" alt=\"\" class=\"wp-image-872\" \/><\/figure>\n\n\n\n<h4 class=\"wp-block-heading\">Kood:<\/h4>\n\n\n<div class=\"wp-block-syntaxhighlighter-code \"><pre class=\"brush: plain; title: ; notranslate\" title=\"\">\n\/\/ Meloodiate m\u00e4ngimine.\n\n\/\/ K\u00e4sk Arduino tone() - noote tihedus.\n\n\/\/ Noodid:\n\n\/\/ note \tfrequency\n\n\/\/ c\u00a0 \u00a0 \u00a0262 Hz\n\n\/\/ d\u00a0 \u00a0 \u00a0294 Hz\n\n\/\/ e\u00a0 \u00a0 \u00a0330 Hz\n\n\/\/ f\u00a0 \u00a0 \u00a0349 Hz\n\n\/\/ g\u00a0 \u00a0 \u00a0392 Hz\n\n\/\/ a\u00a0 \u00a0 \u00a0440 Hz\n\n\/\/ b\u00a0 \u00a0 \u00a0494 Hz\n\n\/\/ C\u00a0 \u00a0 \u00a0523 Hz\n\nconst int buzzerPin = 9;\n\n\/\/ pikkus on nootide ja pausite koguste summa\n\nconst int songLength = 18;\n\nchar notes&#x5B;] = &quot;cdfda ag cdfdg gf &quot;; \/\/ t\u00e4hed on noodid ja t\u00fchik on paus\n\n\/\/ R\u00fctmi seadistamine.\n\nint beats&#x5B;] = {1,1,1,1,1,1,4,4,2,1,1,1,1,1,1,4,4,2};\n\n\/\/ &quot;tempo&quot; meloodia kiirus. Kui v\u00e4iksem tempo_ siis suurem kiirus.\n\nint tempo = 150;\n\nvoid setup()\n{\n  pinMode(buzzerPin, OUTPUT);\n}\nvoid loop()\n{\n  int i, duration;\n  for (i = 0; i &amp;lt; songLength; i++)\n  {\n\tduration = beats&#x5B;i]*tempo;\n\tif (notes&#x5B;i] == &#039; &#039;)\n   {\n     delay(duration);\n   }\n   else\n   {\n     tone(buzzerPin, frequency(notes&#x5B;i]), duration);\n     delay(duration);\n    }\n    \t\tdelay(tempo\/10);\n          }\n          while(true){}\n          }\n          int frequency(char note)\n          {\n            int i;\n            const int numNotes = 8;\n            char names&#x5B;] = {&#039;c&#039;, &#039;d&#039;, &#039;e&#039;, &#039;f&#039;, &#039;g&#039;, &#039;a&#039;, &#039;b&#039;, &#039;c&#039;};\n            int frequencies&#x5B;] = {262, 294, 330, 349, 392, 440, 494, 523};\n            for (i = 0; i &amp;lt; numNotes; i++)\n            {\n              if (names&#x5B;i] == note)\n              {\n                return(frequencies&#x5B;i]);\n              }\n            }\n            return(0);\n          }\n          \n<\/pre><\/div>\n\n\n<h3 class=\"wp-block-heading\">Katse 6.2 &#8220;DHT 22&#8221;<\/h3>\n\n\n\n<h4 class=\"wp-block-heading\">Komponendid:<\/h4>\n\n\n\n<p>Emaplaat &#8211; 1<br>Arendusplaat &#8211; 1<br>DHT 22 &#8211; 1<br>Juhe &#8211; 6<br>Taikisti &#8211; 1 (10K Om)<\/p>\n\n\n\n<h4 class=\"wp-block-heading\">Skeem:<\/h4>\n\n\n\n<figure class=\"wp-block-image size-large\"><img decoding=\"async\" src=\"https:\/\/oleksandraryshniak24.thkit.ee\/wp1\/wp-content\/uploads\/2025\/05\/pilt-4-1.png?w=530\" alt=\"\" class=\"wp-image-881\" \/><\/figure>\n\n\n\n<h4 class=\"wp-block-heading\">Kood:<\/h4>\n\n\n<div class=\"wp-block-syntaxhighlighter-code \"><pre class=\"brush: plain; title: ; notranslate\" title=\"\">\n#include &amp;lt;DHT.h&amp;gt;\n\n#define DHTPIN 2        \/\/ signaal Arduino D2-s\n#define DHTTYPE DHT22   \/\/ m\u00e4\u00e4rame \u00f5igeks t\u00fc\u00fcbiks DHT22\n\nDHT dht(DHTPIN, DHTTYPE);\n\nvoid setup() {\n  Serial.begin(9600);\n  dht.begin();\n\u2026\n  Serial.print(&quot;Temperatuur: &quot;);\n  Serial.print(temp);\n  Serial.print(&quot; \u00b0C | Niiskus: &quot;);\n  Serial.print(hum);\n  Serial.println(&quot; %&quot;);\n\n  delay(2000);\n}\n<\/pre><\/div>\n\n\n<h3 class=\"wp-block-heading\">Katse 6.3 &#8220;V\u00e4ike Alarm S\u00fcsteem&#8221;<\/h3>\n\n\n\n<h4 class=\"wp-block-heading\">T\u00f6\u00f6 kirjeldus:<\/h4>\n\n\n\n<p>Signalisatsioon, mis l\u00fclitub sisse, kui temperatuur on liiga k\u00f5rge v\u00f5i on liiga pime.<\/p>\n\n\n\n<h4 class=\"wp-block-heading\">T\u00f6\u00f6 protsess:<\/h4>\n\n\n\n<p>Kui temperatuur j\u00f5uab 30 kraadini v\u00f5i on liiga pime, l\u00fclitub sisse signalisatsioon (SOS-heli). Ekraanile kuvatakse andurite andmed. \u00dclemine rida n\u00e4itab temperatuuri, alumine rida valgust. Seda, kas ekraan t\u00f6\u00f6tab v\u00f5i mitte, juhib potentsiomeeter. Ekraanile kuvatavad andmed loetakse temperatuurisensorilt ja fotoresistorilt.<\/p>\n\n\n\n<h4 class=\"wp-block-heading\">Kasutatud komponeendid:<\/h4>\n\n\n\n<p>Photoresistor \u2014 1<br>Emaplaat \u2014 1<br>Temperatuuti andur \u2014 1<br>Taikisti \u2014 1 (220 Om)<br>Taikisti \u2014 1 (10K Om)<br>Juhe \u2014 35<br>Arendusplaat \u2014 1<br>LCD ekraan \u2014 1<br>Potentsiomeeter \u2014 1<br>Buzzer &#8211; 1<\/p>\n\n\n\n<h4 class=\"wp-block-heading\">Skeem:<\/h4>\n\n\n\n<figure class=\"wp-block-image size-large\"><img loading=\"lazy\" decoding=\"async\" width=\"526\" height=\"721\" src=\"https:\/\/oleksandraryshniak24.thkit.ee\/wp1\/wp-content\/uploads\/2025\/05\/pilt-5.png?w=526\" alt=\"\" class=\"wp-image-886\" srcset=\"https:\/\/oleksandraryshniak24.thkit.ee\/wp1\/wp-content\/uploads\/2025\/05\/pilt-5.png 526w, https:\/\/oleksandraryshniak24.thkit.ee\/wp1\/wp-content\/uploads\/2025\/05\/pilt-5-219x300.png 219w\" sizes=\"auto, (max-width: 526px) 100vw, 526px\" \/><\/figure>\n\n\n\n<h4 class=\"wp-block-heading\">Programm:<\/h4>\n\n\n<div class=\"wp-block-syntaxhighlighter-code \"><pre class=\"brush: csharp; title: ; notranslate\" title=\"\">\n#include &lt;LiquidCrystal.h&gt;\n\nconst int buzzerPin = 9;\nconst int tempPin = A1;\nconst int lightPin = A0;\nconst int switchPin = A2;\n\nLiquidCrystal lcd(12, 11, 5, 4, 3, 2); \n\nbool systemOn = false;\n\nvoid setup() {\n  lcd.begin(16, 2);  \n  pinMode(buzzerPin, OUTPUT);\n  Serial.begin(9600);\n\n  \n  lcd.setCursor(0, 0);\n  lcd.print(&quot;LCD Initialized&quot;);  \n  delay(2000);  \n  lcd.clear();  \n}\n\nvoid loop() {\n  int controlValue = analogRead(switchPin);\n\n  systemOn = controlValue &gt; 700;\n\n  if (systemOn) {\n    float voltage = getVoltage(tempPin);\n    float degreesC = (voltage - 0.5) * 100.0;  \n    int lightLevel = analogRead(lightPin);\n\n  \n    lcd.display(); \n    lcd.clear();\n    lcd.setCursor(0, 0);\n    lcd.print(&quot;Temp: &quot;);\n    lcd.print((int)degreesC);\n    lcd.print(&quot;C&quot;);\n\n    lcd.setCursor(0, 1);\n    lcd.print(&quot;Light: &quot;);\n    lcd.print(lightLevel);\n\n    Serial.print(&quot;Temp: &quot;);\n    Serial.print(degreesC);\n    Serial.print(&quot; C  Light: &quot;);\n    Serial.println(lightLevel);\n\n    \n    if (degreesC &gt; 30) {\n      alarmMode(&quot;Alert! Temp too high!&quot;);\n    } else if (lightLevel &gt; 500) {  \n      alarmMode(&quot;Alert! Too dark!&quot;);\n    } else {\n      normalMode();  \n    }\n\n  } else {\n\n    lcd.noDisplay(); \n    noTone(buzzerPin);  \n  }\n\n  delay(1000);\n}\n\n\nvoid alarmMode(String message) {\n  lcd.display();\n  lcd.clear();\n  lcd.setCursor(0, 0);\n  lcd.print(message);\n  playSOS();  \n}\n\nvoid normalMode() {\n  noTone(buzzerPin); \n}\n\nvoid playSOS() {\n  int freq = 1000;\n  int shortDur = 200;\n  int longDur = 600;\n  int pause = 200;\n\n  for (int i = 0; i &lt; 3; i++) { \n    tone(buzzerPin, freq);\n    delay(shortDur);\n    noTone(buzzerPin);\n    delay(pause);\n    tone(buzzerPin, freq);\n    delay(longDur);\n    noTone(buzzerPin);\n    delay(pause);\n    tone(buzzerPin, freq);\n    delay(shortDur);\n    noTone(buzzerPin);\n    delay(pause);\n  }\n}\n\nfloat getVoltage(int pin) {\n  return analogRead(pin) * 0.004882814;  \n}\n\n<\/pre><\/div>\n\n\n<h4 class=\"wp-block-heading\">Video:<\/h4>\n\n\n\n<p><a href=\"https:\/\/drive.google.com\/file\/d\/1WbB0zIcl7Muh_RHsOC5pYkZemDwzZx2n\/view?usp=sharing\">https:\/\/drive.google.com\/file\/d\/1WbB0zIcl7Muh_RHsOC5pYkZemDwzZx2n\/view?usp=sharing<\/a><\/p>\n\n\n\n<h4 class=\"wp-block-heading\">Uued funktsioonid:<\/h4>\n\n\n\n<p>alarmMode() &#8211; kasutatakse buzzri t\u00f6\u00f6ks signalisatsiooni ja teavitamise kontekstis.<br>noTone() &#8211; kasutatakse Arduinos helisignaali genereerimise peatamiseks.<\/p>\n\n\n\n<h4 class=\"wp-block-heading\">Rakendamine:<\/h4>\n\n\n\n<p>Signalisatsioon ja teavitamine;<br>Taimerid ja \u00e4ratuskellad;<br>Meditsiiniseadmed.<\/p>\n","protected":false},"excerpt":{"rendered":"<p>Praktika 6. Buzzer Katse 6.1 &#8220;Buzzer&#8221; Komponendid: Emaplaat &#8211; 1Arenduspaat &#8211; 1Juhe &#8211; 4Buzzer &#8211; 1 Skeem: Kood: Katse 6.2 [&hellip;]<\/p>\n","protected":false},"author":1,"featured_media":0,"parent":0,"menu_order":0,"comment_status":"closed","ping_status":"closed","template":"page-with-title","meta":{"footnotes":""},"class_list":["post-1289","page","type-page","status-publish","hentry"],"yoast_head":"<!-- This site is optimized with the Yoast SEO plugin v27.4 - https:\/\/yoast.com\/product\/yoast-seo-wordpress\/ -->\n<title>Praktika 6 Buzzer - Oleksandra Ryshniak Portfolio<\/title>\n<meta name=\"robots\" content=\"index, follow, max-snippet:-1, max-image-preview:large, max-video-preview:-1\" \/>\n<link rel=\"canonical\" href=\"https:\/\/oleksandraryshniak24.thkit.ee\/wp1\/praktika-6-buzzer-2\/\" \/>\n<meta property=\"og:locale\" content=\"et_EE\" \/>\n<meta property=\"og:type\" content=\"article\" \/>\n<meta property=\"og:title\" content=\"Praktika 6 Buzzer - Oleksandra Ryshniak Portfolio\" \/>\n<meta property=\"og:description\" content=\"Praktika 6. Buzzer Katse 6.1 &#8220;Buzzer&#8221; Komponendid: Emaplaat &#8211; 1Arenduspaat &#8211; 1Juhe &#8211; 4Buzzer &#8211; 1 Skeem: Kood: Katse 6.2 [&hellip;]\" \/>\n<meta property=\"og:url\" content=\"https:\/\/oleksandraryshniak24.thkit.ee\/wp1\/praktika-6-buzzer-2\/\" \/>\n<meta property=\"og:site_name\" content=\"Oleksandra Ryshniak Portfolio\" \/>\n<meta property=\"og:image\" content=\"https:\/\/oleksandraryshniak24.thkit.ee\/wp1\/wp-content\/uploads\/2025\/05\/image.png\" \/>\n\t<meta property=\"og:image:width\" content=\"457\" \/>\n\t<meta property=\"og:image:height\" content=\"538\" \/>\n\t<meta property=\"og:image:type\" content=\"image\/png\" \/>\n<meta name=\"twitter:card\" content=\"summary_large_image\" \/>\n<meta name=\"twitter:label1\" content=\"Est. reading time\" \/>\n\t<meta name=\"twitter:data1\" content=\"3 minutit\" \/>\n<script type=\"application\/ld+json\" class=\"yoast-schema-graph\">{\"@context\":\"https:\\\/\\\/schema.org\",\"@graph\":[{\"@type\":\"WebPage\",\"@id\":\"https:\\\/\\\/oleksandraryshniak24.thkit.ee\\\/wp1\\\/praktika-6-buzzer-2\\\/\",\"url\":\"https:\\\/\\\/oleksandraryshniak24.thkit.ee\\\/wp1\\\/praktika-6-buzzer-2\\\/\",\"name\":\"Praktika 6 Buzzer - Oleksandra Ryshniak Portfolio\",\"isPartOf\":{\"@id\":\"https:\\\/\\\/oleksandraryshniak24.thkit.ee\\\/wp1\\\/#website\"},\"primaryImageOfPage\":{\"@id\":\"https:\\\/\\\/oleksandraryshniak24.thkit.ee\\\/wp1\\\/praktika-6-buzzer-2\\\/#primaryimage\"},\"image\":{\"@id\":\"https:\\\/\\\/oleksandraryshniak24.thkit.ee\\\/wp1\\\/praktika-6-buzzer-2\\\/#primaryimage\"},\"thumbnailUrl\":\"https:\\\/\\\/oleksandraryshniak24.thkit.ee\\\/wp1\\\/wp-content\\\/uploads\\\/2025\\\/05\\\/image-1.png?w=457\",\"datePublished\":\"2025-05-08T12:41:19+00:00\",\"breadcrumb\":{\"@id\":\"https:\\\/\\\/oleksandraryshniak24.thkit.ee\\\/wp1\\\/praktika-6-buzzer-2\\\/#breadcrumb\"},\"inLanguage\":\"et\",\"potentialAction\":[{\"@type\":\"ReadAction\",\"target\":[\"https:\\\/\\\/oleksandraryshniak24.thkit.ee\\\/wp1\\\/praktika-6-buzzer-2\\\/\"]}]},{\"@type\":\"ImageObject\",\"inLanguage\":\"et\",\"@id\":\"https:\\\/\\\/oleksandraryshniak24.thkit.ee\\\/wp1\\\/praktika-6-buzzer-2\\\/#primaryimage\",\"url\":\"https:\\\/\\\/oleksandraryshniak24.thkit.ee\\\/wp1\\\/wp-content\\\/uploads\\\/2025\\\/05\\\/image.png\",\"contentUrl\":\"https:\\\/\\\/oleksandraryshniak24.thkit.ee\\\/wp1\\\/wp-content\\\/uploads\\\/2025\\\/05\\\/image.png\",\"width\":457,\"height\":538},{\"@type\":\"BreadcrumbList\",\"@id\":\"https:\\\/\\\/oleksandraryshniak24.thkit.ee\\\/wp1\\\/praktika-6-buzzer-2\\\/#breadcrumb\",\"itemListElement\":[{\"@type\":\"ListItem\",\"position\":1,\"name\":\"Home\",\"item\":\"https:\\\/\\\/oleksandraryshniak24.thkit.ee\\\/wp1\\\/\"},{\"@type\":\"ListItem\",\"position\":2,\"name\":\"Praktika 6 Buzzer\"}]},{\"@type\":\"WebSite\",\"@id\":\"https:\\\/\\\/oleksandraryshniak24.thkit.ee\\\/wp1\\\/#website\",\"url\":\"https:\\\/\\\/oleksandraryshniak24.thkit.ee\\\/wp1\\\/\",\"name\":\"Oleksandra Ryshniak Portfolio\",\"description\":\"\u041f\u0440\u043e\u0441\u0442\u043e \u0435\u0449\u0435 \u043e\u0434\u0438\u043d WordPress \u0441\u0430\u0439\u0442\",\"potentialAction\":[{\"@type\":\"SearchAction\",\"target\":{\"@type\":\"EntryPoint\",\"urlTemplate\":\"https:\\\/\\\/oleksandraryshniak24.thkit.ee\\\/wp1\\\/?s={search_term_string}\"},\"query-input\":{\"@type\":\"PropertyValueSpecification\",\"valueRequired\":true,\"valueName\":\"search_term_string\"}}],\"inLanguage\":\"et\"}]}<\/script>\n<!-- \/ Yoast SEO plugin. -->","yoast_head_json":{"title":"Praktika 6 Buzzer - Oleksandra Ryshniak Portfolio","robots":{"index":"index","follow":"follow","max-snippet":"max-snippet:-1","max-image-preview":"max-image-preview:large","max-video-preview":"max-video-preview:-1"},"canonical":"https:\/\/oleksandraryshniak24.thkit.ee\/wp1\/praktika-6-buzzer-2\/","og_locale":"et_EE","og_type":"article","og_title":"Praktika 6 Buzzer - Oleksandra Ryshniak Portfolio","og_description":"Praktika 6. Buzzer Katse 6.1 &#8220;Buzzer&#8221; Komponendid: Emaplaat &#8211; 1Arenduspaat &#8211; 1Juhe &#8211; 4Buzzer &#8211; 1 Skeem: Kood: Katse 6.2 [&hellip;]","og_url":"https:\/\/oleksandraryshniak24.thkit.ee\/wp1\/praktika-6-buzzer-2\/","og_site_name":"Oleksandra Ryshniak Portfolio","og_image":[{"width":457,"height":538,"url":"https:\/\/oleksandraryshniak24.thkit.ee\/wp1\/wp-content\/uploads\/2025\/05\/image.png","type":"image\/png"}],"twitter_card":"summary_large_image","twitter_misc":{"Est. reading time":"3 minutit"},"schema":{"@context":"https:\/\/schema.org","@graph":[{"@type":"WebPage","@id":"https:\/\/oleksandraryshniak24.thkit.ee\/wp1\/praktika-6-buzzer-2\/","url":"https:\/\/oleksandraryshniak24.thkit.ee\/wp1\/praktika-6-buzzer-2\/","name":"Praktika 6 Buzzer - Oleksandra Ryshniak Portfolio","isPartOf":{"@id":"https:\/\/oleksandraryshniak24.thkit.ee\/wp1\/#website"},"primaryImageOfPage":{"@id":"https:\/\/oleksandraryshniak24.thkit.ee\/wp1\/praktika-6-buzzer-2\/#primaryimage"},"image":{"@id":"https:\/\/oleksandraryshniak24.thkit.ee\/wp1\/praktika-6-buzzer-2\/#primaryimage"},"thumbnailUrl":"https:\/\/oleksandraryshniak24.thkit.ee\/wp1\/wp-content\/uploads\/2025\/05\/image-1.png?w=457","datePublished":"2025-05-08T12:41:19+00:00","breadcrumb":{"@id":"https:\/\/oleksandraryshniak24.thkit.ee\/wp1\/praktika-6-buzzer-2\/#breadcrumb"},"inLanguage":"et","potentialAction":[{"@type":"ReadAction","target":["https:\/\/oleksandraryshniak24.thkit.ee\/wp1\/praktika-6-buzzer-2\/"]}]},{"@type":"ImageObject","inLanguage":"et","@id":"https:\/\/oleksandraryshniak24.thkit.ee\/wp1\/praktika-6-buzzer-2\/#primaryimage","url":"https:\/\/oleksandraryshniak24.thkit.ee\/wp1\/wp-content\/uploads\/2025\/05\/image.png","contentUrl":"https:\/\/oleksandraryshniak24.thkit.ee\/wp1\/wp-content\/uploads\/2025\/05\/image.png","width":457,"height":538},{"@type":"BreadcrumbList","@id":"https:\/\/oleksandraryshniak24.thkit.ee\/wp1\/praktika-6-buzzer-2\/#breadcrumb","itemListElement":[{"@type":"ListItem","position":1,"name":"Home","item":"https:\/\/oleksandraryshniak24.thkit.ee\/wp1\/"},{"@type":"ListItem","position":2,"name":"Praktika 6 Buzzer"}]},{"@type":"WebSite","@id":"https:\/\/oleksandraryshniak24.thkit.ee\/wp1\/#website","url":"https:\/\/oleksandraryshniak24.thkit.ee\/wp1\/","name":"Oleksandra Ryshniak Portfolio","description":"\u041f\u0440\u043e\u0441\u0442\u043e \u0435\u0449\u0435 \u043e\u0434\u0438\u043d WordPress \u0441\u0430\u0439\u0442","potentialAction":[{"@type":"SearchAction","target":{"@type":"EntryPoint","urlTemplate":"https:\/\/oleksandraryshniak24.thkit.ee\/wp1\/?s={search_term_string}"},"query-input":{"@type":"PropertyValueSpecification","valueRequired":true,"valueName":"search_term_string"}}],"inLanguage":"et"}]}},"_links":{"self":[{"href":"https:\/\/oleksandraryshniak24.thkit.ee\/wp1\/wp-json\/wp\/v2\/pages\/1289","targetHints":{"allow":["GET"]}}],"collection":[{"href":"https:\/\/oleksandraryshniak24.thkit.ee\/wp1\/wp-json\/wp\/v2\/pages"}],"about":[{"href":"https:\/\/oleksandraryshniak24.thkit.ee\/wp1\/wp-json\/wp\/v2\/types\/page"}],"author":[{"embeddable":true,"href":"https:\/\/oleksandraryshniak24.thkit.ee\/wp1\/wp-json\/wp\/v2\/users\/1"}],"replies":[{"embeddable":true,"href":"https:\/\/oleksandraryshniak24.thkit.ee\/wp1\/wp-json\/wp\/v2\/comments?post=1289"}],"version-history":[{"count":0,"href":"https:\/\/oleksandraryshniak24.thkit.ee\/wp1\/wp-json\/wp\/v2\/pages\/1289\/revisions"}],"wp:attachment":[{"href":"https:\/\/oleksandraryshniak24.thkit.ee\/wp1\/wp-json\/wp\/v2\/media?parent=1289"}],"curies":[{"name":"wp","href":"https:\/\/api.w.org\/{rel}","templated":true}]}}