{"id":1475,"date":"2025-10-13T18:38:59","date_gmt":"2025-10-13T18:38:59","guid":{"rendered":"https:\/\/oleksandraryshniak24.thkit.ee\/wp1\/?page_id=1475"},"modified":"2025-10-28T09:38:53","modified_gmt":"2025-10-28T09:38:53","slug":"kuupaev-ja-aja-meetodid","status":"publish","type":"page","link":"https:\/\/oleksandraryshniak24.thkit.ee\/wp1\/kuupaev-ja-aja-meetodid\/","title":{"rendered":"Kuup\u00e4ev ja aja meetodid"},"content":{"rendered":"\n<h2 class=\"wp-block-heading\">Kuup\u00e4ev ja aja meetodid<\/h2>\n\n\n\n<p><strong>Funktsioon <code>tana()<\/code><\/strong> on seotud nupuga (input button) &#8220;Tana&#8221; ja kuvab t\u00e4nase kuup\u00e4eva ning kellaaja.<\/p>\n\n\n<div class=\"wp-block-syntaxhighlighter-code \"><pre class=\"brush: jscript; title: ; notranslate\" title=\"\">\nfunction tana() {\n    let now = new Date();\n\n    let kuupaev = now.toLocaleDateString();\n    let kellaaeg = now.toLocaleTimeString();\n    let koos = now.toLocaleString();\n\n    let tulemus = document.getElementById(&quot;tulemus&quot;);\n\n    tulemus.innerHTML = &quot;&lt;b&gt;kuupaev:&lt;\/b&gt; &quot; + kuupaev + &quot;&lt;br&gt;&quot; +\n        &quot;&lt;b&gt;kellaaeg:&lt;\/b&gt; &quot; + kellaaeg + &quot;&lt;br&gt;&quot; +\n        &quot;&lt;b&gt;Kuup\u0623\u00a4ev ja kellaaeg:&lt;\/b&gt; &quot; + koos;\n\n    console.log(&quot;Kuupaev: &quot; + kuupaev);\n    console.log(&quot;Kellaaeg: &quot; + kellaaeg);\n    console.log(&quot;Kuupaev ja kellaaeg: &quot; + koos);\n}\n<\/pre><\/div>\n\n\n<p><\/p>\n\n\n\n<p><strong>Funktsioon <code>sunnipaev()<\/code><\/strong> on seotud nupuga (input button) &#8220;Sunnipaev&#8221; ja n\u00e4itab, mitu p\u00e4eva on j\u00e4\u00e4nud minu s\u00fcnnip\u00e4evani.<\/p>\n\n\n<div class=\"wp-block-syntaxhighlighter-code \"><pre class=\"brush: jscript; title: ; notranslate\" title=\"\">\nfunction sunnipaev() {\n    let tulemus = document.getElementById(&quot;tulemus&quot;);\n\n    let tana = new Date();\n    let synnipaev = new Date(2008,4,10);\n    if (tana &gt; synnipaev) {\n        synnipaev = new Date(tana.getFullYear() + 1, 4, 10);\n    }\n\n    let vahe = synnipaev - tana;\n    let paevad = vahe \/ (1000 * 60 * 60 * 24);\n\n    tulemus.innerText = &quot;Sunnipaevani on jaanud &quot; + paevad + &quot; paeva.&quot;;\n    console.log(&quot;Sunnipaevani on jaanud: &quot; + paevad + &quot; paeva&quot;);\n}\n<\/pre><\/div>\n\n\n<p><\/p>\n\n\n\n<p><\/p>\n\n\n\n<html>\n <h2>Kuup\u00e4ev ja aja<\/h2>\n        <input type=\"button\" value=\"Tana on\"  onclick=\"tana()\">\n        <input type=\"button\" value=\"Minu sunnipaev on\" onclick=\"sunnipaev()\">\n<div id=\"tulemus\"><\/div>\n<\/html>\n\n\n\n<script>\nfunction tana() {\n    let now = new Date();\n\n    let kuupaev = now.toLocaleDateString();\n    let kellaaeg = now.toLocaleTimeString();\n    let koos = now.toLocaleString();\n\n    let tulemus = document.getElementById(\"tulemus\");\n\n    tulemus.innerHTML = \"<b>kuupaev:<\/b> \" + kuupaev + \"<br>\" +\n        \"<b>kellaaeg:<\/b> \" + kellaaeg + \"<br>\" +\n        \"<b>Kuup\u0623\u00a4ev ja kellaaeg:<\/b> \" + koos;\n\n    console.log(\"Kuupaev: \" + kuupaev);\n    console.log(\"Kellaaeg: \" + kellaaeg);\n    console.log(\"Kuupaev ja kellaaeg: \" + koos);\n}\n\nfunction sunnipaev() {\n    let tulemus = document.getElementById(\"tulemus\");\n\n    let tana = new Date();\n    let synnipaev = new Date(2008,4,10);\n    if (tana > synnipaev) {\n        synnipaev = new Date(tana.getFullYear() + 1, 4, 10);\n    }\n\n    let vahe = synnipaev - tana;\n    let paevad = vahe \/ (1000 * 60 * 60 * 24);\n\n    tulemus.innerText = \"Sunnipaevani on jaanud \" + paevad + \" paeva.\";\n    console.log(\"Sunnipaevani on jaanud: \" + paevad + \" paeva\");\n}\n<\/script>\n\n\n\n<p><\/p>\n","protected":false},"excerpt":{"rendered":"<p>Kuup\u00e4ev ja aja meetodid Funktsioon tana() on seotud nupuga (input button) &#8220;Tana&#8221; ja kuvab t\u00e4nase kuup\u00e4eva ning kellaaja. Funktsioon sunnipaev() [&hellip;]<\/p>\n","protected":false},"author":1,"featured_media":0,"parent":0,"menu_order":0,"comment_status":"closed","ping_status":"closed","template":"","meta":{"footnotes":""},"class_list":["post-1475","page","type-page","status-publish","hentry"],"yoast_head":"<!-- This site is optimized with the Yoast SEO plugin v27.4 - https:\/\/yoast.com\/product\/yoast-seo-wordpress\/ -->\n<title>Kuup\u00e4ev ja aja meetodid - Oleksandra Ryshniak Portfolio<\/title>\n<meta name=\"robots\" content=\"index, follow, max-snippet:-1, max-image-preview:large, max-video-preview:-1\" \/>\n<link rel=\"canonical\" href=\"https:\/\/oleksandraryshniak24.thkit.ee\/wp1\/kuupaev-ja-aja-meetodid\/\" \/>\n<meta property=\"og:locale\" content=\"et_EE\" \/>\n<meta property=\"og:type\" content=\"article\" \/>\n<meta property=\"og:title\" content=\"Kuup\u00e4ev ja aja meetodid - Oleksandra Ryshniak Portfolio\" \/>\n<meta property=\"og:description\" content=\"Kuup\u00e4ev ja aja meetodid Funktsioon tana() on seotud nupuga (input button) &#8220;Tana&#8221; ja kuvab t\u00e4nase kuup\u00e4eva ning kellaaja. Funktsioon sunnipaev() [&hellip;]\" \/>\n<meta property=\"og:url\" content=\"https:\/\/oleksandraryshniak24.thkit.ee\/wp1\/kuupaev-ja-aja-meetodid\/\" \/>\n<meta property=\"og:site_name\" content=\"Oleksandra Ryshniak Portfolio\" \/>\n<meta property=\"article:modified_time\" content=\"2025-10-28T09:38:53+00:00\" \/>\n<meta name=\"twitter:card\" content=\"summary_large_image\" \/>\n<meta name=\"twitter:label1\" content=\"Est. reading time\" \/>\n\t<meta name=\"twitter:data1\" content=\"1 minut\" \/>\n<script type=\"application\/ld+json\" class=\"yoast-schema-graph\">{\"@context\":\"https:\\\/\\\/schema.org\",\"@graph\":[{\"@type\":\"WebPage\",\"@id\":\"https:\\\/\\\/oleksandraryshniak24.thkit.ee\\\/wp1\\\/kuupaev-ja-aja-meetodid\\\/\",\"url\":\"https:\\\/\\\/oleksandraryshniak24.thkit.ee\\\/wp1\\\/kuupaev-ja-aja-meetodid\\\/\",\"name\":\"Kuup\u00e4ev ja aja meetodid - Oleksandra Ryshniak Portfolio\",\"isPartOf\":{\"@id\":\"https:\\\/\\\/oleksandraryshniak24.thkit.ee\\\/wp1\\\/#website\"},\"datePublished\":\"2025-10-13T18:38:59+00:00\",\"dateModified\":\"2025-10-28T09:38:53+00:00\",\"breadcrumb\":{\"@id\":\"https:\\\/\\\/oleksandraryshniak24.thkit.ee\\\/wp1\\\/kuupaev-ja-aja-meetodid\\\/#breadcrumb\"},\"inLanguage\":\"et\",\"potentialAction\":[{\"@type\":\"ReadAction\",\"target\":[\"https:\\\/\\\/oleksandraryshniak24.thkit.ee\\\/wp1\\\/kuupaev-ja-aja-meetodid\\\/\"]}]},{\"@type\":\"BreadcrumbList\",\"@id\":\"https:\\\/\\\/oleksandraryshniak24.thkit.ee\\\/wp1\\\/kuupaev-ja-aja-meetodid\\\/#breadcrumb\",\"itemListElement\":[{\"@type\":\"ListItem\",\"position\":1,\"name\":\"Home\",\"item\":\"https:\\\/\\\/oleksandraryshniak24.thkit.ee\\\/wp1\\\/\"},{\"@type\":\"ListItem\",\"position\":2,\"name\":\"Kuup\u00e4ev ja aja meetodid\"}]},{\"@type\":\"WebSite\",\"@id\":\"https:\\\/\\\/oleksandraryshniak24.thkit.ee\\\/wp1\\\/#website\",\"url\":\"https:\\\/\\\/oleksandraryshniak24.thkit.ee\\\/wp1\\\/\",\"name\":\"Oleksandra Ryshniak Portfolio\",\"description\":\"\u041f\u0440\u043e\u0441\u0442\u043e \u0435\u0449\u0435 \u043e\u0434\u0438\u043d WordPress \u0441\u0430\u0439\u0442\",\"potentialAction\":[{\"@type\":\"SearchAction\",\"target\":{\"@type\":\"EntryPoint\",\"urlTemplate\":\"https:\\\/\\\/oleksandraryshniak24.thkit.ee\\\/wp1\\\/?s={search_term_string}\"},\"query-input\":{\"@type\":\"PropertyValueSpecification\",\"valueRequired\":true,\"valueName\":\"search_term_string\"}}],\"inLanguage\":\"et\"}]}<\/script>\n<!-- \/ Yoast SEO plugin. -->","yoast_head_json":{"title":"Kuup\u00e4ev ja aja meetodid - Oleksandra Ryshniak Portfolio","robots":{"index":"index","follow":"follow","max-snippet":"max-snippet:-1","max-image-preview":"max-image-preview:large","max-video-preview":"max-video-preview:-1"},"canonical":"https:\/\/oleksandraryshniak24.thkit.ee\/wp1\/kuupaev-ja-aja-meetodid\/","og_locale":"et_EE","og_type":"article","og_title":"Kuup\u00e4ev ja aja meetodid - Oleksandra Ryshniak Portfolio","og_description":"Kuup\u00e4ev ja aja meetodid Funktsioon tana() on seotud nupuga (input button) &#8220;Tana&#8221; ja kuvab t\u00e4nase kuup\u00e4eva ning kellaaja. Funktsioon sunnipaev() [&hellip;]","og_url":"https:\/\/oleksandraryshniak24.thkit.ee\/wp1\/kuupaev-ja-aja-meetodid\/","og_site_name":"Oleksandra Ryshniak Portfolio","article_modified_time":"2025-10-28T09:38:53+00:00","twitter_card":"summary_large_image","twitter_misc":{"Est. reading time":"1 minut"},"schema":{"@context":"https:\/\/schema.org","@graph":[{"@type":"WebPage","@id":"https:\/\/oleksandraryshniak24.thkit.ee\/wp1\/kuupaev-ja-aja-meetodid\/","url":"https:\/\/oleksandraryshniak24.thkit.ee\/wp1\/kuupaev-ja-aja-meetodid\/","name":"Kuup\u00e4ev ja aja meetodid - Oleksandra Ryshniak Portfolio","isPartOf":{"@id":"https:\/\/oleksandraryshniak24.thkit.ee\/wp1\/#website"},"datePublished":"2025-10-13T18:38:59+00:00","dateModified":"2025-10-28T09:38:53+00:00","breadcrumb":{"@id":"https:\/\/oleksandraryshniak24.thkit.ee\/wp1\/kuupaev-ja-aja-meetodid\/#breadcrumb"},"inLanguage":"et","potentialAction":[{"@type":"ReadAction","target":["https:\/\/oleksandraryshniak24.thkit.ee\/wp1\/kuupaev-ja-aja-meetodid\/"]}]},{"@type":"BreadcrumbList","@id":"https:\/\/oleksandraryshniak24.thkit.ee\/wp1\/kuupaev-ja-aja-meetodid\/#breadcrumb","itemListElement":[{"@type":"ListItem","position":1,"name":"Home","item":"https:\/\/oleksandraryshniak24.thkit.ee\/wp1\/"},{"@type":"ListItem","position":2,"name":"Kuup\u00e4ev ja aja meetodid"}]},{"@type":"WebSite","@id":"https:\/\/oleksandraryshniak24.thkit.ee\/wp1\/#website","url":"https:\/\/oleksandraryshniak24.thkit.ee\/wp1\/","name":"Oleksandra Ryshniak Portfolio","description":"\u041f\u0440\u043e\u0441\u0442\u043e \u0435\u0449\u0435 \u043e\u0434\u0438\u043d WordPress \u0441\u0430\u0439\u0442","potentialAction":[{"@type":"SearchAction","target":{"@type":"EntryPoint","urlTemplate":"https:\/\/oleksandraryshniak24.thkit.ee\/wp1\/?s={search_term_string}"},"query-input":{"@type":"PropertyValueSpecification","valueRequired":true,"valueName":"search_term_string"}}],"inLanguage":"et"}]}},"_links":{"self":[{"href":"https:\/\/oleksandraryshniak24.thkit.ee\/wp1\/wp-json\/wp\/v2\/pages\/1475","targetHints":{"allow":["GET"]}}],"collection":[{"href":"https:\/\/oleksandraryshniak24.thkit.ee\/wp1\/wp-json\/wp\/v2\/pages"}],"about":[{"href":"https:\/\/oleksandraryshniak24.thkit.ee\/wp1\/wp-json\/wp\/v2\/types\/page"}],"author":[{"embeddable":true,"href":"https:\/\/oleksandraryshniak24.thkit.ee\/wp1\/wp-json\/wp\/v2\/users\/1"}],"replies":[{"embeddable":true,"href":"https:\/\/oleksandraryshniak24.thkit.ee\/wp1\/wp-json\/wp\/v2\/comments?post=1475"}],"version-history":[{"count":3,"href":"https:\/\/oleksandraryshniak24.thkit.ee\/wp1\/wp-json\/wp\/v2\/pages\/1475\/revisions"}],"predecessor-version":[{"id":1479,"href":"https:\/\/oleksandraryshniak24.thkit.ee\/wp1\/wp-json\/wp\/v2\/pages\/1475\/revisions\/1479"}],"wp:attachment":[{"href":"https:\/\/oleksandraryshniak24.thkit.ee\/wp1\/wp-json\/wp\/v2\/media?parent=1475"}],"curies":[{"name":"wp","href":"https:\/\/api.w.org\/{rel}","templated":true}]}}