{"id":1657,"date":"2025-10-25T17:26:26","date_gmt":"2025-10-25T17:26:26","guid":{"rendered":"https:\/\/oleksandraryshniak24.thkit.ee\/wp1\/?page_id=1657"},"modified":"2025-10-27T20:02:35","modified_gmt":"2025-10-27T20:02:35","slug":"plugin-my-choice","status":"publish","type":"page","link":"https:\/\/oleksandraryshniak24.thkit.ee\/wp1\/plugin-my-choice\/","title":{"rendered":"plugin. My Choice"},"content":{"rendered":"\n<h2 class=\"wp-block-heading\">plugin. My Choice<\/h2>\n\n\n\n<p><strong>Slider, Gallery, and Carousel by MetaSlider&nbsp;<\/strong>\u2014 on WordPressi plugin, mis v\u00f5imaldab luua pildi- ja videoslaidereid, galeriisid ning karusselle.<\/p>\n\n\n\n<p>Sellega saab teha:<\/p>\n\n\n\n<ul class=\"wp-block-list\">\n<li>pildislaidereid;<\/li>\n\n\n\n<li>videoslaidereid;<\/li>\n\n\n\n<li>postituste slaidereid;<\/li>\n\n\n\n<li>YouTube\u2019i slaidereid;<\/li>\n\n\n\n<li>WooCommerce\u2019i toodete slaidereid.<\/li>\n<\/ul>\n\n\n\n<figure class=\"wp-block-image\"><img decoding=\"async\" src=\"https:\/\/oleksandraryshniak24.thkit.ee\/wp1\/rus\/wp-content\/uploads\/sites\/2\/2025\/10\/image-12.png\" alt=\"\" class=\"wp-image-1825\"\/><\/figure>\n\n\n\n<p>Seadetes asub see allosas.<\/p>\n\n\n\n<figure class=\"wp-block-image\"><img decoding=\"async\" src=\"https:\/\/oleksandraryshniak24.thkit.ee\/wp1\/rus\/wp-content\/uploads\/sites\/2\/2025\/10\/image-19.png\" alt=\"\" class=\"wp-image-1826\"\/><\/figure>\n\n\n\n<p>Uue slaidiseansi lisamine<\/p>\n\n\n\n<figure class=\"wp-block-image\"><img decoding=\"async\" src=\"https:\/\/oleksandraryshniak24.thkit.ee\/wp1\/rus\/wp-content\/uploads\/sites\/2\/2025\/10\/%D0%A1%D0%BD%D0%B8%D0%BC%D0%BE%D0%BA-%D1%8D%D0%BA%D1%80%D0%B0%D0%BD%D0%B0-2025-10-27-214106.png\" alt=\"\" class=\"wp-image-1827\"\/><\/figure>\n\n\n\n<p>Siin toimub slaidide lisamine slaidiseansile.<\/p>\n\n\n\n<figure class=\"wp-block-image\"><img decoding=\"async\" src=\"https:\/\/oleksandraryshniak24.thkit.ee\/wp1\/rus\/wp-content\/uploads\/sites\/2\/2025\/10\/image-20.png\" alt=\"\" class=\"wp-image-1828\"\/><\/figure>\n\n\n\n<p>Slaidiseansi slaidide seaded<\/p>\n\n\n\n<figure class=\"wp-block-image\"><img decoding=\"async\" src=\"https:\/\/oleksandraryshniak24.thkit.ee\/wp1\/rus\/wp-content\/uploads\/sites\/2\/2025\/10\/image-21.png\" alt=\"\" class=\"wp-image-1829\"\/><\/figure>\n\n\n\n<p>Samuti saab igale slaidile lisada kirjelduse.<\/p>\n\n\n\n<figure class=\"wp-block-image\"><img decoding=\"async\" src=\"https:\/\/oleksandraryshniak24.thkit.ee\/wp1\/rus\/wp-content\/uploads\/sites\/2\/2025\/10\/image-22.png\" alt=\"\" class=\"wp-image-1830\"\/><\/figure>\n\n\n\n<p>Seej\u00e4rel valime slaidiseansi teema.<\/p>\n\n\n\n<figure class=\"wp-block-image\"><img decoding=\"async\" src=\"https:\/\/oleksandraryshniak24.thkit.ee\/wp1\/rus\/wp-content\/uploads\/sites\/2\/2025\/10\/image-23.png\" alt=\"\" class=\"wp-image-1831\"\/><\/figure>\n\n\n\n<p>\u00dcleval asub riba, kus saab vaadata, kuidas slaidiseanss v\u00e4lja n\u00e4eb, lisada uue slaidi, salvestada jne.<\/p>\n\n\n\n<figure class=\"wp-block-image\"><img decoding=\"async\" src=\"https:\/\/oleksandraryshniak24.thkit.ee\/wp1\/rus\/wp-content\/uploads\/sites\/2\/2025\/10\/image-24.png\" alt=\"\" class=\"wp-image-1832\"\/><\/figure>\n\n\n\n<h2 class=\"wp-block-heading\">Slaidiseansi lisamine lehele<\/h2>\n\n\n\n<p>Slaidiseanss asub plokkides ja kannab nime&nbsp;<strong>MetaSlider<\/strong>.<\/p>\n\n\n\n<figure class=\"wp-block-image\"><img decoding=\"async\" src=\"https:\/\/oleksandraryshniak24.thkit.ee\/wp1\/rus\/wp-content\/uploads\/sites\/2\/2025\/10\/image-25.png\" alt=\"\" class=\"wp-image-1833\"\/><\/figure>\n\n\n\n<figure class=\"wp-block-image\"><img decoding=\"async\" src=\"https:\/\/oleksandraryshniak24.thkit.ee\/wp1\/rus\/wp-content\/uploads\/sites\/2\/2025\/10\/image-26.png\" alt=\"\" class=\"wp-image-1834\"\/><\/figure>\n\n\n\n<p>P\u00e4rast ploki valimist tuleb valida sobiv slaidiseanss.<\/p>\n\n\n\n<h2 class=\"wp-block-heading\">Slideshow<\/h2>\n\n\n\n<p><\/p>\n\n\n\n<div class=\"alignnormal\"><div id=\"metaslider-id-1705\" style=\"width: 100%;\" class=\"ml-slider-3-108-0 metaslider metaslider-flex metaslider-1705 ml-slider has-dots-nav ms-theme-default-base\" role=\"region\" aria-label=\"New Slideshow\" data-height=\"300\" data-width=\"600\">\n    <div id=\"metaslider_container_1705\">\n        <div id=\"metaslider_1705\">\n            <ul aria-live='off' class='slides'>\n                <li style=\"display: block; width: 100%;\" class=\"slide-1706 ms-image \" aria-roledescription=\"slide\" data-date=\"2025-10-27 19:42:51\" data-filename=\"peizazh-2-1-600x300.webp\" data-slide-type=\"image\"><img loading=\"lazy\" decoding=\"async\" src=\"https:\/\/oleksandraryshniak24.thkit.ee\/wp1\/wp-content\/uploads\/2025\/10\/peizazh-2-1-600x300.webp\" height=\"300\" width=\"600\" alt=\"\" class=\"slider-1705 slide-1706 msDefaultImage\" title=\"peizazh-2-1\" \/><\/li>\n                <li style=\"display: none; width: 100%;\" class=\"slide-1707 ms-image \" aria-roledescription=\"slide\" data-date=\"2025-10-27 19:42:57\" data-filename=\"landshaft-bernskikh-alp-v-yasniy-den_thumb-600x300.jpg\" data-slide-type=\"image\"><img loading=\"lazy\" decoding=\"async\" src=\"https:\/\/oleksandraryshniak24.thkit.ee\/wp1\/wp-content\/uploads\/2025\/10\/landshaft-bernskikh-alp-v-yasniy-den_thumb-600x300.jpg\" height=\"300\" width=\"600\" alt=\"\" class=\"slider-1705 slide-1707 msDefaultImage\" title=\"landshaft-bernskikh-alp-v-yasniy-den_thumb\" \/><\/li>\n                <li style=\"display: none; width: 100%;\" class=\"slide-1708 ms-image \" aria-roledescription=\"slide\" data-date=\"2025-10-27 19:43:03\" data-filename=\"istockphoto-1419410282-612x612-1-600x300.jpg\" data-slide-type=\"image\"><img loading=\"lazy\" decoding=\"async\" src=\"https:\/\/oleksandraryshniak24.thkit.ee\/wp1\/wp-content\/uploads\/2025\/10\/istockphoto-1419410282-612x612-1-600x300.jpg\" height=\"300\" width=\"600\" alt=\"\" class=\"slider-1705 slide-1708 msDefaultImage\" title=\"Silent Forest in spring with beautiful bright sun rays - wanderlust\" \/><\/li>\n                <li style=\"display: none; width: 100%;\" class=\"slide-1709 ms-image \" aria-roledescription=\"slide\" data-date=\"2025-10-27 19:43:09\" data-filename=\"images-284x142.jpg\" data-slide-type=\"image\"><img loading=\"lazy\" decoding=\"async\" src=\"https:\/\/oleksandraryshniak24.thkit.ee\/wp1\/wp-content\/uploads\/2025\/10\/images-284x142.jpg\" height=\"300\" width=\"600\" alt=\"\" class=\"slider-1705 slide-1709 msDefaultImage\" title=\"images\" \/><\/li>\n                <li style=\"display: none; width: 100%;\" class=\"slide-1710 ms-image \" aria-roledescription=\"slide\" data-date=\"2025-10-27 19:43:15\" data-filename=\"alberta-2297204-1280-600x300.jpg\" data-slide-type=\"image\"><img loading=\"lazy\" decoding=\"async\" src=\"https:\/\/oleksandraryshniak24.thkit.ee\/wp1\/wp-content\/uploads\/2025\/10\/alberta-2297204-1280-600x300.jpg\" height=\"300\" width=\"600\" alt=\"\" class=\"slider-1705 slide-1710 msDefaultImage\" title=\"alberta-2297204-1280\" \/><\/li>\n            <\/ul>\n        <\/div>\n        \n    <\/div>\n<\/div><\/div>\n","protected":false},"excerpt":{"rendered":"<p>plugin. My Choice Slider, Gallery, and Carousel by MetaSlider&nbsp;\u2014 on WordPressi plugin, mis v\u00f5imaldab luua pildi- ja videoslaidereid, galeriisid ning [&hellip;]<\/p>\n","protected":false},"author":1,"featured_media":0,"parent":0,"menu_order":0,"comment_status":"closed","ping_status":"closed","template":"","meta":{"footnotes":""},"class_list":["post-1657","page","type-page","status-publish","hentry"],"yoast_head":"<!-- This site is optimized with the Yoast SEO plugin v27.4 - https:\/\/yoast.com\/product\/yoast-seo-wordpress\/ -->\n<title>plugin. My Choice - Oleksandra Ryshniak Portfolio<\/title>\n<meta name=\"robots\" content=\"index, follow, max-snippet:-1, max-image-preview:large, max-video-preview:-1\" \/>\n<link rel=\"canonical\" href=\"https:\/\/oleksandraryshniak24.thkit.ee\/wp1\/plugin-my-choice\/\" \/>\n<meta property=\"og:locale\" content=\"et_EE\" \/>\n<meta property=\"og:type\" content=\"article\" \/>\n<meta property=\"og:title\" content=\"plugin. My Choice - Oleksandra Ryshniak Portfolio\" \/>\n<meta property=\"og:description\" content=\"plugin. My Choice Slider, Gallery, and Carousel by MetaSlider&nbsp;\u2014 on WordPressi plugin, mis v\u00f5imaldab luua pildi- ja videoslaidereid, galeriisid ning [&hellip;]\" \/>\n<meta property=\"og:url\" content=\"https:\/\/oleksandraryshniak24.thkit.ee\/wp1\/plugin-my-choice\/\" \/>\n<meta property=\"og:site_name\" content=\"Oleksandra Ryshniak Portfolio\" \/>\n<meta property=\"article:modified_time\" content=\"2025-10-27T20:02:35+00:00\" \/>\n<meta property=\"og:image\" content=\"https:\/\/oleksandraryshniak24.thkit.ee\/wp1\/wp-content\/uploads\/2025\/11\/58BF4FEC-AFDE-4D6E-A4E4-5AFBE894AA03.png\" \/>\n\t<meta property=\"og:image:width\" content=\"824\" \/>\n\t<meta property=\"og:image:height\" content=\"919\" \/>\n\t<meta property=\"og:image:type\" content=\"image\/png\" \/>\n<meta name=\"twitter:card\" content=\"summary_large_image\" \/>\n<meta name=\"twitter:label1\" content=\"Est. reading time\" \/>\n\t<meta name=\"twitter:data1\" content=\"1 minut\" \/>\n<script type=\"application\/ld+json\" class=\"yoast-schema-graph\">{\"@context\":\"https:\\\/\\\/schema.org\",\"@graph\":[{\"@type\":\"WebPage\",\"@id\":\"https:\\\/\\\/oleksandraryshniak24.thkit.ee\\\/wp1\\\/plugin-my-choice\\\/\",\"url\":\"https:\\\/\\\/oleksandraryshniak24.thkit.ee\\\/wp1\\\/plugin-my-choice\\\/\",\"name\":\"plugin. My Choice - Oleksandra Ryshniak Portfolio\",\"isPartOf\":{\"@id\":\"https:\\\/\\\/oleksandraryshniak24.thkit.ee\\\/wp1\\\/#website\"},\"primaryImageOfPage\":{\"@id\":\"https:\\\/\\\/oleksandraryshniak24.thkit.ee\\\/wp1\\\/plugin-my-choice\\\/#primaryimage\"},\"image\":{\"@id\":\"https:\\\/\\\/oleksandraryshniak24.thkit.ee\\\/wp1\\\/plugin-my-choice\\\/#primaryimage\"},\"thumbnailUrl\":\"https:\\\/\\\/oleksandraryshniak24.thkit.ee\\\/wp1\\\/rus\\\/wp-content\\\/uploads\\\/sites\\\/2\\\/2025\\\/10\\\/image-12.png\",\"datePublished\":\"2025-10-25T17:26:26+00:00\",\"dateModified\":\"2025-10-27T20:02:35+00:00\",\"breadcrumb\":{\"@id\":\"https:\\\/\\\/oleksandraryshniak24.thkit.ee\\\/wp1\\\/plugin-my-choice\\\/#breadcrumb\"},\"inLanguage\":\"et\",\"potentialAction\":[{\"@type\":\"ReadAction\",\"target\":[\"https:\\\/\\\/oleksandraryshniak24.thkit.ee\\\/wp1\\\/plugin-my-choice\\\/\"]}]},{\"@type\":\"ImageObject\",\"inLanguage\":\"et\",\"@id\":\"https:\\\/\\\/oleksandraryshniak24.thkit.ee\\\/wp1\\\/plugin-my-choice\\\/#primaryimage\",\"url\":\"https:\\\/\\\/oleksandraryshniak24.thkit.ee\\\/wp1\\\/wp-content\\\/uploads\\\/2025\\\/11\\\/58BF4FEC-AFDE-4D6E-A4E4-5AFBE894AA03.png\",\"contentUrl\":\"https:\\\/\\\/oleksandraryshniak24.thkit.ee\\\/wp1\\\/wp-content\\\/uploads\\\/2025\\\/11\\\/58BF4FEC-AFDE-4D6E-A4E4-5AFBE894AA03.png\",\"width\":824,\"height\":919},{\"@type\":\"BreadcrumbList\",\"@id\":\"https:\\\/\\\/oleksandraryshniak24.thkit.ee\\\/wp1\\\/plugin-my-choice\\\/#breadcrumb\",\"itemListElement\":[{\"@type\":\"ListItem\",\"position\":1,\"name\":\"Home\",\"item\":\"https:\\\/\\\/oleksandraryshniak24.thkit.ee\\\/wp1\\\/\"},{\"@type\":\"ListItem\",\"position\":2,\"name\":\"plugin. My Choice\"}]},{\"@type\":\"WebSite\",\"@id\":\"https:\\\/\\\/oleksandraryshniak24.thkit.ee\\\/wp1\\\/#website\",\"url\":\"https:\\\/\\\/oleksandraryshniak24.thkit.ee\\\/wp1\\\/\",\"name\":\"Oleksandra Ryshniak Portfolio\",\"description\":\"\u041f\u0440\u043e\u0441\u0442\u043e \u0435\u0449\u0435 \u043e\u0434\u0438\u043d WordPress \u0441\u0430\u0439\u0442\",\"potentialAction\":[{\"@type\":\"SearchAction\",\"target\":{\"@type\":\"EntryPoint\",\"urlTemplate\":\"https:\\\/\\\/oleksandraryshniak24.thkit.ee\\\/wp1\\\/?s={search_term_string}\"},\"query-input\":{\"@type\":\"PropertyValueSpecification\",\"valueRequired\":true,\"valueName\":\"search_term_string\"}}],\"inLanguage\":\"et\"}]}<\/script>\n<!-- \/ Yoast SEO plugin. -->","yoast_head_json":{"title":"plugin. My Choice - Oleksandra Ryshniak Portfolio","robots":{"index":"index","follow":"follow","max-snippet":"max-snippet:-1","max-image-preview":"max-image-preview:large","max-video-preview":"max-video-preview:-1"},"canonical":"https:\/\/oleksandraryshniak24.thkit.ee\/wp1\/plugin-my-choice\/","og_locale":"et_EE","og_type":"article","og_title":"plugin. My Choice - Oleksandra Ryshniak Portfolio","og_description":"plugin. My Choice Slider, Gallery, and Carousel by MetaSlider&nbsp;\u2014 on WordPressi plugin, mis v\u00f5imaldab luua pildi- ja videoslaidereid, galeriisid ning [&hellip;]","og_url":"https:\/\/oleksandraryshniak24.thkit.ee\/wp1\/plugin-my-choice\/","og_site_name":"Oleksandra Ryshniak Portfolio","article_modified_time":"2025-10-27T20:02:35+00:00","og_image":[{"width":824,"height":919,"url":"https:\/\/oleksandraryshniak24.thkit.ee\/wp1\/wp-content\/uploads\/2025\/11\/58BF4FEC-AFDE-4D6E-A4E4-5AFBE894AA03.png","type":"image\/png"}],"twitter_card":"summary_large_image","twitter_misc":{"Est. reading time":"1 minut"},"schema":{"@context":"https:\/\/schema.org","@graph":[{"@type":"WebPage","@id":"https:\/\/oleksandraryshniak24.thkit.ee\/wp1\/plugin-my-choice\/","url":"https:\/\/oleksandraryshniak24.thkit.ee\/wp1\/plugin-my-choice\/","name":"plugin. My Choice - Oleksandra Ryshniak Portfolio","isPartOf":{"@id":"https:\/\/oleksandraryshniak24.thkit.ee\/wp1\/#website"},"primaryImageOfPage":{"@id":"https:\/\/oleksandraryshniak24.thkit.ee\/wp1\/plugin-my-choice\/#primaryimage"},"image":{"@id":"https:\/\/oleksandraryshniak24.thkit.ee\/wp1\/plugin-my-choice\/#primaryimage"},"thumbnailUrl":"https:\/\/oleksandraryshniak24.thkit.ee\/wp1\/rus\/wp-content\/uploads\/sites\/2\/2025\/10\/image-12.png","datePublished":"2025-10-25T17:26:26+00:00","dateModified":"2025-10-27T20:02:35+00:00","breadcrumb":{"@id":"https:\/\/oleksandraryshniak24.thkit.ee\/wp1\/plugin-my-choice\/#breadcrumb"},"inLanguage":"et","potentialAction":[{"@type":"ReadAction","target":["https:\/\/oleksandraryshniak24.thkit.ee\/wp1\/plugin-my-choice\/"]}]},{"@type":"ImageObject","inLanguage":"et","@id":"https:\/\/oleksandraryshniak24.thkit.ee\/wp1\/plugin-my-choice\/#primaryimage","url":"https:\/\/oleksandraryshniak24.thkit.ee\/wp1\/wp-content\/uploads\/2025\/11\/58BF4FEC-AFDE-4D6E-A4E4-5AFBE894AA03.png","contentUrl":"https:\/\/oleksandraryshniak24.thkit.ee\/wp1\/wp-content\/uploads\/2025\/11\/58BF4FEC-AFDE-4D6E-A4E4-5AFBE894AA03.png","width":824,"height":919},{"@type":"BreadcrumbList","@id":"https:\/\/oleksandraryshniak24.thkit.ee\/wp1\/plugin-my-choice\/#breadcrumb","itemListElement":[{"@type":"ListItem","position":1,"name":"Home","item":"https:\/\/oleksandraryshniak24.thkit.ee\/wp1\/"},{"@type":"ListItem","position":2,"name":"plugin. My Choice"}]},{"@type":"WebSite","@id":"https:\/\/oleksandraryshniak24.thkit.ee\/wp1\/#website","url":"https:\/\/oleksandraryshniak24.thkit.ee\/wp1\/","name":"Oleksandra Ryshniak Portfolio","description":"\u041f\u0440\u043e\u0441\u0442\u043e \u0435\u0449\u0435 \u043e\u0434\u0438\u043d WordPress \u0441\u0430\u0439\u0442","potentialAction":[{"@type":"SearchAction","target":{"@type":"EntryPoint","urlTemplate":"https:\/\/oleksandraryshniak24.thkit.ee\/wp1\/?s={search_term_string}"},"query-input":{"@type":"PropertyValueSpecification","valueRequired":true,"valueName":"search_term_string"}}],"inLanguage":"et"}]}},"_links":{"self":[{"href":"https:\/\/oleksandraryshniak24.thkit.ee\/wp1\/wp-json\/wp\/v2\/pages\/1657","targetHints":{"allow":["GET"]}}],"collection":[{"href":"https:\/\/oleksandraryshniak24.thkit.ee\/wp1\/wp-json\/wp\/v2\/pages"}],"about":[{"href":"https:\/\/oleksandraryshniak24.thkit.ee\/wp1\/wp-json\/wp\/v2\/types\/page"}],"author":[{"embeddable":true,"href":"https:\/\/oleksandraryshniak24.thkit.ee\/wp1\/wp-json\/wp\/v2\/users\/1"}],"replies":[{"embeddable":true,"href":"https:\/\/oleksandraryshniak24.thkit.ee\/wp1\/wp-json\/wp\/v2\/comments?post=1657"}],"version-history":[{"count":2,"href":"https:\/\/oleksandraryshniak24.thkit.ee\/wp1\/wp-json\/wp\/v2\/pages\/1657\/revisions"}],"predecessor-version":[{"id":1712,"href":"https:\/\/oleksandraryshniak24.thkit.ee\/wp1\/wp-json\/wp\/v2\/pages\/1657\/revisions\/1712"}],"wp:attachment":[{"href":"https:\/\/oleksandraryshniak24.thkit.ee\/wp1\/wp-json\/wp\/v2\/media?parent=1657"}],"curies":[{"name":"wp","href":"https:\/\/api.w.org\/{rel}","templated":true}]}}