{"id":195,"date":"2025-02-07T09:47:41","date_gmt":"2025-02-07T07:47:41","guid":{"rendered":"https:\/\/com47276.wordpress.com\/?page_id=195"},"modified":"2025-02-07T09:47:41","modified_gmt":"2025-02-07T07:47:41","slug":"foorum-ulesanne-lahendamine","status":"publish","type":"page","link":"https:\/\/oleksandraryshniak24.thkit.ee\/wp1\/foorum-ulesanne-lahendamine\/","title":{"rendered":"Foorum: \u00fclesanne lahendamine"},"content":{"rendered":"\n<p><\/p>\n\n\n\n<p>\u00dclesanne:<\/p>\n\n\n\n<p>SQL lause tabeli loomiseks:<\/p>\n\n\n\n<p>1. Protseduur, mis lisab filmi nimi ja osade arvu.<\/p>\n\n\n<div class=\"wp-block-syntaxhighlighter-code \"><pre class=\"brush: sql; title: ; notranslate\" title=\"\">\ncreate procedure lisaFilmid\n@lFilmiNimi varchar(40),\n@rOsadeArv int\nAS\nBegin\ninsert into Filmid (FilmiNimi, OsadeArv)\nValues(@lFilmiNimi, @rOsadeArv);\nEnd;\n\nexec lisaFilmid &#039;The Platform&#039;, 2\n<\/pre><\/div>\n\n\n<p>2. Protseduur, mis lisab veeru nimega \u201eskoor\u201c.<\/p>\n\n\n<div class=\"wp-block-syntaxhighlighter-code \"><pre class=\"brush: sql; title: ; notranslate\" title=\"\">\nCreate procedure lisaSkoor\n@veerunimi varchar(20),\n@tuup varchar (20) = null,\n@valik varchar(20)\n\nas\nbegin\ndeclare @sqltegevus as varchar(max)\nset @sqltegevus=case\nwhen @valik=&#039;add&#039; then concat(&#039;Alter table Filmid  Add &#039;, @veerunimi, &#039; &#039;, @tuup)\nwhen @valik=&#039;drop&#039; then concat(&#039;Alter table Filmid  drop column  &#039;, @veerunimi)\nend;\nprint @sqltegevus;\nbegin\nexec (@sqltegevus);\nend;\nend;\n\nexec  lisaSkoor @valik=&#039;add&#039;, @veerunimi=&#039;Skoor&#039;, @tuup=&#039;int&#039;;\nselect * from Filmid;\n\n<\/pre><\/div>\n\n\n<p>3.Protseduur, mis v\u00f5imaldab otsida kattekihti esimese t\u00e4he j\u00e4rgi<\/p>\n\n\n<div class=\"wp-block-syntaxhighlighter-code \"><pre class=\"brush: sql; title: ; notranslate\" title=\"\">\nCreate procedure FilmidOtsing\n@taht char(1)\nAS\nbegin\nSELECT * from Filmid\nWhere FilmiNimi LIKE @taht + &#039;%&#039;;\nend;\nEXEC FilmidOtsing T;\n<\/pre><\/div>\n\n\n<p>SQL lause vastus printSCR<\/p>\n\n\n\n<p>1. Protseduur, mis lisab filmi nimi ja osade arvu.<\/p>\n\n\n\n<figure class=\"wp-block-image size-large\"><img loading=\"lazy\" decoding=\"async\" width=\"368\" height=\"155\" src=\"https:\/\/oleksandraryshniak24.thkit.ee\/wp1\/wp-content\/uploads\/2025\/02\/image-1.png?w=368\" alt=\"\" class=\"wp-image-206\" srcset=\"https:\/\/oleksandraryshniak24.thkit.ee\/wp1\/wp-content\/uploads\/2025\/02\/image-1.png 368w, https:\/\/oleksandraryshniak24.thkit.ee\/wp1\/wp-content\/uploads\/2025\/02\/image-1-300x126.png 300w\" sizes=\"auto, (max-width: 368px) 100vw, 368px\" \/><\/figure>\n\n\n\n<p>2.Protseduur, mis lisab veeru nimega \u201eskoor\u201c.<\/p>\n\n\n\n<figure class=\"wp-block-image size-large\"><img loading=\"lazy\" decoding=\"async\" width=\"405\" height=\"145\" src=\"https:\/\/oleksandraryshniak24.thkit.ee\/wp1\/wp-content\/uploads\/2025\/02\/image-2.png?w=405\" alt=\"\" class=\"wp-image-208\" srcset=\"https:\/\/oleksandraryshniak24.thkit.ee\/wp1\/wp-content\/uploads\/2025\/02\/image-2.png 405w, https:\/\/oleksandraryshniak24.thkit.ee\/wp1\/wp-content\/uploads\/2025\/02\/image-2-300x107.png 300w\" sizes=\"auto, (max-width: 405px) 100vw, 405px\" \/><\/figure>\n\n\n\n<p>3.Protseduur, mis v\u00f5imaldab otsida kattekihti esimese t\u00e4he j\u00e4rgi<\/p>\n\n\n\n<figure class=\"wp-block-image size-large\"><img loading=\"lazy\" decoding=\"async\" width=\"301\" height=\"71\" src=\"https:\/\/oleksandraryshniak24.thkit.ee\/wp1\/wp-content\/uploads\/2025\/02\/image-3.png?w=301\" alt=\"\" class=\"wp-image-210\" \/><\/figure>\n\n\n\n<p><\/p>\n\n\n\n<p>XAMPP lause vastus printSCR:<\/p>\n\n\n\n<p>1.Protseduur, mis lisab filmi nimi ja osade arvu.<\/p>\n\n\n\n<figure class=\"wp-block-image size-large\"><img loading=\"lazy\" decoding=\"async\" width=\"326\" height=\"141\" src=\"https:\/\/oleksandraryshniak24.thkit.ee\/wp1\/wp-content\/uploads\/2025\/02\/image-4.png?w=326\" alt=\"\" class=\"wp-image-212\" srcset=\"https:\/\/oleksandraryshniak24.thkit.ee\/wp1\/wp-content\/uploads\/2025\/02\/image-4.png 326w, https:\/\/oleksandraryshniak24.thkit.ee\/wp1\/wp-content\/uploads\/2025\/02\/image-4-300x130.png 300w\" sizes=\"auto, (max-width: 326px) 100vw, 326px\" \/><\/figure>\n\n\n\n<p>3.Protseduur, mis v\u00f5imaldab otsida kattekihti esimese t\u00e4he j\u00e4rgi<\/p>\n\n\n\n<figure class=\"wp-block-image size-large\"><img decoding=\"async\" src=\"https:\/\/oleksandraryshniak24.thkit.ee\/wp1\/wp-content\/uploads\/2025\/02\/image-6-1.png?w=225\" alt=\"\" class=\"wp-image-216\" \/><\/figure>\n\n\n\n<p>3.Protseduur, mis v\u00f5imaldab otsida kattekihti esimese t\u00e4he j\u00e4rgi<\/p>\n\n\n\n<p>XAMPP lause tabeli loomiseks:<\/p>\n\n\n\n<p>1.Protseduur, mis lisab filmi nimi ja osade arvu.<\/p>\n\n\n\n<figure class=\"wp-block-image size-large\"><img decoding=\"async\" src=\"https:\/\/oleksandraryshniak24.thkit.ee\/wp1\/wp-content\/uploads\/2025\/02\/image-5-1.png?w=553\" alt=\"\" class=\"wp-image-214\" \/><\/figure>\n\n\n\n<p><em>3.Protseduur, mis v\u00f5imaldab otsida kattekihti esimese t\u00e4he j\u00e4rgi<\/em><\/p>\n\n\n\n<figure class=\"wp-block-image size-large\"><img decoding=\"async\" src=\"https:\/\/oleksandraryshniak24.thkit.ee\/wp1\/wp-content\/uploads\/2025\/02\/image-7-1.png?w=520\" alt=\"\" class=\"wp-image-217\" \/><\/figure>\n\n\n\n<p>3.Protseduur, mis v\u00f5imaldab otsida kattekihti esimese t\u00e4he j\u00e4rgi<\/p>\n","protected":false},"excerpt":{"rendered":"<p>\u00dclesanne: SQL lause tabeli loomiseks: 1. Protseduur, mis lisab filmi nimi ja osade arvu. 2. Protseduur, mis lisab veeru nimega [&hellip;]<\/p>\n","protected":false},"author":1,"featured_media":0,"parent":0,"menu_order":0,"comment_status":"closed","ping_status":"closed","template":"page-with-title","meta":{"footnotes":""},"class_list":["post-195","page","type-page","status-publish","hentry"],"yoast_head":"<!-- This site is optimized with the Yoast SEO plugin v27.4 - https:\/\/yoast.com\/product\/yoast-seo-wordpress\/ -->\n<title>Foorum: \u00fclesanne lahendamine - Oleksandra Ryshniak Portfolio<\/title>\n<meta name=\"robots\" content=\"index, follow, max-snippet:-1, max-image-preview:large, max-video-preview:-1\" \/>\n<link rel=\"canonical\" href=\"https:\/\/oleksandraryshniak24.thkit.ee\/wp1\/foorum-ulesanne-lahendamine\/\" \/>\n<meta property=\"og:locale\" content=\"et_EE\" \/>\n<meta property=\"og:type\" content=\"article\" \/>\n<meta property=\"og:title\" content=\"Foorum: \u00fclesanne lahendamine - Oleksandra Ryshniak Portfolio\" \/>\n<meta property=\"og:description\" content=\"\u00dclesanne: SQL lause tabeli loomiseks: 1. Protseduur, mis lisab filmi nimi ja osade arvu. 2. Protseduur, mis lisab veeru nimega [&hellip;]\" \/>\n<meta property=\"og:url\" content=\"https:\/\/oleksandraryshniak24.thkit.ee\/wp1\/foorum-ulesanne-lahendamine\/\" \/>\n<meta property=\"og:site_name\" content=\"Oleksandra Ryshniak Portfolio\" \/>\n<meta property=\"og:image\" content=\"https:\/\/oleksandraryshniak24.thkit.ee\/wp1\/wp-content\/uploads\/2025\/02\/image-1.png\" \/>\n\t<meta property=\"og:image:width\" content=\"368\" \/>\n\t<meta property=\"og:image:height\" content=\"155\" \/>\n\t<meta property=\"og:image:type\" content=\"image\/png\" \/>\n<meta name=\"twitter:card\" content=\"summary_large_image\" \/>\n<meta name=\"twitter:label1\" content=\"Est. reading time\" \/>\n\t<meta name=\"twitter:data1\" content=\"1 minut\" \/>\n<script type=\"application\/ld+json\" class=\"yoast-schema-graph\">{\"@context\":\"https:\\\/\\\/schema.org\",\"@graph\":[{\"@type\":\"WebPage\",\"@id\":\"https:\\\/\\\/oleksandraryshniak24.thkit.ee\\\/wp1\\\/foorum-ulesanne-lahendamine\\\/\",\"url\":\"https:\\\/\\\/oleksandraryshniak24.thkit.ee\\\/wp1\\\/foorum-ulesanne-lahendamine\\\/\",\"name\":\"Foorum: \u00fclesanne lahendamine - Oleksandra Ryshniak Portfolio\",\"isPartOf\":{\"@id\":\"https:\\\/\\\/oleksandraryshniak24.thkit.ee\\\/wp1\\\/#website\"},\"primaryImageOfPage\":{\"@id\":\"https:\\\/\\\/oleksandraryshniak24.thkit.ee\\\/wp1\\\/foorum-ulesanne-lahendamine\\\/#primaryimage\"},\"image\":{\"@id\":\"https:\\\/\\\/oleksandraryshniak24.thkit.ee\\\/wp1\\\/foorum-ulesanne-lahendamine\\\/#primaryimage\"},\"thumbnailUrl\":\"https:\\\/\\\/oleksandraryshniak24.thkit.ee\\\/wp1\\\/wp-content\\\/uploads\\\/2025\\\/02\\\/image-1.png?w=368\",\"datePublished\":\"2025-02-07T07:47:41+00:00\",\"breadcrumb\":{\"@id\":\"https:\\\/\\\/oleksandraryshniak24.thkit.ee\\\/wp1\\\/foorum-ulesanne-lahendamine\\\/#breadcrumb\"},\"inLanguage\":\"et\",\"potentialAction\":[{\"@type\":\"ReadAction\",\"target\":[\"https:\\\/\\\/oleksandraryshniak24.thkit.ee\\\/wp1\\\/foorum-ulesanne-lahendamine\\\/\"]}]},{\"@type\":\"ImageObject\",\"inLanguage\":\"et\",\"@id\":\"https:\\\/\\\/oleksandraryshniak24.thkit.ee\\\/wp1\\\/foorum-ulesanne-lahendamine\\\/#primaryimage\",\"url\":\"https:\\\/\\\/oleksandraryshniak24.thkit.ee\\\/wp1\\\/wp-content\\\/uploads\\\/2025\\\/02\\\/image-1.png\",\"contentUrl\":\"https:\\\/\\\/oleksandraryshniak24.thkit.ee\\\/wp1\\\/wp-content\\\/uploads\\\/2025\\\/02\\\/image-1.png\",\"width\":368,\"height\":155},{\"@type\":\"BreadcrumbList\",\"@id\":\"https:\\\/\\\/oleksandraryshniak24.thkit.ee\\\/wp1\\\/foorum-ulesanne-lahendamine\\\/#breadcrumb\",\"itemListElement\":[{\"@type\":\"ListItem\",\"position\":1,\"name\":\"Home\",\"item\":\"https:\\\/\\\/oleksandraryshniak24.thkit.ee\\\/wp1\\\/\"},{\"@type\":\"ListItem\",\"position\":2,\"name\":\"Foorum: \u00fclesanne lahendamine\"}]},{\"@type\":\"WebSite\",\"@id\":\"https:\\\/\\\/oleksandraryshniak24.thkit.ee\\\/wp1\\\/#website\",\"url\":\"https:\\\/\\\/oleksandraryshniak24.thkit.ee\\\/wp1\\\/\",\"name\":\"Oleksandra Ryshniak Portfolio\",\"description\":\"\u041f\u0440\u043e\u0441\u0442\u043e \u0435\u0449\u0435 \u043e\u0434\u0438\u043d WordPress \u0441\u0430\u0439\u0442\",\"potentialAction\":[{\"@type\":\"SearchAction\",\"target\":{\"@type\":\"EntryPoint\",\"urlTemplate\":\"https:\\\/\\\/oleksandraryshniak24.thkit.ee\\\/wp1\\\/?s={search_term_string}\"},\"query-input\":{\"@type\":\"PropertyValueSpecification\",\"valueRequired\":true,\"valueName\":\"search_term_string\"}}],\"inLanguage\":\"et\"}]}<\/script>\n<!-- \/ Yoast SEO plugin. -->","yoast_head_json":{"title":"Foorum: \u00fclesanne lahendamine - Oleksandra Ryshniak Portfolio","robots":{"index":"index","follow":"follow","max-snippet":"max-snippet:-1","max-image-preview":"max-image-preview:large","max-video-preview":"max-video-preview:-1"},"canonical":"https:\/\/oleksandraryshniak24.thkit.ee\/wp1\/foorum-ulesanne-lahendamine\/","og_locale":"et_EE","og_type":"article","og_title":"Foorum: \u00fclesanne lahendamine - Oleksandra Ryshniak Portfolio","og_description":"\u00dclesanne: SQL lause tabeli loomiseks: 1. Protseduur, mis lisab filmi nimi ja osade arvu. 2. Protseduur, mis lisab veeru nimega [&hellip;]","og_url":"https:\/\/oleksandraryshniak24.thkit.ee\/wp1\/foorum-ulesanne-lahendamine\/","og_site_name":"Oleksandra Ryshniak Portfolio","og_image":[{"width":368,"height":155,"url":"https:\/\/oleksandraryshniak24.thkit.ee\/wp1\/wp-content\/uploads\/2025\/02\/image-1.png","type":"image\/png"}],"twitter_card":"summary_large_image","twitter_misc":{"Est. reading time":"1 minut"},"schema":{"@context":"https:\/\/schema.org","@graph":[{"@type":"WebPage","@id":"https:\/\/oleksandraryshniak24.thkit.ee\/wp1\/foorum-ulesanne-lahendamine\/","url":"https:\/\/oleksandraryshniak24.thkit.ee\/wp1\/foorum-ulesanne-lahendamine\/","name":"Foorum: \u00fclesanne lahendamine - Oleksandra Ryshniak Portfolio","isPartOf":{"@id":"https:\/\/oleksandraryshniak24.thkit.ee\/wp1\/#website"},"primaryImageOfPage":{"@id":"https:\/\/oleksandraryshniak24.thkit.ee\/wp1\/foorum-ulesanne-lahendamine\/#primaryimage"},"image":{"@id":"https:\/\/oleksandraryshniak24.thkit.ee\/wp1\/foorum-ulesanne-lahendamine\/#primaryimage"},"thumbnailUrl":"https:\/\/oleksandraryshniak24.thkit.ee\/wp1\/wp-content\/uploads\/2025\/02\/image-1.png?w=368","datePublished":"2025-02-07T07:47:41+00:00","breadcrumb":{"@id":"https:\/\/oleksandraryshniak24.thkit.ee\/wp1\/foorum-ulesanne-lahendamine\/#breadcrumb"},"inLanguage":"et","potentialAction":[{"@type":"ReadAction","target":["https:\/\/oleksandraryshniak24.thkit.ee\/wp1\/foorum-ulesanne-lahendamine\/"]}]},{"@type":"ImageObject","inLanguage":"et","@id":"https:\/\/oleksandraryshniak24.thkit.ee\/wp1\/foorum-ulesanne-lahendamine\/#primaryimage","url":"https:\/\/oleksandraryshniak24.thkit.ee\/wp1\/wp-content\/uploads\/2025\/02\/image-1.png","contentUrl":"https:\/\/oleksandraryshniak24.thkit.ee\/wp1\/wp-content\/uploads\/2025\/02\/image-1.png","width":368,"height":155},{"@type":"BreadcrumbList","@id":"https:\/\/oleksandraryshniak24.thkit.ee\/wp1\/foorum-ulesanne-lahendamine\/#breadcrumb","itemListElement":[{"@type":"ListItem","position":1,"name":"Home","item":"https:\/\/oleksandraryshniak24.thkit.ee\/wp1\/"},{"@type":"ListItem","position":2,"name":"Foorum: \u00fclesanne lahendamine"}]},{"@type":"WebSite","@id":"https:\/\/oleksandraryshniak24.thkit.ee\/wp1\/#website","url":"https:\/\/oleksandraryshniak24.thkit.ee\/wp1\/","name":"Oleksandra Ryshniak Portfolio","description":"\u041f\u0440\u043e\u0441\u0442\u043e \u0435\u0449\u0435 \u043e\u0434\u0438\u043d WordPress \u0441\u0430\u0439\u0442","potentialAction":[{"@type":"SearchAction","target":{"@type":"EntryPoint","urlTemplate":"https:\/\/oleksandraryshniak24.thkit.ee\/wp1\/?s={search_term_string}"},"query-input":{"@type":"PropertyValueSpecification","valueRequired":true,"valueName":"search_term_string"}}],"inLanguage":"et"}]}},"_links":{"self":[{"href":"https:\/\/oleksandraryshniak24.thkit.ee\/wp1\/wp-json\/wp\/v2\/pages\/195","targetHints":{"allow":["GET"]}}],"collection":[{"href":"https:\/\/oleksandraryshniak24.thkit.ee\/wp1\/wp-json\/wp\/v2\/pages"}],"about":[{"href":"https:\/\/oleksandraryshniak24.thkit.ee\/wp1\/wp-json\/wp\/v2\/types\/page"}],"author":[{"embeddable":true,"href":"https:\/\/oleksandraryshniak24.thkit.ee\/wp1\/wp-json\/wp\/v2\/users\/1"}],"replies":[{"embeddable":true,"href":"https:\/\/oleksandraryshniak24.thkit.ee\/wp1\/wp-json\/wp\/v2\/comments?post=195"}],"version-history":[{"count":0,"href":"https:\/\/oleksandraryshniak24.thkit.ee\/wp1\/wp-json\/wp\/v2\/pages\/195\/revisions"}],"wp:attachment":[{"href":"https:\/\/oleksandraryshniak24.thkit.ee\/wp1\/wp-json\/wp\/v2\/media?parent=195"}],"curies":[{"name":"wp","href":"https:\/\/api.w.org\/{rel}","templated":true}]}}