{"id":2053,"date":"2026-02-25T11:52:25","date_gmt":"2026-02-25T11:52:25","guid":{"rendered":"https:\/\/oleksandraryshniak24.thkit.ee\/wp1\/?page_id=2053"},"modified":"2026-03-03T16:27:15","modified_gmt":"2026-03-03T16:27:15","slug":"jiro","status":"publish","type":"page","link":"https:\/\/oleksandraryshniak24.thkit.ee\/wp1\/jiro\/","title":{"rendered":"Jira"},"content":{"rendered":"\n<h1 class=\"wp-block-heading\">Jira<\/h1>\n\n\n\n<p>Projekti k\u00e4igus kasutati paindlikku arendusmetoodikat ning t\u00f6\u00f6riista \u00fclesannete korraldamiseks ja j\u00e4lgimiseks, mis aitas veebilehe loomise protsessi struktureerida (Jira). T\u00f6\u00f6 jaotati suuremateks funktsionaalseteks plokkideks ning mitmeks etapiks, mis v\u00f5imaldas arengut j\u00e4rjepidevalt j\u00e4lgida. Projekt viidi ellu koos Nikita Orlenko.<\/p>\n\n\n\n<h2 class=\"wp-block-heading\">T\u00f6\u00f6 plaan<\/h2>\n\n\n\n<div class=\"wp-block-group is-vertical is-layout-flex wp-container-core-group-is-layout-fe9cc265 wp-block-group-is-layout-flex\">\n<p>Piltidel on n\u00e4ha k\u00f5igi \u00fclesannete jaotus, nende kestus ning omavahelised seosed ja t\u00e4itmise j\u00e4rjekord.<\/p>\n\n\n\n<figure class=\"wp-block-image size-large\"><a href=\"https:\/\/oleksandraryshniak24.thkit.ee\/wp1\/wp-content\/uploads\/2026\/03\/image-2.png\"><img loading=\"lazy\" decoding=\"async\" width=\"1024\" height=\"505\" src=\"https:\/\/oleksandraryshniak24.thkit.ee\/wp1\/wp-content\/uploads\/2026\/03\/image-2-1024x505.png\" alt=\"\" class=\"wp-image-2106\" srcset=\"https:\/\/oleksandraryshniak24.thkit.ee\/wp1\/wp-content\/uploads\/2026\/03\/image-2-1024x505.png 1024w, https:\/\/oleksandraryshniak24.thkit.ee\/wp1\/wp-content\/uploads\/2026\/03\/image-2-300x148.png 300w, https:\/\/oleksandraryshniak24.thkit.ee\/wp1\/wp-content\/uploads\/2026\/03\/image-2-768x379.png 768w, https:\/\/oleksandraryshniak24.thkit.ee\/wp1\/wp-content\/uploads\/2026\/03\/image-2-150x74.png 150w, https:\/\/oleksandraryshniak24.thkit.ee\/wp1\/wp-content\/uploads\/2026\/03\/image-2-1536x758.png 1536w, https:\/\/oleksandraryshniak24.thkit.ee\/wp1\/wp-content\/uploads\/2026\/03\/image-2.png 1564w\" sizes=\"auto, (max-width: 1024px) 100vw, 1024px\" \/><\/a><\/figure>\n\n\n\n<figure class=\"wp-block-image size-large\"><a href=\"https:\/\/oleksandraryshniak24.thkit.ee\/wp1\/wp-content\/uploads\/2026\/03\/image-1.png\"><img loading=\"lazy\" decoding=\"async\" width=\"1024\" height=\"569\" src=\"https:\/\/oleksandraryshniak24.thkit.ee\/wp1\/wp-content\/uploads\/2026\/03\/image-1-1024x569.png\" alt=\"\" class=\"wp-image-2105\" srcset=\"https:\/\/oleksandraryshniak24.thkit.ee\/wp1\/wp-content\/uploads\/2026\/03\/image-1-1024x569.png 1024w, https:\/\/oleksandraryshniak24.thkit.ee\/wp1\/wp-content\/uploads\/2026\/03\/image-1-300x167.png 300w, https:\/\/oleksandraryshniak24.thkit.ee\/wp1\/wp-content\/uploads\/2026\/03\/image-1-768x426.png 768w, https:\/\/oleksandraryshniak24.thkit.ee\/wp1\/wp-content\/uploads\/2026\/03\/image-1-150x83.png 150w, https:\/\/oleksandraryshniak24.thkit.ee\/wp1\/wp-content\/uploads\/2026\/03\/image-1-1536x853.png 1536w, https:\/\/oleksandraryshniak24.thkit.ee\/wp1\/wp-content\/uploads\/2026\/03\/image-1.png 1585w\" sizes=\"auto, (max-width: 1024px) 100vw, 1024px\" \/><\/a><\/figure>\n\n\n\n<figure class=\"wp-block-image size-large\"><a href=\"https:\/\/oleksandraryshniak24.thkit.ee\/wp1\/wp-content\/uploads\/2026\/03\/image-3.png\"><img loading=\"lazy\" decoding=\"async\" width=\"1024\" height=\"555\" src=\"https:\/\/oleksandraryshniak24.thkit.ee\/wp1\/wp-content\/uploads\/2026\/03\/image-3-1024x555.png\" alt=\"\" class=\"wp-image-2107\" srcset=\"https:\/\/oleksandraryshniak24.thkit.ee\/wp1\/wp-content\/uploads\/2026\/03\/image-3-1024x555.png 1024w, https:\/\/oleksandraryshniak24.thkit.ee\/wp1\/wp-content\/uploads\/2026\/03\/image-3-300x163.png 300w, https:\/\/oleksandraryshniak24.thkit.ee\/wp1\/wp-content\/uploads\/2026\/03\/image-3-768x416.png 768w, https:\/\/oleksandraryshniak24.thkit.ee\/wp1\/wp-content\/uploads\/2026\/03\/image-3-150x81.png 150w, https:\/\/oleksandraryshniak24.thkit.ee\/wp1\/wp-content\/uploads\/2026\/03\/image-3-1536x832.png 1536w, https:\/\/oleksandraryshniak24.thkit.ee\/wp1\/wp-content\/uploads\/2026\/03\/image-3.png 1611w\" sizes=\"auto, (max-width: 1024px) 100vw, 1024px\" \/><\/a><\/figure>\n<\/div>\n\n\n\n<h2 class=\"wp-block-heading\">\u00dclesannete tahvel<\/h2>\n\n\n\n<p>Piltidel on n\u00e4ha k\u00f5igi \u00fclesannete jaotus, nende kestus ning omavahelised seosed ja t\u00e4itmise j\u00e4rjekord.<\/p>\n\n\n\n<figure class=\"wp-block-image size-large\"><a href=\"https:\/\/oleksandraryshniak24.thkit.ee\/wp1\/wp-content\/uploads\/2026\/03\/image-4.png\"><img loading=\"lazy\" decoding=\"async\" width=\"1024\" height=\"479\" src=\"https:\/\/oleksandraryshniak24.thkit.ee\/wp1\/wp-content\/uploads\/2026\/03\/image-4-1024x479.png\" alt=\"\" class=\"wp-image-2109\" srcset=\"https:\/\/oleksandraryshniak24.thkit.ee\/wp1\/wp-content\/uploads\/2026\/03\/image-4-1024x479.png 1024w, https:\/\/oleksandraryshniak24.thkit.ee\/wp1\/wp-content\/uploads\/2026\/03\/image-4-300x140.png 300w, https:\/\/oleksandraryshniak24.thkit.ee\/wp1\/wp-content\/uploads\/2026\/03\/image-4-768x359.png 768w, https:\/\/oleksandraryshniak24.thkit.ee\/wp1\/wp-content\/uploads\/2026\/03\/image-4-150x70.png 150w, https:\/\/oleksandraryshniak24.thkit.ee\/wp1\/wp-content\/uploads\/2026\/03\/image-4-1536x719.png 1536w, https:\/\/oleksandraryshniak24.thkit.ee\/wp1\/wp-content\/uploads\/2026\/03\/image-4.png 1598w\" sizes=\"auto, (max-width: 1024px) 100vw, 1024px\" \/><\/a><\/figure>\n\n\n\n<h2 class=\"wp-block-heading\">Sprindid<\/h2>\n\n\n\n<p>Sprintides on koondatud projekti \u00fclesanded. T\u00f6\u00f6 jagati viieks etapiks: <\/p>\n\n\n\n<ol class=\"wp-block-list\">\n<li>ettevalmistus, <\/li>\n\n\n\n<li>andmebaasidega t\u00f6\u00f6tamine,<\/li>\n\n\n\n<li>koodi kirjutamine, <\/li>\n\n\n\n<li>veebilehe testimine,<\/li>\n\n\n\n<li>t\u00f6\u00f6 hindamine.<\/li>\n<\/ol>\n\n\n\n<figure class=\"wp-block-image size-large is-resized\"><a href=\"https:\/\/oleksandraryshniak24.thkit.ee\/wp1\/wp-content\/uploads\/2026\/03\/image-5.png\"><img loading=\"lazy\" decoding=\"async\" width=\"1024\" height=\"567\" src=\"https:\/\/oleksandraryshniak24.thkit.ee\/wp1\/wp-content\/uploads\/2026\/03\/image-5-1024x567.png\" alt=\"\" class=\"wp-image-2110\" style=\"width:1024px;height:auto\" srcset=\"https:\/\/oleksandraryshniak24.thkit.ee\/wp1\/wp-content\/uploads\/2026\/03\/image-5-1024x567.png 1024w, https:\/\/oleksandraryshniak24.thkit.ee\/wp1\/wp-content\/uploads\/2026\/03\/image-5-300x166.png 300w, https:\/\/oleksandraryshniak24.thkit.ee\/wp1\/wp-content\/uploads\/2026\/03\/image-5-768x425.png 768w, https:\/\/oleksandraryshniak24.thkit.ee\/wp1\/wp-content\/uploads\/2026\/03\/image-5-150x83.png 150w, https:\/\/oleksandraryshniak24.thkit.ee\/wp1\/wp-content\/uploads\/2026\/03\/image-5-1536x851.png 1536w, https:\/\/oleksandraryshniak24.thkit.ee\/wp1\/wp-content\/uploads\/2026\/03\/image-5.png 1592w\" sizes=\"auto, (max-width: 1024px) 100vw, 1024px\" \/><\/a><\/figure>\n\n\n\n<figure class=\"wp-block-image size-large\"><a href=\"https:\/\/oleksandraryshniak24.thkit.ee\/wp1\/wp-content\/uploads\/2026\/03\/image-6.png\"><img loading=\"lazy\" decoding=\"async\" width=\"1024\" height=\"598\" src=\"https:\/\/oleksandraryshniak24.thkit.ee\/wp1\/wp-content\/uploads\/2026\/03\/image-6-1024x598.png\" alt=\"\" class=\"wp-image-2112\" srcset=\"https:\/\/oleksandraryshniak24.thkit.ee\/wp1\/wp-content\/uploads\/2026\/03\/image-6-1024x598.png 1024w, https:\/\/oleksandraryshniak24.thkit.ee\/wp1\/wp-content\/uploads\/2026\/03\/image-6-300x175.png 300w, https:\/\/oleksandraryshniak24.thkit.ee\/wp1\/wp-content\/uploads\/2026\/03\/image-6-768x449.png 768w, https:\/\/oleksandraryshniak24.thkit.ee\/wp1\/wp-content\/uploads\/2026\/03\/image-6-150x88.png 150w, https:\/\/oleksandraryshniak24.thkit.ee\/wp1\/wp-content\/uploads\/2026\/03\/image-6-1536x897.png 1536w, https:\/\/oleksandraryshniak24.thkit.ee\/wp1\/wp-content\/uploads\/2026\/03\/image-6.png 1551w\" sizes=\"auto, (max-width: 1024px) 100vw, 1024px\" \/><\/a><\/figure>\n\n\n\n<figure class=\"wp-block-image size-large\"><a href=\"https:\/\/oleksandraryshniak24.thkit.ee\/wp1\/wp-content\/uploads\/2026\/03\/image-7.png\"><img loading=\"lazy\" decoding=\"async\" width=\"1024\" height=\"409\" src=\"https:\/\/oleksandraryshniak24.thkit.ee\/wp1\/wp-content\/uploads\/2026\/03\/image-7-1024x409.png\" alt=\"\" class=\"wp-image-2113\" srcset=\"https:\/\/oleksandraryshniak24.thkit.ee\/wp1\/wp-content\/uploads\/2026\/03\/image-7-1024x409.png 1024w, https:\/\/oleksandraryshniak24.thkit.ee\/wp1\/wp-content\/uploads\/2026\/03\/image-7-300x120.png 300w, https:\/\/oleksandraryshniak24.thkit.ee\/wp1\/wp-content\/uploads\/2026\/03\/image-7-768x307.png 768w, https:\/\/oleksandraryshniak24.thkit.ee\/wp1\/wp-content\/uploads\/2026\/03\/image-7-150x60.png 150w, https:\/\/oleksandraryshniak24.thkit.ee\/wp1\/wp-content\/uploads\/2026\/03\/image-7-1536x614.png 1536w, https:\/\/oleksandraryshniak24.thkit.ee\/wp1\/wp-content\/uploads\/2026\/03\/image-7.png 1557w\" sizes=\"auto, (max-width: 1024px) 100vw, 1024px\" \/><\/a><\/figure>\n\n\n\n<h2 class=\"wp-block-heading\">Lehed<\/h2>\n\n\n\n<p>Lehek\u00fclgedel on iga sprindi ja selle \u00fclesannete kirjeldus ning samuti on lisatud projekti veebisaidi link.<\/p>\n\n\n\n<p><a href=\"https:\/\/nikitaorlenko.atlassian.net\/wiki\/x\/bQAC\" type=\"link\" id=\"https:\/\/nikitaorlenko.atlassian.net\/wiki\/x\/bQAC\">Veebisait<\/a><\/p>\n\n\n\n<h2 class=\"wp-block-heading\">Projekti kokkuv\u00f5te<\/h2>\n\n\n\n<p>Projekti \u00fclevaade sisaldab t\u00f6\u00f6 peamisi etappe, \u00fclesannete jaotust ja projekti tulemusi.<\/p>\n\n\n\n<figure class=\"wp-block-image size-large\"><a href=\"https:\/\/oleksandraryshniak24.thkit.ee\/wp1\/wp-content\/uploads\/2026\/03\/image-8.png\"><img loading=\"lazy\" decoding=\"async\" width=\"1024\" height=\"524\" src=\"https:\/\/oleksandraryshniak24.thkit.ee\/wp1\/wp-content\/uploads\/2026\/03\/image-8-1024x524.png\" alt=\"\" class=\"wp-image-2114\" srcset=\"https:\/\/oleksandraryshniak24.thkit.ee\/wp1\/wp-content\/uploads\/2026\/03\/image-8-1024x524.png 1024w, https:\/\/oleksandraryshniak24.thkit.ee\/wp1\/wp-content\/uploads\/2026\/03\/image-8-300x154.png 300w, https:\/\/oleksandraryshniak24.thkit.ee\/wp1\/wp-content\/uploads\/2026\/03\/image-8-768x393.png 768w, https:\/\/oleksandraryshniak24.thkit.ee\/wp1\/wp-content\/uploads\/2026\/03\/image-8-150x77.png 150w, https:\/\/oleksandraryshniak24.thkit.ee\/wp1\/wp-content\/uploads\/2026\/03\/image-8.png 1523w\" sizes=\"auto, (max-width: 1024px) 100vw, 1024px\" \/><\/a><\/figure>\n","protected":false},"excerpt":{"rendered":"<p>Jira Projekti k\u00e4igus kasutati paindlikku arendusmetoodikat ning t\u00f6\u00f6riista \u00fclesannete korraldamiseks ja j\u00e4lgimiseks, mis aitas veebilehe loomise protsessi struktureerida (Jira). T\u00f6\u00f6 [&hellip;]<\/p>\n","protected":false},"author":1,"featured_media":0,"parent":0,"menu_order":0,"comment_status":"closed","ping_status":"closed","template":"","meta":{"footnotes":""},"class_list":["post-2053","page","type-page","status-publish","hentry"],"yoast_head":"<!-- This site is optimized with the Yoast SEO plugin v27.4 - https:\/\/yoast.com\/product\/yoast-seo-wordpress\/ -->\n<title>Jira - Oleksandra Ryshniak Portfolio<\/title>\n<meta name=\"robots\" content=\"index, follow, max-snippet:-1, max-image-preview:large, max-video-preview:-1\" \/>\n<link rel=\"canonical\" href=\"https:\/\/oleksandraryshniak24.thkit.ee\/wp1\/jiro\/\" \/>\n<meta property=\"og:locale\" content=\"et_EE\" \/>\n<meta property=\"og:type\" content=\"article\" \/>\n<meta property=\"og:title\" content=\"Jira - Oleksandra Ryshniak Portfolio\" \/>\n<meta property=\"og:description\" content=\"Jira Projekti k\u00e4igus kasutati paindlikku arendusmetoodikat ning t\u00f6\u00f6riista \u00fclesannete korraldamiseks ja j\u00e4lgimiseks, mis aitas veebilehe loomise protsessi struktureerida (Jira). T\u00f6\u00f6 [&hellip;]\" \/>\n<meta property=\"og:url\" content=\"https:\/\/oleksandraryshniak24.thkit.ee\/wp1\/jiro\/\" \/>\n<meta property=\"og:site_name\" content=\"Oleksandra Ryshniak Portfolio\" \/>\n<meta property=\"article:modified_time\" content=\"2026-03-03T16:27:15+00:00\" \/>\n<meta property=\"og:image\" content=\"https:\/\/oleksandraryshniak24.thkit.ee\/wp1\/wp-content\/uploads\/2026\/03\/image-2.png\" \/>\n\t<meta property=\"og:image:width\" content=\"1564\" \/>\n\t<meta property=\"og:image:height\" content=\"772\" \/>\n\t<meta property=\"og:image:type\" content=\"image\/png\" \/>\n<meta name=\"twitter:card\" content=\"summary_large_image\" \/>\n<meta name=\"twitter:label1\" content=\"Est. reading time\" \/>\n\t<meta name=\"twitter:data1\" content=\"3 minutit\" \/>\n<script type=\"application\/ld+json\" class=\"yoast-schema-graph\">{\"@context\":\"https:\\\/\\\/schema.org\",\"@graph\":[{\"@type\":\"WebPage\",\"@id\":\"https:\\\/\\\/oleksandraryshniak24.thkit.ee\\\/wp1\\\/jiro\\\/\",\"url\":\"https:\\\/\\\/oleksandraryshniak24.thkit.ee\\\/wp1\\\/jiro\\\/\",\"name\":\"Jira - Oleksandra Ryshniak Portfolio\",\"isPartOf\":{\"@id\":\"https:\\\/\\\/oleksandraryshniak24.thkit.ee\\\/wp1\\\/#website\"},\"primaryImageOfPage\":{\"@id\":\"https:\\\/\\\/oleksandraryshniak24.thkit.ee\\\/wp1\\\/jiro\\\/#primaryimage\"},\"image\":{\"@id\":\"https:\\\/\\\/oleksandraryshniak24.thkit.ee\\\/wp1\\\/jiro\\\/#primaryimage\"},\"thumbnailUrl\":\"https:\\\/\\\/oleksandraryshniak24.thkit.ee\\\/wp1\\\/wp-content\\\/uploads\\\/2026\\\/03\\\/image-2-1024x505.png\",\"datePublished\":\"2026-02-25T11:52:25+00:00\",\"dateModified\":\"2026-03-03T16:27:15+00:00\",\"breadcrumb\":{\"@id\":\"https:\\\/\\\/oleksandraryshniak24.thkit.ee\\\/wp1\\\/jiro\\\/#breadcrumb\"},\"inLanguage\":\"et\",\"potentialAction\":[{\"@type\":\"ReadAction\",\"target\":[\"https:\\\/\\\/oleksandraryshniak24.thkit.ee\\\/wp1\\\/jiro\\\/\"]}]},{\"@type\":\"ImageObject\",\"inLanguage\":\"et\",\"@id\":\"https:\\\/\\\/oleksandraryshniak24.thkit.ee\\\/wp1\\\/jiro\\\/#primaryimage\",\"url\":\"https:\\\/\\\/oleksandraryshniak24.thkit.ee\\\/wp1\\\/wp-content\\\/uploads\\\/2026\\\/03\\\/image-2.png\",\"contentUrl\":\"https:\\\/\\\/oleksandraryshniak24.thkit.ee\\\/wp1\\\/wp-content\\\/uploads\\\/2026\\\/03\\\/image-2.png\",\"width\":1564,\"height\":772},{\"@type\":\"BreadcrumbList\",\"@id\":\"https:\\\/\\\/oleksandraryshniak24.thkit.ee\\\/wp1\\\/jiro\\\/#breadcrumb\",\"itemListElement\":[{\"@type\":\"ListItem\",\"position\":1,\"name\":\"Home\",\"item\":\"https:\\\/\\\/oleksandraryshniak24.thkit.ee\\\/wp1\\\/\"},{\"@type\":\"ListItem\",\"position\":2,\"name\":\"Jira\"}]},{\"@type\":\"WebSite\",\"@id\":\"https:\\\/\\\/oleksandraryshniak24.thkit.ee\\\/wp1\\\/#website\",\"url\":\"https:\\\/\\\/oleksandraryshniak24.thkit.ee\\\/wp1\\\/\",\"name\":\"Oleksandra Ryshniak Portfolio\",\"description\":\"\u041f\u0440\u043e\u0441\u0442\u043e \u0435\u0449\u0435 \u043e\u0434\u0438\u043d WordPress \u0441\u0430\u0439\u0442\",\"potentialAction\":[{\"@type\":\"SearchAction\",\"target\":{\"@type\":\"EntryPoint\",\"urlTemplate\":\"https:\\\/\\\/oleksandraryshniak24.thkit.ee\\\/wp1\\\/?s={search_term_string}\"},\"query-input\":{\"@type\":\"PropertyValueSpecification\",\"valueRequired\":true,\"valueName\":\"search_term_string\"}}],\"inLanguage\":\"et\"}]}<\/script>\n<!-- \/ Yoast SEO plugin. -->","yoast_head_json":{"title":"Jira - Oleksandra Ryshniak Portfolio","robots":{"index":"index","follow":"follow","max-snippet":"max-snippet:-1","max-image-preview":"max-image-preview:large","max-video-preview":"max-video-preview:-1"},"canonical":"https:\/\/oleksandraryshniak24.thkit.ee\/wp1\/jiro\/","og_locale":"et_EE","og_type":"article","og_title":"Jira - Oleksandra Ryshniak Portfolio","og_description":"Jira Projekti k\u00e4igus kasutati paindlikku arendusmetoodikat ning t\u00f6\u00f6riista \u00fclesannete korraldamiseks ja j\u00e4lgimiseks, mis aitas veebilehe loomise protsessi struktureerida (Jira). T\u00f6\u00f6 [&hellip;]","og_url":"https:\/\/oleksandraryshniak24.thkit.ee\/wp1\/jiro\/","og_site_name":"Oleksandra Ryshniak Portfolio","article_modified_time":"2026-03-03T16:27:15+00:00","og_image":[{"width":1564,"height":772,"url":"https:\/\/oleksandraryshniak24.thkit.ee\/wp1\/wp-content\/uploads\/2026\/03\/image-2.png","type":"image\/png"}],"twitter_card":"summary_large_image","twitter_misc":{"Est. reading time":"3 minutit"},"schema":{"@context":"https:\/\/schema.org","@graph":[{"@type":"WebPage","@id":"https:\/\/oleksandraryshniak24.thkit.ee\/wp1\/jiro\/","url":"https:\/\/oleksandraryshniak24.thkit.ee\/wp1\/jiro\/","name":"Jira - Oleksandra Ryshniak Portfolio","isPartOf":{"@id":"https:\/\/oleksandraryshniak24.thkit.ee\/wp1\/#website"},"primaryImageOfPage":{"@id":"https:\/\/oleksandraryshniak24.thkit.ee\/wp1\/jiro\/#primaryimage"},"image":{"@id":"https:\/\/oleksandraryshniak24.thkit.ee\/wp1\/jiro\/#primaryimage"},"thumbnailUrl":"https:\/\/oleksandraryshniak24.thkit.ee\/wp1\/wp-content\/uploads\/2026\/03\/image-2-1024x505.png","datePublished":"2026-02-25T11:52:25+00:00","dateModified":"2026-03-03T16:27:15+00:00","breadcrumb":{"@id":"https:\/\/oleksandraryshniak24.thkit.ee\/wp1\/jiro\/#breadcrumb"},"inLanguage":"et","potentialAction":[{"@type":"ReadAction","target":["https:\/\/oleksandraryshniak24.thkit.ee\/wp1\/jiro\/"]}]},{"@type":"ImageObject","inLanguage":"et","@id":"https:\/\/oleksandraryshniak24.thkit.ee\/wp1\/jiro\/#primaryimage","url":"https:\/\/oleksandraryshniak24.thkit.ee\/wp1\/wp-content\/uploads\/2026\/03\/image-2.png","contentUrl":"https:\/\/oleksandraryshniak24.thkit.ee\/wp1\/wp-content\/uploads\/2026\/03\/image-2.png","width":1564,"height":772},{"@type":"BreadcrumbList","@id":"https:\/\/oleksandraryshniak24.thkit.ee\/wp1\/jiro\/#breadcrumb","itemListElement":[{"@type":"ListItem","position":1,"name":"Home","item":"https:\/\/oleksandraryshniak24.thkit.ee\/wp1\/"},{"@type":"ListItem","position":2,"name":"Jira"}]},{"@type":"WebSite","@id":"https:\/\/oleksandraryshniak24.thkit.ee\/wp1\/#website","url":"https:\/\/oleksandraryshniak24.thkit.ee\/wp1\/","name":"Oleksandra Ryshniak Portfolio","description":"\u041f\u0440\u043e\u0441\u0442\u043e \u0435\u0449\u0435 \u043e\u0434\u0438\u043d WordPress \u0441\u0430\u0439\u0442","potentialAction":[{"@type":"SearchAction","target":{"@type":"EntryPoint","urlTemplate":"https:\/\/oleksandraryshniak24.thkit.ee\/wp1\/?s={search_term_string}"},"query-input":{"@type":"PropertyValueSpecification","valueRequired":true,"valueName":"search_term_string"}}],"inLanguage":"et"}]}},"_links":{"self":[{"href":"https:\/\/oleksandraryshniak24.thkit.ee\/wp1\/wp-json\/wp\/v2\/pages\/2053","targetHints":{"allow":["GET"]}}],"collection":[{"href":"https:\/\/oleksandraryshniak24.thkit.ee\/wp1\/wp-json\/wp\/v2\/pages"}],"about":[{"href":"https:\/\/oleksandraryshniak24.thkit.ee\/wp1\/wp-json\/wp\/v2\/types\/page"}],"author":[{"embeddable":true,"href":"https:\/\/oleksandraryshniak24.thkit.ee\/wp1\/wp-json\/wp\/v2\/users\/1"}],"replies":[{"embeddable":true,"href":"https:\/\/oleksandraryshniak24.thkit.ee\/wp1\/wp-json\/wp\/v2\/comments?post=2053"}],"version-history":[{"count":4,"href":"https:\/\/oleksandraryshniak24.thkit.ee\/wp1\/wp-json\/wp\/v2\/pages\/2053\/revisions"}],"predecessor-version":[{"id":2115,"href":"https:\/\/oleksandraryshniak24.thkit.ee\/wp1\/wp-json\/wp\/v2\/pages\/2053\/revisions\/2115"}],"wp:attachment":[{"href":"https:\/\/oleksandraryshniak24.thkit.ee\/wp1\/wp-json\/wp\/v2\/media?parent=2053"}],"curies":[{"name":"wp","href":"https:\/\/api.w.org\/{rel}","templated":true}]}}