{"id":2069,"date":"2026-02-26T09:25:43","date_gmt":"2026-02-26T09:25:43","guid":{"rendered":"https:\/\/oleksandraryshniak24.thkit.ee\/wp1\/?page_id=2069"},"modified":"2026-02-26T11:42:55","modified_gmt":"2026-02-26T11:42:55","slug":"veebidisain","status":"publish","type":"page","link":"https:\/\/oleksandraryshniak24.thkit.ee\/wp1\/veebidisain\/","title":{"rendered":"VeebiDisain"},"content":{"rendered":"\n<h1 class=\"wp-block-heading\">VeebiDisain<\/h1>\n\n\n\n<p><strong>Responsiivne veebidisain<\/strong> &#8211; see on veebilehe loomise viis, mille puhul see kohandub automaatselt ekraani suurusega \u2014 telefoni, tahvelarvuti v\u00f5i arvuti jaoks.<\/p>\n\n\n\n<p><strong>Adaptiivne veebidisain<\/strong> &#8211; see on disain, kus luuakse mitu eraldi veebilehe versiooni erinevate seadmete jaoks (n\u00e4iteks telefoni, tahvelarvuti ja arvuti jaoks).<\/p>\n\n\n\n<h3 class=\"wp-block-heading\"><strong>Responsiivne<\/strong> vs Adaptiivne<\/h3>\n\n\n\n<figure class=\"wp-block-table\"><table class=\"has-fixed-layout\"><tbody><tr><td><strong>Kriteerium<\/strong><\/td><td><strong>Responsiivne veebidisain<\/strong><\/td><td><strong>Adaptiivne veebidisain<\/strong><\/td><\/tr><tr><td>Kuidas t\u00f6\u00f6tab<\/td><td>Veebileht kohandub sujuvalt iga ekraani suurusega<\/td><td>Veebilehel on mitu eraldi versiooni erinevate seadmete jaoks<\/td><\/tr><tr><td>Paindlikkus<\/td><td>V\u00e4ga paindlik ja sobib k\u00f5ikidele ekraanidele<\/td><td>V\u00e4hem paindlik, m\u00f5eldud kindlatele suurustele<\/td><\/tr><tr><td>Tehnoloogia<\/td><td>Kasutatakse <em>media query\u2019sid<\/em> ja paindlikku kujundust<\/td><td>Kasutatakse erinevaid makette erinevatele seadmetele<\/td><\/tr><tr><td>Arendamine<\/td><td>Lihtsam luua ja hooldada<\/td><td>Keerulisem, sest tuleb teha mitu versiooni<\/td><\/tr><tr><td>Kasutamine<\/td><td>K\u00f5ige sagedamini kasutatav t\u00e4nap\u00e4eval<\/td><td>Kasutatakse eriprojektides<\/td><\/tr><tr><td>Laadimine<\/td><td>Laetakse \u00fcks universaalne versioon<\/td><td>Laetakse konkreetne versioon vastavalt seadmele<\/td><\/tr><\/tbody><\/table><\/figure>\n\n\n\n<h3 class=\"wp-block-heading\"><strong>Responsiivne veebidisain<\/strong> <strong>koodin\u00e4ide:<\/strong><\/h3>\n\n\n<div class=\"wp-block-syntaxhighlighter-code \"><pre class=\"brush: css; title: ; notranslate\" title=\"\">\n\/*pildid on kohanduvad, ei l\u00e4he plokist v\u00e4lja ega moondu*\/\nimg {\nmax-width: 100%;\nheight: auto;\n}\n\n\/*sektsioonid asuvad reas ja liiguvad vajadusel uuele reale*\/\nmain {\ndisplay: flex;\nflex-wrap: wrap;\n}\n\n@media (max-width: 768px)\/*stiilid telefoni jaoks*\/\n {\n    main section \/*plokid muutuvad \u00fcheveeruliseks*\/\n    {\n        width: 100%;\n    }\n    nav ul \/*men\u00fc\u00fc muutub vertikaalseks*\/\n    {\n        flex-direction: column;\n    }\n}\n<\/pre><\/div>\n\n\n<h3 class=\"wp-block-heading\"><strong>Adaptiivne veebidisain  koodin\u00e4ide:<\/strong><\/h3>\n\n\n<div class=\"wp-block-syntaxhighlighter-code \"><pre class=\"brush: css; title: ; notranslate\" title=\"\">\n\/* Arvuti*\/\n@media (min-width: 1024px) \/*stiilid arvuti jaoks*\/{\n    main \/*on 1000px lai ja keskele joondatud (margin: auto)*\/ {\n        width: 1000px;\n        margin: auto;\n    }\n}\n\n\/* Tahvelarvuti*\/\n@media (min-width: 768px) and (max-width: 1023px) \/*stiilid tahvelarvuti jaoks*\/ {\n    main \/*on 700px lai*\/{\n        width: 700px;\n    }\n}\n\n\/* Telefon*\/\n@media (max-width: 767px) \/*stiilid telefoni jaoks*\/ {\n    main \/*v\u00f5tab 100% ekraani laiusest*\/{\n        width: 100%;\n    }\n}\n<\/pre><\/div>\n\n\n<h2 class=\"wp-block-heading\">Adaptiivse disaini kontrollimine<\/h2>\n\n\n\n<h3 class=\"wp-block-heading\">Telefon:<\/h3>\n\n\n\n<div class=\"wp-block-group is-nowrap is-layout-flex wp-container-core-group-is-layout-6c531013 wp-block-group-is-layout-flex\">\n<figure class=\"wp-block-image size-full is-resized\"><img loading=\"lazy\" decoding=\"async\" width=\"666\" height=\"829\" src=\"https:\/\/oleksandraryshniak24.thkit.ee\/wp1\/wp-content\/uploads\/2026\/02\/092BCF0F-8B84-4717-8120-0B65CA4B3C72.png\" alt=\"\" class=\"wp-image-2083\" style=\"width:458px;height:auto\" srcset=\"https:\/\/oleksandraryshniak24.thkit.ee\/wp1\/wp-content\/uploads\/2026\/02\/092BCF0F-8B84-4717-8120-0B65CA4B3C72.png 666w, https:\/\/oleksandraryshniak24.thkit.ee\/wp1\/wp-content\/uploads\/2026\/02\/092BCF0F-8B84-4717-8120-0B65CA4B3C72-241x300.png 241w, https:\/\/oleksandraryshniak24.thkit.ee\/wp1\/wp-content\/uploads\/2026\/02\/092BCF0F-8B84-4717-8120-0B65CA4B3C72-121x150.png 121w\" sizes=\"auto, (max-width: 666px) 100vw, 666px\" \/><\/figure>\n\n\n\n<figure class=\"wp-block-image size-full is-resized\"><img loading=\"lazy\" decoding=\"async\" width=\"680\" height=\"858\" src=\"https:\/\/oleksandraryshniak24.thkit.ee\/wp1\/wp-content\/uploads\/2026\/02\/104CA377-C4FC-4019-A030-F92DF479EE89.png\" alt=\"\" class=\"wp-image-2084\" style=\"width:463px;height:auto\" srcset=\"https:\/\/oleksandraryshniak24.thkit.ee\/wp1\/wp-content\/uploads\/2026\/02\/104CA377-C4FC-4019-A030-F92DF479EE89.png 680w, https:\/\/oleksandraryshniak24.thkit.ee\/wp1\/wp-content\/uploads\/2026\/02\/104CA377-C4FC-4019-A030-F92DF479EE89-238x300.png 238w, https:\/\/oleksandraryshniak24.thkit.ee\/wp1\/wp-content\/uploads\/2026\/02\/104CA377-C4FC-4019-A030-F92DF479EE89-119x150.png 119w\" sizes=\"auto, (max-width: 680px) 100vw, 680px\" \/><\/figure>\n\n\n\n<p><\/p>\n<\/div>\n\n\n\n<h3 class=\"wp-block-heading\">Tahvelarvuti:<\/h3>\n\n\n\n<figure class=\"wp-block-image size-full is-resized\"><img loading=\"lazy\" decoding=\"async\" width=\"623\" height=\"910\" src=\"https:\/\/oleksandraryshniak24.thkit.ee\/wp1\/wp-content\/uploads\/2026\/02\/B7D41CB3-38C5-484B-9791-CA9BA5A0038C.png\" alt=\"\" class=\"wp-image-2085\" style=\"aspect-ratio:0.6846334804334014;width:503px;height:auto\" srcset=\"https:\/\/oleksandraryshniak24.thkit.ee\/wp1\/wp-content\/uploads\/2026\/02\/B7D41CB3-38C5-484B-9791-CA9BA5A0038C.png 623w, https:\/\/oleksandraryshniak24.thkit.ee\/wp1\/wp-content\/uploads\/2026\/02\/B7D41CB3-38C5-484B-9791-CA9BA5A0038C-205x300.png 205w, https:\/\/oleksandraryshniak24.thkit.ee\/wp1\/wp-content\/uploads\/2026\/02\/B7D41CB3-38C5-484B-9791-CA9BA5A0038C-103x150.png 103w\" sizes=\"auto, (max-width: 623px) 100vw, 623px\" \/><\/figure>\n\n\n\n<h3 class=\"wp-block-heading\">Arvuti:<\/h3>\n\n\n\n<figure class=\"wp-block-image size-large\"><img loading=\"lazy\" decoding=\"async\" width=\"1024\" height=\"506\" src=\"https:\/\/oleksandraryshniak24.thkit.ee\/wp1\/wp-content\/uploads\/2026\/02\/3BC0719C-35C9-4730-8485-19B920041012-1024x506.png\" alt=\"\" class=\"wp-image-2086\" srcset=\"https:\/\/oleksandraryshniak24.thkit.ee\/wp1\/wp-content\/uploads\/2026\/02\/3BC0719C-35C9-4730-8485-19B920041012-1024x506.png 1024w, https:\/\/oleksandraryshniak24.thkit.ee\/wp1\/wp-content\/uploads\/2026\/02\/3BC0719C-35C9-4730-8485-19B920041012-300x148.png 300w, https:\/\/oleksandraryshniak24.thkit.ee\/wp1\/wp-content\/uploads\/2026\/02\/3BC0719C-35C9-4730-8485-19B920041012-768x379.png 768w, https:\/\/oleksandraryshniak24.thkit.ee\/wp1\/wp-content\/uploads\/2026\/02\/3BC0719C-35C9-4730-8485-19B920041012-150x74.png 150w, https:\/\/oleksandraryshniak24.thkit.ee\/wp1\/wp-content\/uploads\/2026\/02\/3BC0719C-35C9-4730-8485-19B920041012-1536x758.png 1536w, https:\/\/oleksandraryshniak24.thkit.ee\/wp1\/wp-content\/uploads\/2026\/02\/3BC0719C-35C9-4730-8485-19B920041012.png 1918w\" sizes=\"auto, (max-width: 1024px) 100vw, 1024px\" \/><\/figure>\n\n\n\n<h3 class=\"wp-block-heading\">Kas men\u00fc\u00fc muutus?<\/h3>\n\n\n\n<p>Jah, men\u00fc\u00fc muutub, kui ekraan on v\u00e4iksem ja sobib telefoni jaoks: see kokkut\u00f5mbub \u201ehamburgeriks\u201d mugavuse huvides. N\u00fc\u00fcd avaneb ja sulgub men\u00fc\u00fc sujuvalt, elemendid on tsentreeritud ning hamburgeri nupp reageerib hiireviibutusele.<\/p>\n\n\n\n<h3 class=\"wp-block-heading\">Kas tekst ja pildid kohandusid?<\/h3>\n\n\n\n<p>Tekstiplokid ja pildid liiguvad mobiilseadmetes \u00fcksteise alla ja v\u00e4henevad.<\/p>\n\n\n\n<h3 class=\"wp-block-heading\">Kas tekkis horisontaalne scroll?<\/h3>\n\n\n\n<p>Horisontaalset kerimist ei toimunud, kuna plokkide suurused olid \u00f5igesti valitud ja need ei ulatu ekraani piiridest v\u00e4lja.<br><\/p>\n\n\n\n<h3 class=\"wp-block-heading\"><mark style=\"background-color:#fcb900\" class=\"has-inline-color has-primary-color\"><a href=\"https:\/\/oleksandraryshniak24.thkit.ee\/\" type=\"link\" id=\"https:\/\/oleksandraryshniak24.thkit.ee\/\">Minu index<\/a><\/mark><\/h3>\n\n\n\n<p><\/p>\n","protected":false},"excerpt":{"rendered":"<p>VeebiDisain Responsiivne veebidisain &#8211; see on veebilehe loomise viis, mille puhul see kohandub automaatselt ekraani suurusega \u2014 telefoni, tahvelarvuti v\u00f5i [&hellip;]<\/p>\n","protected":false},"author":1,"featured_media":0,"parent":0,"menu_order":0,"comment_status":"closed","ping_status":"closed","template":"","meta":{"footnotes":""},"class_list":["post-2069","page","type-page","status-publish","hentry"],"yoast_head":"<!-- This site is optimized with the Yoast SEO plugin v27.4 - https:\/\/yoast.com\/product\/yoast-seo-wordpress\/ -->\n<title>VeebiDisain - Oleksandra Ryshniak Portfolio<\/title>\n<meta name=\"robots\" content=\"index, follow, max-snippet:-1, max-image-preview:large, max-video-preview:-1\" \/>\n<link rel=\"canonical\" href=\"https:\/\/oleksandraryshniak24.thkit.ee\/wp1\/veebidisain\/\" \/>\n<meta property=\"og:locale\" content=\"et_EE\" \/>\n<meta property=\"og:type\" content=\"article\" \/>\n<meta property=\"og:title\" content=\"VeebiDisain - Oleksandra Ryshniak Portfolio\" \/>\n<meta property=\"og:description\" content=\"VeebiDisain Responsiivne veebidisain &#8211; see on veebilehe loomise viis, mille puhul see kohandub automaatselt ekraani suurusega \u2014 telefoni, tahvelarvuti v\u00f5i [&hellip;]\" \/>\n<meta property=\"og:url\" content=\"https:\/\/oleksandraryshniak24.thkit.ee\/wp1\/veebidisain\/\" \/>\n<meta property=\"og:site_name\" content=\"Oleksandra Ryshniak Portfolio\" \/>\n<meta property=\"article:modified_time\" content=\"2026-02-26T11:42:55+00:00\" \/>\n<meta property=\"og:image\" content=\"https:\/\/oleksandraryshniak24.thkit.ee\/wp1\/wp-content\/uploads\/2026\/02\/092BCF0F-8B84-4717-8120-0B65CA4B3C72.png\" \/>\n\t<meta property=\"og:image:width\" content=\"666\" \/>\n\t<meta property=\"og:image:height\" content=\"829\" \/>\n\t<meta property=\"og:image:type\" content=\"image\/png\" \/>\n<meta name=\"twitter:card\" content=\"summary_large_image\" \/>\n<meta name=\"twitter:label1\" content=\"Est. reading time\" \/>\n\t<meta name=\"twitter:data1\" content=\"2 minutit\" \/>\n<script type=\"application\/ld+json\" class=\"yoast-schema-graph\">{\"@context\":\"https:\\\/\\\/schema.org\",\"@graph\":[{\"@type\":\"WebPage\",\"@id\":\"https:\\\/\\\/oleksandraryshniak24.thkit.ee\\\/wp1\\\/veebidisain\\\/\",\"url\":\"https:\\\/\\\/oleksandraryshniak24.thkit.ee\\\/wp1\\\/veebidisain\\\/\",\"name\":\"VeebiDisain - Oleksandra Ryshniak Portfolio\",\"isPartOf\":{\"@id\":\"https:\\\/\\\/oleksandraryshniak24.thkit.ee\\\/wp1\\\/#website\"},\"primaryImageOfPage\":{\"@id\":\"https:\\\/\\\/oleksandraryshniak24.thkit.ee\\\/wp1\\\/veebidisain\\\/#primaryimage\"},\"image\":{\"@id\":\"https:\\\/\\\/oleksandraryshniak24.thkit.ee\\\/wp1\\\/veebidisain\\\/#primaryimage\"},\"thumbnailUrl\":\"https:\\\/\\\/oleksandraryshniak24.thkit.ee\\\/wp1\\\/wp-content\\\/uploads\\\/2026\\\/02\\\/092BCF0F-8B84-4717-8120-0B65CA4B3C72.png\",\"datePublished\":\"2026-02-26T09:25:43+00:00\",\"dateModified\":\"2026-02-26T11:42:55+00:00\",\"breadcrumb\":{\"@id\":\"https:\\\/\\\/oleksandraryshniak24.thkit.ee\\\/wp1\\\/veebidisain\\\/#breadcrumb\"},\"inLanguage\":\"et\",\"potentialAction\":[{\"@type\":\"ReadAction\",\"target\":[\"https:\\\/\\\/oleksandraryshniak24.thkit.ee\\\/wp1\\\/veebidisain\\\/\"]}]},{\"@type\":\"ImageObject\",\"inLanguage\":\"et\",\"@id\":\"https:\\\/\\\/oleksandraryshniak24.thkit.ee\\\/wp1\\\/veebidisain\\\/#primaryimage\",\"url\":\"https:\\\/\\\/oleksandraryshniak24.thkit.ee\\\/wp1\\\/wp-content\\\/uploads\\\/2026\\\/02\\\/092BCF0F-8B84-4717-8120-0B65CA4B3C72.png\",\"contentUrl\":\"https:\\\/\\\/oleksandraryshniak24.thkit.ee\\\/wp1\\\/wp-content\\\/uploads\\\/2026\\\/02\\\/092BCF0F-8B84-4717-8120-0B65CA4B3C72.png\",\"width\":666,\"height\":829},{\"@type\":\"BreadcrumbList\",\"@id\":\"https:\\\/\\\/oleksandraryshniak24.thkit.ee\\\/wp1\\\/veebidisain\\\/#breadcrumb\",\"itemListElement\":[{\"@type\":\"ListItem\",\"position\":1,\"name\":\"Home\",\"item\":\"https:\\\/\\\/oleksandraryshniak24.thkit.ee\\\/wp1\\\/\"},{\"@type\":\"ListItem\",\"position\":2,\"name\":\"VeebiDisain\"}]},{\"@type\":\"WebSite\",\"@id\":\"https:\\\/\\\/oleksandraryshniak24.thkit.ee\\\/wp1\\\/#website\",\"url\":\"https:\\\/\\\/oleksandraryshniak24.thkit.ee\\\/wp1\\\/\",\"name\":\"Oleksandra Ryshniak Portfolio\",\"description\":\"\u041f\u0440\u043e\u0441\u0442\u043e \u0435\u0449\u0435 \u043e\u0434\u0438\u043d WordPress \u0441\u0430\u0439\u0442\",\"potentialAction\":[{\"@type\":\"SearchAction\",\"target\":{\"@type\":\"EntryPoint\",\"urlTemplate\":\"https:\\\/\\\/oleksandraryshniak24.thkit.ee\\\/wp1\\\/?s={search_term_string}\"},\"query-input\":{\"@type\":\"PropertyValueSpecification\",\"valueRequired\":true,\"valueName\":\"search_term_string\"}}],\"inLanguage\":\"et\"}]}<\/script>\n<!-- \/ Yoast SEO plugin. -->","yoast_head_json":{"title":"VeebiDisain - Oleksandra Ryshniak Portfolio","robots":{"index":"index","follow":"follow","max-snippet":"max-snippet:-1","max-image-preview":"max-image-preview:large","max-video-preview":"max-video-preview:-1"},"canonical":"https:\/\/oleksandraryshniak24.thkit.ee\/wp1\/veebidisain\/","og_locale":"et_EE","og_type":"article","og_title":"VeebiDisain - Oleksandra Ryshniak Portfolio","og_description":"VeebiDisain Responsiivne veebidisain &#8211; see on veebilehe loomise viis, mille puhul see kohandub automaatselt ekraani suurusega \u2014 telefoni, tahvelarvuti v\u00f5i [&hellip;]","og_url":"https:\/\/oleksandraryshniak24.thkit.ee\/wp1\/veebidisain\/","og_site_name":"Oleksandra Ryshniak Portfolio","article_modified_time":"2026-02-26T11:42:55+00:00","og_image":[{"width":666,"height":829,"url":"https:\/\/oleksandraryshniak24.thkit.ee\/wp1\/wp-content\/uploads\/2026\/02\/092BCF0F-8B84-4717-8120-0B65CA4B3C72.png","type":"image\/png"}],"twitter_card":"summary_large_image","twitter_misc":{"Est. reading time":"2 minutit"},"schema":{"@context":"https:\/\/schema.org","@graph":[{"@type":"WebPage","@id":"https:\/\/oleksandraryshniak24.thkit.ee\/wp1\/veebidisain\/","url":"https:\/\/oleksandraryshniak24.thkit.ee\/wp1\/veebidisain\/","name":"VeebiDisain - Oleksandra Ryshniak Portfolio","isPartOf":{"@id":"https:\/\/oleksandraryshniak24.thkit.ee\/wp1\/#website"},"primaryImageOfPage":{"@id":"https:\/\/oleksandraryshniak24.thkit.ee\/wp1\/veebidisain\/#primaryimage"},"image":{"@id":"https:\/\/oleksandraryshniak24.thkit.ee\/wp1\/veebidisain\/#primaryimage"},"thumbnailUrl":"https:\/\/oleksandraryshniak24.thkit.ee\/wp1\/wp-content\/uploads\/2026\/02\/092BCF0F-8B84-4717-8120-0B65CA4B3C72.png","datePublished":"2026-02-26T09:25:43+00:00","dateModified":"2026-02-26T11:42:55+00:00","breadcrumb":{"@id":"https:\/\/oleksandraryshniak24.thkit.ee\/wp1\/veebidisain\/#breadcrumb"},"inLanguage":"et","potentialAction":[{"@type":"ReadAction","target":["https:\/\/oleksandraryshniak24.thkit.ee\/wp1\/veebidisain\/"]}]},{"@type":"ImageObject","inLanguage":"et","@id":"https:\/\/oleksandraryshniak24.thkit.ee\/wp1\/veebidisain\/#primaryimage","url":"https:\/\/oleksandraryshniak24.thkit.ee\/wp1\/wp-content\/uploads\/2026\/02\/092BCF0F-8B84-4717-8120-0B65CA4B3C72.png","contentUrl":"https:\/\/oleksandraryshniak24.thkit.ee\/wp1\/wp-content\/uploads\/2026\/02\/092BCF0F-8B84-4717-8120-0B65CA4B3C72.png","width":666,"height":829},{"@type":"BreadcrumbList","@id":"https:\/\/oleksandraryshniak24.thkit.ee\/wp1\/veebidisain\/#breadcrumb","itemListElement":[{"@type":"ListItem","position":1,"name":"Home","item":"https:\/\/oleksandraryshniak24.thkit.ee\/wp1\/"},{"@type":"ListItem","position":2,"name":"VeebiDisain"}]},{"@type":"WebSite","@id":"https:\/\/oleksandraryshniak24.thkit.ee\/wp1\/#website","url":"https:\/\/oleksandraryshniak24.thkit.ee\/wp1\/","name":"Oleksandra Ryshniak Portfolio","description":"\u041f\u0440\u043e\u0441\u0442\u043e \u0435\u0449\u0435 \u043e\u0434\u0438\u043d WordPress \u0441\u0430\u0439\u0442","potentialAction":[{"@type":"SearchAction","target":{"@type":"EntryPoint","urlTemplate":"https:\/\/oleksandraryshniak24.thkit.ee\/wp1\/?s={search_term_string}"},"query-input":{"@type":"PropertyValueSpecification","valueRequired":true,"valueName":"search_term_string"}}],"inLanguage":"et"}]}},"_links":{"self":[{"href":"https:\/\/oleksandraryshniak24.thkit.ee\/wp1\/wp-json\/wp\/v2\/pages\/2069","targetHints":{"allow":["GET"]}}],"collection":[{"href":"https:\/\/oleksandraryshniak24.thkit.ee\/wp1\/wp-json\/wp\/v2\/pages"}],"about":[{"href":"https:\/\/oleksandraryshniak24.thkit.ee\/wp1\/wp-json\/wp\/v2\/types\/page"}],"author":[{"embeddable":true,"href":"https:\/\/oleksandraryshniak24.thkit.ee\/wp1\/wp-json\/wp\/v2\/users\/1"}],"replies":[{"embeddable":true,"href":"https:\/\/oleksandraryshniak24.thkit.ee\/wp1\/wp-json\/wp\/v2\/comments?post=2069"}],"version-history":[{"count":15,"href":"https:\/\/oleksandraryshniak24.thkit.ee\/wp1\/wp-json\/wp\/v2\/pages\/2069\/revisions"}],"predecessor-version":[{"id":2099,"href":"https:\/\/oleksandraryshniak24.thkit.ee\/wp1\/wp-json\/wp\/v2\/pages\/2069\/revisions\/2099"}],"wp:attachment":[{"href":"https:\/\/oleksandraryshniak24.thkit.ee\/wp1\/wp-json\/wp\/v2\/media?parent=2069"}],"curies":[{"name":"wp","href":"https:\/\/api.w.org\/{rel}","templated":true}]}}