{"id":2170,"date":"2026-03-09T09:41:18","date_gmt":"2026-03-09T09:41:18","guid":{"rendered":"https:\/\/oleksandraryshniak24.thkit.ee\/wp1\/?page_id=2170"},"modified":"2026-03-15T11:30:05","modified_gmt":"2026-03-15T11:30:05","slug":"kasutuslooskeem-use-case-diagramm","status":"publish","type":"page","link":"https:\/\/oleksandraryshniak24.thkit.ee\/wp1\/kasutuslooskeem-use-case-diagramm\/","title":{"rendered":"Kasutuslooskeem\u00a0(Use Case Diagramm)"},"content":{"rendered":"\n<h1 class=\"wp-block-heading\"><strong>Kasutuslooskeem&nbsp;<\/strong>(Use Case Diagramm)<\/h1>\n\n\n\n<p><strong>\u042d\u043a\u0442\u043e\u0440 (actor) &#8211; Aktor &#8211; inimese kujund&nbsp;<\/strong>\u2013 \u044d\u0442\u043e \u043c\u043d\u043e\u0436\u0435\u0441\u0442\u0432\u043e \u043b\u043e\u0433\u0438\u0447\u0435\u0441\u043a\u0438 \u0441\u0432\u044f\u0437\u0430\u043d\u043d\u044b\u0445 \u0440\u043e\u043b\u0435\u0439, \u0438\u0441\u043f\u043e\u043b\u043d\u044f\u0435\u043c\u044b\u0445 \u043f\u0440\u0438 \u0432\u0437\u0430\u0438\u043c\u043e\u0434\u0435\u0439\u0441\u0442\u0432\u0438\u0438 \u0441 \u043f\u0440\u0435\u0446\u0435\u0434\u0435\u043d\u0442\u0430\u043c\u0438 \u0438\u043b\u0438 \u0441\u0443\u0449\u043d\u043e\u0441\u0442\u044f\u043c\u0438.<\/p>\n\n\n\n<p><strong>\u041f\u0440\u0435\u0446\u0435\u0434\u0435\u043d\u0442 (use-case) = kasutusjuhtum t\u00e4histatakse ovaaliga\/elipsiga<\/strong>&nbsp;\u2013 \u043e\u043f\u0438\u0441\u0430\u043d\u0438\u0435 \u043e\u0442\u0434\u0435\u043b\u044c\u043d\u043e\u0433\u043e \u0430\u0441\u043f\u0435\u043a\u0442\u0430 \u043f\u043e\u0432\u0435\u0434\u0435\u043d\u0438\u044f \u0441\u0438\u0441\u0442\u0435\u043c\u044b \u0441 \u0442\u043e\u0447\u043a\u0438 \u0437\u0440\u0435\u043d\u0438\u044f \u043f\u043e\u043b\u044c\u0437\u043e\u0432\u0430\u0442\u0435\u043b\u044f.<\/p>\n\n\n\n<p><strong>Aktorid ja kasutusjuhtumid \u00fchendatakse oma vahel joonega v\u00f5i noolega.<\/strong><\/p>\n\n\n\n<p><strong>M\u00e4rgid:<\/strong><\/p>\n\n\n\n<p>Graafiliselt kujutatakse ektorit \u201einimese\u201c kujul.<br>Pretsedendid on m\u00e4rgitud ellipsi sees. <br>Pretsedendid ja ektorid on \u00fchendatud joonte v\u00f5i nooltega.<br>Noolte suund n\u00e4itab, kellelt teenust\/teenuseid taotletakse.<\/p>\n\n\n\n<p><strong>Kasutatav programm Visio<\/strong><\/p>\n\n\n\n<figure class=\"wp-block-image size-full\"><a href=\"https:\/\/oleksandraryshniak24.thkit.ee\/wp1\/wp-content\/uploads\/2026\/03\/9C9E18A1-CBB0-41BC-B241-2F10B576EDDA.png\"><img loading=\"lazy\" decoding=\"async\" width=\"271\" height=\"489\" src=\"https:\/\/oleksandraryshniak24.thkit.ee\/wp1\/wp-content\/uploads\/2026\/03\/9C9E18A1-CBB0-41BC-B241-2F10B576EDDA.png\" alt=\"\" class=\"wp-image-2171\" srcset=\"https:\/\/oleksandraryshniak24.thkit.ee\/wp1\/wp-content\/uploads\/2026\/03\/9C9E18A1-CBB0-41BC-B241-2F10B576EDDA.png 271w, https:\/\/oleksandraryshniak24.thkit.ee\/wp1\/wp-content\/uploads\/2026\/03\/9C9E18A1-CBB0-41BC-B241-2F10B576EDDA-166x300.png 166w, https:\/\/oleksandraryshniak24.thkit.ee\/wp1\/wp-content\/uploads\/2026\/03\/9C9E18A1-CBB0-41BC-B241-2F10B576EDDA-83x150.png 83w\" sizes=\"auto, (max-width: 271px) 100vw, 271px\" \/><\/a><\/figure>\n\n\n\n<h4 class=\"wp-block-heading\">Minu <strong>Kasutuslooskeem<\/strong><\/h4>\n\n\n\n<figure class=\"wp-block-image size-large\"><a href=\"https:\/\/oleksandraryshniak24.thkit.ee\/wp1\/wp-content\/uploads\/2026\/03\/6036DE41-5846-4323-86EA-E8F04C6C9912.png\"><img loading=\"lazy\" decoding=\"async\" width=\"1024\" height=\"834\" src=\"https:\/\/oleksandraryshniak24.thkit.ee\/wp1\/wp-content\/uploads\/2026\/03\/6036DE41-5846-4323-86EA-E8F04C6C9912-1024x834.png\" alt=\"\" class=\"wp-image-2172\" srcset=\"https:\/\/oleksandraryshniak24.thkit.ee\/wp1\/wp-content\/uploads\/2026\/03\/6036DE41-5846-4323-86EA-E8F04C6C9912-1024x834.png 1024w, https:\/\/oleksandraryshniak24.thkit.ee\/wp1\/wp-content\/uploads\/2026\/03\/6036DE41-5846-4323-86EA-E8F04C6C9912-300x244.png 300w, https:\/\/oleksandraryshniak24.thkit.ee\/wp1\/wp-content\/uploads\/2026\/03\/6036DE41-5846-4323-86EA-E8F04C6C9912-768x626.png 768w, https:\/\/oleksandraryshniak24.thkit.ee\/wp1\/wp-content\/uploads\/2026\/03\/6036DE41-5846-4323-86EA-E8F04C6C9912-150x122.png 150w, https:\/\/oleksandraryshniak24.thkit.ee\/wp1\/wp-content\/uploads\/2026\/03\/6036DE41-5846-4323-86EA-E8F04C6C9912.png 1031w\" sizes=\"auto, (max-width: 1024px) 100vw, 1024px\" \/><\/a><\/figure>\n\n\n\n<h2 class=\"wp-block-heading\"><strong>Rollid diagrammis<\/strong><\/h2>\n\n\n\n<p>Diagramm n\u00e4itab loomaaia andmebaasi s\u00fcsteemi ja selles on kaks rolli:<\/p>\n\n\n\n<ul class=\"wp-block-list\">\n<li><strong>T\u00f6\u00f6taja<\/strong> \u2013 haldab loomade andmeid ja lisab uut infot<\/li>\n\n\n\n<li><strong>K\u00fclastaja<\/strong> \u2013 vaatab loomade kohta k\u00e4ivat infot<\/li>\n<\/ul>\n\n\n\n<h2 class=\"wp-block-heading\"><strong>T\u00f6\u00f6taja tegevused<\/strong><\/h2>\n\n\n\n<p>T\u00f6\u00f6taja saab s\u00fcsteemis:<\/p>\n\n\n\n<ul class=\"wp-block-list\">\n<li>lisada <strong>uusi loomi<\/strong><\/li>\n\n\n\n<li>lisada <strong>uue loomaliigi<\/strong><\/li>\n\n\n\n<li>muuta v\u00f5i eemaldada <strong>loomade toitumise infot<\/strong><\/li>\n\n\n\n<li>lisada <strong>uusi loomatoite<\/strong><\/li>\n\n\n\n<li>lisada <strong>loomade jaoks m\u00f5eldud rakke<\/strong><\/li>\n<\/ul>\n\n\n\n<h2 class=\"wp-block-heading\"><strong>K\u00fclastaja tegevused<\/strong><\/h2>\n\n\n\n<p>K\u00fclastaja saab:<\/p>\n\n\n\n<ul class=\"wp-block-list\">\n<li>vaadata <strong>loomade klasse ja tabeleid<\/strong><\/li>\n\n\n\n<li>vaadata <strong>mida loomad s\u00f6\u00f6vad<\/strong><\/li>\n\n\n\n<li>vaadata <strong>loomade asukohta<\/strong><\/li>\n\n\n\n<li>vaadata <strong>jalutusalasid<\/strong><\/li>\n<\/ul>\n\n\n\n<h2 class=\"wp-block-heading\"><strong>Kokkuv\u00f5te<\/strong><\/h2>\n\n\n\n<p>Diagramm n\u00e4itab, kuidas t\u00f6\u00f6taja haldab loomaaia andmebaasi ja kuidas k\u00fclastaja saab s\u00fcsteemist loomade kohta infot vaadata.<\/p>\n","protected":false},"excerpt":{"rendered":"<p>Kasutuslooskeem&nbsp;(Use Case Diagramm) \u042d\u043a\u0442\u043e\u0440 (actor) &#8211; Aktor &#8211; inimese kujund&nbsp;\u2013 \u044d\u0442\u043e \u043c\u043d\u043e\u0436\u0435\u0441\u0442\u0432\u043e \u043b\u043e\u0433\u0438\u0447\u0435\u0441\u043a\u0438 \u0441\u0432\u044f\u0437\u0430\u043d\u043d\u044b\u0445 \u0440\u043e\u043b\u0435\u0439, \u0438\u0441\u043f\u043e\u043b\u043d\u044f\u0435\u043c\u044b\u0445 \u043f\u0440\u0438 \u0432\u0437\u0430\u0438\u043c\u043e\u0434\u0435\u0439\u0441\u0442\u0432\u0438\u0438 \u0441 \u043f\u0440\u0435\u0446\u0435\u0434\u0435\u043d\u0442\u0430\u043c\u0438 [&hellip;]<\/p>\n","protected":false},"author":1,"featured_media":0,"parent":0,"menu_order":0,"comment_status":"closed","ping_status":"closed","template":"","meta":{"footnotes":""},"class_list":["post-2170","page","type-page","status-publish","hentry"],"yoast_head":"<!-- This site is optimized with the Yoast SEO plugin v27.4 - https:\/\/yoast.com\/product\/yoast-seo-wordpress\/ -->\n<title>Kasutuslooskeem\u00a0(Use Case Diagramm) - Oleksandra Ryshniak Portfolio<\/title>\n<meta name=\"robots\" content=\"index, follow, max-snippet:-1, max-image-preview:large, max-video-preview:-1\" \/>\n<link rel=\"canonical\" href=\"https:\/\/oleksandraryshniak24.thkit.ee\/wp1\/kasutuslooskeem-use-case-diagramm\/\" \/>\n<meta property=\"og:locale\" content=\"et_EE\" \/>\n<meta property=\"og:type\" content=\"article\" \/>\n<meta property=\"og:title\" content=\"Kasutuslooskeem\u00a0(Use Case Diagramm) - Oleksandra Ryshniak Portfolio\" \/>\n<meta property=\"og:description\" content=\"Kasutuslooskeem&nbsp;(Use Case Diagramm) \u042d\u043a\u0442\u043e\u0440 (actor) &#8211; Aktor &#8211; inimese kujund&nbsp;\u2013 \u044d\u0442\u043e \u043c\u043d\u043e\u0436\u0435\u0441\u0442\u0432\u043e \u043b\u043e\u0433\u0438\u0447\u0435\u0441\u043a\u0438 \u0441\u0432\u044f\u0437\u0430\u043d\u043d\u044b\u0445 \u0440\u043e\u043b\u0435\u0439, \u0438\u0441\u043f\u043e\u043b\u043d\u044f\u0435\u043c\u044b\u0445 \u043f\u0440\u0438 \u0432\u0437\u0430\u0438\u043c\u043e\u0434\u0435\u0439\u0441\u0442\u0432\u0438\u0438 \u0441 \u043f\u0440\u0435\u0446\u0435\u0434\u0435\u043d\u0442\u0430\u043c\u0438 [&hellip;]\" \/>\n<meta property=\"og:url\" content=\"https:\/\/oleksandraryshniak24.thkit.ee\/wp1\/kasutuslooskeem-use-case-diagramm\/\" \/>\n<meta property=\"og:site_name\" content=\"Oleksandra Ryshniak Portfolio\" \/>\n<meta property=\"article:modified_time\" content=\"2026-03-15T11:30:05+00:00\" \/>\n<meta property=\"og:image\" content=\"https:\/\/oleksandraryshniak24.thkit.ee\/wp1\/wp-content\/uploads\/2026\/03\/9C9E18A1-CBB0-41BC-B241-2F10B576EDDA.png\" \/>\n\t<meta property=\"og:image:width\" content=\"271\" \/>\n\t<meta property=\"og:image:height\" content=\"489\" \/>\n\t<meta property=\"og:image:type\" content=\"image\/png\" \/>\n<meta name=\"twitter:card\" content=\"summary_large_image\" \/>\n<meta name=\"twitter:label1\" content=\"Est. reading time\" \/>\n\t<meta name=\"twitter:data1\" content=\"2 minutit\" \/>\n<script type=\"application\/ld+json\" class=\"yoast-schema-graph\">{\"@context\":\"https:\\\/\\\/schema.org\",\"@graph\":[{\"@type\":\"WebPage\",\"@id\":\"https:\\\/\\\/oleksandraryshniak24.thkit.ee\\\/wp1\\\/kasutuslooskeem-use-case-diagramm\\\/\",\"url\":\"https:\\\/\\\/oleksandraryshniak24.thkit.ee\\\/wp1\\\/kasutuslooskeem-use-case-diagramm\\\/\",\"name\":\"Kasutuslooskeem\u00a0(Use Case Diagramm) - Oleksandra Ryshniak Portfolio\",\"isPartOf\":{\"@id\":\"https:\\\/\\\/oleksandraryshniak24.thkit.ee\\\/wp1\\\/#website\"},\"primaryImageOfPage\":{\"@id\":\"https:\\\/\\\/oleksandraryshniak24.thkit.ee\\\/wp1\\\/kasutuslooskeem-use-case-diagramm\\\/#primaryimage\"},\"image\":{\"@id\":\"https:\\\/\\\/oleksandraryshniak24.thkit.ee\\\/wp1\\\/kasutuslooskeem-use-case-diagramm\\\/#primaryimage\"},\"thumbnailUrl\":\"https:\\\/\\\/oleksandraryshniak24.thkit.ee\\\/wp1\\\/wp-content\\\/uploads\\\/2026\\\/03\\\/9C9E18A1-CBB0-41BC-B241-2F10B576EDDA.png\",\"datePublished\":\"2026-03-09T09:41:18+00:00\",\"dateModified\":\"2026-03-15T11:30:05+00:00\",\"breadcrumb\":{\"@id\":\"https:\\\/\\\/oleksandraryshniak24.thkit.ee\\\/wp1\\\/kasutuslooskeem-use-case-diagramm\\\/#breadcrumb\"},\"inLanguage\":\"et\",\"potentialAction\":[{\"@type\":\"ReadAction\",\"target\":[\"https:\\\/\\\/oleksandraryshniak24.thkit.ee\\\/wp1\\\/kasutuslooskeem-use-case-diagramm\\\/\"]}]},{\"@type\":\"ImageObject\",\"inLanguage\":\"et\",\"@id\":\"https:\\\/\\\/oleksandraryshniak24.thkit.ee\\\/wp1\\\/kasutuslooskeem-use-case-diagramm\\\/#primaryimage\",\"url\":\"https:\\\/\\\/oleksandraryshniak24.thkit.ee\\\/wp1\\\/wp-content\\\/uploads\\\/2026\\\/03\\\/9C9E18A1-CBB0-41BC-B241-2F10B576EDDA.png\",\"contentUrl\":\"https:\\\/\\\/oleksandraryshniak24.thkit.ee\\\/wp1\\\/wp-content\\\/uploads\\\/2026\\\/03\\\/9C9E18A1-CBB0-41BC-B241-2F10B576EDDA.png\"},{\"@type\":\"BreadcrumbList\",\"@id\":\"https:\\\/\\\/oleksandraryshniak24.thkit.ee\\\/wp1\\\/kasutuslooskeem-use-case-diagramm\\\/#breadcrumb\",\"itemListElement\":[{\"@type\":\"ListItem\",\"position\":1,\"name\":\"Home\",\"item\":\"https:\\\/\\\/oleksandraryshniak24.thkit.ee\\\/wp1\\\/\"},{\"@type\":\"ListItem\",\"position\":2,\"name\":\"Kasutuslooskeem\u00a0(Use Case Diagramm)\"}]},{\"@type\":\"WebSite\",\"@id\":\"https:\\\/\\\/oleksandraryshniak24.thkit.ee\\\/wp1\\\/#website\",\"url\":\"https:\\\/\\\/oleksandraryshniak24.thkit.ee\\\/wp1\\\/\",\"name\":\"Oleksandra Ryshniak Portfolio\",\"description\":\"\u041f\u0440\u043e\u0441\u0442\u043e \u0435\u0449\u0435 \u043e\u0434\u0438\u043d WordPress \u0441\u0430\u0439\u0442\",\"potentialAction\":[{\"@type\":\"SearchAction\",\"target\":{\"@type\":\"EntryPoint\",\"urlTemplate\":\"https:\\\/\\\/oleksandraryshniak24.thkit.ee\\\/wp1\\\/?s={search_term_string}\"},\"query-input\":{\"@type\":\"PropertyValueSpecification\",\"valueRequired\":true,\"valueName\":\"search_term_string\"}}],\"inLanguage\":\"et\"}]}<\/script>\n<!-- \/ Yoast SEO plugin. -->","yoast_head_json":{"title":"Kasutuslooskeem\u00a0(Use Case Diagramm) - Oleksandra Ryshniak Portfolio","robots":{"index":"index","follow":"follow","max-snippet":"max-snippet:-1","max-image-preview":"max-image-preview:large","max-video-preview":"max-video-preview:-1"},"canonical":"https:\/\/oleksandraryshniak24.thkit.ee\/wp1\/kasutuslooskeem-use-case-diagramm\/","og_locale":"et_EE","og_type":"article","og_title":"Kasutuslooskeem\u00a0(Use Case Diagramm) - Oleksandra Ryshniak Portfolio","og_description":"Kasutuslooskeem&nbsp;(Use Case Diagramm) \u042d\u043a\u0442\u043e\u0440 (actor) &#8211; Aktor &#8211; inimese kujund&nbsp;\u2013 \u044d\u0442\u043e \u043c\u043d\u043e\u0436\u0435\u0441\u0442\u0432\u043e \u043b\u043e\u0433\u0438\u0447\u0435\u0441\u043a\u0438 \u0441\u0432\u044f\u0437\u0430\u043d\u043d\u044b\u0445 \u0440\u043e\u043b\u0435\u0439, \u0438\u0441\u043f\u043e\u043b\u043d\u044f\u0435\u043c\u044b\u0445 \u043f\u0440\u0438 \u0432\u0437\u0430\u0438\u043c\u043e\u0434\u0435\u0439\u0441\u0442\u0432\u0438\u0438 \u0441 \u043f\u0440\u0435\u0446\u0435\u0434\u0435\u043d\u0442\u0430\u043c\u0438 [&hellip;]","og_url":"https:\/\/oleksandraryshniak24.thkit.ee\/wp1\/kasutuslooskeem-use-case-diagramm\/","og_site_name":"Oleksandra Ryshniak Portfolio","article_modified_time":"2026-03-15T11:30:05+00:00","og_image":[{"width":271,"height":489,"url":"https:\/\/oleksandraryshniak24.thkit.ee\/wp1\/wp-content\/uploads\/2026\/03\/9C9E18A1-CBB0-41BC-B241-2F10B576EDDA.png","type":"image\/png"}],"twitter_card":"summary_large_image","twitter_misc":{"Est. reading time":"2 minutit"},"schema":{"@context":"https:\/\/schema.org","@graph":[{"@type":"WebPage","@id":"https:\/\/oleksandraryshniak24.thkit.ee\/wp1\/kasutuslooskeem-use-case-diagramm\/","url":"https:\/\/oleksandraryshniak24.thkit.ee\/wp1\/kasutuslooskeem-use-case-diagramm\/","name":"Kasutuslooskeem\u00a0(Use Case Diagramm) - Oleksandra Ryshniak Portfolio","isPartOf":{"@id":"https:\/\/oleksandraryshniak24.thkit.ee\/wp1\/#website"},"primaryImageOfPage":{"@id":"https:\/\/oleksandraryshniak24.thkit.ee\/wp1\/kasutuslooskeem-use-case-diagramm\/#primaryimage"},"image":{"@id":"https:\/\/oleksandraryshniak24.thkit.ee\/wp1\/kasutuslooskeem-use-case-diagramm\/#primaryimage"},"thumbnailUrl":"https:\/\/oleksandraryshniak24.thkit.ee\/wp1\/wp-content\/uploads\/2026\/03\/9C9E18A1-CBB0-41BC-B241-2F10B576EDDA.png","datePublished":"2026-03-09T09:41:18+00:00","dateModified":"2026-03-15T11:30:05+00:00","breadcrumb":{"@id":"https:\/\/oleksandraryshniak24.thkit.ee\/wp1\/kasutuslooskeem-use-case-diagramm\/#breadcrumb"},"inLanguage":"et","potentialAction":[{"@type":"ReadAction","target":["https:\/\/oleksandraryshniak24.thkit.ee\/wp1\/kasutuslooskeem-use-case-diagramm\/"]}]},{"@type":"ImageObject","inLanguage":"et","@id":"https:\/\/oleksandraryshniak24.thkit.ee\/wp1\/kasutuslooskeem-use-case-diagramm\/#primaryimage","url":"https:\/\/oleksandraryshniak24.thkit.ee\/wp1\/wp-content\/uploads\/2026\/03\/9C9E18A1-CBB0-41BC-B241-2F10B576EDDA.png","contentUrl":"https:\/\/oleksandraryshniak24.thkit.ee\/wp1\/wp-content\/uploads\/2026\/03\/9C9E18A1-CBB0-41BC-B241-2F10B576EDDA.png"},{"@type":"BreadcrumbList","@id":"https:\/\/oleksandraryshniak24.thkit.ee\/wp1\/kasutuslooskeem-use-case-diagramm\/#breadcrumb","itemListElement":[{"@type":"ListItem","position":1,"name":"Home","item":"https:\/\/oleksandraryshniak24.thkit.ee\/wp1\/"},{"@type":"ListItem","position":2,"name":"Kasutuslooskeem\u00a0(Use Case Diagramm)"}]},{"@type":"WebSite","@id":"https:\/\/oleksandraryshniak24.thkit.ee\/wp1\/#website","url":"https:\/\/oleksandraryshniak24.thkit.ee\/wp1\/","name":"Oleksandra Ryshniak Portfolio","description":"\u041f\u0440\u043e\u0441\u0442\u043e \u0435\u0449\u0435 \u043e\u0434\u0438\u043d WordPress \u0441\u0430\u0439\u0442","potentialAction":[{"@type":"SearchAction","target":{"@type":"EntryPoint","urlTemplate":"https:\/\/oleksandraryshniak24.thkit.ee\/wp1\/?s={search_term_string}"},"query-input":{"@type":"PropertyValueSpecification","valueRequired":true,"valueName":"search_term_string"}}],"inLanguage":"et"}]}},"_links":{"self":[{"href":"https:\/\/oleksandraryshniak24.thkit.ee\/wp1\/wp-json\/wp\/v2\/pages\/2170","targetHints":{"allow":["GET"]}}],"collection":[{"href":"https:\/\/oleksandraryshniak24.thkit.ee\/wp1\/wp-json\/wp\/v2\/pages"}],"about":[{"href":"https:\/\/oleksandraryshniak24.thkit.ee\/wp1\/wp-json\/wp\/v2\/types\/page"}],"author":[{"embeddable":true,"href":"https:\/\/oleksandraryshniak24.thkit.ee\/wp1\/wp-json\/wp\/v2\/users\/1"}],"replies":[{"embeddable":true,"href":"https:\/\/oleksandraryshniak24.thkit.ee\/wp1\/wp-json\/wp\/v2\/comments?post=2170"}],"version-history":[{"count":3,"href":"https:\/\/oleksandraryshniak24.thkit.ee\/wp1\/wp-json\/wp\/v2\/pages\/2170\/revisions"}],"predecessor-version":[{"id":2228,"href":"https:\/\/oleksandraryshniak24.thkit.ee\/wp1\/wp-json\/wp\/v2\/pages\/2170\/revisions\/2228"}],"wp:attachment":[{"href":"https:\/\/oleksandraryshniak24.thkit.ee\/wp1\/wp-json\/wp\/v2\/media?parent=2170"}],"curies":[{"name":"wp","href":"https:\/\/api.w.org\/{rel}","templated":true}]}}