{"id":2179,"date":"2026-03-11T10:27:23","date_gmt":"2026-03-11T10:27:23","guid":{"rendered":"https:\/\/oleksandraryshniak24.thkit.ee\/wp1\/?page_id=2179"},"modified":"2026-03-15T11:39:02","modified_gmt":"2026-03-15T11:39:02","slug":"tegevusskeem-activity-diagram","status":"publish","type":"page","link":"https:\/\/oleksandraryshniak24.thkit.ee\/wp1\/tegevusskeem-activity-diagram\/","title":{"rendered":"Tegevusskeem\u00a0(Activity diagram)"},"content":{"rendered":"\n<h1 class=\"wp-block-heading\"><strong>Tegevusskeem&nbsp;(Activity diagram)<\/strong><\/h1>\n\n\n\n<p>\u2014 \u0434\u0438\u0430\u0433\u0440\u0430\u043c\u043c\u0430 \u0430\u043a\u0442\u0438\u0432\u043d\u043e\u0441\u0442\u0438 \u0438\u043b\u0438 \u0434\u0435\u044f\u0442\u0435\u043b\u044c\u043d\u043e\u0441\u0442\u0438&nbsp;<strong>(State \/ Activity diagramm)<\/strong><\/p>\n\n\n\n<p>Ta on m\u00f5eldud \u00fcldisemalt protsesside modelleerimiseks, kuid sobib kasutada ka v\u00e4iksemaid \u00fclesandeid lahendavate algoritmide kujutamiseks.&nbsp;<\/p>\n\n\n\n<h3 class=\"wp-block-heading\">Olulisemad tegevusskeemi komponendid<\/h3>\n\n\n\n<figure class=\"wp-block-image size-full\"><a href=\"https:\/\/oleksandraryshniak24.thkit.ee\/wp1\/wp-content\/uploads\/2026\/03\/image-15.png\"><img loading=\"lazy\" decoding=\"async\" width=\"381\" height=\"116\" src=\"https:\/\/oleksandraryshniak24.thkit.ee\/wp1\/wp-content\/uploads\/2026\/03\/image-15.png\" alt=\"\" class=\"wp-image-2181\" srcset=\"https:\/\/oleksandraryshniak24.thkit.ee\/wp1\/wp-content\/uploads\/2026\/03\/image-15.png 381w, https:\/\/oleksandraryshniak24.thkit.ee\/wp1\/wp-content\/uploads\/2026\/03\/image-15-300x91.png 300w, https:\/\/oleksandraryshniak24.thkit.ee\/wp1\/wp-content\/uploads\/2026\/03\/image-15-150x46.png 150w\" sizes=\"auto, (max-width: 381px) 100vw, 381px\" \/><\/a><\/figure>\n\n\n\n<ul class=\"wp-block-list\">\n<li><strong>alguss\u00f5lm<\/strong>&nbsp;\u2013 v\u00e4ike must muna, millega algoritm algab, sellest v\u00e4ljub alati \u00fcks voog<\/li>\n\n\n\n<li><strong>toiming<\/strong>&nbsp;&nbsp;\u2013 \u00fcmardatud nurkadega ristk\u00fclik, nendesse kirjutatakse k\u00e4sud, mida algoritmis t\u00e4idetakse<\/li>\n\n\n\n<li><strong>voog<\/strong>&nbsp;&nbsp;\u2013 nool, mis n\u00e4itab \u00fcleminekuid \u00fchest toimingust teise toimingusse; korrektne on, kui igasse toimingusse siseneb \u00fcks voog ning v\u00e4ljub samuti \u00fcks voog<\/li>\n\n\n\n<li><strong>otsustuspunkt<\/strong>\u2013 v\u00e4ike romb, mis t\u00e4histab otsuse tegemise kohta: vastavalt harude juurde kirjutatud tingimusele valitakse toimingute voogude vahel; vastavus if-lausega<\/li>\n\n\n\n<li><strong>tegevuse l\u00f5pp<\/strong>&nbsp;&nbsp;\u2013 must mumm, millega algoritm l\u00f5ppeb<\/li>\n<\/ul>\n\n\n\n<figure class=\"wp-block-image size-full\"><a href=\"https:\/\/oleksandraryshniak24.thkit.ee\/wp1\/wp-content\/uploads\/2026\/03\/0A2F30A7-954E-4533-9B72-E5EFD2E48453.png\"><img loading=\"lazy\" decoding=\"async\" width=\"279\" height=\"740\" src=\"https:\/\/oleksandraryshniak24.thkit.ee\/wp1\/wp-content\/uploads\/2026\/03\/0A2F30A7-954E-4533-9B72-E5EFD2E48453.png\" alt=\"\" class=\"wp-image-2182\" srcset=\"https:\/\/oleksandraryshniak24.thkit.ee\/wp1\/wp-content\/uploads\/2026\/03\/0A2F30A7-954E-4533-9B72-E5EFD2E48453.png 279w, https:\/\/oleksandraryshniak24.thkit.ee\/wp1\/wp-content\/uploads\/2026\/03\/0A2F30A7-954E-4533-9B72-E5EFD2E48453-113x300.png 113w, https:\/\/oleksandraryshniak24.thkit.ee\/wp1\/wp-content\/uploads\/2026\/03\/0A2F30A7-954E-4533-9B72-E5EFD2E48453-57x150.png 57w\" sizes=\"auto, (max-width: 279px) 100vw, 279px\" \/><\/a><\/figure>\n\n\n\n<p>Minu skeem (Andmebaas &#8220;Loomaaed&#8221;)<\/p>\n\n\n\n<figure class=\"wp-block-image size-large is-resized\"><a href=\"https:\/\/oleksandraryshniak24.thkit.ee\/wp1\/wp-content\/uploads\/2026\/03\/image-18.png\"><img loading=\"lazy\" decoding=\"async\" width=\"1024\" height=\"783\" src=\"https:\/\/oleksandraryshniak24.thkit.ee\/wp1\/wp-content\/uploads\/2026\/03\/image-18-1024x783.png\" alt=\"\" class=\"wp-image-2224\" style=\"width:940px;height:auto\" srcset=\"https:\/\/oleksandraryshniak24.thkit.ee\/wp1\/wp-content\/uploads\/2026\/03\/image-18-1024x783.png 1024w, https:\/\/oleksandraryshniak24.thkit.ee\/wp1\/wp-content\/uploads\/2026\/03\/image-18-300x229.png 300w, https:\/\/oleksandraryshniak24.thkit.ee\/wp1\/wp-content\/uploads\/2026\/03\/image-18-768x587.png 768w, https:\/\/oleksandraryshniak24.thkit.ee\/wp1\/wp-content\/uploads\/2026\/03\/image-18-150x115.png 150w, https:\/\/oleksandraryshniak24.thkit.ee\/wp1\/wp-content\/uploads\/2026\/03\/image-18.png 1209w\" sizes=\"auto, (max-width: 1024px) 100vw, 1024px\" \/><\/a><\/figure>\n\n\n\n<h2 class=\"wp-block-heading\"><strong>Rollid diagrammis<\/strong><\/h2>\n\n\n\n<ul class=\"wp-block-list\">\n<li><strong>T\u00f6\u00f6taja<\/strong> \u2013 lisab ja haldab loomade infot s\u00fcsteemis<\/li>\n\n\n\n<li><strong>Admin<\/strong> \u2013 kontrollib ja kinnitab uue looma andmeid<\/li>\n\n\n\n<li><strong>K\u00fclastaja<\/strong> \u2013 vaatab loomade infot ja hindab loomi<\/li>\n<\/ul>\n\n\n\n<p><strong>Protsessi algus<\/strong><br>Protsess algab siis, kui <strong>t\u00f6\u00f6taja lisab uue looma<\/strong> s\u00fcsteemi.<\/p>\n\n\n\n<h2 class=\"wp-block-heading\"><strong>Admini kontroll<\/strong><\/h2>\n\n\n\n<p>Admin <strong>kontrollib looma andmeid<\/strong>.<\/p>\n\n\n\n<ul class=\"wp-block-list\">\n<li>Kui andmed <strong>sobivad<\/strong>, saab t\u00f6\u00f6taja vajadusel infot muuta.<\/li>\n\n\n\n<li>Kui andmed <strong>ei sobi<\/strong>, lisatakse v\u00f5i parandatakse looma info.<\/li>\n<\/ul>\n\n\n\n<h2 class=\"wp-block-heading\"><strong>K\u00fclastaja tegevused<\/strong><\/h2>\n\n\n\n<p>P\u00e4rast lisamist saab <strong>k\u00fclastaja<\/strong>:<\/p>\n\n\n\n<ul class=\"wp-block-list\">\n<li>vaadata uut looma<\/li>\n\n\n\n<li>vaadata looma <strong>toitumise infot<\/strong><\/li>\n\n\n\n<li>vaadata looma <strong>elupaiga infot<\/strong><\/li>\n<\/ul>\n\n\n\n<p>Seej\u00e4rel v\u00f5ib k\u00fclastaja <strong>looma hinnata<\/strong>.<\/p>\n\n\n\n<h2 class=\"wp-block-heading\"><strong>Protsessi l\u00f5pp<\/strong><\/h2>\n\n\n\n<p>Protsess l\u00f5peb p\u00e4rast looma info vaatamist ja v\u00f5imaliku hindamise tegemist.<\/p>\n","protected":false},"excerpt":{"rendered":"<p>Tegevusskeem&nbsp;(Activity diagram) \u2014 \u0434\u0438\u0430\u0433\u0440\u0430\u043c\u043c\u0430 \u0430\u043a\u0442\u0438\u0432\u043d\u043e\u0441\u0442\u0438 \u0438\u043b\u0438 \u0434\u0435\u044f\u0442\u0435\u043b\u044c\u043d\u043e\u0441\u0442\u0438&nbsp;(State \/ Activity diagramm) Ta on m\u00f5eldud \u00fcldisemalt protsesside modelleerimiseks, kuid sobib kasutada ka [&hellip;]<\/p>\n","protected":false},"author":1,"featured_media":0,"parent":0,"menu_order":0,"comment_status":"closed","ping_status":"closed","template":"","meta":{"footnotes":""},"class_list":["post-2179","page","type-page","status-publish","hentry"],"yoast_head":"<!-- This site is optimized with the Yoast SEO plugin v27.4 - https:\/\/yoast.com\/product\/yoast-seo-wordpress\/ -->\n<title>Tegevusskeem\u00a0(Activity diagram) - Oleksandra Ryshniak Portfolio<\/title>\n<meta name=\"robots\" content=\"index, follow, max-snippet:-1, max-image-preview:large, max-video-preview:-1\" \/>\n<link rel=\"canonical\" href=\"https:\/\/oleksandraryshniak24.thkit.ee\/wp1\/tegevusskeem-activity-diagram\/\" \/>\n<meta property=\"og:locale\" content=\"et_EE\" \/>\n<meta property=\"og:type\" content=\"article\" \/>\n<meta property=\"og:title\" content=\"Tegevusskeem\u00a0(Activity diagram) - Oleksandra Ryshniak Portfolio\" \/>\n<meta property=\"og:description\" content=\"Tegevusskeem&nbsp;(Activity diagram) \u2014 \u0434\u0438\u0430\u0433\u0440\u0430\u043c\u043c\u0430 \u0430\u043a\u0442\u0438\u0432\u043d\u043e\u0441\u0442\u0438 \u0438\u043b\u0438 \u0434\u0435\u044f\u0442\u0435\u043b\u044c\u043d\u043e\u0441\u0442\u0438&nbsp;(State \/ Activity diagramm) Ta on m\u00f5eldud \u00fcldisemalt protsesside modelleerimiseks, kuid sobib kasutada ka [&hellip;]\" \/>\n<meta property=\"og:url\" content=\"https:\/\/oleksandraryshniak24.thkit.ee\/wp1\/tegevusskeem-activity-diagram\/\" \/>\n<meta property=\"og:site_name\" content=\"Oleksandra Ryshniak Portfolio\" \/>\n<meta property=\"article:modified_time\" content=\"2026-03-15T11:39:02+00:00\" \/>\n<meta property=\"og:image\" content=\"https:\/\/oleksandraryshniak24.thkit.ee\/wp1\/wp-content\/uploads\/2026\/03\/image-15.png\" \/>\n\t<meta property=\"og:image:width\" content=\"381\" \/>\n\t<meta property=\"og:image:height\" content=\"116\" \/>\n\t<meta property=\"og:image:type\" content=\"image\/png\" \/>\n<meta name=\"twitter:card\" content=\"summary_large_image\" \/>\n<meta name=\"twitter:label1\" content=\"Est. reading time\" \/>\n\t<meta name=\"twitter:data1\" content=\"2 minutit\" \/>\n<script type=\"application\/ld+json\" class=\"yoast-schema-graph\">{\"@context\":\"https:\\\/\\\/schema.org\",\"@graph\":[{\"@type\":\"WebPage\",\"@id\":\"https:\\\/\\\/oleksandraryshniak24.thkit.ee\\\/wp1\\\/tegevusskeem-activity-diagram\\\/\",\"url\":\"https:\\\/\\\/oleksandraryshniak24.thkit.ee\\\/wp1\\\/tegevusskeem-activity-diagram\\\/\",\"name\":\"Tegevusskeem\u00a0(Activity diagram) - Oleksandra Ryshniak Portfolio\",\"isPartOf\":{\"@id\":\"https:\\\/\\\/oleksandraryshniak24.thkit.ee\\\/wp1\\\/#website\"},\"primaryImageOfPage\":{\"@id\":\"https:\\\/\\\/oleksandraryshniak24.thkit.ee\\\/wp1\\\/tegevusskeem-activity-diagram\\\/#primaryimage\"},\"image\":{\"@id\":\"https:\\\/\\\/oleksandraryshniak24.thkit.ee\\\/wp1\\\/tegevusskeem-activity-diagram\\\/#primaryimage\"},\"thumbnailUrl\":\"https:\\\/\\\/oleksandraryshniak24.thkit.ee\\\/wp1\\\/wp-content\\\/uploads\\\/2026\\\/03\\\/image-15.png\",\"datePublished\":\"2026-03-11T10:27:23+00:00\",\"dateModified\":\"2026-03-15T11:39:02+00:00\",\"breadcrumb\":{\"@id\":\"https:\\\/\\\/oleksandraryshniak24.thkit.ee\\\/wp1\\\/tegevusskeem-activity-diagram\\\/#breadcrumb\"},\"inLanguage\":\"et\",\"potentialAction\":[{\"@type\":\"ReadAction\",\"target\":[\"https:\\\/\\\/oleksandraryshniak24.thkit.ee\\\/wp1\\\/tegevusskeem-activity-diagram\\\/\"]}]},{\"@type\":\"ImageObject\",\"inLanguage\":\"et\",\"@id\":\"https:\\\/\\\/oleksandraryshniak24.thkit.ee\\\/wp1\\\/tegevusskeem-activity-diagram\\\/#primaryimage\",\"url\":\"https:\\\/\\\/oleksandraryshniak24.thkit.ee\\\/wp1\\\/wp-content\\\/uploads\\\/2026\\\/03\\\/image-15.png\",\"contentUrl\":\"https:\\\/\\\/oleksandraryshniak24.thkit.ee\\\/wp1\\\/wp-content\\\/uploads\\\/2026\\\/03\\\/image-15.png\",\"width\":381,\"height\":116},{\"@type\":\"BreadcrumbList\",\"@id\":\"https:\\\/\\\/oleksandraryshniak24.thkit.ee\\\/wp1\\\/tegevusskeem-activity-diagram\\\/#breadcrumb\",\"itemListElement\":[{\"@type\":\"ListItem\",\"position\":1,\"name\":\"Home\",\"item\":\"https:\\\/\\\/oleksandraryshniak24.thkit.ee\\\/wp1\\\/\"},{\"@type\":\"ListItem\",\"position\":2,\"name\":\"Tegevusskeem\u00a0(Activity diagram)\"}]},{\"@type\":\"WebSite\",\"@id\":\"https:\\\/\\\/oleksandraryshniak24.thkit.ee\\\/wp1\\\/#website\",\"url\":\"https:\\\/\\\/oleksandraryshniak24.thkit.ee\\\/wp1\\\/\",\"name\":\"Oleksandra Ryshniak Portfolio\",\"description\":\"\u041f\u0440\u043e\u0441\u0442\u043e \u0435\u0449\u0435 \u043e\u0434\u0438\u043d WordPress \u0441\u0430\u0439\u0442\",\"potentialAction\":[{\"@type\":\"SearchAction\",\"target\":{\"@type\":\"EntryPoint\",\"urlTemplate\":\"https:\\\/\\\/oleksandraryshniak24.thkit.ee\\\/wp1\\\/?s={search_term_string}\"},\"query-input\":{\"@type\":\"PropertyValueSpecification\",\"valueRequired\":true,\"valueName\":\"search_term_string\"}}],\"inLanguage\":\"et\"}]}<\/script>\n<!-- \/ Yoast SEO plugin. -->","yoast_head_json":{"title":"Tegevusskeem\u00a0(Activity diagram) - Oleksandra Ryshniak Portfolio","robots":{"index":"index","follow":"follow","max-snippet":"max-snippet:-1","max-image-preview":"max-image-preview:large","max-video-preview":"max-video-preview:-1"},"canonical":"https:\/\/oleksandraryshniak24.thkit.ee\/wp1\/tegevusskeem-activity-diagram\/","og_locale":"et_EE","og_type":"article","og_title":"Tegevusskeem\u00a0(Activity diagram) - Oleksandra Ryshniak Portfolio","og_description":"Tegevusskeem&nbsp;(Activity diagram) \u2014 \u0434\u0438\u0430\u0433\u0440\u0430\u043c\u043c\u0430 \u0430\u043a\u0442\u0438\u0432\u043d\u043e\u0441\u0442\u0438 \u0438\u043b\u0438 \u0434\u0435\u044f\u0442\u0435\u043b\u044c\u043d\u043e\u0441\u0442\u0438&nbsp;(State \/ Activity diagramm) Ta on m\u00f5eldud \u00fcldisemalt protsesside modelleerimiseks, kuid sobib kasutada ka [&hellip;]","og_url":"https:\/\/oleksandraryshniak24.thkit.ee\/wp1\/tegevusskeem-activity-diagram\/","og_site_name":"Oleksandra Ryshniak Portfolio","article_modified_time":"2026-03-15T11:39:02+00:00","og_image":[{"width":381,"height":116,"url":"https:\/\/oleksandraryshniak24.thkit.ee\/wp1\/wp-content\/uploads\/2026\/03\/image-15.png","type":"image\/png"}],"twitter_card":"summary_large_image","twitter_misc":{"Est. reading time":"2 minutit"},"schema":{"@context":"https:\/\/schema.org","@graph":[{"@type":"WebPage","@id":"https:\/\/oleksandraryshniak24.thkit.ee\/wp1\/tegevusskeem-activity-diagram\/","url":"https:\/\/oleksandraryshniak24.thkit.ee\/wp1\/tegevusskeem-activity-diagram\/","name":"Tegevusskeem\u00a0(Activity diagram) - Oleksandra Ryshniak Portfolio","isPartOf":{"@id":"https:\/\/oleksandraryshniak24.thkit.ee\/wp1\/#website"},"primaryImageOfPage":{"@id":"https:\/\/oleksandraryshniak24.thkit.ee\/wp1\/tegevusskeem-activity-diagram\/#primaryimage"},"image":{"@id":"https:\/\/oleksandraryshniak24.thkit.ee\/wp1\/tegevusskeem-activity-diagram\/#primaryimage"},"thumbnailUrl":"https:\/\/oleksandraryshniak24.thkit.ee\/wp1\/wp-content\/uploads\/2026\/03\/image-15.png","datePublished":"2026-03-11T10:27:23+00:00","dateModified":"2026-03-15T11:39:02+00:00","breadcrumb":{"@id":"https:\/\/oleksandraryshniak24.thkit.ee\/wp1\/tegevusskeem-activity-diagram\/#breadcrumb"},"inLanguage":"et","potentialAction":[{"@type":"ReadAction","target":["https:\/\/oleksandraryshniak24.thkit.ee\/wp1\/tegevusskeem-activity-diagram\/"]}]},{"@type":"ImageObject","inLanguage":"et","@id":"https:\/\/oleksandraryshniak24.thkit.ee\/wp1\/tegevusskeem-activity-diagram\/#primaryimage","url":"https:\/\/oleksandraryshniak24.thkit.ee\/wp1\/wp-content\/uploads\/2026\/03\/image-15.png","contentUrl":"https:\/\/oleksandraryshniak24.thkit.ee\/wp1\/wp-content\/uploads\/2026\/03\/image-15.png","width":381,"height":116},{"@type":"BreadcrumbList","@id":"https:\/\/oleksandraryshniak24.thkit.ee\/wp1\/tegevusskeem-activity-diagram\/#breadcrumb","itemListElement":[{"@type":"ListItem","position":1,"name":"Home","item":"https:\/\/oleksandraryshniak24.thkit.ee\/wp1\/"},{"@type":"ListItem","position":2,"name":"Tegevusskeem\u00a0(Activity diagram)"}]},{"@type":"WebSite","@id":"https:\/\/oleksandraryshniak24.thkit.ee\/wp1\/#website","url":"https:\/\/oleksandraryshniak24.thkit.ee\/wp1\/","name":"Oleksandra Ryshniak Portfolio","description":"\u041f\u0440\u043e\u0441\u0442\u043e \u0435\u0449\u0435 \u043e\u0434\u0438\u043d WordPress \u0441\u0430\u0439\u0442","potentialAction":[{"@type":"SearchAction","target":{"@type":"EntryPoint","urlTemplate":"https:\/\/oleksandraryshniak24.thkit.ee\/wp1\/?s={search_term_string}"},"query-input":{"@type":"PropertyValueSpecification","valueRequired":true,"valueName":"search_term_string"}}],"inLanguage":"et"}]}},"_links":{"self":[{"href":"https:\/\/oleksandraryshniak24.thkit.ee\/wp1\/wp-json\/wp\/v2\/pages\/2179","targetHints":{"allow":["GET"]}}],"collection":[{"href":"https:\/\/oleksandraryshniak24.thkit.ee\/wp1\/wp-json\/wp\/v2\/pages"}],"about":[{"href":"https:\/\/oleksandraryshniak24.thkit.ee\/wp1\/wp-json\/wp\/v2\/types\/page"}],"author":[{"embeddable":true,"href":"https:\/\/oleksandraryshniak24.thkit.ee\/wp1\/wp-json\/wp\/v2\/users\/1"}],"replies":[{"embeddable":true,"href":"https:\/\/oleksandraryshniak24.thkit.ee\/wp1\/wp-json\/wp\/v2\/comments?post=2179"}],"version-history":[{"count":5,"href":"https:\/\/oleksandraryshniak24.thkit.ee\/wp1\/wp-json\/wp\/v2\/pages\/2179\/revisions"}],"predecessor-version":[{"id":2231,"href":"https:\/\/oleksandraryshniak24.thkit.ee\/wp1\/wp-json\/wp\/v2\/pages\/2179\/revisions\/2231"}],"wp:attachment":[{"href":"https:\/\/oleksandraryshniak24.thkit.ee\/wp1\/wp-json\/wp\/v2\/media?parent=2179"}],"curies":[{"name":"wp","href":"https:\/\/api.w.org\/{rel}","templated":true}]}}