{"id":2187,"date":"2026-03-11T10:39:10","date_gmt":"2026-03-11T10:39:10","guid":{"rendered":"https:\/\/oleksandraryshniak24.thkit.ee\/wp1\/?page_id=2187"},"modified":"2026-03-15T11:37:02","modified_gmt":"2026-03-15T11:37:02","slug":"andmebaasi-skeem","status":"publish","type":"page","link":"https:\/\/oleksandraryshniak24.thkit.ee\/wp1\/andmebaasi-skeem\/","title":{"rendered":"Andmebaasi skeem"},"content":{"rendered":"\n<h2 class=\"wp-block-heading\">Andmebaasi skeem<\/h2>\n\n\n\n<p>\u0434\u0438\u0430\u0433\u0440\u0430\u043c\u043c\u0430 \u0431\u0430\u0437 \u0434\u0430\u043d\u043d\u044b\u0445 \u2013 \u0441\u0445\u0435\u043c\u0430 \u0434\u0430\u043d\u043d\u044b\u0445<\/p>\n\n\n\n<p>\u041c\u043e\u0434\u0435\u043b\u0438:<\/p>\n\n\n\n<ul class=\"wp-block-list\">\n<li>\u201c\u0441\u0443\u0449\u043d\u043e\u0441\u0442\u0438-\u0441\u0432\u044f\u0437\u0438\u201d \u2013 OLEMID \u2013 SEOSED<\/li>\n\n\n\n<li>\u201c\u0441\u0443\u0449\u043d\u043e\u0441\u0442\u0438-\u0430\u0442\u0440\u0438\u0431\u0443\u0442\u044b-\u0441\u0432\u044f\u0437\u0438\u201d \u2013 OLEMID \u2013 ATRIBUUTID \u2013 SEOSED<\/li>\n\n\n\n<li>\u0438\u0435\u0440\u0430\u0440\u0445\u0438\u0447\u0435\u0441\u043a\u0430\u044f \u043c\u043e\u0434\u0435\u043b\u044c \u2013 hierarhiline mudel<\/li>\n\n\n\n<li>\u0440\u0435\u043b\u044f\u0446\u0438\u043e\u043d\u043d\u0430\u044f \u043c\u043e\u0434\u0435\u043b\u044c \u2013 relatsiooniline mudel \/ andmemudel<\/li>\n<\/ul>\n\n\n\n<figure class=\"wp-block-image size-full\"><a href=\"https:\/\/oleksandraryshniak24.thkit.ee\/wp1\/wp-content\/uploads\/2026\/03\/image-16.png\"><img loading=\"lazy\" decoding=\"async\" width=\"945\" height=\"382\" src=\"https:\/\/oleksandraryshniak24.thkit.ee\/wp1\/wp-content\/uploads\/2026\/03\/image-16.png\" alt=\"\" class=\"wp-image-2188\" srcset=\"https:\/\/oleksandraryshniak24.thkit.ee\/wp1\/wp-content\/uploads\/2026\/03\/image-16.png 945w, https:\/\/oleksandraryshniak24.thkit.ee\/wp1\/wp-content\/uploads\/2026\/03\/image-16-300x121.png 300w, https:\/\/oleksandraryshniak24.thkit.ee\/wp1\/wp-content\/uploads\/2026\/03\/image-16-768x310.png 768w, https:\/\/oleksandraryshniak24.thkit.ee\/wp1\/wp-content\/uploads\/2026\/03\/image-16-150x61.png 150w\" sizes=\"auto, (max-width: 945px) 100vw, 945px\" \/><\/a><\/figure>\n\n\n\n<h4 class=\"wp-block-heading\">1. Tabel <strong>Loomaklass<\/strong><\/h4>\n\n\n\n<p>See tabel sisaldab infot <strong>loomade klasside kohta<\/strong>.<\/p>\n\n\n\n<p><strong>V\u00e4ljad:<\/strong><\/p>\n\n\n\n<ul class=\"wp-block-list\">\n<li><strong>Id_loomaklass (PK)<\/strong> \u2013 loomaklassi unikaalne identifikaator<\/li>\n\n\n\n<li><strong>Klass<\/strong> \u2013 loomaklassi nimetus<\/li>\n<\/ul>\n\n\n\n<p><strong>Eesm\u00e4rk:<\/strong><br>Kasutatakse loomade jagamiseks erinevatesse klassidesse v\u00f5i kategooriatesse.<\/p>\n\n\n\n<h4 class=\"wp-block-heading\">2. Tabel <strong>Loomad<\/strong><\/h4>\n\n\n\n<p>Tabel sisaldab p\u00f5hiteavet <strong>loomade kohta<\/strong>.<\/p>\n\n\n\n<p><strong>V\u00e4ljad:<\/strong><\/p>\n\n\n\n<ul class=\"wp-block-list\">\n<li><strong>Id_loomad (PK)<\/strong> \u2013 looma unikaalne identifikaator<\/li>\n\n\n\n<li><strong>Nimi<\/strong> \u2013 looma nimi<\/li>\n\n\n\n<li><strong>Loomaklass_Id_loomaklass (FK)<\/strong> \u2013 viide loomaklassile<\/li>\n\n\n\n<li><strong>Sunnipaev<\/strong> \u2013 looma s\u00fcnnip\u00e4ev<\/li>\n\n\n\n<li><strong>V\u00e4rv<\/strong> \u2013 looma v\u00e4rv<\/li>\n\n\n\n<li><strong>Kaal<\/strong> \u2013 looma kaal<\/li>\n<\/ul>\n\n\n\n<p><strong>Seos:<\/strong><br>\u00dchel <strong>loomaklassil<\/strong> v\u00f5ib olla <strong>mitu looma<\/strong>.<\/p>\n\n\n\n<h4 class=\"wp-block-heading\">3. Tabel <strong>Tootaja<\/strong><\/h4>\n\n\n\n<p>See tabel sisaldab infot <strong>t\u00f6\u00f6tajate kohta<\/strong>, kes hoolitsevad loomade eest.<\/p>\n\n\n\n<p><strong>V\u00e4ljad:<\/strong><\/p>\n\n\n\n<ul class=\"wp-block-list\">\n<li><strong>Id_Tootaja (PK)<\/strong> \u2013 t\u00f6\u00f6taja unikaalne identifikaator<\/li>\n\n\n\n<li><strong>Nimi<\/strong> \u2013 t\u00f6\u00f6taja eesnimi<\/li>\n\n\n\n<li><strong>Perenimi<\/strong> \u2013 t\u00f6\u00f6taja perekonnanimi<\/li>\n<\/ul>\n\n\n\n<h4 class=\"wp-block-heading\">4. Tabel <strong>Toit<\/strong><\/h4>\n\n\n\n<p>Tabel sisaldab infot <strong>loomade toidu kohta<\/strong>.<\/p>\n\n\n\n<p><strong>V\u00e4ljad:<\/strong><\/p>\n\n\n\n<ul class=\"wp-block-list\">\n<li><strong>Id_toit (PK)<\/strong> \u2013 toidu unikaalne identifikaator<\/li>\n\n\n\n<li><strong>Toit<\/strong> \u2013 toidu nimetus<\/li>\n<\/ul>\n\n\n\n<h4 class=\"wp-block-heading\">5. Tabel <strong>Toitumine<\/strong><\/h4>\n\n\n\n<p>See on <strong>seostabel<\/strong>, mis salvestab infot loomade toitmise kohta.<\/p>\n\n\n\n<p><strong>V\u00e4ljad:<\/strong><\/p>\n\n\n\n<ul class=\"wp-block-list\">\n<li><strong>Id_toitumine (PK)<\/strong> \u2013 kirje unikaalne identifikaator<\/li>\n\n\n\n<li><strong>Loom_Id_loomad (FK)<\/strong> \u2013 viide loomale<\/li>\n\n\n\n<li><strong>Tootaja_Id_Tootaja (FK)<\/strong> \u2013 viide t\u00f6\u00f6tajale<\/li>\n\n\n\n<li><strong>Toit_Id_toit (FK)<\/strong> \u2013 viide toidule<\/li>\n<\/ul>\n\n\n\n<p><strong>Eesm\u00e4rk:<\/strong><br>Salvestab info selle kohta, <strong>millist looma, milline t\u00f6\u00f6taja ja millise toiduga toitis<\/strong>.<\/p>\n\n\n\n<h4 class=\"wp-block-heading\">6. Tabel <strong>Jalutusaed<\/strong><\/h4>\n\n\n\n<p>See tabel sisaldab infot <strong>jalutusalade v\u00f5i aedikute kohta<\/strong>, kus loomad v\u00f5ivad viibida.<\/p>\n\n\n\n<p><strong>V\u00e4ljad:<\/strong><\/p>\n\n\n\n<ul class=\"wp-block-list\">\n<li><strong>Id_jalutusaed (PK)<\/strong> \u2013 jalutusala unikaalne identifikaator<\/li>\n<\/ul>\n\n\n\n<h4 class=\"wp-block-heading\">7. Tabel <strong>Paikond<\/strong><\/h4>\n\n\n\n<p>Tabel sisaldab infot <strong>konkreetsete kohtade kohta jalutusala sees<\/strong>.<\/p>\n\n\n\n<p><strong>V\u00e4ljad:<\/strong><\/p>\n\n\n\n<ul class=\"wp-block-list\">\n<li><strong>Id_paikond (PK)<\/strong> \u2013 koha unikaalne identifikaator<\/li>\n\n\n\n<li><strong>Paikond_nimi<\/strong> \u2013 koha nimetus<\/li>\n\n\n\n<li><strong>Jalutusaed_Id_Jalutusaed (FK)<\/strong> \u2013 viide jalutusalale<\/li>\n<\/ul>\n\n\n\n<p><strong>Seos:<\/strong><br>\u00dchel <strong>jalutusalal<\/strong> v\u00f5ib olla <strong>mitu erinevat kohta<\/strong>.<\/p>\n\n\n\n<h4 class=\"wp-block-heading\">8. Tabel <strong>Asukoht<\/strong><\/h4>\n\n\n\n<p>Tabel salvestab infot <strong>loomade asukoha kohta<\/strong>.<\/p>\n\n\n\n<p><strong>V\u00e4ljad:<\/strong><\/p>\n\n\n\n<ul class=\"wp-block-list\">\n<li><strong>Id_asukoht (PK)<\/strong> \u2013 asukoha unikaalne identifikaator<\/li>\n\n\n\n<li><strong>Loom_Id_loomad (FK)<\/strong> \u2013 viide loomale<\/li>\n\n\n\n<li><strong>Paikond_Id_paikond (FK)<\/strong> \u2013 viide kohale<\/li>\n\n\n\n<li><strong>Jalutusaed_Id_jalutusaed (FK)<\/strong> \u2013 viide jalutusalale<\/li>\n<\/ul>\n\n\n\n<p><strong>Eesm\u00e4rk:<\/strong><br>M\u00e4\u00e4rab \u00e4ra, <strong>kus loom parasjagu asub<\/strong> (millises jalutusaias ja millises kohas).<\/p>\n\n\n\n<h4 class=\"wp-block-heading\">Peamised seosed tabelite vahel<\/h4>\n\n\n\n<ul class=\"wp-block-list\">\n<li><strong>Loomaklass \u2192 Loomad<\/strong><br>\u00dchel loomaklassil v\u00f5ib olla mitu looma.<\/li>\n\n\n\n<li><strong>Loomad \u2192 Toitumine<\/strong><br>\u00dchel loomal v\u00f5ib olla mitu toitmise kirjet.<\/li>\n\n\n\n<li><strong>Tootaja \u2192 Toitumine<\/strong><br>\u00dcks t\u00f6\u00f6taja v\u00f5ib toita mitut looma.<\/li>\n\n\n\n<li><strong>Toit \u2192 Toitumine<\/strong><br>\u00dchte toiduliiki v\u00f5ib kasutada mitme looma toitmisel.<\/li>\n\n\n\n<li><strong>Jalutusaed \u2192 Paikond<\/strong><br>\u00dchel jalutusialal v\u00f5ib olla mitu erinevat kohta.<\/li>\n\n\n\n<li><strong>Paikond ja Jalutusaed \u2192 Asukoht<\/strong><br>Need m\u00e4\u00e4ravad looma t\u00e4pse asukoha.<\/li>\n<\/ul>\n","protected":false},"excerpt":{"rendered":"<p>Andmebaasi skeem \u0434\u0438\u0430\u0433\u0440\u0430\u043c\u043c\u0430 \u0431\u0430\u0437 \u0434\u0430\u043d\u043d\u044b\u0445 \u2013 \u0441\u0445\u0435\u043c\u0430 \u0434\u0430\u043d\u043d\u044b\u0445 \u041c\u043e\u0434\u0435\u043b\u0438: 1. Tabel Loomaklass See tabel sisaldab infot loomade klasside kohta. V\u00e4ljad: [&hellip;]<\/p>\n","protected":false},"author":1,"featured_media":0,"parent":0,"menu_order":0,"comment_status":"closed","ping_status":"closed","template":"","meta":{"footnotes":""},"class_list":["post-2187","page","type-page","status-publish","hentry"],"yoast_head":"<!-- This site is optimized with the Yoast SEO plugin v27.4 - https:\/\/yoast.com\/product\/yoast-seo-wordpress\/ -->\n<title>Andmebaasi skeem - Oleksandra Ryshniak Portfolio<\/title>\n<meta name=\"robots\" content=\"index, follow, max-snippet:-1, max-image-preview:large, max-video-preview:-1\" \/>\n<link rel=\"canonical\" href=\"https:\/\/oleksandraryshniak24.thkit.ee\/wp1\/andmebaasi-skeem\/\" \/>\n<meta property=\"og:locale\" content=\"et_EE\" \/>\n<meta property=\"og:type\" content=\"article\" \/>\n<meta property=\"og:title\" content=\"Andmebaasi skeem - Oleksandra Ryshniak Portfolio\" \/>\n<meta property=\"og:description\" content=\"Andmebaasi skeem \u0434\u0438\u0430\u0433\u0440\u0430\u043c\u043c\u0430 \u0431\u0430\u0437 \u0434\u0430\u043d\u043d\u044b\u0445 \u2013 \u0441\u0445\u0435\u043c\u0430 \u0434\u0430\u043d\u043d\u044b\u0445 \u041c\u043e\u0434\u0435\u043b\u0438: 1. Tabel Loomaklass See tabel sisaldab infot loomade klasside kohta. V\u00e4ljad: [&hellip;]\" \/>\n<meta property=\"og:url\" content=\"https:\/\/oleksandraryshniak24.thkit.ee\/wp1\/andmebaasi-skeem\/\" \/>\n<meta property=\"og:site_name\" content=\"Oleksandra Ryshniak Portfolio\" \/>\n<meta property=\"article:modified_time\" content=\"2026-03-15T11:37:02+00:00\" \/>\n<meta property=\"og:image\" content=\"https:\/\/oleksandraryshniak24.thkit.ee\/wp1\/wp-content\/uploads\/2026\/03\/image-16.png\" \/>\n\t<meta property=\"og:image:width\" content=\"945\" \/>\n\t<meta property=\"og:image:height\" content=\"382\" \/>\n\t<meta property=\"og:image:type\" content=\"image\/png\" \/>\n<meta name=\"twitter:card\" content=\"summary_large_image\" \/>\n<meta name=\"twitter:label1\" content=\"Est. reading time\" \/>\n\t<meta name=\"twitter:data1\" content=\"2 minutit\" \/>\n<script type=\"application\/ld+json\" class=\"yoast-schema-graph\">{\"@context\":\"https:\\\/\\\/schema.org\",\"@graph\":[{\"@type\":\"WebPage\",\"@id\":\"https:\\\/\\\/oleksandraryshniak24.thkit.ee\\\/wp1\\\/andmebaasi-skeem\\\/\",\"url\":\"https:\\\/\\\/oleksandraryshniak24.thkit.ee\\\/wp1\\\/andmebaasi-skeem\\\/\",\"name\":\"Andmebaasi skeem - Oleksandra Ryshniak Portfolio\",\"isPartOf\":{\"@id\":\"https:\\\/\\\/oleksandraryshniak24.thkit.ee\\\/wp1\\\/#website\"},\"primaryImageOfPage\":{\"@id\":\"https:\\\/\\\/oleksandraryshniak24.thkit.ee\\\/wp1\\\/andmebaasi-skeem\\\/#primaryimage\"},\"image\":{\"@id\":\"https:\\\/\\\/oleksandraryshniak24.thkit.ee\\\/wp1\\\/andmebaasi-skeem\\\/#primaryimage\"},\"thumbnailUrl\":\"https:\\\/\\\/oleksandraryshniak24.thkit.ee\\\/wp1\\\/wp-content\\\/uploads\\\/2026\\\/03\\\/image-16.png\",\"datePublished\":\"2026-03-11T10:39:10+00:00\",\"dateModified\":\"2026-03-15T11:37:02+00:00\",\"breadcrumb\":{\"@id\":\"https:\\\/\\\/oleksandraryshniak24.thkit.ee\\\/wp1\\\/andmebaasi-skeem\\\/#breadcrumb\"},\"inLanguage\":\"et\",\"potentialAction\":[{\"@type\":\"ReadAction\",\"target\":[\"https:\\\/\\\/oleksandraryshniak24.thkit.ee\\\/wp1\\\/andmebaasi-skeem\\\/\"]}]},{\"@type\":\"ImageObject\",\"inLanguage\":\"et\",\"@id\":\"https:\\\/\\\/oleksandraryshniak24.thkit.ee\\\/wp1\\\/andmebaasi-skeem\\\/#primaryimage\",\"url\":\"https:\\\/\\\/oleksandraryshniak24.thkit.ee\\\/wp1\\\/wp-content\\\/uploads\\\/2026\\\/03\\\/image-16.png\",\"contentUrl\":\"https:\\\/\\\/oleksandraryshniak24.thkit.ee\\\/wp1\\\/wp-content\\\/uploads\\\/2026\\\/03\\\/image-16.png\"},{\"@type\":\"BreadcrumbList\",\"@id\":\"https:\\\/\\\/oleksandraryshniak24.thkit.ee\\\/wp1\\\/andmebaasi-skeem\\\/#breadcrumb\",\"itemListElement\":[{\"@type\":\"ListItem\",\"position\":1,\"name\":\"Home\",\"item\":\"https:\\\/\\\/oleksandraryshniak24.thkit.ee\\\/wp1\\\/\"},{\"@type\":\"ListItem\",\"position\":2,\"name\":\"Andmebaasi skeem\"}]},{\"@type\":\"WebSite\",\"@id\":\"https:\\\/\\\/oleksandraryshniak24.thkit.ee\\\/wp1\\\/#website\",\"url\":\"https:\\\/\\\/oleksandraryshniak24.thkit.ee\\\/wp1\\\/\",\"name\":\"Oleksandra Ryshniak Portfolio\",\"description\":\"\u041f\u0440\u043e\u0441\u0442\u043e \u0435\u0449\u0435 \u043e\u0434\u0438\u043d WordPress \u0441\u0430\u0439\u0442\",\"potentialAction\":[{\"@type\":\"SearchAction\",\"target\":{\"@type\":\"EntryPoint\",\"urlTemplate\":\"https:\\\/\\\/oleksandraryshniak24.thkit.ee\\\/wp1\\\/?s={search_term_string}\"},\"query-input\":{\"@type\":\"PropertyValueSpecification\",\"valueRequired\":true,\"valueName\":\"search_term_string\"}}],\"inLanguage\":\"et\"}]}<\/script>\n<!-- \/ Yoast SEO plugin. -->","yoast_head_json":{"title":"Andmebaasi skeem - Oleksandra Ryshniak Portfolio","robots":{"index":"index","follow":"follow","max-snippet":"max-snippet:-1","max-image-preview":"max-image-preview:large","max-video-preview":"max-video-preview:-1"},"canonical":"https:\/\/oleksandraryshniak24.thkit.ee\/wp1\/andmebaasi-skeem\/","og_locale":"et_EE","og_type":"article","og_title":"Andmebaasi skeem - Oleksandra Ryshniak Portfolio","og_description":"Andmebaasi skeem \u0434\u0438\u0430\u0433\u0440\u0430\u043c\u043c\u0430 \u0431\u0430\u0437 \u0434\u0430\u043d\u043d\u044b\u0445 \u2013 \u0441\u0445\u0435\u043c\u0430 \u0434\u0430\u043d\u043d\u044b\u0445 \u041c\u043e\u0434\u0435\u043b\u0438: 1. Tabel Loomaklass See tabel sisaldab infot loomade klasside kohta. V\u00e4ljad: [&hellip;]","og_url":"https:\/\/oleksandraryshniak24.thkit.ee\/wp1\/andmebaasi-skeem\/","og_site_name":"Oleksandra Ryshniak Portfolio","article_modified_time":"2026-03-15T11:37:02+00:00","og_image":[{"width":945,"height":382,"url":"https:\/\/oleksandraryshniak24.thkit.ee\/wp1\/wp-content\/uploads\/2026\/03\/image-16.png","type":"image\/png"}],"twitter_card":"summary_large_image","twitter_misc":{"Est. reading time":"2 minutit"},"schema":{"@context":"https:\/\/schema.org","@graph":[{"@type":"WebPage","@id":"https:\/\/oleksandraryshniak24.thkit.ee\/wp1\/andmebaasi-skeem\/","url":"https:\/\/oleksandraryshniak24.thkit.ee\/wp1\/andmebaasi-skeem\/","name":"Andmebaasi skeem - Oleksandra Ryshniak Portfolio","isPartOf":{"@id":"https:\/\/oleksandraryshniak24.thkit.ee\/wp1\/#website"},"primaryImageOfPage":{"@id":"https:\/\/oleksandraryshniak24.thkit.ee\/wp1\/andmebaasi-skeem\/#primaryimage"},"image":{"@id":"https:\/\/oleksandraryshniak24.thkit.ee\/wp1\/andmebaasi-skeem\/#primaryimage"},"thumbnailUrl":"https:\/\/oleksandraryshniak24.thkit.ee\/wp1\/wp-content\/uploads\/2026\/03\/image-16.png","datePublished":"2026-03-11T10:39:10+00:00","dateModified":"2026-03-15T11:37:02+00:00","breadcrumb":{"@id":"https:\/\/oleksandraryshniak24.thkit.ee\/wp1\/andmebaasi-skeem\/#breadcrumb"},"inLanguage":"et","potentialAction":[{"@type":"ReadAction","target":["https:\/\/oleksandraryshniak24.thkit.ee\/wp1\/andmebaasi-skeem\/"]}]},{"@type":"ImageObject","inLanguage":"et","@id":"https:\/\/oleksandraryshniak24.thkit.ee\/wp1\/andmebaasi-skeem\/#primaryimage","url":"https:\/\/oleksandraryshniak24.thkit.ee\/wp1\/wp-content\/uploads\/2026\/03\/image-16.png","contentUrl":"https:\/\/oleksandraryshniak24.thkit.ee\/wp1\/wp-content\/uploads\/2026\/03\/image-16.png"},{"@type":"BreadcrumbList","@id":"https:\/\/oleksandraryshniak24.thkit.ee\/wp1\/andmebaasi-skeem\/#breadcrumb","itemListElement":[{"@type":"ListItem","position":1,"name":"Home","item":"https:\/\/oleksandraryshniak24.thkit.ee\/wp1\/"},{"@type":"ListItem","position":2,"name":"Andmebaasi skeem"}]},{"@type":"WebSite","@id":"https:\/\/oleksandraryshniak24.thkit.ee\/wp1\/#website","url":"https:\/\/oleksandraryshniak24.thkit.ee\/wp1\/","name":"Oleksandra Ryshniak Portfolio","description":"\u041f\u0440\u043e\u0441\u0442\u043e \u0435\u0449\u0435 \u043e\u0434\u0438\u043d WordPress \u0441\u0430\u0439\u0442","potentialAction":[{"@type":"SearchAction","target":{"@type":"EntryPoint","urlTemplate":"https:\/\/oleksandraryshniak24.thkit.ee\/wp1\/?s={search_term_string}"},"query-input":{"@type":"PropertyValueSpecification","valueRequired":true,"valueName":"search_term_string"}}],"inLanguage":"et"}]}},"_links":{"self":[{"href":"https:\/\/oleksandraryshniak24.thkit.ee\/wp1\/wp-json\/wp\/v2\/pages\/2187","targetHints":{"allow":["GET"]}}],"collection":[{"href":"https:\/\/oleksandraryshniak24.thkit.ee\/wp1\/wp-json\/wp\/v2\/pages"}],"about":[{"href":"https:\/\/oleksandraryshniak24.thkit.ee\/wp1\/wp-json\/wp\/v2\/types\/page"}],"author":[{"embeddable":true,"href":"https:\/\/oleksandraryshniak24.thkit.ee\/wp1\/wp-json\/wp\/v2\/users\/1"}],"replies":[{"embeddable":true,"href":"https:\/\/oleksandraryshniak24.thkit.ee\/wp1\/wp-json\/wp\/v2\/comments?post=2187"}],"version-history":[{"count":3,"href":"https:\/\/oleksandraryshniak24.thkit.ee\/wp1\/wp-json\/wp\/v2\/pages\/2187\/revisions"}],"predecessor-version":[{"id":2211,"href":"https:\/\/oleksandraryshniak24.thkit.ee\/wp1\/wp-json\/wp\/v2\/pages\/2187\/revisions\/2211"}],"wp:attachment":[{"href":"https:\/\/oleksandraryshniak24.thkit.ee\/wp1\/wp-json\/wp\/v2\/media?parent=2187"}],"curies":[{"name":"wp","href":"https:\/\/api.w.org\/{rel}","templated":true}]}}