{"id":2212,"date":"2026-03-12T08:59:19","date_gmt":"2026-03-12T08:59:19","guid":{"rendered":"https:\/\/oleksandraryshniak24.thkit.ee\/wp1\/?page_id=2212"},"modified":"2026-03-15T11:38:15","modified_gmt":"2026-03-15T11:38:15","slug":"suzeetahvlit","status":"publish","type":"page","link":"https:\/\/oleksandraryshniak24.thkit.ee\/wp1\/suzeetahvlit\/","title":{"rendered":"S\u00fc\u017eeetahvlit"},"content":{"rendered":"\n<h1 class=\"wp-block-heading\"><strong>S\u00fc\u017eeetahvlit<\/strong><\/h1>\n\n\n\n<h2 class=\"wp-block-heading\">Login ekraan<\/h2>\n\n\n\n<figure class=\"wp-block-image size-full is-resized\"><a href=\"https:\/\/oleksandraryshniak24.thkit.ee\/wp1\/wp-content\/uploads\/2026\/03\/F27B4877-D415-4D31-A07A-30BD248D57EB.png\"><img loading=\"lazy\" decoding=\"async\" width=\"362\" height=\"641\" src=\"https:\/\/oleksandraryshniak24.thkit.ee\/wp1\/wp-content\/uploads\/2026\/03\/F27B4877-D415-4D31-A07A-30BD248D57EB.png\" alt=\"\" class=\"wp-image-2217\" style=\"width:237px;height:auto\" srcset=\"https:\/\/oleksandraryshniak24.thkit.ee\/wp1\/wp-content\/uploads\/2026\/03\/F27B4877-D415-4D31-A07A-30BD248D57EB.png 362w, https:\/\/oleksandraryshniak24.thkit.ee\/wp1\/wp-content\/uploads\/2026\/03\/F27B4877-D415-4D31-A07A-30BD248D57EB-169x300.png 169w, https:\/\/oleksandraryshniak24.thkit.ee\/wp1\/wp-content\/uploads\/2026\/03\/F27B4877-D415-4D31-A07A-30BD248D57EB-85x150.png 85w\" sizes=\"auto, (max-width: 362px) 100vw, 362px\" \/><\/a><\/figure>\n\n\n\n<p>Ekraanil on s\u00fcsteemi sisselogimise leht. Lehe keskel asub <strong>sisselogimisvorm. <\/strong>See sisaldab v\u00e4lju <strong>e-posti aadressi<\/strong> ja <strong>parooli<\/strong> sisestamiseks. V\u00e4ljade all on link <strong>&#8220;Unustasid parooli?&#8221;<\/strong>. Selle all asub nupp <strong>&#8220;Logi sisse&#8221;<\/strong> ja <strong>&#8220;Registreerimine&#8221;<\/strong>, mis muutub aktiivseks alles p\u00e4rast e-posti aadressi ja parooli sisestamist.<\/p>\n\n\n\n<h2 class=\"wp-block-heading\">Avaleht<\/h2>\n\n\n\n<figure class=\"wp-block-image size-full is-resized\"><a href=\"https:\/\/oleksandraryshniak24.thkit.ee\/wp1\/wp-content\/uploads\/2026\/03\/2B032D29-36EF-45A2-9319-3BCDD8959C39.png\"><img loading=\"lazy\" decoding=\"async\" width=\"315\" height=\"632\" src=\"https:\/\/oleksandraryshniak24.thkit.ee\/wp1\/wp-content\/uploads\/2026\/03\/2B032D29-36EF-45A2-9319-3BCDD8959C39.png\" alt=\"\" class=\"wp-image-2218\" style=\"aspect-ratio:0.4984327031830667;width:231px;height:auto\" srcset=\"https:\/\/oleksandraryshniak24.thkit.ee\/wp1\/wp-content\/uploads\/2026\/03\/2B032D29-36EF-45A2-9319-3BCDD8959C39.png 315w, https:\/\/oleksandraryshniak24.thkit.ee\/wp1\/wp-content\/uploads\/2026\/03\/2B032D29-36EF-45A2-9319-3BCDD8959C39-150x300.png 150w, https:\/\/oleksandraryshniak24.thkit.ee\/wp1\/wp-content\/uploads\/2026\/03\/2B032D29-36EF-45A2-9319-3BCDD8959C39-75x150.png 75w\" sizes=\"auto, (max-width: 315px) 100vw, 315px\" \/><\/a><\/figure>\n\n\n\n<p>Lehe \u00fclaosas asub tervitustekst <strong>\u201eTere!\u201d<\/strong> ja paremal pool men\u00fc\u00fcikoon.<br>Selle all on rakenduse pealkiri <strong>\u201eLOOMAAED\u201d<\/strong>.<br>Pealkirja all kuvatakse pilt loomaaia loomadest.<br>Lehe alumises osas asub roheline nupp <strong>\u201eLoomi vaadata\u201d<\/strong>, mille abil saab liikuda lehele, kus on v\u00f5imalik vaadata erinevaid loomi.<\/p>\n\n\n\n<h2 class=\"wp-block-heading\">Men\u00fc\u00fc<\/h2>\n\n\n\n<figure class=\"wp-block-image size-full is-resized\"><a href=\"https:\/\/oleksandraryshniak24.thkit.ee\/wp1\/wp-content\/uploads\/2026\/03\/74D7C64E-4D1D-49ED-9D57-49037400F299.png\"><img loading=\"lazy\" decoding=\"async\" width=\"364\" height=\"626\" src=\"https:\/\/oleksandraryshniak24.thkit.ee\/wp1\/wp-content\/uploads\/2026\/03\/74D7C64E-4D1D-49ED-9D57-49037400F299.png\" alt=\"\" class=\"wp-image-2219\" style=\"width:218px;height:auto\" srcset=\"https:\/\/oleksandraryshniak24.thkit.ee\/wp1\/wp-content\/uploads\/2026\/03\/74D7C64E-4D1D-49ED-9D57-49037400F299.png 364w, https:\/\/oleksandraryshniak24.thkit.ee\/wp1\/wp-content\/uploads\/2026\/03\/74D7C64E-4D1D-49ED-9D57-49037400F299-174x300.png 174w, https:\/\/oleksandraryshniak24.thkit.ee\/wp1\/wp-content\/uploads\/2026\/03\/74D7C64E-4D1D-49ED-9D57-49037400F299-87x150.png 87w\" sizes=\"auto, (max-width: 364px) 100vw, 364px\" \/><\/a><\/figure>\n\n\n\n<p>Ekraanil kuvatakse kasutaja men\u00fc\u00fc leht. \u00dclaosas asub jaotis<strong> &#8220;Minu konto&#8221;<\/strong> lilleikooniga. Allpool asuvad men\u00fc\u00fcpunktid: <strong>&#8220;Lemmik&#8221;<\/strong>, <strong>&#8220;Seaded&#8221;<\/strong> ja <strong>&#8220;Teaded&#8221;<\/strong>, millest iga\u00fche juures on vastav ikoon. Punktid on eraldatud horisontaalsete joontega. Ekraani allosas keskel asub nupp <strong>&#8220;Logi v\u00e4lja&#8221;<\/strong>, mis on m\u00f5eldud kontolt v\u00e4ljumiseks.<\/p>\n\n\n\n<h2 class=\"wp-block-heading\">Funktsioon (Info looma)<\/h2>\n\n\n\n<figure class=\"wp-block-image size-full is-resized\"><a href=\"https:\/\/oleksandraryshniak24.thkit.ee\/wp1\/wp-content\/uploads\/2026\/03\/80CD074D-E9AA-46E9-9AC2-53B9A6835AA0.png\"><img loading=\"lazy\" decoding=\"async\" width=\"330\" height=\"638\" src=\"https:\/\/oleksandraryshniak24.thkit.ee\/wp1\/wp-content\/uploads\/2026\/03\/80CD074D-E9AA-46E9-9AC2-53B9A6835AA0.png\" alt=\"\" class=\"wp-image-2220\" style=\"aspect-ratio:0.5172579987394802;width:204px;height:auto\" srcset=\"https:\/\/oleksandraryshniak24.thkit.ee\/wp1\/wp-content\/uploads\/2026\/03\/80CD074D-E9AA-46E9-9AC2-53B9A6835AA0.png 330w, https:\/\/oleksandraryshniak24.thkit.ee\/wp1\/wp-content\/uploads\/2026\/03\/80CD074D-E9AA-46E9-9AC2-53B9A6835AA0-155x300.png 155w, https:\/\/oleksandraryshniak24.thkit.ee\/wp1\/wp-content\/uploads\/2026\/03\/80CD074D-E9AA-46E9-9AC2-53B9A6835AA0-78x150.png 78w\" sizes=\"auto, (max-width: 330px) 100vw, 330px\" \/><\/a><\/figure>\n\n\n\n<p>Vasakul \u00fclaosas lehek\u00fcljel on <strong>tagasi-nool<\/strong>, paremal on <strong>men\u00fc\u00fc<\/strong>.<br>Men\u00fc\u00fc all saab valida, <strong>kas loom meeldis<\/strong>.<br>Selle all kuvatakse <strong>looma pilt<\/strong>.<br>Pildi all asub <strong>looma kirjeldus<\/strong>.<br>Lehe alumises osas on nupud <strong>\u201eMuuta\u201d<\/strong> ja <strong>\u201eKustutada\u201d<\/strong>, mille abil saab looma andmeid muuta v\u00f5i eemaldada.<\/p>\n\n\n\n<p><\/p>\n","protected":false},"excerpt":{"rendered":"<p>S\u00fc\u017eeetahvlit Login ekraan Ekraanil on s\u00fcsteemi sisselogimise leht. Lehe keskel asub sisselogimisvorm. See sisaldab v\u00e4lju e-posti aadressi ja parooli sisestamiseks. [&hellip;]<\/p>\n","protected":false},"author":1,"featured_media":0,"parent":0,"menu_order":0,"comment_status":"closed","ping_status":"closed","template":"","meta":{"footnotes":""},"class_list":["post-2212","page","type-page","status-publish","hentry"],"yoast_head":"<!-- This site is optimized with the Yoast SEO plugin v27.4 - https:\/\/yoast.com\/product\/yoast-seo-wordpress\/ -->\n<title>S\u00fc\u017eeetahvlit - Oleksandra Ryshniak Portfolio<\/title>\n<meta name=\"robots\" content=\"index, follow, max-snippet:-1, max-image-preview:large, max-video-preview:-1\" \/>\n<link rel=\"canonical\" href=\"https:\/\/oleksandraryshniak24.thkit.ee\/wp1\/suzeetahvlit\/\" \/>\n<meta property=\"og:locale\" content=\"et_EE\" \/>\n<meta property=\"og:type\" content=\"article\" \/>\n<meta property=\"og:title\" content=\"S\u00fc\u017eeetahvlit - Oleksandra Ryshniak Portfolio\" \/>\n<meta property=\"og:description\" content=\"S\u00fc\u017eeetahvlit Login ekraan Ekraanil on s\u00fcsteemi sisselogimise leht. Lehe keskel asub sisselogimisvorm. See sisaldab v\u00e4lju e-posti aadressi ja parooli sisestamiseks. [&hellip;]\" \/>\n<meta property=\"og:url\" content=\"https:\/\/oleksandraryshniak24.thkit.ee\/wp1\/suzeetahvlit\/\" \/>\n<meta property=\"og:site_name\" content=\"Oleksandra Ryshniak Portfolio\" \/>\n<meta property=\"article:modified_time\" content=\"2026-03-15T11:38:15+00:00\" \/>\n<meta property=\"og:image\" content=\"https:\/\/oleksandraryshniak24.thkit.ee\/wp1\/wp-content\/uploads\/2026\/03\/F27B4877-D415-4D31-A07A-30BD248D57EB.png\" \/>\n\t<meta property=\"og:image:width\" content=\"362\" \/>\n\t<meta property=\"og:image:height\" content=\"641\" \/>\n\t<meta property=\"og:image:type\" content=\"image\/png\" \/>\n<meta name=\"twitter:card\" content=\"summary_large_image\" \/>\n<meta name=\"twitter:label1\" content=\"Est. reading time\" \/>\n\t<meta name=\"twitter:data1\" content=\"2 minutit\" \/>\n<script type=\"application\/ld+json\" class=\"yoast-schema-graph\">{\"@context\":\"https:\\\/\\\/schema.org\",\"@graph\":[{\"@type\":\"WebPage\",\"@id\":\"https:\\\/\\\/oleksandraryshniak24.thkit.ee\\\/wp1\\\/suzeetahvlit\\\/\",\"url\":\"https:\\\/\\\/oleksandraryshniak24.thkit.ee\\\/wp1\\\/suzeetahvlit\\\/\",\"name\":\"S\u00fc\u017eeetahvlit - Oleksandra Ryshniak Portfolio\",\"isPartOf\":{\"@id\":\"https:\\\/\\\/oleksandraryshniak24.thkit.ee\\\/wp1\\\/#website\"},\"primaryImageOfPage\":{\"@id\":\"https:\\\/\\\/oleksandraryshniak24.thkit.ee\\\/wp1\\\/suzeetahvlit\\\/#primaryimage\"},\"image\":{\"@id\":\"https:\\\/\\\/oleksandraryshniak24.thkit.ee\\\/wp1\\\/suzeetahvlit\\\/#primaryimage\"},\"thumbnailUrl\":\"https:\\\/\\\/oleksandraryshniak24.thkit.ee\\\/wp1\\\/wp-content\\\/uploads\\\/2026\\\/03\\\/F27B4877-D415-4D31-A07A-30BD248D57EB.png\",\"datePublished\":\"2026-03-12T08:59:19+00:00\",\"dateModified\":\"2026-03-15T11:38:15+00:00\",\"breadcrumb\":{\"@id\":\"https:\\\/\\\/oleksandraryshniak24.thkit.ee\\\/wp1\\\/suzeetahvlit\\\/#breadcrumb\"},\"inLanguage\":\"et\",\"potentialAction\":[{\"@type\":\"ReadAction\",\"target\":[\"https:\\\/\\\/oleksandraryshniak24.thkit.ee\\\/wp1\\\/suzeetahvlit\\\/\"]}]},{\"@type\":\"ImageObject\",\"inLanguage\":\"et\",\"@id\":\"https:\\\/\\\/oleksandraryshniak24.thkit.ee\\\/wp1\\\/suzeetahvlit\\\/#primaryimage\",\"url\":\"https:\\\/\\\/oleksandraryshniak24.thkit.ee\\\/wp1\\\/wp-content\\\/uploads\\\/2026\\\/03\\\/F27B4877-D415-4D31-A07A-30BD248D57EB.png\",\"contentUrl\":\"https:\\\/\\\/oleksandraryshniak24.thkit.ee\\\/wp1\\\/wp-content\\\/uploads\\\/2026\\\/03\\\/F27B4877-D415-4D31-A07A-30BD248D57EB.png\",\"width\":362,\"height\":641},{\"@type\":\"BreadcrumbList\",\"@id\":\"https:\\\/\\\/oleksandraryshniak24.thkit.ee\\\/wp1\\\/suzeetahvlit\\\/#breadcrumb\",\"itemListElement\":[{\"@type\":\"ListItem\",\"position\":1,\"name\":\"Home\",\"item\":\"https:\\\/\\\/oleksandraryshniak24.thkit.ee\\\/wp1\\\/\"},{\"@type\":\"ListItem\",\"position\":2,\"name\":\"S\u00fc\u017eeetahvlit\"}]},{\"@type\":\"WebSite\",\"@id\":\"https:\\\/\\\/oleksandraryshniak24.thkit.ee\\\/wp1\\\/#website\",\"url\":\"https:\\\/\\\/oleksandraryshniak24.thkit.ee\\\/wp1\\\/\",\"name\":\"Oleksandra Ryshniak Portfolio\",\"description\":\"\u041f\u0440\u043e\u0441\u0442\u043e \u0435\u0449\u0435 \u043e\u0434\u0438\u043d WordPress \u0441\u0430\u0439\u0442\",\"potentialAction\":[{\"@type\":\"SearchAction\",\"target\":{\"@type\":\"EntryPoint\",\"urlTemplate\":\"https:\\\/\\\/oleksandraryshniak24.thkit.ee\\\/wp1\\\/?s={search_term_string}\"},\"query-input\":{\"@type\":\"PropertyValueSpecification\",\"valueRequired\":true,\"valueName\":\"search_term_string\"}}],\"inLanguage\":\"et\"}]}<\/script>\n<!-- \/ Yoast SEO plugin. -->","yoast_head_json":{"title":"S\u00fc\u017eeetahvlit - Oleksandra Ryshniak Portfolio","robots":{"index":"index","follow":"follow","max-snippet":"max-snippet:-1","max-image-preview":"max-image-preview:large","max-video-preview":"max-video-preview:-1"},"canonical":"https:\/\/oleksandraryshniak24.thkit.ee\/wp1\/suzeetahvlit\/","og_locale":"et_EE","og_type":"article","og_title":"S\u00fc\u017eeetahvlit - Oleksandra Ryshniak Portfolio","og_description":"S\u00fc\u017eeetahvlit Login ekraan Ekraanil on s\u00fcsteemi sisselogimise leht. Lehe keskel asub sisselogimisvorm. See sisaldab v\u00e4lju e-posti aadressi ja parooli sisestamiseks. [&hellip;]","og_url":"https:\/\/oleksandraryshniak24.thkit.ee\/wp1\/suzeetahvlit\/","og_site_name":"Oleksandra Ryshniak Portfolio","article_modified_time":"2026-03-15T11:38:15+00:00","og_image":[{"width":362,"height":641,"url":"https:\/\/oleksandraryshniak24.thkit.ee\/wp1\/wp-content\/uploads\/2026\/03\/F27B4877-D415-4D31-A07A-30BD248D57EB.png","type":"image\/png"}],"twitter_card":"summary_large_image","twitter_misc":{"Est. reading time":"2 minutit"},"schema":{"@context":"https:\/\/schema.org","@graph":[{"@type":"WebPage","@id":"https:\/\/oleksandraryshniak24.thkit.ee\/wp1\/suzeetahvlit\/","url":"https:\/\/oleksandraryshniak24.thkit.ee\/wp1\/suzeetahvlit\/","name":"S\u00fc\u017eeetahvlit - Oleksandra Ryshniak Portfolio","isPartOf":{"@id":"https:\/\/oleksandraryshniak24.thkit.ee\/wp1\/#website"},"primaryImageOfPage":{"@id":"https:\/\/oleksandraryshniak24.thkit.ee\/wp1\/suzeetahvlit\/#primaryimage"},"image":{"@id":"https:\/\/oleksandraryshniak24.thkit.ee\/wp1\/suzeetahvlit\/#primaryimage"},"thumbnailUrl":"https:\/\/oleksandraryshniak24.thkit.ee\/wp1\/wp-content\/uploads\/2026\/03\/F27B4877-D415-4D31-A07A-30BD248D57EB.png","datePublished":"2026-03-12T08:59:19+00:00","dateModified":"2026-03-15T11:38:15+00:00","breadcrumb":{"@id":"https:\/\/oleksandraryshniak24.thkit.ee\/wp1\/suzeetahvlit\/#breadcrumb"},"inLanguage":"et","potentialAction":[{"@type":"ReadAction","target":["https:\/\/oleksandraryshniak24.thkit.ee\/wp1\/suzeetahvlit\/"]}]},{"@type":"ImageObject","inLanguage":"et","@id":"https:\/\/oleksandraryshniak24.thkit.ee\/wp1\/suzeetahvlit\/#primaryimage","url":"https:\/\/oleksandraryshniak24.thkit.ee\/wp1\/wp-content\/uploads\/2026\/03\/F27B4877-D415-4D31-A07A-30BD248D57EB.png","contentUrl":"https:\/\/oleksandraryshniak24.thkit.ee\/wp1\/wp-content\/uploads\/2026\/03\/F27B4877-D415-4D31-A07A-30BD248D57EB.png","width":362,"height":641},{"@type":"BreadcrumbList","@id":"https:\/\/oleksandraryshniak24.thkit.ee\/wp1\/suzeetahvlit\/#breadcrumb","itemListElement":[{"@type":"ListItem","position":1,"name":"Home","item":"https:\/\/oleksandraryshniak24.thkit.ee\/wp1\/"},{"@type":"ListItem","position":2,"name":"S\u00fc\u017eeetahvlit"}]},{"@type":"WebSite","@id":"https:\/\/oleksandraryshniak24.thkit.ee\/wp1\/#website","url":"https:\/\/oleksandraryshniak24.thkit.ee\/wp1\/","name":"Oleksandra Ryshniak Portfolio","description":"\u041f\u0440\u043e\u0441\u0442\u043e \u0435\u0449\u0435 \u043e\u0434\u0438\u043d WordPress \u0441\u0430\u0439\u0442","potentialAction":[{"@type":"SearchAction","target":{"@type":"EntryPoint","urlTemplate":"https:\/\/oleksandraryshniak24.thkit.ee\/wp1\/?s={search_term_string}"},"query-input":{"@type":"PropertyValueSpecification","valueRequired":true,"valueName":"search_term_string"}}],"inLanguage":"et"}]}},"_links":{"self":[{"href":"https:\/\/oleksandraryshniak24.thkit.ee\/wp1\/wp-json\/wp\/v2\/pages\/2212","targetHints":{"allow":["GET"]}}],"collection":[{"href":"https:\/\/oleksandraryshniak24.thkit.ee\/wp1\/wp-json\/wp\/v2\/pages"}],"about":[{"href":"https:\/\/oleksandraryshniak24.thkit.ee\/wp1\/wp-json\/wp\/v2\/types\/page"}],"author":[{"embeddable":true,"href":"https:\/\/oleksandraryshniak24.thkit.ee\/wp1\/wp-json\/wp\/v2\/users\/1"}],"replies":[{"embeddable":true,"href":"https:\/\/oleksandraryshniak24.thkit.ee\/wp1\/wp-json\/wp\/v2\/comments?post=2212"}],"version-history":[{"count":2,"href":"https:\/\/oleksandraryshniak24.thkit.ee\/wp1\/wp-json\/wp\/v2\/pages\/2212\/revisions"}],"predecessor-version":[{"id":2230,"href":"https:\/\/oleksandraryshniak24.thkit.ee\/wp1\/wp-json\/wp\/v2\/pages\/2212\/revisions\/2230"}],"wp:attachment":[{"href":"https:\/\/oleksandraryshniak24.thkit.ee\/wp1\/wp-json\/wp\/v2\/media?parent=2212"}],"curies":[{"name":"wp","href":"https:\/\/api.w.org\/{rel}","templated":true}]}}