{"id":95,"date":"2024-11-04T13:33:12","date_gmt":"2024-11-04T11:33:12","guid":{"rendered":"https:\/\/com47276.wordpress.com\/?page_id=95"},"modified":"2025-10-25T17:07:44","modified_gmt":"2025-10-25T17:07:44","slug":"sonastik","status":"publish","type":"page","link":"https:\/\/oleksandraryshniak24.thkit.ee\/wp1\/sonastik\/","title":{"rendered":"S\u00f5nastik Programmeerimine"},"content":{"rendered":"\n<h2 class=\"wp-block-heading\">S\u00f5nastik Programmeerimine<\/h2>\n\n\n\n<p>programmeerimine &#8211; \u043f\u0440\u043e\u0433\u0440\u0430\u043c\u043c\u0438\u0440\u043e\u0432\u0430\u043d\u0438\u0435<\/p>\n\n\n\n<p>objektorienteeritud programmeerimine  &#8211; \u043e\u0431\u044a\u0435\u043a\u0442\u0438\u0432\u043d\u043e \u043e\u0440\u0438\u0435\u043d\u0442\u0438\u0440\u043e\u0432\u0430\u043d\u043d\u043e\u0435 \u043f\u0440\u043e\u0433\u0440\u0430\u043c\u043c\u0438\u0440\u043e\u0432\u0430\u043d\u0438\u0435 (\u041e\u041e\u041f)<\/p>\n\n\n\n<p>andmet\u00fc\u00fcp \/ andmet\u00fc\u00fcbid &#8211; \u0442\u0438\u043f \/ \u0442\u0438\u043f\u044b \u0434\u0430\u043d\u043d\u044b\u0445<\/p>\n\n\n\n<p>programmerimiskeel &#8211; \u044f\u0437\u044b\u043a \u043f\u0440\u043e\u0433\u0440\u0430\u043c\u043c\u0438\u0440\u043e\u0432\u0430\u043d\u0438\u044f<\/p>\n\n\n\n<p style=\"padding-top:0;padding-right:0;padding-bottom:0;padding-left:0\">sissejuhatus &#8211; \u0432\u0432\u0435\u0434\u0435\u043d\u0438\u0435<\/p>\n\n\n\n<p>plokk programmeerimine &#8211; \u0431\u043b\u043e\u0447\u043d\u043e\u0435 \u043f\u0440\u043e\u0433\u0440\u0430\u043c\u043c\u0438\u0440\u043e\u0432\u0430\u043d\u0438\u0435<\/p>\n\n\n\n<p>andmebaas &#8211; \u0431\u0430\u0437\u0430 \u0434\u0430\u043d\u043d\u044b\u0445<\/p>\n\n\n\n<p>plokid &#8211;  \u0431\u043b\u043e\u043a\u0438<\/p>\n\n\n\n<p>t\u00f6\u00f6ruum &#8211;  \u0440\u0430\u0431\u043e\u0447\u0430\u044f \u043a\u043e\u043c\u043d\u0430\u0442\u0430<\/p>\n\n\n\n<p>k\u00e4ivita, k\u00e4ivitama-  \u0437\u0430\u043f\u0443\u0441\u0442\u0438\u0442\u044c<\/p>\n\n\n\n<p>taasta &#8211; \u0432\u043e\u0441\u0441\u0442\u0430\u043d\u0430\u0432\u0438\u0442\u044c<\/p>\n\n\n\n<p>maailm &#8211; \u043f\u0440\u043e\u0441\u0442\u0440\u0430\u043d\u0441\u0442\u0432\u043e, \u043c\u0438\u0440<\/p>\n\n\n\n<p>taust &#8211; \u0444\u043e\u043d<\/p>\n\n\n\n<p>sprait \/ spraidid &#8211; \u0441\u043f\u0440\u0430\u0439\u0442<\/p>\n\n\n\n<p>suurus &#8211; \u0440\u0430\u0437\u043c\u0435\u0440<\/p>\n\n\n\n<p>p\u00f6\u00f6ramine, p\u00f6\u00f6rama &#8211; \u043f\u043e\u0432\u0430\u0440\u0430\u0447\u0438\u0432\u0430\u043d\u0438\u0435<\/p>\n\n\n\n<p>asukoht, asukohad &#8211; \u043c\u0435\u0441\u0442\u043e\u043f\u043e\u043b\u043e\u0436\u0435\u043d\u0438\u0435, \u043c\u0435\u0441\u0442\u043e\u043f\u043e\u043b\u043e\u0436\u0435\u043d\u0438\u044f<\/p>\n\n\n\n<p>kiirus &#8211; \u0441\u043a\u043e\u0440\u043e\u0441\u0442\u044c<\/p>\n\n\n\n<p>liikumise suund &#8211; \u043d\u0430\u043f\u0440\u0430\u0432\u043b\u0435\u043d\u0438\u0435 \u0434\u0432\u0438\u0436\u0435\u043d\u0438\u0435<\/p>\n\n\n\n<p>s\u00fcndmus \/ s\u00fcndmused &#8211; \u0441\u043e\u0431\u044b\u0442\u0438\u0435<\/p>\n\n\n\n<p>muutuja \/ -d &#8211; \u043f\u0435\u0440\u0435\u043c\u0435\u043d\u043d\u0430\u044f, \u043f\u0435\u0440\u0435\u043c\u0435\u043d\u043d\u044b\u0435<\/p>\n\n\n\n<p>kasutaja nimi &#8211; \u0438\u043c\u044f \u043f\u043e\u043b\u044c\u0437\u043e\u0432\u0430\u0442\u0435\u043b\u044f<\/p>\n\n\n\n<p>salas\u00f5na &#8211; \u043f\u0430\u0440\u043e\u043b\u044c<\/p>\n\n\n\n<p>viga &#8211; \u043e\u0448\u0438\u0431\u043a\u0430<\/p>\n\n\n\n<p>veateade &#8211; \u0441\u043e\u043e\u0431\u0449\u0435\u043d\u0438\u0435 \u043e\u0431 \u043e\u0448\u0438\u0431\u043a\u0438<\/p>\n\n\n\n<p>peida &#8211; \u0441\u043f\u0440\u044f\u0442\u0430\u0442\u044c<\/p>\n\n\n\n<p>n\u00e4ita &#8211; \u043f\u043e\u043a\u0430\u0436\u0438<\/p>\n\n\n\n<p>muuda &#8211; \u0438\u0437\u043c\u0435\u043d\u0438\u0442\u044c<\/p>\n\n\n\n<p>korda &#8211; \u043f\u043e\u0432\u0442\u043e\u0440\u0438\u0442\u044c<\/p>\n\n\n\n<p>oota &#8211; \u043f\u043e\u0434\u043e\u0436\u0434\u0438<\/p>\n\n\n\n<p>vajuta &#8211; \u043d\u0430\u0436\u0438\u043c\u0430\u0442\u044c<\/p>\n\n\n\n<p>l\u00fckkama &#8211; \u0442\u043e\u043b\u043a\u0430\u0442\u044c<\/p>\n\n\n\n<p>t\u00f5rjuma &#8211; \u043e\u0442\u0433\u043e\u043d\u044f\u0442\u044c<\/p>\n\n\n\n<p>paigaldama &#8211; \u0443\u0441\u0442\u0430\u043d\u0430\u0432\u043b\u0438\u0432\u0430\u0442\u044c<\/p>\n\n\n\n<p>t\u00fchik &#8211; \u043f\u0440\u043e\u0431\u0435\u043b<\/p>\n\n\n\n<p>teade &#8211; \u0441\u043e\u043e\u0431\u0449\u0435\u043d\u0438\u0435<\/p>\n\n\n\n<p>v\u00f5rdub &#8211; \u0440\u0430\u0432\u043d\u043e<\/p>\n\n\n\n<p>suurem kui &#8211; \u0431\u043e\u043b\u044c\u0448\u0435 \u0447\u0435\u043c<\/p>\n\n\n\n<p>v\u00e4iksem kui &#8211; \u043c\u0435\u043d\u044c\u0448\u0435 \u0447\u0435\u043c<\/p>\n\n\n\n<p>katkestama &#8211; \u043f\u0440\u0435\u0440\u0432\u0430\u0442\u044c<\/p>\n\n\n\n<p>postita &#8211; \u043e\u043f\u0443\u0431\u043b\u0438\u043a\u043e\u0432\u0430\u0442\u044c<\/p>\n\n\n\n<p>jaga &#8211; \u0434\u0435\u043b\u0438\u0442\u044c\u0441\u044f<\/p>\n\n\n\n<p>m\u00e4rkused &#8211; \u0437\u0430\u043c\u0435\u0447\u0430\u043d\u0438\u0435<\/p>\n\n\n\n<p>esiplaan &#8211; \u043f\u0435\u0440\u0435\u0434\u043d\u0438\u0439 \u043f\u043b\u0430\u043d<\/p>\n\n\n\n<p>tagaplaan &#8211; \u0437\u0430\u0434\u043d\u0438\u0439 \u043f\u043b\u0430\u043d<\/p>\n\n\n\n<p>juhuslik &#8211; \u0441\u043b\u0443\u0447\u0430\u0439\u043d\u044b\u0439<\/p>\n\n\n\n<p>\u00fcles laadima &#8211; \u0437\u0430\u0433\u0440\u0443\u0436\u0430\u0442\u044c<\/p>\n\n\n\n<p>l\u00f5ikama &#8211; \u0440\u0435\u0437\u0430\u0442\u044c <\/p>\n\n\n\n<p>alla laadima &#8211; \u0441\u043a\u0430\u0447\u0438\u0432\u0430\u0442\u044c<\/p>\n\n\n\n<p>kleepima &#8211; \u043a\u043b\u0435\u0438\u0442\u044c<\/p>\n\n\n\n<p>kopeerima &#8211; \u043a\u043e\u043f\u0438\u0440\u043e\u0432\u0430\u0442\u044c<\/p>\n\n\n\n<p>ettekanne &#8211; \u0434\u043e\u043a\u043b\u0430\u0434, \u0432\u044b\u0441\u0442\u0443\u043f\u043b\u0435\u043d\u0438\u0435<\/p>\n\n\n\n<p class=\"has-pale-pink-background-color has-background\">#Plokkskeem<\/p>\n\n\n\n<p>r\u00f6\u00f6pk\u00fclik &#8211; \u043f\u0430\u0440\u0430\u043b\u043b\u0435\u043b\u043e\u0433\u0440\u0430\u043c\u043c<\/p>\n\n\n\n<p>ristk\u00fclik &#8211; \u043f\u0440\u044f\u043c\u043e\u0443\u0433\u043e\u043b\u044c\u043d\u0438\u043a<\/p>\n\n\n\n<p>romb &#8211; \u0440\u043e\u043c\u0431<\/p>\n\n\n\n<p>jutum\u00e4rgid &#8211; \u043a\u0430\u0432\u044b\u0447\u043a\u0438<\/p>\n\n\n\n<p>nool &#8211; \u0441\u0442\u0440\u0435\u043b\u043a\u0430<\/p>\n\n\n\n<p>ellips &#8211; \u043e\u0432\u0430\u043b<\/p>\n\n\n\n<p>int (t\u00e4isarv) &#8211; \u0446\u0435\u043b\u043e\u0435 \u0447\u0438\u0441\u043b\u043e<\/p>\n\n\n\n<p>float (ujukoomaarv) &#8211; \u0447\u0438\u0441\u043b\u043e \u0441 \u043f\u043b\u0430\u0432\u0430\u044e\u0449\u0435\u0439 \u0437\u0430\u043f\u044f\u0442\u043e\u0439 (\u0434\u0440\u043e\u0431\u043d\u043e\u0435 \u0447\u0438\u0441\u043b\u043e)<\/p>\n\n\n\n<p>str (s\u00f5ne) &#8211; \u0441\u0442\u0440\u043e\u043a\u0430<\/p>\n\n\n\n<p>bool (t\u00f5ev\u00e4\u00e4rtused) &#8211; \u0438\u0441\u0442\u0438\u043d\u043d\u043e\u0441\u0442\u044c<\/p>\n\n\n\n<p>omadus\/ -ed &#8211; \u0441\u0432\u043e\u0439\u0441\u0442\u0432\u0430<\/p>\n\n\n\n<p>algoritm &#8211; \u0430\u043b\u0433\u043e\u0440\u0438\u0442\u043c<\/p>\n\n\n\n<p>lineaarne &#8211; \u043b\u0438\u043d\u0435\u0439\u043d\u044b\u0439<\/p>\n\n\n\n<p class=\"has-contrast-color has-text-color has-link-color wp-elements-59468cbcc671e59f3a5805887de827e8\">hargnev &#8211; \u0440\u0430\u0437\u0432\u0435\u0442\u0432\u043b\u044f\u044e\u0449\u0438\u0439\u0441\u044f<\/p>\n\n\n\n<p>ts\u00fckliline &#8211; \u0446\u0438\u043a\u043b\u0438\u0447\u043d\u044b\u0439<\/p>\n\n\n\n<p>diskreetsus &#8211; \u0434\u0438\u0441\u043a\u0440\u0435\u0442\u043d\u043e\u0441\u0442\u044c<\/p>\n\n\n\n<p>selgus &#8211; \u044f\u0441\u043d\u043e\u0441\u0442\u044c<\/p>\n\n\n\n<p>kindlus &#8211; \u0437\u0430\u0449\u0438\u0449\u0451\u043d\u043d\u044b\u0439<\/p>\n\n\n\n<p>\u00fchesus &#8211; \u043e\u0434\u043d\u043e\u0437\u043d\u0430\u0447\u043d\u043e\u0441\u0442\u044c<\/p>\n\n\n\n<p>universaalsus &#8211; \u0443\u043d\u0438\u0432\u0435\u0440\u0441\u0430\u043b\u044c\u043d\u043e\u0441\u0442\u044c<\/p>\n\n\n\n<p>l\u00f5plikkus &#8211; \u043e\u043a\u043e\u043d\u0447\u0430\u0442\u0435\u043b\u044c\u043d\u043e\u0441\u0442\u044c<\/p>\n\n\n\n<p>korrektsus &#8211; \u043a\u043e\u0440\u0440\u0435\u043a\u0442\u043d\u043e\u0441\u0442\u044c<\/p>\n\n\n\n<p>samm &#8211; \u0448\u0430\u0433<\/p>\n\n\n\n<p>j\u00e4rjest &#8211; \u043f\u043e\u0441\u043b\u0435\u0434\u043e\u0432\u0430\u0442\u0435\u043b\u044c\u043d\u043e<\/p>\n\n\n\n<p>tegevus &#8211; \u0434\u0435\u0439\u0441\u0442\u0432\u0438\u0435<\/p>\n\n\n\n<p>pindala &#8211; \u043f\u043b\u043e\u0449\u0430\u0434\u044c<\/p>\n\n\n\n<p>eeskiri &#8211; \u043f\u0440\u0435\u0434\u043f\u0438\u0441\u0430\u043d\u0438\u0435<\/p>\n\n\n\n<p>pindala &#8211; \u043a\u043e\u043c\u0430\u043d\u0434\u0430, \u043f\u0440\u0438\u043a\u0430\u0437<\/p>\n\n\n\n<p>j\u00e4rjekord &#8211; \u043f\u043e\u0440\u044f\u0434\u043e\u043a, \u043f\u043e\u0441\u043b\u0435\u0434\u043e\u0432\u0430\u0442\u0435\u043b\u044c\u043d\u043e\u0441\u0442\u044c<\/p>\n\n\n\n<p>hulk &#8211; \u043c\u043d\u043e\u0436\u0435\u0441\u0442\u0432\u043e<\/p>\n\n\n\n<p>vahetulemus &#8211; \u043f\u0440\u043e\u043c\u0435\u0436\u0443\u0442\u043e\u0447\u043d\u044b\u0439 \u0440\u0435\u0437\u0443\u043b\u044c\u0442\u0430\u0442<\/p>\n\n\n\n<p>k\u00f5rgetasemeline programmeerimiskell &#8211; \u0432\u044b\u0441\u043e\u043a\u043e\u0443\u0440\u043e\u0432\u043d\u0435\u0432\u044b\u0439 \u044f\u0437\u044b\u043a \u043f\u0440\u043e\u0433\u0440\u0430\u043c\u043c\u0438\u0440\u043e\u0432\u0430\u043d\u0438\u044f <\/p>\n\n\n\n<p> mugav &#8211; \u0443\u0434\u043e\u0431\u043d\u044b\u0439<\/p>\n\n\n\n<p>t\u00f5ttu &#8211; \u0438\u0437-\u0437\u0430, \u0432\u0441\u043b\u0435\u0434\u0441\u0442\u0432\u0438\u0435<\/p>\n\n\n\n<p>sageli &#8211; \u0447\u0430\u0441\u0442\u043e<\/p>\n\n\n\n<p>t\u00e4iesti &#8211; \u043e\u043a\u043e\u043d\u0447\u0430\u0442\u0435\u043b\u044c\u043d\u043e<\/p>\n\n\n\n<p>\u00fchilduvus &#8211; \u0441\u043e\u0432\u043c\u0435\u0441\u0442\u0438\u043c\u043e\u0441\u0442\u044c<\/p>\n\n\n\n<p>aastal 1991 &#8211; \u043f\u0440\u043e\u0441\u0442\u043e\u0439 \u0432\u0430\u0440\u0438\u0430\u043d\u0442<\/p>\n\n\n\n<p>l\u00e4htekood &#8211; \u0438\u0441\u0445\u043e\u0434\u043d\u044b\u0439 \u043a\u043e\u0434<\/p>\n\n\n\n<p>peamine &#8211; \u043e\u0441\u043d\u043e\u0432\u043d\u043e\u0439<\/p>\n\n\n\n<p>insperatsioon &#8211; \u0432\u0434\u043e\u0445\u043d\u043e\u0432\u043b\u0435\u043d\u0438\u0435<\/p>\n\n\n\n<p>allikas &#8211; \u0438\u0441\u0442\u043e\u0447\u043d\u0438\u043a<\/p>\n\n\n\n<p>omadus &#8211; \u0441\u0432\u043e\u0439\u0441\u0442\u0432\u0430<\/p>\n\n\n\n<p>t\u00f6\u00f6rist &#8211; \u0438\u043d\u0441\u0442\u0440\u0443\u043c\u0435\u043d\u0442<\/p>\n\n\n\n<p>loomine &#8211; \u0441\u043e\u0437\u0434\u0430\u043d\u0438\u0435<\/p>\n\n\n\n<p>keeruline &#8211; \u0441\u043b\u043e\u0436\u043d\u043e<\/p>\n\n\n\n<p>riistvara &#8211; \u0430\u043f\u043f\u0430\u0440\u0430\u0442\u043d\u043e\u0435 \u043e\u0431\u0435\u0441\u043f\u0435\u0447\u0435\u043d\u0438\u0435<\/p>\n\n\n\n<p>tarkvara &#8211; \u043f\u0440\u043e\u0433\u0440\u0430\u043c\u043c\u043d\u043e\u0435 \u043e\u0431\u0435\u0441\u043f\u0435\u0447\u0435\u043d\u0438\u0435<\/p>\n\n\n\n<p>rakendamine &#8211; \u043f\u0440\u0438\u043c\u0435\u043d\u0435\u043d\u0438\u0435<\/p>\n\n\n\n<p>ainulaadne &#8211; \u0443\u043d\u0438\u043a\u0430\u043b\u044c\u043d\u044b\u0439<\/p>\n\n\n\n<p>p\u00f5hikomponent &#8211; \u043e\u0441\u043e\u0431\u044b\u0435 \u043a\u043e\u043c\u043f\u043e\u043d\u0435\u043d\u0442\u044b<\/p>\n\n\n\n<p>operatsioonis\u00fcsteem &#8211; \u043e\u043f\u0435\u0440\u0430\u0446\u0438\u043e\u043d\u043d\u0430\u044f \u0441\u0438\u0441\u0442\u0435\u043c\u0430<\/p>\n\n\n\n<p>seadmine &#8211; \u043d\u0430\u0441\u0442\u0440\u043e\u0439\u043a\u0430<\/p>\n\n\n\n<p>piirang &#8211; \u043e\u0433\u0440\u0430\u043d\u0438\u0447\u0435\u043d\u0438\u0435<\/p>\n\n\n\n<p>erandid &#8211; \u0438\u0441\u043a\u043b\u044e\u0447\u0435\u043d\u0438\u044f<\/p>\n\n\n\n<p>keskpaik &#8211; \u043f\u043e\u0441\u0435\u0440\u0435\u0434\u0438\u043d\u0435 (+-)<\/p>\n\n\n\n<p>kogukond &#8211; \u0441\u043e\u043e\u0431\u0449\u0435\u0441\u0442\u0432\u043e<\/p>\n\n\n\n<p>mitmek\u00fclgne &#8211; \u043c\u043d\u043e\u0433\u043e\u0441\u0442\u043e\u0440\u043e\u043d\u0438\u0439<\/p>\n\n\n\n<p>valdkond  &#8211; \u043e\u0431\u043b\u0430\u0441\u0442\u044c<\/p>\n\n\n\n<p>\u00fcllatuslik &#8211; \u0443\u0434\u0438\u0432\u0438\u0442\u0435\u043b\u044c\u043d\u044b\u0439<\/p>\n\n\n\n<p>arusaadav &#8211; \u043f\u043e\u043d\u044f\u0442\u043d\u044b\u0439<\/p>\n\n\n\n<p>paigaldamine &#8211; \u0443\u0441\u0442\u0430\u043d\u043e\u0432\u043b\u0435\u043d\u0438\u0435<\/p>\n\n\n\n<p>veebirakendus &#8211; \u0432\u0435\u0431 &#8211; \u043f\u0440\u0438\u043b\u043e\u0436\u0435\u043d\u0438\u0435<\/p>\n\n\n\n<p>veebileht &#8211; \u0432\u0435\u0431-\u0441\u0442\u0440\u0430\u043d\u0438\u0446\u0430<\/p>\n\n\n\n<p>sisseehitamine &#8211; \u0432\u0441\u0442\u0440\u0430\u0438\u0432\u0430\u043d\u043d\u0438\u0435<\/p>\n\n\n\n<p>tahvelarvuti  &#8211; \u043f\u043b\u0430\u043d\u0448\u0435\u0442<\/p>\n\n\n\n<p>k\u00e4sitsi &#8211; \u0432\u0440\u0443\u0447\u043d\u0443\u044e <\/p>\n\n\n\n<p>ajaviide &#8211; \u0432\u0440\u0435\u043c\u044f \u043f\u0440\u0438\u043f\u0440\u043e\u0432\u043e\u0436\u0434\u0435\u043d\u0438\u044f<\/p>\n\n\n\n<p>\u00fclevaade &#8211; \u043e\u0431\u0437\u043e\u0440<\/p>\n\n\n\n<p>s\u00fcsteemi n\u00f5uded &#8211; \u0441\u0438\u0441\u0442\u0435\u043c\u043d\u044b\u0435 \u0442\u0440\u0435\u0431\u043e\u0432\u0430\u043d\u0438\u044f<\/p>\n\n\n\n<p>graafika &#8211; \u0433\u0440\u0430\u0444\u0438\u043a\u0430<\/p>\n\n\n\n<p>heli &#8211; \u0437\u0432\u0443\u043a<\/p>\n\n\n\n<p>juurdep\u00e4\u00e4s &#8211; \u0434\u043e\u0441\u0442\u0443\u043f<\/p>\n\n\n\n<p>palju muid m\u00e4nge &#8211; \u0438 \u043c\u043d\u043e\u0433\u043e \u0434\u0440\u0443\u0433\u0438\u0445 \u0438\u0433\u0440<\/p>\n\n\n\n<p>parandamine &#8211; \u0438\u0441\u043f\u0440\u0430\u0432\u043b\u0435\u043d\u0438\u0435<\/p>\n\n\n\n<p>elulugu &#8211; \u0431\u0438\u043e\u0433\u0440\u0430\u0444\u0438\u044f<\/p>\n\n\n\n<p>turvaline &#8211; \u0431\u0435\u0437\u043e\u043f\u0430\u0441\u043d\u044b\u0439<\/p>\n\n\n\n<p>privaatne &#8211; \u043f\u0440\u0438\u0432\u0430\u0442\u043d\u044b\u0439<\/p>\n\n\n\n<p>edastamine &#8211; \u043f\u0435\u0440\u0435\u0434\u0430\u0447\u0430<\/p>\n\n\n\n<p>v\u00f5ti &#8211; \u043a\u043b\u044e\u0447<\/p>\n\n\n\n<p>objektorienteeritud programmeerimine &#8211; \u043e\u0431\u044a\u0435\u043a\u0442\u043d\u043e-\u043e\u0440\u0438\u0435\u043d\u0442\u0438\u0440\u043e\u0432\u0430\u043d\u043d\u043e\u0435 \u043f\u0440\u043e\u0433\u0440\u0430\u043c\u043c\u0438\u0440\u043e\u0432\u0430\u043d\u0438\u0435<\/p>\n\n\n\n<p>mall &#8211; \u0442\u0440\u0430\u043d\u0441\u043f\u043e\u0440\u0442\u0438\u0442<\/p>\n\n\n\n<p>p\u00e4rilikkus &#8211; \u043d\u0430\u0441\u043b\u0435\u0434\u0441\u0442\u0432\u0435\u043d\u043d\u043e\u0441\u0442\u044c<\/p>\n\n\n\n<p>kapseldamine &#8211; \u0438\u043d\u043a\u0430\u043f\u0441\u0443\u043b\u044f\u0446\u0438\u044f<\/p>\n\n\n\n<p>pol\u00fcmorfism &#8211; \u043f\u043e\u043b\u044e\u043c\u043e\u0440\u0444\u0438\u0437\u043c<\/p>\n\n\n\n<p>abstraktioon &#8211; \u0430\u0431\u0441\u0442\u0440\u0430\u043a\u0446\u0438\u044f<\/p>\n\n\n\n<p>\u043f\u043e\u0434\u0441\u043a\u0430\u0437\u043a\u0430<\/p>\n\n\n\n<p>\u0437\u043d\u0430\u0447\u0435\u043d\u0438\u0435<\/p>\n\n\n\n<p>\u2026 &#8211; \u043d\u0430\u0431\u043e\u0440 \u0444\u0443\u043d\u043a\u0446\u0438\u0439, \u0438\u0437 \u043a\u043e\u0442\u043e\u0440\u044b\u0445 \u0432\u044b \u043c\u043e\u0436\u0435\u0442\u0435 \u0438\u043c\u043f\u043e\u0440\u0442\u0438\u0440\u043e\u0432\u0430\u0442\u044c \u0444\u0443\u043d\u043a\u0446\u0438\u0438 \u0432 \u0441\u0432\u043e\u044e \u043f\u0440\u043e\u0433\u0440\u0430\u043c\u043c\u0443 (\u043d\u0430\u043f\u0440\u0438\u043c\u0435\u0440, turtle, math, random).<\/p>\n","protected":false},"excerpt":{"rendered":"<p>S\u00f5nastik Programmeerimine programmeerimine &#8211; \u043f\u0440\u043e\u0433\u0440\u0430\u043c\u043c\u0438\u0440\u043e\u0432\u0430\u043d\u0438\u0435 objektorienteeritud programmeerimine &#8211; \u043e\u0431\u044a\u0435\u043a\u0442\u0438\u0432\u043d\u043e \u043e\u0440\u0438\u0435\u043d\u0442\u0438\u0440\u043e\u0432\u0430\u043d\u043d\u043e\u0435 \u043f\u0440\u043e\u0433\u0440\u0430\u043c\u043c\u0438\u0440\u043e\u0432\u0430\u043d\u0438\u0435 (\u041e\u041e\u041f) andmet\u00fc\u00fcp \/ andmet\u00fc\u00fcbid &#8211; \u0442\u0438\u043f \/ \u0442\u0438\u043f\u044b \u0434\u0430\u043d\u043d\u044b\u0445 [&hellip;]<\/p>\n","protected":false},"author":1,"featured_media":0,"parent":0,"menu_order":0,"comment_status":"closed","ping_status":"closed","template":"","meta":{"footnotes":""},"class_list":["post-95","page","type-page","status-publish","hentry"],"yoast_head":"<!-- This site is optimized with the Yoast SEO plugin v27.4 - https:\/\/yoast.com\/product\/yoast-seo-wordpress\/ -->\n<title>S\u00f5nastik Programmeerimine - Oleksandra Ryshniak Portfolio<\/title>\n<meta name=\"robots\" content=\"index, follow, max-snippet:-1, max-image-preview:large, max-video-preview:-1\" \/>\n<link rel=\"canonical\" href=\"https:\/\/oleksandraryshniak24.thkit.ee\/wp1\/sonastik\/\" \/>\n<meta property=\"og:locale\" content=\"et_EE\" \/>\n<meta property=\"og:type\" content=\"article\" \/>\n<meta property=\"og:title\" content=\"S\u00f5nastik Programmeerimine - Oleksandra Ryshniak Portfolio\" \/>\n<meta property=\"og:description\" content=\"S\u00f5nastik Programmeerimine programmeerimine &#8211; \u043f\u0440\u043e\u0433\u0440\u0430\u043c\u043c\u0438\u0440\u043e\u0432\u0430\u043d\u0438\u0435 objektorienteeritud programmeerimine &#8211; \u043e\u0431\u044a\u0435\u043a\u0442\u0438\u0432\u043d\u043e \u043e\u0440\u0438\u0435\u043d\u0442\u0438\u0440\u043e\u0432\u0430\u043d\u043d\u043e\u0435 \u043f\u0440\u043e\u0433\u0440\u0430\u043c\u043c\u0438\u0440\u043e\u0432\u0430\u043d\u0438\u0435 (\u041e\u041e\u041f) andmet\u00fc\u00fcp \/ andmet\u00fc\u00fcbid &#8211; \u0442\u0438\u043f \/ \u0442\u0438\u043f\u044b \u0434\u0430\u043d\u043d\u044b\u0445 [&hellip;]\" \/>\n<meta property=\"og:url\" content=\"https:\/\/oleksandraryshniak24.thkit.ee\/wp1\/sonastik\/\" \/>\n<meta property=\"og:site_name\" content=\"Oleksandra Ryshniak Portfolio\" \/>\n<meta property=\"article:modified_time\" content=\"2025-10-25T17:07:44+00:00\" \/>\n<meta name=\"twitter:card\" content=\"summary_large_image\" \/>\n<meta name=\"twitter:label1\" content=\"Est. reading time\" \/>\n\t<meta name=\"twitter:data1\" content=\"2 minutit\" \/>\n<script type=\"application\/ld+json\" class=\"yoast-schema-graph\">{\"@context\":\"https:\\\/\\\/schema.org\",\"@graph\":[{\"@type\":\"WebPage\",\"@id\":\"https:\\\/\\\/oleksandraryshniak24.thkit.ee\\\/wp1\\\/sonastik\\\/\",\"url\":\"https:\\\/\\\/oleksandraryshniak24.thkit.ee\\\/wp1\\\/sonastik\\\/\",\"name\":\"S\u00f5nastik Programmeerimine - Oleksandra Ryshniak Portfolio\",\"isPartOf\":{\"@id\":\"https:\\\/\\\/oleksandraryshniak24.thkit.ee\\\/wp1\\\/#website\"},\"datePublished\":\"2024-11-04T11:33:12+00:00\",\"dateModified\":\"2025-10-25T17:07:44+00:00\",\"breadcrumb\":{\"@id\":\"https:\\\/\\\/oleksandraryshniak24.thkit.ee\\\/wp1\\\/sonastik\\\/#breadcrumb\"},\"inLanguage\":\"et\",\"potentialAction\":[{\"@type\":\"ReadAction\",\"target\":[\"https:\\\/\\\/oleksandraryshniak24.thkit.ee\\\/wp1\\\/sonastik\\\/\"]}]},{\"@type\":\"BreadcrumbList\",\"@id\":\"https:\\\/\\\/oleksandraryshniak24.thkit.ee\\\/wp1\\\/sonastik\\\/#breadcrumb\",\"itemListElement\":[{\"@type\":\"ListItem\",\"position\":1,\"name\":\"Home\",\"item\":\"https:\\\/\\\/oleksandraryshniak24.thkit.ee\\\/wp1\\\/\"},{\"@type\":\"ListItem\",\"position\":2,\"name\":\"S\u00f5nastik Programmeerimine\"}]},{\"@type\":\"WebSite\",\"@id\":\"https:\\\/\\\/oleksandraryshniak24.thkit.ee\\\/wp1\\\/#website\",\"url\":\"https:\\\/\\\/oleksandraryshniak24.thkit.ee\\\/wp1\\\/\",\"name\":\"Oleksandra Ryshniak Portfolio\",\"description\":\"\u041f\u0440\u043e\u0441\u0442\u043e \u0435\u0449\u0435 \u043e\u0434\u0438\u043d WordPress \u0441\u0430\u0439\u0442\",\"potentialAction\":[{\"@type\":\"SearchAction\",\"target\":{\"@type\":\"EntryPoint\",\"urlTemplate\":\"https:\\\/\\\/oleksandraryshniak24.thkit.ee\\\/wp1\\\/?s={search_term_string}\"},\"query-input\":{\"@type\":\"PropertyValueSpecification\",\"valueRequired\":true,\"valueName\":\"search_term_string\"}}],\"inLanguage\":\"et\"}]}<\/script>\n<!-- \/ Yoast SEO plugin. -->","yoast_head_json":{"title":"S\u00f5nastik Programmeerimine - Oleksandra Ryshniak Portfolio","robots":{"index":"index","follow":"follow","max-snippet":"max-snippet:-1","max-image-preview":"max-image-preview:large","max-video-preview":"max-video-preview:-1"},"canonical":"https:\/\/oleksandraryshniak24.thkit.ee\/wp1\/sonastik\/","og_locale":"et_EE","og_type":"article","og_title":"S\u00f5nastik Programmeerimine - Oleksandra Ryshniak Portfolio","og_description":"S\u00f5nastik Programmeerimine programmeerimine &#8211; \u043f\u0440\u043e\u0433\u0440\u0430\u043c\u043c\u0438\u0440\u043e\u0432\u0430\u043d\u0438\u0435 objektorienteeritud programmeerimine &#8211; \u043e\u0431\u044a\u0435\u043a\u0442\u0438\u0432\u043d\u043e \u043e\u0440\u0438\u0435\u043d\u0442\u0438\u0440\u043e\u0432\u0430\u043d\u043d\u043e\u0435 \u043f\u0440\u043e\u0433\u0440\u0430\u043c\u043c\u0438\u0440\u043e\u0432\u0430\u043d\u0438\u0435 (\u041e\u041e\u041f) andmet\u00fc\u00fcp \/ andmet\u00fc\u00fcbid &#8211; \u0442\u0438\u043f \/ \u0442\u0438\u043f\u044b \u0434\u0430\u043d\u043d\u044b\u0445 [&hellip;]","og_url":"https:\/\/oleksandraryshniak24.thkit.ee\/wp1\/sonastik\/","og_site_name":"Oleksandra Ryshniak Portfolio","article_modified_time":"2025-10-25T17:07:44+00:00","twitter_card":"summary_large_image","twitter_misc":{"Est. reading time":"2 minutit"},"schema":{"@context":"https:\/\/schema.org","@graph":[{"@type":"WebPage","@id":"https:\/\/oleksandraryshniak24.thkit.ee\/wp1\/sonastik\/","url":"https:\/\/oleksandraryshniak24.thkit.ee\/wp1\/sonastik\/","name":"S\u00f5nastik Programmeerimine - Oleksandra Ryshniak Portfolio","isPartOf":{"@id":"https:\/\/oleksandraryshniak24.thkit.ee\/wp1\/#website"},"datePublished":"2024-11-04T11:33:12+00:00","dateModified":"2025-10-25T17:07:44+00:00","breadcrumb":{"@id":"https:\/\/oleksandraryshniak24.thkit.ee\/wp1\/sonastik\/#breadcrumb"},"inLanguage":"et","potentialAction":[{"@type":"ReadAction","target":["https:\/\/oleksandraryshniak24.thkit.ee\/wp1\/sonastik\/"]}]},{"@type":"BreadcrumbList","@id":"https:\/\/oleksandraryshniak24.thkit.ee\/wp1\/sonastik\/#breadcrumb","itemListElement":[{"@type":"ListItem","position":1,"name":"Home","item":"https:\/\/oleksandraryshniak24.thkit.ee\/wp1\/"},{"@type":"ListItem","position":2,"name":"S\u00f5nastik Programmeerimine"}]},{"@type":"WebSite","@id":"https:\/\/oleksandraryshniak24.thkit.ee\/wp1\/#website","url":"https:\/\/oleksandraryshniak24.thkit.ee\/wp1\/","name":"Oleksandra Ryshniak Portfolio","description":"\u041f\u0440\u043e\u0441\u0442\u043e \u0435\u0449\u0435 \u043e\u0434\u0438\u043d WordPress \u0441\u0430\u0439\u0442","potentialAction":[{"@type":"SearchAction","target":{"@type":"EntryPoint","urlTemplate":"https:\/\/oleksandraryshniak24.thkit.ee\/wp1\/?s={search_term_string}"},"query-input":{"@type":"PropertyValueSpecification","valueRequired":true,"valueName":"search_term_string"}}],"inLanguage":"et"}]}},"_links":{"self":[{"href":"https:\/\/oleksandraryshniak24.thkit.ee\/wp1\/wp-json\/wp\/v2\/pages\/95","targetHints":{"allow":["GET"]}}],"collection":[{"href":"https:\/\/oleksandraryshniak24.thkit.ee\/wp1\/wp-json\/wp\/v2\/pages"}],"about":[{"href":"https:\/\/oleksandraryshniak24.thkit.ee\/wp1\/wp-json\/wp\/v2\/types\/page"}],"author":[{"embeddable":true,"href":"https:\/\/oleksandraryshniak24.thkit.ee\/wp1\/wp-json\/wp\/v2\/users\/1"}],"replies":[{"embeddable":true,"href":"https:\/\/oleksandraryshniak24.thkit.ee\/wp1\/wp-json\/wp\/v2\/comments?post=95"}],"version-history":[{"count":1,"href":"https:\/\/oleksandraryshniak24.thkit.ee\/wp1\/wp-json\/wp\/v2\/pages\/95\/revisions"}],"predecessor-version":[{"id":1407,"href":"https:\/\/oleksandraryshniak24.thkit.ee\/wp1\/wp-json\/wp\/v2\/pages\/95\/revisions\/1407"}],"wp:attachment":[{"href":"https:\/\/oleksandraryshniak24.thkit.ee\/wp1\/wp-json\/wp\/v2\/media?parent=95"}],"curies":[{"name":"wp","href":"https:\/\/api.w.org\/{rel}","templated":true}]}}